{"id":8507,"date":"2020-02-25T22:38:44","date_gmt":"2020-02-25T21:38:44","guid":{"rendered":"http:\/\/blog.lesgrossesorchadeslesamplesthalameges.fr\/?page_id=8507"},"modified":"2020-02-25T22:42:41","modified_gmt":"2020-02-25T21:42:41","slug":"lettre-a-franco-sur-le-separatisme","status":"publish","type":"page","link":"https:\/\/blog.lesgrossesorchadeslesamplesthalameges.fr\/index.php\/lettre-a-franco-sur-le-separatisme\/","title":{"rendered":"Lettre \u00e0 Franco sur le s\u00e9paratisme"},"content":{"rendered":"<p>&nbsp;<\/p>\n<p>&nbsp;<\/p>\n<p>&nbsp;<\/p>\n<p>&nbsp;<\/p>\n<p>&nbsp;<\/p>\n<p>&nbsp;<\/p>\n<p>&nbsp;<\/p>\n<p style=\"text-align: center;\"><span style=\"font-family: times new roman, times, serif; font-size: 36pt;\"><strong>Lettre \u00e0 Franco sur le s\u00e9paratisme<\/strong><\/span><\/p>\n<p>&nbsp;<\/p>\n<p style=\"text-align: center;\"><span style=\"font-family: times new roman, times, serif; font-size: 18pt;\"><strong>Rosa Llorens \u2013 <em>LGS <\/em>\u2013 21.2.2020<\/strong><\/span><\/p>\n<p style=\"text-align: justify;\"><span style=\"font-family: times new roman, times, serif; font-size: 14pt;\"><strong>\u00a0<\/strong><\/span><\/p>\n<p style=\"text-align: justify;\"><span style=\"font-family: times new roman, times, serif; font-size: 14pt;\"><strong>\u00a0<\/strong><\/span><\/p>\n<p style=\"text-align: center;\"><a href=\"http:\/\/blog.lesgrossesorchadeslesamplesthalameges.fr\/wp-content\/uploads\/2020\/02\/Lettre-\u00e0-Franco.jpg\"><img loading=\"lazy\" class=\"alignnone wp-image-8459\" src=\"http:\/\/blog.lesgrossesorchadeslesamplesthalameges.fr\/wp-content\/uploads\/2020\/02\/Lettre-\u00e0-Franco-226x300.jpg\" alt=\"\" width=\"300\" height=\"399\" srcset=\"https:\/\/blog.lesgrossesorchadeslesamplesthalameges.fr\/wp-content\/uploads\/2020\/02\/Lettre-\u00e0-Franco-226x300.jpg 226w, https:\/\/blog.lesgrossesorchadeslesamplesthalameges.fr\/wp-content\/uploads\/2020\/02\/Lettre-\u00e0-Franco.jpg 400w\" sizes=\"(max-width: 300px) 100vw, 300px\" \/><\/a><\/p>\n<p style=\"text-align: justify;\"><span style=\"font-family: times new roman, times, serif; font-size: 14pt;\"><strong>\u00a0<\/strong><\/span><\/p>\n<p>&nbsp;<\/p>\n<p style=\"text-align: justify;\"><span style=\"font-family: times new roman, times, serif; font-size: 14pt;\">Le film d\u2019Alejandro Amenabar <a href=\"http:\/\/www.allocine.fr\/film\/fichefilm_gen_cfilm=260991.html\"><em>Lettre \u00e0 Franco<\/em><\/a> est, au point de vue divertissement, un tr\u00e8s bon film historique, sur une p\u00e9riode toujours actuelle, puisqu\u2019en Espagne on n\u2019a jamais tourn\u00e9 la page du fascisme. Mais il faut se demander o\u00f9 est au juste l\u2019actualit\u00e9 du film, ce qui am\u00e8ne \u00e0 analyser la position de l\u2019auteur sur son sujet.<\/span><\/p>\n<p style=\"text-align: justify;\"><span style=\"font-family: times new roman, times, serif; font-size: 14pt;\">Le film s\u2019ouvre sur un drapeau en noir et blanc, qui semble donc bicolore (fonc\u00e9, clair, fonc\u00e9)\u00a0; puis, pendant le g\u00e9n\u00e9rique, il se colore, et on d\u00e9couvre le drapeau r\u00e9publicain espagnol tricolore\u00a0: rouge, jaune, violet. On est toujours surpris de trouver, sur la p\u00e9riode 1931-36 ou 37 (avant que la guerre impose sa propre logique) une normalit\u00e9 r\u00e9publicaine, avec des drapeaux tricolores flottant sur toutes les mairies, dont, ici, celle de Salamanque. Le film concerne en effet la p\u00e9riode de transition entre R\u00e9publique et dictature, avec une sc\u00e8ne cruciale o\u00f9 le drapeau de la monarchie (qui est toujours celui de l\u2019Espagne) remplace le drapeau r\u00e9publicain, sur une initiative de Franco. C\u2019est aussi la p\u00e9riode des h\u00e9sitations du grand intellectuel espagnol Miguel de Unamuno, conservateur humaniste, entre appui au soul\u00e8vement militaire et d\u00e9nonciation du fascisme.<\/span><\/p>\n<p style=\"text-align: justify;\"><span style=\"font-family: times new roman, times, serif; font-size: 14pt;\">Les critiques\u00a0saluent unanimement l\u2019actualit\u00e9 du film\u00a0: \u00ab\u00a0un message face \u00e0 la mont\u00e9e des extr\u00eames en Europe et dans le monde\u00a0\u00bb, dit un internaute de \u00ab\u00a0Sens critique\u00a0\u00bb\u00a0; m\u00eame son de cloche chez les critiques professionnels\u00a0: \u00ab\u00a0\u00e0 l\u2019heure de la r\u00e9surgence des mouvements populistes partout en Europe\u00a0\u00bb, dit <em>La Croix<\/em>. \u00ab\u00a0Partout en Europe\u00a0\u00bb, \u00ab\u00a0dans le monde\u00a0\u00bb\u00a0: rien de mieux que ces g\u00e9n\u00e9ralit\u00e9s pour noyer le poisson, surtout quand elles restent \u00e0 l\u2019\u00e9tat d\u2019allusions, de mantras, comme quand on utilise les clich\u00e9s \u00ab\u00a0les heures les plus sombres de notre histoire\u00a0\u00bb, \u00ab\u00a0une id\u00e9ologie naus\u00e9abonde\u00a0\u00bb. Ces mantras sont lanc\u00e9s avant toute analyse, et tiennent lieu d\u2019analyse\u00a0: une fois prononc\u00e9s, toute analyse, toute r\u00e9flexion est superflue.<\/span><\/p>\n<p style=\"text-align: justify;\"><span style=\"font-family: times new roman, times, serif; font-size: 14pt;\">O\u00f9 est donc l\u2019actualit\u00e9 du film\u00a0? Certainement pas dans l\u2019exaltation d\u2019une figure d\u2019intellectuel\u00a0: la notion d\u2019intellectuel est compl\u00e8tement d\u00e9valu\u00e9e et m\u00eame ridiculis\u00e9e, depuis qu\u2019on d\u00e9signe Bernard-Henri L\u00e9vy comme un intellectuel, qui plus est, \u00ab\u00a0de gauche\u00a0\u00bb. Aujourd\u2019hui, les \u00ab\u00a0intellectuels\u00a0\u00bb patent\u00e9s, m\u00e9diatis\u00e9s, se contentent de r\u00e9p\u00e9ter, en termes peut-\u00eatre plus pompeux et vaseux, ce que mart\u00e8lent des m\u00e9dias au service de quelques grands groupes industriels ou financiers.<\/span><\/p>\n<p style=\"text-align: justify;\"><span style=\"font-family: times new roman, times, serif; font-size: 14pt;\">Ni dans le soul\u00e8vement et l\u2019arriv\u00e9e au pouvoir par les armes de fascistes au bandeau sur l\u2019\u0153il. Aujourd\u2019hui, les fascistes d\u00e9clar\u00e9s arrivent au pouvoir dans l\u2019\u00e9lan d\u2019une \u00ab\u00a0r\u00e9volution\u00a0\u00bb color\u00e9e, comme en Ukraine, et sous la banni\u00e8re de la \u00ab\u00a0d\u00e9mocratie\u00a0\u00bb (comme dans les pays baltes).<\/span><\/p>\n<p style=\"text-align: justify;\"><span style=\"font-family: times new roman, times, serif; font-size: 14pt;\">N\u00e9anmoins, ces deux figures, l\u2019intellectuel Miguel de Unamuno et le fasciste <a href=\"https:\/\/fr.wikipedia.org\/wiki\/Jos\u00e9_Mill\u00e1n-Astray\">Jos\u00e9 Millan Astray<\/a>, sont au centre du film, et en constituent l\u2019int\u00e9r\u00eat principal. On conna\u00eet la phrase lapidaire de chacun d\u2019eux\u00a0: au deuxi\u00e8me qui criait\u00a0: \u00ab\u00a0Viva la muette\u00a0\u00bb, le premier avait r\u00e9pliqu\u00e9 (dans sa derni\u00e8re intervention publique)\u00a0: \u00ab\u00a0Vous vaincrez, mais vous ne convaincrez pas\u00a0\u00bb (<em>Vencer\u00e9is, pero no convencer\u00e9is<\/em>). Mais on avait fini par consid\u00e9rer cette r\u00e9plique comme un simple jeu de mots ing\u00e9nieux\u00a0; le film restitue les circonstances dramatiques o\u00f9 elle fut prononc\u00e9e\u00a0: au cours d\u2019une c\u00e9r\u00e9monie officielle pour le Jour de la Race (12 octobre 1936), devant un public d\u2019officiers fascistes en armes. On d\u00e9couvre alors qu\u2019Unamuno fut sur le point de se faire lyncher pour son intervention.<\/span><\/p>\n<p style=\"text-align: justify;\"><span style=\"font-family: times new roman, times, serif; font-size: 14pt;\">Millan Astray, lui, se r\u00e9v\u00e8le comme une sinistre brute dont la petite phrase n\u2019est que le moindre de ses p\u00e9ch\u00e9s\u00a0: c\u2019est le fondateur de la L\u00e9gion espagnole, qui s\u00e9vit dans la colonie marocaine de l\u2019Espagne, telle une colonne infernale massacrant des villages entiers, femmes et enfants compris.<\/span><\/p>\n<p style=\"text-align: justify;\"><span style=\"font-family: times new roman, times, serif; font-size: 14pt;\">Mais l\u2019actualit\u00e9 du film, c\u2019est d\u2019abord de nous rappeler que le seul r\u00e9gime l\u00e9gal, en Espagne, c\u2019est la R\u00e9publique, d\u00e9clar\u00e9e le 14 avril 1931, renvers\u00e9e par un putsch et abolie par une guerre gagn\u00e9e par les fascistes espagnols avec le soutien des fascistes italiens et des nazis allemands. Depuis, ce r\u00e9gime ill\u00e9gal s\u2019est maintenu, d\u2019abord sous la forme d\u2019une dictature, puis sous celle d\u2019une monarchie. On n\u2019a jamais demand\u00e9 aux Espagnols de se prononcer sur le retour \u00e0 la R\u00e9publique.<\/span><\/p>\n<p style=\"text-align: justify;\"><span style=\"font-family: times new roman, times, serif; font-size: 14pt;\">L\u2019autre fait d\u2019actualit\u00e9, c\u2019est que les fascistes se pla\u00e7aient sous la banni\u00e8re de la d\u00e9fense de la civilisation chr\u00e9tienne occidentale, et de la lutte contre le \u00ab\u00a0s\u00e9paratisme\u00a0\u00bb catalan\u00a0: depuis la premi\u00e8re campagne d\u2019Aznar, en 1996, le terme de s\u00e9paratisme et la politique de guerre contre les Catalans n\u2019a cess\u00e9 d\u2019\u00eatre au premier plan dans la phras\u00e9ologie et les actes de la droite \u00ab\u00a0d\u00e9mocratique\u00a0\u00bb espagnole (PSOE inclus), le PP \u00e9tant aujourd\u2019hui relay\u00e9 par Vox, le mouvement d\u2019extr\u00eame-droite qui ne se cache pas, lui, d\u2019\u00eatre fasciste. Du reste, c\u2019est la d\u00e9nonciation du \u00ab\u00a0s\u00e9paratisme\u00a0\u00bb catalan (terme absolument impropre \u00e0 l\u2019\u00e9poque, puisque l\u2019option dominante en Catalogne \u00e9tait le f\u00e9d\u00e9ralisme), comme d\u2019un cancer qui ronge l\u2019Espagne, qui suscite l\u2019intervention indign\u00e9e d\u2019Unamuno.<\/span><\/p>\n<p style=\"text-align: justify;\"><span style=\"font-family: times new roman, times, serif; font-size: 14pt;\">Le terme m\u00eame de \u00ab\u00a0s\u00e9paratisme\u00a0\u00bb est d\u2019ailleurs devenu, depuis le d\u00e9placement de Macron \u00e0 Mulhouse, particuli\u00e8rement actuel\u00a0: le choix des mots, dans la rh\u00e9torique des hommes politiques, est toujours tr\u00e8s \u00e9tudi\u00e9\u00a0; on se demande pourquoi Macron a subitement remplac\u00e9 le mot \u00ab\u00a0communautarisme\u00a0\u00bb par celui de \u00ab\u00a0s\u00e9paratisme\u00a0\u00bb\u00a0: avec ce dernier mot, on met une cat\u00e9gorie de gens en dehors de la communaut\u00e9 nationale, en pr\u00e9tendant qu\u2019eux-m\u00eames s\u2019y mettent, on justifie donc par avance toute mesure prise contre eux, puisque ce sont des ennemis de la nation, qui veulent la casser, la diviser, l\u2019amoindrir\u00a0: \u00ab\u00a0l\u2019Espagne, une, grande et libre\u00a0\u00bb \u00e9tait le cri de guerre des fascistes\u00a0; Macron se pr\u00e9pare-t-il \u00e0 crier\u00a0: \u00ab\u00a0la France, une, grande et libre\u00a0\u00bb, comme Trump crie\u00a0: \u00ab\u00a0l\u2019Am\u00e9rique (du Nord) une, grande et libre\u00a0\u00bb\u00a0? Derri\u00e8re cette affirmation d\u2019unit\u00e9 nationale, c\u2019est toujours d\u2019unit\u00e9 des poss\u00e9dants contre les revendications sociales, c\u2019est-\u00e0-dire la lutte des classes, qu\u2019il s\u2019agit.<\/span><\/p>\n<p style=\"text-align: justify;\"><span style=\"font-family: times new roman, times, serif; font-size: 14pt;\">Mais comment Amenabar se situe-t-il lui-m\u00eame\u00a0? L\u2019apparition du drapeau tricolore, en introduction, est-elle une d\u00e9claration d\u2019intentions\u00a0? La r\u00e9ponse est donn\u00e9e par le g\u00e9n\u00e9rique de fin\u00a0: de nouveau, nous voyons, longuement, flotter un drapeau, cette fois bicolore, mais d\u00e9color\u00e9, les bords rong\u00e9s, et on esp\u00e8re qu\u2019il va, comme celui du g\u00e9n\u00e9rique du d\u00e9but, se modifier, et c\u00e9der la place \u00e0 un drapeau tricolore, en signe d\u2019espoir et de promesse \u2013 en vain\u00a0: la \u00ab\u00a0rojigualda\u00a0\u00bb (le drapeau rouge et jaune) reste l\u00e0 jusqu\u2019au bout, et le message est\u00a0: oui, le drapeau bicolore, celui de la monarchie, de l\u2019Empire et du fascisme, a subi des vicissitudes, mais c\u2019est notre seul vrai drapeau, et il est reparti pour de nouvelles aventures, d\u00e9mocratiques, cette fois.<\/span><\/p>\n<p style=\"text-align: justify;\"><span style=\"font-family: times new roman, times, serif; font-size: 14pt;\">On souligne en Espagne \u00e0 quel point ce film est consensuel\u00a0: il est toujours sous le signe du \u00ab\u00a0en m\u00eame temps\u00a0\u00bb\u00a0: oui, on commet des atrocit\u00e9s du c\u00f4t\u00e9 national (c\u2019\u00e9tait le nom officiel du camp fasciste), mais on en commet aussi du c\u00f4t\u00e9 des Rouges (autre \u00e9l\u00e9ment de phras\u00e9ologie fasciste)\u00a0; on fusille sans proc\u00e8s de notre c\u00f4t\u00e9\u00a0? Mais en face aussi. Toute une s\u00e9quence du film d\u00e9veloppe cette position de \u00ab\u00a0neutralit\u00e9\u00a0\u00bb\u00a0: Unamuno passe toute une apr\u00e8s-midi \u00e0 discuter avec son ami socialiste, tous deux \u00e9changeant des griefs \u00e9quivalents\u00a0; et on voit se succ\u00e9der des instantan\u00e9s marquant le passage des heures, et les montrant toujours dans la position des deux combattants dans le tableau de Goya \u201c\u00a0La rixe\u00a0\u201d (il faudrait mettre fin un jour \u00e0 la mythologie goyesque\u00a0: Goya \u00e9tait un <em>afrancesado<\/em>, c\u2019est-\u00e0-dire un collabo pro-fran\u00e7ais lors de l\u2019occupation de l\u2019Espagne par les troupes napol\u00e9oniennes. Cette r\u00e9f\u00e9rence n\u2019est donc pas innocente). D\u2019autres s\u00e9quences d\u00e9veloppent le clich\u00e9 de la nature espagnole, toujours occup\u00e9e \u00e0 se diviser contre elle-m\u00eame (du reste, la droite dit la m\u00eame chose en France).<\/span><\/p>\n<p style=\"text-align: justify;\"><span style=\"font-family: times new roman, times, serif; font-size: 14pt;\">Le film se range donc du c\u00f4t\u00e9 de la \u00ab\u00a0troisi\u00e8me Espagne\u00a0\u00bb, celle qui ne demande qu\u2019\u00e0 vivre en paix, et qui trouve curieusement son porte-parole en la personne de Carmen Polo, la femme de Franco\u00a0: \u00ab\u00a0Mon mari ne veut que la paix\u00a0\u00bb\u00a0! Cette id\u00e9ologie qui consiste \u00e0 renvoyer dos \u00e0 dos bourreaux et victimes va si loin qu\u2019Amenabar en vient \u00e0 r\u00e9concilier les deux figures radicalement oppos\u00e9es de Millan Astray et d\u2019Unamuno\u00a0: le premier mettant toujours en avant son courage physique et ses blessures (il est boiteux, borgne et manchot), le second r\u00e9plique que le courage ne se manifeste pas toujours sur le champ de bataille. Et, lors de la c\u00e9r\u00e9monie fatidique du 12 octobre, Millan Astray, en guerrier qu\u2019il est, reconna\u00eet le courage d\u2019Unamuno lorsqu\u2019il le presse d\u2019accepter la main que lui tend Carmen Polo en guise de sauf-conduit pour quitter la salle sans se faire lyncher par les militaires. Quant \u00e0 Franco lui-m\u00eame, le film ne fait rien de subversif en le montrant comme calculateur et sournois\u00a0; au contraire, apr\u00e8s avoir re\u00e7u des directives d\u2019un responsable nazi, Franco d\u00e9clare \u00e0 un de ses collaborateurs\u00a0: \u00ab\u00a0Les Allemands, il faut les presser comme des citrons\u00a0\u00bb (c\u2019est-\u00e0-dire, profiter de leur aide, sans leur donner de gages). Il appara\u00eet donc ici comme une sorte de P\u00e9tain du \u00ab\u00a0moindre mal\u00a0\u00bb.<\/span><\/p>\n<p style=\"text-align: justify;\"><span style=\"font-family: times new roman, times, serif; font-size: 14pt;\">Si le film est donc instructif, \u00e0 un niveau anecdotique (m\u00eame si les anecdotes, comme celle du 12 octobre, sont illustres), ou bien un peu malgr\u00e9 lui (le point de vue catalan est absent du film), il rentre dans une cat\u00e9gorie d\u00e9j\u00e0 bien repr\u00e9sent\u00e9e dans le cin\u00e9ma espagnol (par exemple par <em>Balada triste de trompeta<\/em> d\u2019Alex de la Iglesias, 2010), celle du r\u00e9visionnisme, consistant \u00e0 banaliser le fascisme en partageant les torts sous une apparence d\u2019impartialit\u00e9. Il suit aussi une autre strat\u00e9gie bien connue, celle de d\u00e9noncer des abus anciens pour mieux sugg\u00e9rer qu\u2019ils ont aujourd\u2019hui disparu\u00a0: dans le g\u00e9n\u00e9rique de fin, le drapeau fasciste est lav\u00e9, et consacr\u00e9 en tant que drapeau d\u00e9mocratique, comme l\u2019explicite le texte qui l\u2019accompagne\u00a0: \u00ab\u00a0En 1977, avaient lieu les premi\u00e8res \u00e9lections d\u00e9mocratiques\u00a0\u00bb\u00a0\u2013\u00a0sous le signe, comme on sait, du Pacte de la Moncloa o\u00f9 tous les partis l\u00e9galis\u00e9s s\u2019engageaient \u00e0 respecter un syst\u00e8me o\u00f9 on changeait tout pour que rien ne change.<\/span><\/p>\n<p>&nbsp;<\/p>\n<p style=\"text-align: left;\"><span style=\"font-family: times new roman, times, serif; font-size: 14pt;\">Source\u00a0: <a href=\"https:\/\/www.legrandsoir.info\/lettre-a-franco-sur-le-separatisme.html\">https:\/\/www.legrandsoir.info\/lettre-a-franco-sur-le-separatisme.html<\/a><\/span><\/p>\n<p style=\"text-align: justify;\"><span style=\"font-family: times new roman, times, serif; font-size: 14pt;\"><u>\u00a0<\/u><\/span><\/p>\n<p style=\"text-align: justify;\"><span style=\"font-family: times new roman, times, serif; font-size: 14pt;\">\u00a0<\/span><\/p>\n<p style=\"text-align: center;\"><span style=\"font-family: times new roman, times, serif; font-size: 18pt;\"><strong>Lettre \u00e0 Franco sur le s\u00e9paratisme \u2013 Bande-annonce<\/strong><\/span><\/p>\n<p style=\"text-align: center;\"><span style=\"font-family: times new roman, times, serif; font-size: 14pt;\"><strong>\u00a0<\/strong><\/span><\/p>\n<div id=\"blogvision\" style=\"text-align: center;\"><iframe style=\"width: 480px; height: 270px;\" src=\"http:\/\/player.allocine.fr\/19586897.html\" data-mce-fragment=\"1\">    <\/iframe><\/div>\n<div><\/div>\n<div style=\"text-align: center;\"><\/div>\n<p style=\"text-align: justify;\"><span style=\"font-family: times new roman, times, serif; font-size: 14pt;\"><a href=\"https:\/\/www.legrandsoir.info\/declaration-de-jacques-ranciere-prononcee-le-16-janvier-devant-les-cheminot-e-s-grevistes-de-la-gare-de-vaugirard.html\">\u00a0<\/a> <\/span><a href=\"https:\/\/www.legrandsoir.info\/souvenons-nous-du-groupe-manouchian.html\"><span style=\"font-family: times new roman, times, serif; font-size: 14pt;\">\u00a0<\/span><\/a><\/p>\n<p>&nbsp;<\/p>\n<p style=\"text-align: left;\"><strong>URL de cet article :\u00a0<\/strong><a href=\"http:\/\/blog.lesgrossesorchadeslesamplesthalameges.fr\/index.php\/lettre-a-franco-sur-le-separatisme\/\">http:\/\/blog.lesgrossesorchadeslesamplesthalameges.fr\/index.php\/lettre-a-franco-sur-le-separatisme\/ <\/a><strong><br \/>\n<\/strong><\/p>\n<p>&nbsp;<\/p>\n<p>&nbsp;<\/p>\n<p style=\"text-align: center;\"><a href=\"http:\/\/blog.lesgrossesorchadeslesamplesthalameges.fr\/wp-content\/uploads\/2020\/02\/Pellicule-cul-de-lampe-GIF.gif\"><img loading=\"lazy\" class=\"alignnone wp-image-8458\" src=\"http:\/\/blog.lesgrossesorchadeslesamplesthalameges.fr\/wp-content\/uploads\/2020\/02\/Pellicule-cul-de-lampe-GIF.gif\" alt=\"\" width=\"150\" height=\"28\" \/><\/a><\/p>\n<p>&nbsp;<\/p>\n<p>&nbsp;<\/p>\n<p style=\"text-align: right;\"><span style=\"font-family: comic sans ms, sans-serif; font-size: 14pt;\">F\u00e9vrier 2020<\/span><\/p>\n","protected":false},"excerpt":{"rendered":"<p>&nbsp; &nbsp; &nbsp; &nbsp; &nbsp; &nbsp; &nbsp; Lettre \u00e0 Franco sur le s\u00e9paratisme &nbsp; Rosa Llorens \u2013 LGS \u2013 21.2.2020 \u00a0 \u00a0 \u00a0 &nbsp; Le film d\u2019Alejandro Amenabar Lettre \u00e0 Franco est, au point de vue divertissement, un tr\u00e8s bon film historique, sur une p\u00e9riode toujours actuelle, puisqu\u2019en Espagne on n\u2019a jamais tourn\u00e9 la page&#8230;<\/p>\n","protected":false},"author":1,"featured_media":0,"parent":0,"menu_order":0,"comment_status":"open","ping_status":"open","template":"","meta":[],"_links":{"self":[{"href":"https:\/\/blog.lesgrossesorchadeslesamplesthalameges.fr\/index.php\/wp-json\/wp\/v2\/pages\/8507"}],"collection":[{"href":"https:\/\/blog.lesgrossesorchadeslesamplesthalameges.fr\/index.php\/wp-json\/wp\/v2\/pages"}],"about":[{"href":"https:\/\/blog.lesgrossesorchadeslesamplesthalameges.fr\/index.php\/wp-json\/wp\/v2\/types\/page"}],"author":[{"embeddable":true,"href":"https:\/\/blog.lesgrossesorchadeslesamplesthalameges.fr\/index.php\/wp-json\/wp\/v2\/users\/1"}],"replies":[{"embeddable":true,"href":"https:\/\/blog.lesgrossesorchadeslesamplesthalameges.fr\/index.php\/wp-json\/wp\/v2\/comments?post=8507"}],"version-history":[{"count":0,"href":"https:\/\/blog.lesgrossesorchadeslesamplesthalameges.fr\/index.php\/wp-json\/wp\/v2\/pages\/8507\/revisions"}],"wp:attachment":[{"href":"https:\/\/blog.lesgrossesorchadeslesamplesthalameges.fr\/index.php\/wp-json\/wp\/v2\/media?parent=8507"}],"curies":[{"name":"wp","href":"https:\/\/api.w.org\/{rel}","templated":true}]}}