{"id":851,"date":"2018-12-01T22:57:39","date_gmt":"2018-12-01T21:57:39","guid":{"rendered":"http:\/\/blog.lesgrossesorchadeslesamplesthalameges.fr\/?page_id=851"},"modified":"2018-12-01T22:57:44","modified_gmt":"2018-12-01T21:57:44","slug":"mm-les-administrateurs-de-rt-fr","status":"publish","type":"page","link":"https:\/\/blog.lesgrossesorchadeslesamplesthalameges.fr\/index.php\/mm-les-administrateurs-de-rt-fr\/","title":{"rendered":"MM. LES ADMINISTRATEURS DE RT.fr"},"content":{"rendered":"<p>&nbsp;<\/p>\n<p>&nbsp;<\/p>\n<p>&nbsp;<\/p>\n<p>&nbsp;<\/p>\n<p>&nbsp;<\/p>\n<p><span style=\"font-size: 18pt; font-family: times new roman, times, serif; color: #c00000;\"><strong><em>Bafouille d\u2019humeur<\/em><\/strong><\/span><\/p>\n<p>&nbsp;<\/p>\n<p style=\"text-align: center;\"><strong><span style=\"font-family: times new roman, times, serif; font-size: 36pt;\">MM. <\/span><\/strong><span style=\"font-family: times new roman, times, serif; font-size: 36pt;\"><strong>les administrateurs de <em>RT.fr,<\/em> encore un effort pour \u00eatre pris au s\u00e9rieux par ceux que vous voulez informer<\/strong><\/span><\/p>\n<p>&nbsp;<\/p>\n<p style=\"text-align: center;\"><span style=\"font-family: times new roman, times, serif;\"><span style=\"font-size: 18pt;\"><strong>Th\u00e9roigne \u2013 <em>Les Grosses Orchades<\/em> \u2013 <\/strong><\/span><span style=\"font-size: 14pt;\">30.11.2018<\/span><\/span><\/p>\n<p>&nbsp;<\/p>\n<p style=\"text-align: justify; padding-left: 270px;\"><span style=\"font-family: times new roman, times, serif; font-size: 14pt;\"><em>\u00ab\u00a0Quand la v\u00e9rit\u00e9 n&rsquo;est pas libre, la libert\u00e9 n&rsquo;est pas vraie.\u00a0\u00bb\u00a0<\/em><\/span><\/p>\n<p style=\"text-align: right;\"><span style=\"font-family: times new roman, times, serif; font-size: 14pt;\">Jacques Pr\u00e9vert<\/span><\/p>\n<p>&nbsp;<\/p>\n<p style=\"text-align: justify;\"><span style=\"font-family: comic sans ms, sans-serif; font-size: 14pt;\">Disons tout de suite qu\u2019il est curieux et regrettable que les lecteurs, dans beaucoup d\u2019endroits du Net, ne soient plus invit\u00e9s \u00e0 poster de commentaires qu\u2019en passant par Fessebook et autres r\u00e9sosocios.<\/span><\/p>\n<p style=\"text-align: justify;\"><span style=\"font-family: comic sans ms, sans-serif; font-size: 14pt;\">Et ceux qui n\u2019en veulent pas\u00a0? Et ceux qui les boycottent depuis le jour 01 pour le pi\u00e8ge qu\u2019ils sont\u00a0?<\/span><\/p>\n<p style=\"text-align: justify;\"><span style=\"font-family: comic sans ms, sans-serif; font-size: 14pt;\">Ne comptent pas.<\/span><\/p>\n<p style=\"text-align: justify;\"><span style=\"font-family: comic sans ms, sans-serif; font-size: 14pt;\">Ne venez pas vous plaindre, apr\u00e8s, qu\u2019on vous y maltraite.<\/span><\/p>\n<p style=\"text-align: justify;\"><span style=\"font-family: comic sans ms, sans-serif; font-size: 14pt;\">Bref, ceci est le commentaire que nous vous eussions envoy\u00e9 sous une forme beaucoup plus ramass\u00e9e si la possibilit\u00e9 nous en e\u00fbt par vous \u00e9t\u00e9 laiss\u00e9e.<\/span><\/p>\n<p style=\"text-align: justify;\"><span style=\"font-family: comic sans ms, sans-serif; font-size: 14pt;\">Dinosaures que nous sommes, \u00e9trangers aux \u00e9tranges lucarnes, nous avons d\u00e9couvert avec ravissement depuis peu sur votre site l\u2019<strong><em>Interdit d\u2019interdire<\/em><\/strong> de Fr\u00e9d\u00e9ric Tadde\u00ef.<\/span><\/p>\n<p>&nbsp;<\/p>\n<p>&nbsp;<\/p>\n<p style=\"text-align: center;\"><img loading=\"lazy\" class=\"alignnone wp-image-837\" src=\"http:\/\/blog.lesgrossesorchadeslesamplesthalameges.fr\/wp-content\/uploads\/2018\/12\/Tadd\u00e9i-300x300.png\" alt=\"\" width=\"500\" height=\"500\" srcset=\"https:\/\/blog.lesgrossesorchadeslesamplesthalameges.fr\/wp-content\/uploads\/2018\/12\/Tadd\u00e9i-300x300.png 300w, https:\/\/blog.lesgrossesorchadeslesamplesthalameges.fr\/wp-content\/uploads\/2018\/12\/Tadd\u00e9i-150x150.png 150w, https:\/\/blog.lesgrossesorchadeslesamplesthalameges.fr\/wp-content\/uploads\/2018\/12\/Tadd\u00e9i-768x768.png 768w, https:\/\/blog.lesgrossesorchadeslesamplesthalameges.fr\/wp-content\/uploads\/2018\/12\/Tadd\u00e9i.png 960w\" sizes=\"(max-width: 500px) 100vw, 500px\" \/><\/p>\n<p>&nbsp;<\/p>\n<p>&nbsp;<\/p>\n<p style=\"text-align: justify;\"><span style=\"font-family: comic sans ms, sans-serif; font-size: 14pt;\">Parce que les sujets soci\u00e9taux et\/ou politiques, au niveau o\u00f9 ils sont descendus en ces temps consternants nous emm\u2026..t profond\u00e9ment, nous nous en tenons g\u00e9n\u00e9ralement aux \u00e9missions \u00ab\u00a0culture\u00a0\u00bb.<\/span><\/p>\n<p style=\"text-align: justify;\"><span style=\"font-family: comic sans ms, sans-serif; font-size: 14pt;\">D\u00e9couvrir Alexandre Roman\u00e8s, C\u00e9cile Tran, Michel-Edouard Leclerc, Yves-Marie Berc\u00e9, Brisa Roch\u00e9, Michel Pastoureau, Annie Duperrey, Catherine Cl\u00e9ment, No\u00eblle Chabert, Fr\u00e9d\u00e9ric Sojcher, Silvana Condemi et tant d\u2019autres, dont certains \u00e9taient inconnus jusque-l\u00e0 \u00e0 notre bataillon, a \u00e9t\u00e9 comme recevoir une grande bouff\u00e9e d\u2019oxyg\u00e8ne quand on est sur le point d\u2019asphyxier.<\/span><\/p>\n<p style=\"text-align: justify;\"><span style=\"font-family: comic sans ms, sans-serif; font-size: 14pt;\">Il est toujours fascinant \u2013 \u00e9lectrisant, m\u00eame \u2013 de voir et d\u2019entendre des gens parler de ce qui les passionne, avec clart\u00e9 et coh\u00e9rence. Gens qui vont jusqu\u2019\u00e0 vous faire soup\u00e7onner que l\u2019humanit\u00e9 n\u2019est pas si nulle et si pourrie qu\u2019on croyait, apr\u00e8s tout.<\/span><\/p>\n<p style=\"text-align: justify;\"><span style=\"font-family: comic sans ms, sans-serif; font-size: 14pt;\">L\u00e0 o\u00f9 les choses se g\u00e2tent, c\u2019est quand vous abordez des sujets susceptibles de f\u00e2cher en hauts lieux, en essayant de vous glisser entre un mur et une affiche sans la d\u00e9coller. Sarah Bernhardt mise \u00e0 part, personne n\u2019y a jamais r\u00e9ussi.<\/span><\/p>\n<h1 style=\"text-align: justify;\"><span style=\"font-family: comic sans ms, sans-serif; font-size: 14pt;\">Or donc, quand on a vu\u00a0: <a href=\"https:\/\/www.youtube.com\/watch?v=zObiUXMTn6I&amp;feature=youtu.be\">\u00ab\u00a0les \u201cgilets jaunes\u201d sont-ils tout ce que l&rsquo;on dit qu&rsquo;ils sont ?\u00a0\u00bb<\/a>, on s\u2019est na\u00efvement attendus au niveau de la douzaine d\u2019\u00e9missions \u00ab\u00a0culture\u00a0\u00bb qu\u2019on venait de voir\u00a0: la politique aussi a ses passionn\u00e9s et ses lucides articul\u00e9s.<\/span><\/h1>\n<p style=\"text-align: justify;\"><span style=\"font-family: comic sans ms, sans-serif; font-size: 14pt;\">H\u00e9las.<\/span><\/p>\n<p style=\"text-align: justify;\"><span style=\"font-family: comic sans ms, sans-serif; font-size: 14pt;\">On a eu droit a de la bouillie pour les chats dont les chats n\u2019auraient pas voulu.<\/span><\/p>\n<p style=\"text-align: justify;\"><span style=\"font-family: comic sans ms, sans-serif; font-size: 14pt;\">\u00c0 l\u2019exception de l\u2019invit\u00e9 qui a dit clairement, sur les r\u00e9gions, des choses qu\u2019il fallait dire, si infinit\u00e9simales soient-elles en regard de la multiplicit\u00e9 des causes, ce fut la cata.<\/span><\/p>\n<p style=\"text-align: justify;\"><span style=\"font-family: comic sans ms, sans-serif; font-size: 14pt;\">On a eu droit au marxiste logorrh\u00e9ique-et-n\u00e9anmoins-langue-de-bois de service, \u00e0 qui on ne veut point de mal mais qui nous a rappel\u00e9 trop de mauvais souvenirs\u2026 On a eu droit \u00e0 un jeune K\u00e9vin qui a sans doute fait ce qu\u2019il a pu en s\u2019effor\u00e7ant de ne pas enfreindre les recommandations qu\u2019on imagine (surtout ne pas toucher \u00e0 ceci, \u00e0 ceci et \u00e0 cela\u2026). Et pourquoi a-t-on eu en t\u00eate, tout au long de cette longue heure d\u2019horloge, la chatte de Melle de Gournay \u2013 Ma Mie Piaillon \u2013 dont un des rejetons a fini chez le grand Cardinal sous le nom de Mimi Piaillon\u00a0? Allez savoir\u2026<\/span><\/p>\n<p style=\"text-align: justify;\"><span style=\"font-family: comic sans ms, sans-serif; font-size: 14pt;\">Il faut reconna\u00eetre qu\u2019on a eu droit aussi \u00e0 un repr\u00e9sentant de la Micron\u00e9sie qui, bien que ne repr\u00e9sentant m\u00eame pas un quart des \u00ab\u00a0suffrages exprim\u00e9s\u00a0\u00bb lors de la derni\u00e8re \u00ab\u00a0\u00e9lection\u00a0\u00bb en date et malgr\u00e9 sa pancarte \u00ab\u00a0VENDU\u00a0\u00bb pendue au cou, a \u00e9t\u00e9 capable de ne pas se rendre odieux de l\u2019Atlantique \u00e0 l\u2019Oural en moins de cinq minutes. Son secret\u00a0? Il a adopt\u00e9 profil bas et s\u2019est appliqu\u00e9 \u00e0 n\u2019agresser personne. Exercice de haute voltige dont son Pr\u00e9sident n\u2019e\u00fbt pas \u00e9t\u00e9 capable.<\/span><\/p>\n<p style=\"text-align: justify;\"><span style=\"font-family: comic sans ms, sans-serif; font-size: 14pt;\">Mais enfin c\u2019est maigre, et il est quand m\u00eame \u00e9poustouflant que six personnes (en comptant Tadde\u00ef) aient r\u00e9ussi \u00e0 bavasser pendant soixante minutes sur un sujet pareil sans une seule fois prononcer le mot \u00ab\u00a0corruption\u00a0\u00bb. Par exemple.<\/span><\/p>\n<p style=\"text-align: justify;\"><span style=\"font-family: comic sans ms, sans-serif; font-size: 14pt;\">Pas de rapport\u00a0?<\/span><\/p>\n<p style=\"text-align: justify;\"><span style=\"font-family: comic sans ms, sans-serif; font-size: 14pt;\">On n\u2019est pas des b\u0153ufs et on n\u2019ignore pas que les parasites au pouvoir vous font des mis\u00e8res. On ne vous demande pas de vous offrir en holocauste \u00e0 la v\u00e9rit\u00e9, tout le monde ne peut pas \u00eatre Julian Assange, mais quand m\u00eame\u2026 ce qu\u2019on attend de vous (sinon, on a d\u00e9j\u00e0 tous les \u00ab<em>\u00a0mainstream<\/em>\u00a0\u00bb), c\u2019est que vous placiez la barre de vos ambitions (celle qu\u2019on n\u2019atteint jamais) <strong>\u00e0 une certaine hauteur<\/strong>. C\u2019est que vous ayez, dans votre viseur, mettons\u2026<\/span><\/p>\n<p>&nbsp;<\/p>\n<p style=\"text-align: justify; padding-left: 30px;\"><span style=\"font-family: comic sans ms, sans-serif; font-size: 14pt;\"><em>L\u2019Ami du peuple<\/em> de Marat,<\/span><\/p>\n<p style=\"text-align: justify; padding-left: 30px;\"><span style=\"font-family: comic sans ms, sans-serif; font-size: 14pt;\"><em>Le Cri du peuple<\/em> de S\u00e9verine et Vall\u00e8s,<\/span><\/p>\n<p style=\"text-align: justify; padding-left: 30px;\"><span style=\"font-family: comic sans ms, sans-serif; font-size: 14pt;\">L\u2019<em>En dehors <\/em>de Zo d\u2019Axa,<\/span><\/p>\n<p style=\"text-align: justify; padding-left: 30px;\"><span style=\"font-family: comic sans ms, sans-serif; font-size: 14pt;\">Le <em>Ziegelbrenner<\/em> de Traven (si \u00e7a ne vous dit rien, voyez le n\u00b045 du Drone de l\u2019Antipresse\u00a0!)<\/span><\/p>\n<p style=\"text-align: justify; padding-left: 30px;\"><span style=\"font-family: comic sans ms, sans-serif; font-size: 14pt;\">Le <em>Pantagruel <\/em>de pendant la guerre,<\/span><\/p>\n<p style=\"text-align: justify; padding-left: 30px;\"><span style=\"font-family: comic sans ms, sans-serif; font-size: 14pt;\"><em>L\u2019Espagne et le monde<\/em>, d\u2019Emma Goldman<\/span><\/p>\n<p>&nbsp;<\/p>\n<p style=\"text-align: justify;\"><span style=\"font-family: comic sans ms, sans-serif; font-size: 14pt;\">et autres outils \u00e0 re-cerveler qui n\u2019ont pas eu la vie facile eux non plus, qu\u2019est-ce que vous croyez\u00a0? Bref, vous voyez ce qu\u2019on veut dire\u2026<\/span><\/p>\n<p>&nbsp;<\/p>\n<p style=\"text-align: justify;\"><span style=\"font-family: comic sans ms, sans-serif; font-size: 14pt;\">Pendant qu\u2019on s\u2019\u00e9nervait \u00e0 se faire prendre pour des ploucs, on s\u2019est mis \u00e0 r\u00eaver aux gens qui auraient eu des choses \u00e0 dire et se seraient rendus utiles en le faisant avec clart\u00e9.<\/span><\/p>\n<p>&nbsp;<\/p>\n<p style=\"text-align: justify;\"><span style=\"font-family: comic sans ms, sans-serif; font-size: 14pt;\">Vous auriez pu par exemple inviter \u2013 au pif et dans le plus grand d\u00e9sordre\u00a0:<\/span><\/p>\n<ul style=\"text-align: justify;\">\n<li><span style=\"font-family: comic sans ms, sans-serif; font-size: 14pt;\">Serge Halimi ou X, Y ou Z du <em>Monde Diplo<\/em><\/span><\/li>\n<li><span style=\"font-family: comic sans ms, sans-serif; font-size: 14pt;\">Daniel Mermet et Didier Porte, dont France Inter est toujours en deuil\u2026<\/span><\/li>\n<li><span style=\"font-family: comic sans ms, sans-serif; font-size: 14pt;\">l\u2018ambassadeur Raimbaud\u2026<\/span><\/li>\n<li><span style=\"font-family: comic sans ms, sans-serif; font-size: 14pt;\">Roland Dumas, qui n\u2019est pas sans exp\u00e9rience de la chose publique\u2026<\/span><\/li>\n<li><span style=\"font-family: comic sans ms, sans-serif; font-size: 14pt;\">Fran\u00e7ois Asselineau, p\u00e9dagogue-n\u00e9, que n\u2019importe qui peut comprendre et donc juger\u2026<\/span><\/li>\n<li><span style=\"font-family: comic sans ms, sans-serif; font-size: 14pt;\">M<sup>e<\/sup> de Castelnau ou n\u2019importe qui de <a href=\"http:\/\/www.vududroit.com\/2018\/11\/general-edouard-de-castelnau-anti-petain\/\"><em>Vu\u00a0du Droit<\/em><\/a>\u2026<\/span><\/li>\n<\/ul>\n<p>&nbsp;<\/p>\n<p style=\"text-align: justify;\"><span style=\"font-family: comic sans ms, sans-serif; font-size: 14pt;\">Et parmi les journalistes du Net, vous auriez eu l\u2019embarras du choix entre\u00a0:<\/span><\/p>\n<ul style=\"text-align: justify;\">\n<li><span style=\"font-family: comic sans ms, sans-serif; font-size: 14pt;\">Bruno Guigue, Jacques-Marie Bourget, Fr\u00e9d\u00e9ric Lordon, Viktor Dedaj et Maxime Vivas du <a href=\"https:\/\/www.legrandsoir.info\/\"><em>Grand Soir<\/em><\/a>, Avic, de <a href=\"https:\/\/reseauinternational.net\/\"><em>R\u00e9seau international<\/em>,<\/a> Berruyer, des <a href=\"https:\/\/www.les-crises.fr\/\"><em>Crises<\/em><\/a><em>,<\/em> Stanechy d\u2019<a href=\"http:\/\/stanechy.over-blog.com\/\"><em>\u00c0 contre-courant<\/em><\/a><em>, <\/em>Observatus Geopoliticus, des <a href=\"http:\/\/chroniquesdugrandjeu.over-blog.com\/\"><em>Chroniques du Grand Jeu<\/em><\/a>, Charles Sannat, d\u2019<em><a href=\"https:\/\/insolentiae.com\/\">Insolentiae<\/a>, <\/em>etc. etc\u2026 Et m\u00eame M. Alain Soral, dont on ne partage pas les fantasmes, mais qui repr\u00e9sente du monde, des Fran\u00e7ais (principe d\u2019<a href=\"https:\/\/www.egaliteetreconciliation.fr\/\"><em>\u00c9galit\u00e9<\/em><\/a>, avec ou sans <a href=\"https:\/\/www.egaliteetreconciliation.fr\/\"><em>R\u00e9conciliation<\/em><\/a>, vous savez\u2026).<\/span><\/li>\n<li><span style=\"font-family: comic sans ms, sans-serif; font-size: 14pt;\">Mmes Marie-Ange Patrizio d\u2019<a href=\"https:\/\/ilmanifesto.it\/\"><em>Il manifesto<\/em><\/a> et du <a href=\"http:\/\/www.voltairenet.org\/\"><em>R\u00e9seau Voltaire<\/em><\/a>, Ariane Walter, d\u2019<em><a href=\"https:\/\/www.agoravox.fr\/auteur\/ariane-walter\">Agoravox,<\/a><\/em> etc\u2026<\/span><\/li>\n<li><span style=\"font-family: comic sans ms, sans-serif; font-size: 14pt;\">Mme Aline de Di\u00e9guez, dont les imp\u00e9ratifs domestiques lui auraient interdit d\u2019accepter votre invitation, mais cela, vous ne le saviez pas\u2026<\/span><\/li>\n<\/ul>\n<p>&nbsp;<\/p>\n<p style=\"text-align: justify;\"><span style=\"font-family: comic sans ms, sans-serif; font-size: 14pt;\">Vous auriez pu inviter\u00a0:<\/span><\/p>\n<ul style=\"text-align: justify;\">\n<li><span style=\"font-family: comic sans ms, sans-serif; font-size: 14pt;\">Gilles Munier, de <a href=\"http:\/\/www.france-irak-actualite.com\/\"><em>France-Irak Actualit\u00e9<\/em><\/a><\/span><\/li>\n<li><span style=\"font-family: comic sans ms, sans-serif; font-size: 14pt;\">Chems Eddine Chitour\u2026 d\u2019<em><a href=\"https:\/\/www.agoravox.fr\/auteur\/chems-eddine-chitour\">Agoravox<\/a><\/em><\/span><\/li>\n<li><span style=\"font-family: comic sans ms, sans-serif; font-size: 14pt;\">Salah Lamrani, animateur de l\u2019exemplaire <a href=\"http:\/\/sayed7asan.blogspot.com\/\"><em>Sayed Hasan<\/em><\/a><\/span><\/li>\n<\/ul>\n<p style=\"text-align: justify;\"><span style=\"font-family: comic sans ms, sans-serif; font-size: 14pt;\">Est-ce qu\u2019\u00e0 votre avis les ex-colonis\u00e9s \u2013 Fran\u00e7ais ou pas \u2013 n\u2019auraient rien \u00e0 dire de notre condition \u00e0 tous\u00a0? Ne sont pas concern\u00e9s par ce qui se passe en France\u00a0?<\/span><\/p>\n<p>&nbsp;<\/p>\n<p style=\"text-align: justify;\"><span style=\"font-family: comic sans ms, sans-serif; font-size: 14pt;\">Vous auriez pu (d\u00fb) inviter\u00a0:<\/span><\/p>\n<ul style=\"text-align: justify;\">\n<li><span style=\"font-family: comic sans ms, sans-serif; font-size: 14pt;\">Dieudonn\u00e9 (\u00e0 moins que vous soyez de ceux qui le prennent pour un humoriste de mauvais go\u00fbt)\u2026<\/span><\/li>\n<\/ul>\n<p>&nbsp;<\/p>\n<p style=\"text-align: justify;\"><span style=\"font-family: comic sans ms, sans-serif; font-size: 14pt;\">En revanche, on ne dit pas que vous auriez d\u00fb inviter des \u00ab\u00a0responsables\u00a0\u00bb des syndicats et m\u00eame on comprend que vous ne l\u2019ayez pas fait, vous voyez qu\u2019on n\u2019est pas sectaires\u2026<\/span><\/p>\n<p>&nbsp;<\/p>\n<p style=\"text-align: justify;\"><span style=\"font-family: comic sans ms, sans-serif; font-size: 14pt;\">Mais vous auriez pu aussi \u2013 Europe oblige \u2013 prier de se joindre \u00e0 vous des \u00e9trangers francophones\u00a0:<\/span><\/p>\n<ul style=\"text-align: justify;\">\n<li><span style=\"font-family: comic sans ms, sans-serif; font-size: 14pt;\">Mme Diana Johnstone, grande journaliste US r\u00e9sidant \u00e0 Paris\u2026<\/span><\/li>\n<li><span style=\"font-family: comic sans ms, sans-serif; font-size: 14pt;\">Mme Silvia Cattori, grande journaliste suisse \u00e0 la retraite, qui s\u2019\u00e9chine \u00e0 assurer seule, \u00e0 ses frais, le service d\u2019une vraie presse professionnelle absente partout [<a href=\"https:\/\/arretsurinfo.ch\/\"><em>Arr\u00eat sur Info<\/em><\/a>]\u2026<\/span><\/li>\n<li><span style=\"font-family: comic sans ms, sans-serif; font-size: 14pt;\">Slobodan Despot, auteur-\u00e9diteur suisse non moins que journaliste [qui anime <a href=\"https:\/\/antipresse.net\/\"><em>l\u2019Antipresse<\/em><\/a> et son Drone] ou n\u2019importe lequel de ses collaborateurs\u2026<\/span><\/li>\n<li><span style=\"font-family: comic sans ms, sans-serif; font-size: 14pt;\">Le Saker, qui parle fran\u00e7ais comme vous et moi, mieux peut-\u00eatre\u2026 ou les b\u00e9n\u00e9voles du <a href=\"http:\/\/lesakerfrancophone.fr\/\"><em>Saker Francophone<\/em><\/a>\u2026<\/span><\/li>\n<\/ul>\n<p>&nbsp;<\/p>\n<p style=\"text-align: justify;\"><span style=\"font-family: comic sans ms, sans-serif; font-size: 14pt;\">Et si vous vouliez des marxistes (des vrais)\u2026<\/span><\/p>\n<ul style=\"text-align: justify;\">\n<li><span style=\"font-family: comic sans ms, sans-serif; font-size: 14pt;\">L\u00e9on Landini, fondateur du <a href=\"https:\/\/fr.wikipedia.org\/wiki\/P%C3%B4le_de_renaissance_communiste_en_France\"><em>PRCF<\/em><\/a>, communiste pur et dur et un des derniers survivants de la R\u00e9sistance aurait-il d\u00e9par\u00e9 votre panel\u00a0?<\/span><\/li>\n<li><span style=\"font-family: comic sans ms, sans-serif; font-size: 14pt;\">Mme Annie Lacroix-Riz vous fait-elle peur\u00a0? Elle ne mord pas, vous savez.<\/span><\/li>\n<li><span style=\"font-family: comic sans ms, sans-serif; font-size: 14pt;\">Gear\u00f3id \u00d3 Colm\u00e1in, journaliste communiste et parisien quoiqu\u2019Irlandais (l\u2019Internationale est-elle \u00e0 ce point pass\u00e9e de mode\u00a0?)<\/span><\/li>\n<li><span style=\"font-family: comic sans ms, sans-serif; font-size: 14pt;\">Michel Collon, d\u2019<em><a href=\"https:\/\/www.investigaction.net\/fr\">Investig\u2019Action<\/a><\/em>. Oui, certes, il est belge, mais vous avez vu\u00a0: \u00e7a d\u00e9borde\u2026<\/span><\/li>\n<\/ul>\n<p>&nbsp;<\/p>\n<p style=\"text-align: justify;\"><span style=\"font-family: comic sans ms, sans-serif; font-size: 14pt;\">Et, bien entendu, les grands absents\u00a0: les <strong>GILETS JAUNES<\/strong> eux-m\u00eames, tout anonymes qu\u2019ils soient, que vous auriez pu inviter \u00e0 se d\u00e9signer un ou deux repr\u00e9sentants\u00a0! D\u2019ailleurs, ils en ont d\u00e9j\u00e0 un, de repr\u00e9sentant, en la personne de M. Jean Lassalle. Pour une fois qu\u2019un parlementaire aurait pu parler autrement qu\u2019\u00e0 des fauteuils vides\u00a0!<\/span><\/p>\n<p>&nbsp;<\/p>\n<p style=\"text-align: justify; padding-left: 60px;\"><span style=\"font-family: comic sans ms, sans-serif; font-size: 14pt;\">[ Parenth\u00e8se\u00a0\u2013 M. le Pr\u00e9sident de l\u2019Assembl\u00e9e,<\/span><\/p>\n<p style=\"text-align: justify; padding-left: 60px;\"><span style=\"font-family: comic sans ms, sans-serif; font-size: 14pt;\">R\u00e8gle d\u2019or\u00a0: ne jamais donner un ordre dont on n\u2019est pas s\u00fbr qu\u2019il sera ob\u00e9i. Cela ne fait qu\u2019afficher avec fracas l\u2019impuissance de celui qui le donne.]<\/span><\/p>\n<p>&nbsp;<\/p>\n<p style=\"text-align: justify;\"><span style=\"font-family: comic sans ms, sans-serif; font-size: 14pt;\">Tous ces gens sont brillants et auraient eu des choses int\u00e9ressantes \u00e0 dire. On ne vous a \u00e9num\u00e9r\u00e9 ici que les premiers noms qui nous sont venus \u00e0 l\u2019esprit pendant qu\u2019on rongeait notre frein en attendant qu\u2019il pleuve. On en conna\u00eet plein d\u2019autres et il y en a plein qu\u2019on ne connait pas\u2026<\/span><\/p>\n<p style=\"text-align: justify;\"><span style=\"font-family: comic sans ms, sans-serif; font-size: 14pt;\">\u00c0 d\u00e9faut m\u00eame et en d\u00e9sespoir de cause, vous auriez pu avoir l\u2019audace d\u2019inviter M. Marc-\u00c9douard Nabe, qui n\u2019y conna\u00eet rien en politique mais qui adore f\u2026. la m\u2026. l\u00e0 o\u00f9 il passe et qui e\u00fbt fait monter en fl\u00e8che votre indice de fr\u00e9quentation.<\/span><\/p>\n<p style=\"text-align: justify;\"><span style=\"font-family: comic sans ms, sans-serif; font-size: 14pt;\">Bref, vous avez rat\u00e9 le coche.<\/span><\/p>\n<p style=\"text-align: justify;\"><span style=\"font-family: comic sans ms, sans-serif; font-size: 14pt;\">Mais les <strong>GILETS JAUNES<\/strong> sont partis pour vous fournir la mati\u00e8re de plusieurs \u00e9missions.<\/span><\/p>\n<p style=\"text-align: justify;\"><span style=\"font-family: comic sans ms, sans-serif; font-size: 14pt;\">Rattrapez-vous vite\u00a0!<\/span><\/p>\n<p>&nbsp;<\/p>\n<p>&nbsp;<\/p>\n<p style=\"text-align: center;\"><img loading=\"lazy\" class=\"alignnone size-full wp-image-819\" src=\"http:\/\/blog.lesgrossesorchadeslesamplesthalameges.fr\/wp-content\/uploads\/2018\/12\/GILET-.gif\" alt=\"\" width=\"75\" height=\"75\" \/><\/p>\n<p>&nbsp;<\/p>\n<p>&nbsp;<\/p>\n<p style=\"text-align: right;\"><span style=\"font-family: comic sans ms, sans-serif; font-size: 14pt;\">D\u00e9cembre 2018<\/span><\/p>\n<p>&nbsp;<\/p>\n<p>&nbsp;<\/p>\n","protected":false},"excerpt":{"rendered":"<p>&nbsp; &nbsp; &nbsp; &nbsp; &nbsp; Bafouille d\u2019humeur &nbsp; MM. les administrateurs de RT.fr, encore un effort pour \u00eatre pris au s\u00e9rieux par ceux que vous voulez informer &nbsp; Th\u00e9roigne \u2013 Les Grosses Orchades \u2013 30.11.2018 &nbsp; \u00ab\u00a0Quand la v\u00e9rit\u00e9 n&rsquo;est pas libre, la libert\u00e9 n&rsquo;est pas vraie.\u00a0\u00bb\u00a0 Jacques Pr\u00e9vert &nbsp; Disons tout de suite qu\u2019il&#8230;<\/p>\n","protected":false},"author":1,"featured_media":0,"parent":0,"menu_order":0,"comment_status":"closed","ping_status":"closed","template":"","meta":[],"_links":{"self":[{"href":"https:\/\/blog.lesgrossesorchadeslesamplesthalameges.fr\/index.php\/wp-json\/wp\/v2\/pages\/851"}],"collection":[{"href":"https:\/\/blog.lesgrossesorchadeslesamplesthalameges.fr\/index.php\/wp-json\/wp\/v2\/pages"}],"about":[{"href":"https:\/\/blog.lesgrossesorchadeslesamplesthalameges.fr\/index.php\/wp-json\/wp\/v2\/types\/page"}],"author":[{"embeddable":true,"href":"https:\/\/blog.lesgrossesorchadeslesamplesthalameges.fr\/index.php\/wp-json\/wp\/v2\/users\/1"}],"replies":[{"embeddable":true,"href":"https:\/\/blog.lesgrossesorchadeslesamplesthalameges.fr\/index.php\/wp-json\/wp\/v2\/comments?post=851"}],"version-history":[{"count":0,"href":"https:\/\/blog.lesgrossesorchadeslesamplesthalameges.fr\/index.php\/wp-json\/wp\/v2\/pages\/851\/revisions"}],"wp:attachment":[{"href":"https:\/\/blog.lesgrossesorchadeslesamplesthalameges.fr\/index.php\/wp-json\/wp\/v2\/media?parent=851"}],"curies":[{"name":"wp","href":"https:\/\/api.w.org\/{rel}","templated":true}]}}