{"id":8692,"date":"2020-03-10T00:09:45","date_gmt":"2020-03-09T23:09:45","guid":{"rendered":"http:\/\/blog.lesgrossesorchadeslesamplesthalameges.fr\/?page_id=8692"},"modified":"2020-03-10T00:13:28","modified_gmt":"2020-03-09T23:13:28","slug":"erdogan-a-perdu-la-bataille","status":"publish","type":"page","link":"https:\/\/blog.lesgrossesorchadeslesamplesthalameges.fr\/index.php\/erdogan-a-perdu-la-bataille\/","title":{"rendered":"Erdogan a perdu la bataille"},"content":{"rendered":"<p>&nbsp;<\/p>\n<p>&nbsp;<\/p>\n<p>&nbsp;<\/p>\n<p>&nbsp;<\/p>\n<p>&nbsp;<\/p>\n<p>&nbsp;<\/p>\n<p style=\"text-align: center;\"><span style=\"font-family: times new roman, times, serif; font-size: 14pt;\"><strong><span style=\"font-size: 36pt;\">Erdogan a perdu la bataille, <\/span><br \/>\n<span style=\"font-size: 36pt;\">mais la guerre est loin d\u2019\u00eatre termin\u00e9e <\/span><\/strong><\/span><\/p>\n<p>&nbsp;<\/p>\n<p style=\"text-align: center;\"><span style=\"font-family: times new roman, times, serif; font-size: 18pt;\"><strong>Le Saker<em> \u2013 <\/em><\/strong><a href=\"http:\/\/www.comite-valmy.org\/spip.php?auteur3\"><strong><em>Comit\u00e9 Valmy<\/em><\/strong><\/a> <strong>\u2013 7.3.2020<\/strong><\/span><\/p>\n<p style=\"text-align: center;\"><span style=\"font-family: times new roman, times, serif; font-size: 18pt;\">Envoy\u00e9 et pr\u00e9sent\u00e9 par<strong> Dominique Delawarde<\/strong><\/span><\/p>\n<p>&nbsp;<\/p>\n<p>&nbsp;<\/p>\n<p style=\"text-align: center;\"><a href=\"http:\/\/blog.lesgrossesorchadeslesamplesthalameges.fr\/wp-content\/uploads\/2020\/03\/Carte-Saker.jpg\"><img loading=\"lazy\" class=\"alignnone wp-image-8617 size-full\" src=\"http:\/\/blog.lesgrossesorchadeslesamplesthalameges.fr\/wp-content\/uploads\/2020\/03\/Carte-Saker.jpg\" alt=\"\" width=\"600\" height=\"349\" srcset=\"https:\/\/blog.lesgrossesorchadeslesamplesthalameges.fr\/wp-content\/uploads\/2020\/03\/Carte-Saker.jpg 600w, https:\/\/blog.lesgrossesorchadeslesamplesthalameges.fr\/wp-content\/uploads\/2020\/03\/Carte-Saker-300x175.jpg 300w\" sizes=\"(max-width: 600px) 100vw, 600px\" \/><\/a><\/p>\n<p>&nbsp;<\/p>\n<p>&nbsp;<\/p>\n<p style=\"text-align: justify;\"><span style=\"font-family: tahoma, arial, helvetica, sans-serif; font-size: 14pt;\"><strong>Sous le titre\u00a0: \u00ab\u00a0Erdogan a perdu la bataille, mais la guerre est loin d\u2019\u00eatre termin\u00e9e\u00a0\u00bb, l\u2019auteur nous livre les d\u00e9tails de l\u2019accord et nous explique tr\u00e8s clairement en quoi il repr\u00e9sente une victoire pour la coalition Syrie-Russie-Iran et ce qu\u2019il faut en attendre.<\/strong><\/span><\/p>\n<p>&nbsp;<\/p>\n<p style=\"text-align: justify;\"><span style=\"font-family: times new roman, times, serif; font-size: 14pt;\">Je pense, pour ma part que cet accord, tr\u00e8s favorable \u00e0 la Syrie l\u00e9gale, a permis \u00e0 Erdogan de sauver la face, mais qu\u2019il ne tiendra pas longtemps.<\/span><\/p>\n<p style=\"text-align: justify;\"><span style=\"font-family: times new roman, times, serif; font-size: 14pt;\">Il insiste sur l\u2019int\u00e9grit\u00e9 du territoire Syrien qui, t\u00f4t ou tard, reviendra aux autorit\u00e9s l\u00e9gales du pays.<\/span><\/p>\n<p style=\"text-align: justify;\"><span style=\"font-family: times new roman, times, serif; font-size: 14pt;\">On ne peut que s\u2019en r\u00e9jouir, m\u00eame si, quelque part, il s\u2019agit d\u2019une d\u00e9faite humiliante pour l\u2019OTAN, dont le but initial consistait \u00e0 renverser Bachar El Assad, et \u00e0 redessiner ensuite la carte du Moyen Orient au profit d\u2019Isra\u00ebl et au d\u00e9triment de l\u2019Iran.<\/span><\/p>\n<p style=\"text-align: justify;\"><span style=\"font-family: times new roman, times, serif; font-size: 14pt;\">La France aura beaucoup de mal \u00e0 r\u00e9tablir une quelconque influence dans cette partie du Moyen-Orient. Sa politique \u00e9trang\u00e8re, totalement inf\u00e9od\u00e9e aux USA et \u00e0 Isra\u00ebl, s\u2019y est av\u00e9r\u00e9e d\u00e9sastreuse\u2026.<\/span><\/p>\n<p style=\"text-align: justify;\"><span style=\"font-family: times new roman, times, serif; font-size: 14pt;\">Bonne lecture<\/span><\/p>\n<p style=\"text-align: justify;\"><span style=\"font-family: times new roman, times, serif; font-size: 14pt;\">Dominique Delawarde<\/span><\/p>\n<p>&nbsp;<\/p>\n<p>&nbsp;<\/p>\n<p style=\"text-align: center;\"><a href=\"http:\/\/blog.lesgrossesorchadeslesamplesthalameges.fr\/wp-content\/uploads\/2020\/03\/banner_iceland.jpg\"><img loading=\"lazy\" class=\"alignnone wp-image-8700 size-full\" src=\"http:\/\/blog.lesgrossesorchadeslesamplesthalameges.fr\/wp-content\/uploads\/2020\/03\/banner_iceland.jpg\" alt=\"\" width=\"750\" height=\"205\" srcset=\"https:\/\/blog.lesgrossesorchadeslesamplesthalameges.fr\/wp-content\/uploads\/2020\/03\/banner_iceland.jpg 750w, https:\/\/blog.lesgrossesorchadeslesamplesthalameges.fr\/wp-content\/uploads\/2020\/03\/banner_iceland-300x82.jpg 300w\" sizes=\"(max-width: 750px) 100vw, 750px\" \/><\/a><\/p>\n<p>&nbsp;<\/p>\n<p>&nbsp;<\/p>\n<p style=\"text-align: justify;\"><span style=\"font-family: times new roman, times, serif; font-size: 14pt;\">Jeudi 5 mars, apr\u00e8s 6 heures d\u2019\u00e9reintantes n\u00e9gociations, dont des n\u00e9gociations directes entre Poutine et Erdogan, les parties ont finalement convenu <a href=\"https:\/\/www.rt.com\/news\/482432-putin-erdogan-moscow-meeting-idlib\/\">de ce qui suit\u00a0:<\/a><\/span><\/p>\n<p>&nbsp;<\/p>\n<p style=\"text-align: justify; padding-left: 90px;\"><span style=\"font-family: times new roman, times, serif; font-size: 14pt;\">Un cessez-le-feu d\u00e9butera \u00e0 minuit.<\/span><\/p>\n<p style=\"text-align: justify; padding-left: 90px;\"><span style=\"font-family: times new roman, times, serif; font-size: 14pt;\">La Russie et la Turquie patrouilleront conjointement sur l\u2019autoroute M4 (la M5 appartient d\u00e9sormais \u00e0 Damas). Une zone tampon de 6 km devra \u00eatre cr\u00e9\u00e9e et appliqu\u00e9e de chaque c\u00f4t\u00e9 de la M4 d\u2019ici le 15 mars (voir carte ci-dessus)<\/span><\/p>\n<p style=\"text-align: justify; padding-left: 90px;\"><span style=\"font-family: times new roman, times, serif; font-size: 14pt;\">Les deux parties ont r\u00e9affirm\u00e9 leur engagement en faveur de la souverainet\u00e9 et de l\u2019int\u00e9grit\u00e9 territoriale de la Syrie.<\/span><\/p>\n<p style=\"text-align: justify; padding-left: 90px;\"><span style=\"font-family: times new roman, times, serif; font-size: 14pt;\">Les deux parties ont r\u00e9affirm\u00e9 leur engagement \u00e0 cr\u00e9er les conditions n\u00e9cessaires au retour des r\u00e9fugi\u00e9s.<\/span><\/p>\n<p style=\"text-align: justify; padding-left: 90px;\"><span style=\"font-family: times new roman, times, serif; font-size: 14pt;\">Les deux parties ont r\u00e9affirm\u00e9 que ce conflit ne constitue pas une solution militaire.<\/span><\/p>\n<p>&nbsp;<\/p>\n<p style=\"text-align: justify;\"><span style=\"font-family: times new roman, times, serif; font-size: 14pt;\">En outre, il y a beaucoup de choses qui n\u2019ont pas \u00e9t\u00e9 dites, mais qui ont \u00e9t\u00e9 comprises par tous\u00a0:<\/span><\/p>\n<p>&nbsp;<\/p>\n<p style=\"text-align: justify; padding-left: 90px;\"><span style=\"font-family: times new roman, times, serif; font-size: 14pt;\">Les r\u00e9cents gains militaires de l\u2019Arm\u00e9e Syrienne ne seront pas contest\u00e9s ni remis en question. La nouvelle ligne de contact est maintenant devenue officielle.<\/span><\/p>\n<p style=\"text-align: justify; padding-left: 90px;\"><span style=\"font-family: times new roman, times, serif; font-size: 14pt;\">La Russie et la Syrie continueront de lutter contre toutes les organisations que le Conseil de S\u00e9curit\u00e9 des Nations Unies a d\u00e9clar\u00e9es \u00ab\u00a0terroristes\u00a0\u00bb (Al-Nusra, Al-Qaida et toutes leurs filiales, ind\u00e9pendamment de toute \u00ab\u00a0modification de statut\u00a0\u00bb).<\/span><\/p>\n<p style=\"text-align: justify; padding-left: 90px;\"><span style=\"font-family: times new roman, times, serif; font-size: 14pt;\">Moscou reste plus que jamais attach\u00e9 \u00e0 la protection du gouvernement syrien l\u00e9gitime.<\/span><\/p>\n<p>&nbsp;<\/p>\n<p style=\"text-align: justify;\"><span style=\"font-family: times new roman, times, serif; font-size: 14pt;\">De ce qui pr\u00e9c\u00e8de, nous pouvons \u00e9galement d\u00e9duire ce qui suit\u00a0:<\/span><\/p>\n<p>&nbsp;<\/p>\n<p style=\"text-align: justify; padding-left: 90px;\"><span style=\"font-family: times new roman, times, serif; font-size: 14pt;\">La Blitzkrieg d\u2019Erdogan a \u00e9chou\u00e9. Au d\u00e9part, les drones turcs ont inflig\u00e9 des dommages importants aux forces syriennes, mais ces derni\u00e8res se sont adapt\u00e9es extr\u00eamement rapidement, ce qui a donn\u00e9 lieu \u00e0 ce que les Russes ont appel\u00e9 en plaisantant \u00ab\u00a0dronopad\u00a0\u00bb, que l\u2019on peut traduire grosso modo par \u00ab\u00a0pluie de drones\u00a0\u00bb.<\/span><\/p>\n<p style=\"text-align: justify; padding-left: 90px;\"><span style=\"font-family: times new roman, times, serif; font-size: 14pt;\">Les Turcs ont \u00e9t\u00e9 clairement choqu\u00e9s par la d\u00e9cision russe de bombarder un bataillon turc. Voici ce qui s\u2019est apparemment pass\u00e9\u00a0: deux Su-22 syriens (anciens avions sovi\u00e9tiques) ont bombard\u00e9 le convoi pour le forcer \u00e0 s\u2019arr\u00eater, puis une paire de Su-34 russes (le plus moderne des chasseurs-bombardiers supersoniques tout temps russes) ont largu\u00e9 des munitions lourdes sur le convoi et les b\u00e2timents environnants, tuant des dizaines de membres des forces sp\u00e9ciales turques). Les deux parties ont d\u00e9cid\u00e9 de \u00ab\u00a0bl\u00e2mer\u00a0\u00bb les Syriens, mais ils ne volent pas en Su-34, et tout le monde le sait.<\/span><\/p>\n<p style=\"text-align: justify; padding-left: 90px;\"><span style=\"font-family: times new roman, times, serif; font-size: 14pt;\">Erdogan a compris qu\u2019il devait soit doubler la mise, soit d\u00e9clarer la victoire et partir. Il a sagement choisi cette derni\u00e8re solution, du moins comme une mesure temporaire.<\/span><\/p>\n<p style=\"text-align: justify; padding-left: 90px;\"><span style=\"font-family: times new roman, times, serif; font-size: 14pt;\">Ni l\u2019OTAN ni l\u2019UE n\u2019ont montr\u00e9 le moindre signe de volont\u00e9 de se joindre \u00e0 la guerre de la Turquie contre la Syrie (parce que c\u2019est bien de cela qu\u2019il s\u2019agit ici), et les \u00c9tats-Unis non plus. Comme je ne peux pas qualifier cette d\u00e9cision de \u00ab\u00a0sage\u00a0\u00bb (il n\u2019y a plus de sagesse d\u2019aucune sorte dans les r\u00e9gimes occidentaux), je la qualifierai simplement de \u00ab\u00a0prudente\u00a0\u00bb car la Russie n\u2019est pas dispos\u00e9e \u00e0 laisser la Turquie envahir la Syrie.<\/span><\/p>\n<p style=\"text-align: justify; padding-left: 90px;\"><span style=\"font-family: times new roman, times, serif; font-size: 14pt;\">L\u2019Iran, le Hezbollah et la Libye ont tous d\u00e9clar\u00e9 leur volont\u00e9 de combattre les Turcs aussi longtemps que n\u00e9cessaire et partout o\u00f9 il le faut.<\/span><\/p>\n<p>&nbsp;<\/p>\n<p style=\"text-align: justify;\"><span style=\"font-family: times new roman, times, serif; font-size: 14pt;\">En d\u00e9pit de ces d\u00e9veloppements, il est assez clair que la politique int\u00e9rieure turque continuera de forcer Erdogan \u00e0 s\u2019engager dans ce qu\u2019on appelle poliment des politiques \u00ab\u00a0n\u00e9o-ottomanes\u00a0\u00bb, c\u2019est-\u00e0-dire des douleurs fant\u00f4mes pour un empire perdu. La solution \u00e9vidente pour la Russie est de continuer \u00e0 armer les Syriens, en particulier avec des versions modernis\u00e9es des SAM Pantsir qui se sont r\u00e9v\u00e9l\u00e9es tr\u00e8s efficaces contre les drones, les roquettes MLRS et m\u00eame les mortiers.<\/span><\/p>\n<p style=\"text-align: justify;\"><span style=\"font-family: times new roman, times, serif; font-size: 14pt;\">Le principal probl\u00e8me des Syriens est le manque d\u2019effectifs. Jusqu\u2019\u00e0 ce que davantage de forces soient \u00e9quip\u00e9es, entra\u00een\u00e9es, d\u00e9ploy\u00e9es et engag\u00e9es, les Russes doivent fournir \u00e0 la Syrie des capacit\u00e9s de d\u00e9fense a\u00e9rienne beaucoup plus importantes. Les Syriens ont fait des miracles avec du vieux mat\u00e9riel sovi\u00e9tique franchement d\u00e9pass\u00e9 (qui, compte tenu de son \u00e2ge et du manque d\u2019entretien appropri\u00e9, a donn\u00e9 d\u2019excellents r\u00e9sultats), mais ils ont maintenant besoin d\u2019un bien meilleur mat\u00e9riel russe pour se d\u00e9fendre non seulement contre la Turquie, mais aussi contre l\u2019Axe de la Bont\u00e9 (\u00c9tats-Unis+Isra\u00ebl+Arabie Saoudite).<\/span><\/p>\n<p style=\"text-align: justify;\"><span style=\"font-family: times new roman, times, serif; font-size: 14pt;\">En outre, je pense que le groupe de travail russe \u00e0 Khmeimim et Tartus est trop important et mal \u00e9quilibr\u00e9. Khmeimin a besoin de beaucoup plus de Su-25SM3 et de quelques Su-35S\/Su-30SM suppl\u00e9mentaires pour prot\u00e9ger les forces syriennes. La base navale de Tartus manque de capacit\u00e9s anti-sous-marine (ASM), tout comme une grande partie de la force navale russe en M\u00e9diterran\u00e9e orientale. Et bien que la Marine Russe ait un certain nombre de navires \u00e9quip\u00e9s de missiles de croisi\u00e8re \u00ab\u00a0Kalibr\u00a0\u00bb \u00e0 bord, leur nombre est, une fois de plus, insuffisant, ce qui signifie que les forces a\u00e9rospatiales russes doivent d\u00e9ployer autant d\u2019avions \u00e9quip\u00e9s de missiles Kalibr que possible dans le sud de la Russie. Tartus et Khmeimim sont toutes deux assez proches de la province d\u2019Idlib (c\u2019est aussi l\u00e0 que les \u00ab\u00a0bons terroristes\u00a0\u00bb ont tent\u00e9 de frapper les forces russes, ce qu\u2019elles ne peuvent plus faire maintenant, gr\u00e2ce \u00e0 l\u2019offensive syrienne r\u00e9ussie). Cela me laisse \u00e0 penser que la Russie devrait d\u00e9clarer une zone de contr\u00f4le a\u00e9rien exclusif plus \u00e9tendue au-dessus de ces deux endroits, et augmenter le nombre de missiles et de lanceurs dont les d\u00e9fenses a\u00e9riennes russes auront besoin pour la faire respecter.<\/span><\/p>\n<p style=\"text-align: justify;\"><span style=\"font-family: times new roman, times, serif; font-size: 14pt;\">Enfin, je pense qu\u2019Erdogan a surv\u00e9cu \u00e0 son utilit\u00e9 pour la Russie (et pour la Turquie, par la m\u00eame occasion\u00a0!). Il est clairement un \u00e9l\u00e9ment impr\u00e9visible dont, selon certaines rumeurs, m\u00eame l\u2019opinion publique turque se lasse. La Russie ne devrait pas n\u00e9gliger cette opinion publique. Et puis il y a les Libyens, le Mar\u00e9chal Khalifa Belqasim Haftar, dont les forces semblent avoir extr\u00eamement bien r\u00e9ussi contre les Forces Turques en Libye. Les Russes soutiennent discr\u00e8tement Haftar qui, bien qu\u2019il ne soit pas exactement un alli\u00e9 id\u00e9al pour la Russie, peut se r\u00e9v\u00e9ler utile. Ce que les Russes doivent faire ensuite, c\u2019est expliquer deux choses \u00e0 Erdogan et \u00e0 ses ministres\u00a0:<\/span><\/p>\n<p>&nbsp;<\/p>\n<p style=\"text-align: justify; padding-left: 90px;\"><span style=\"font-family: times new roman, times, serif; font-size: 14pt;\">Si vous attaquez \u00e0 nouveau en Syrie, vous serez vaincus, peut-\u00eatre pire que la premi\u00e8re fois.<\/span><\/p>\n<p style=\"text-align: justify; padding-left: 90px;\"><span style=\"font-family: times new roman, times, serif; font-size: 14pt;\">Si vous touchez \u00e0 nos int\u00e9r\u00eats g\u00e9ostrat\u00e9giques, nous toucherons aux v\u00f4tres.<\/span><\/p>\n<p>&nbsp;<\/p>\n<p style=\"text-align: justify;\"><span style=\"font-family: times new roman, times, serif; font-size: 14pt;\">Le seul parti que les Russes ne devraient jamais armer sont les Kurdes, qui sont encore moins fiables qu\u2019Erdogan et qui sont essentiellement un atout isra\u00e9lien pour d\u00e9stabiliser la Turquie, l\u2019Irak, la Syrie et l\u2019Iran. La Russie devrait cependant parler aux Kurdes (toutes factions confondues) et les convaincre d\u2019accepter une large autonomie culturelle \u00e0 l\u2019int\u00e9rieur de la Syrie, de l\u2019Irak et de l\u2019Iran. La Turquie pourrait \u00eatre ajout\u00e9e \u00e0 cette liste, mais seulement une fois qu\u2019un gouvernement digne de confiance sera au pouvoir \u00e0 Ankara. En aucun cas, la Russie ne doit armer les Kurdes.<\/span><\/p>\n<p style=\"text-align: justify;\"><span style=\"font-family: times new roman, times, serif; font-size: 14pt;\">Actuellement, le meilleur alli\u00e9 de la Russie dans la r\u00e9gion est la Syrie. C\u2019est ce pays que la Russie doit s\u00e9curiser en cr\u00e9ant un r\u00e9seau de d\u00e9fense a\u00e9rienne r\u00e9ellement moderne. Les Russes ont d\u00e9j\u00e0 fait beaucoup pour atteindre cet objectif, notamment en int\u00e9grant leurs syst\u00e8mes de gestion des combats et de guerre \u00e9lectronique, mais ce n\u2019est pas suffisant. Alors que l\u2019aide russe et les comp\u00e9tences syriennes ont forc\u00e9 les Isra\u00e9liens \u00e0 mener des frappes a\u00e9riennes essentiellement symboliques et inefficaces, souvent avec des missiles tir\u00e9s depuis l\u2019ext\u00e9rieur de l\u2019espace a\u00e9rien syrien, et alors que de nombreux missiles isra\u00e9liens (la plupart) ont \u00e9t\u00e9 d\u00e9truits par les d\u00e9fenses a\u00e9riennes syriennes, il est assez clair que les Turcs et les Isra\u00e9liens estiment que s\u2019ils lancent des missiles \u00e0 longue distance, ils restent relativement en s\u00e9curit\u00e9. Cette perception doit \u00eatre chang\u00e9e, non seulement pour forcer les Turcs et les Isra\u00e9liens \u00e0 tirer de plus loin et \u00e0 accepter des pertes encore plus importantes, mais aussi pour montrer aux \u00c9tats-Unis, \u00e0 l\u2019OTAN et \u00e0 l\u2019Europe que les d\u00e9fenses a\u00e9riennes syriennes sont capables de rendre inutile (et co\u00fbteuse) toute attaque autre qu\u2019une attaque massive.<\/span><\/p>\n<p style=\"text-align: justify;\"><span style=\"font-family: times new roman, times, serif; font-size: 14pt;\">Nous devons \u00e9galement noter que la machine de propagande turque a \u00e9t\u00e9 tr\u00e8s efficace. Oui, une grande partie de ce que les m\u00e9dias ont d\u00e9clar\u00e9 \u00e9tait de toute \u00e9vidence des absurdit\u00e9s \u00ab\u00a0rassurantes\u00a0\u00bb (des milliers de Syriens morts, des centaines de chars, etc.), mais leurs images d\u2019un drone turc frappant un Pantsir en Libye ont, du moins au d\u00e9but, impressionn\u00e9 ceux qui ne comprennent pas la guerre de d\u00e9fense a\u00e9rienne (d\u00e9truire un seul Pantsir isol\u00e9 de premi\u00e8re g\u00e9n\u00e9ration n\u2019est pas si difficile, surtout de juste au-dessus, mais d\u00e9truire une position de Pantsir dans laquelle des lanceurs se prot\u00e8gent les uns des autres est tout \u00e0 fait diff\u00e9rent. Et si cette position de Pantsir est prot\u00e9g\u00e9e \u00ab\u00a0en dessous\u00a0\u00bb (AA+MANPADS) et \u00ab\u00a0au-dessus\u00a0\u00bb (SAM \u00e0 moyenne et longue port\u00e9e), alors cela devient extr\u00eamement difficile).<\/span><\/p>\n<p style=\"text-align: justify;\"><span style=\"font-family: times new roman, times, serif; font-size: 14pt;\">Cette guerre n\u2019est pas termin\u00e9e et elle ne le sera pas tant qu\u2019Erdogan ne sera pas destitu\u00e9 de ses fonctions. Franchement, la Russie a besoin d\u2019un partenaire stable et digne de confiance \u00e0 sa fronti\u00e8re sud, et cela n\u2019arrivera pas tant que les Turcs n\u2019auront pas abandonn\u00e9 Erdogan. Le probl\u00e8me ici est que Dieu seul sait qui pourrait lui succ\u00e9der, si les G\u00fclenistes prennent le pouvoir, cela ne sera pas bon pour la Russie non plus.<\/span><\/p>\n<p style=\"text-align: justify;\"><span style=\"font-family: times new roman, times, serif; font-size: 14pt;\">Revenons sur le meurtre du G\u00e9n\u00e9ral Soleimani. Franchement, les Iraniens ont raison\u00a0: les deux facteurs qui ont fait du Moyen-Orient le foutoir sanglant dans lequel il se trouve depuis des d\u00e9cennies sont 1) Isra\u00ebl et 2) les \u00c9tats-Unis. L\u2019objectif final pour le premier est une solution \u00e0 un seul \u00c9tat, qu\u2019elle soit accept\u00e9e ou impos\u00e9e. L\u2019objectif interm\u00e9diaire devrait \u00eatre de sortir les \u00c9tats-Unis de l\u2019Afghanistan, de l\u2019Irak, de la Syrie et, \u00e9ventuellement, de la Turquie. Erdogan est assez fou et d\u00e9sesp\u00e9r\u00e9 (pour ne pas dire vengeur) pour se rapprocher au moins un peu plus de cet objectif interm\u00e9diaire en s\u2019ali\u00e9nant les \u00c9tats-Unis et l\u2019OTAN. Le plan de match russe devrait donc \u00eatre \u00e9vident\u00a0: d\u2019abord, utiliser des moyens militaires pour \u00ab\u00a0contenir Erdogan \u00e0 l\u2019int\u00e9rieur de la Turquie\u00a0\u00bb et, ensuite, s\u2019engager dans des efforts \u00e0 long terme pour pr\u00e9parer une Turquie post-Erdogan. Ensuite, laisser le SOB se d\u00e9truire lui-m\u00eame.<\/span><\/p>\n<p style=\"text-align: justify;\"><span style=\"font-family: times new roman, times, serif; font-size: 14pt;\">Je ne crois pas que la paix soit possible entre une Syrie la\u00efque et une Turquie soutenue par des Takfiri. Et je ne crois pas non plus que les Takfiris puissent \u00eatre transform\u00e9s en une quelconque \u00ab\u00a0opposition d\u00e9mocratique\u00a0\u00bb. Ainsi, le v\u00e9ritable objectif final pour la Russie et la Syrie sera toujours la victoire militaire, et non la \u00ab\u00a0paix\u00a0\u00bb (en supposant que le concept de \u00ab\u00a0paix avec les Takfiri\u00a0\u00bb ait un sens, ce qui n\u2019est pas le cas). Les Russes le savent, m\u00eame s\u2019ils ne l\u2019admettent pas.<\/span><\/p>\n<p style=\"text-align: justify;\"><span style=\"font-family: times new roman, times, serif; font-size: 14pt;\">Pour l\u2019instant, ce que nous voyons est la premi\u00e8re phase de la guerre Turquie-Syrie qui se termine et pour les deux prochaines semaines, nous assisterons \u00e0 une transition vers une autre phase qui sera probablement celle o\u00f9, par surprise, les Turcs ne parviendront pas \u00e0 retirer tous les Takfiri d\u2019Idlib, ce qui donnera alors \u00e0 la Syrie et \u00e0 la Russie une raison l\u00e9gale de prendre \u00e0 nouveau des mesures directes. En th\u00e9orie, du moins, Erdogan pourrait d\u00e9cider de faire passer la fronti\u00e8re aux forces arm\u00e9es turques, mais plus elles se rapprocheront de Khmeimim et\/ou de Tartus, plus les enjeux seront dangereux pour la Turquie et pour Erdogan personnellement.<\/span><\/p>\n<p style=\"text-align: justify;\"><span style=\"font-family: times new roman, times, serif; font-size: 14pt;\">La cl\u00e9 du succ\u00e8s pour l\u2019Axe de la R\u00e9sistance est de rendre la Syrie trop dure \u00e0 briser. J\u2019esp\u00e8re que la Russie, l\u2019Iran, la Syrie et l\u2019Irak continueront de travailler ensemble, avec l\u2019aide chinoise, esp\u00e9rons-le, pour cr\u00e9er cette Syrie.\u00a0\u00a0\u00a0\u00a0\u00a0\u00a0\u00a0\u00a0\u00a0\u00a0\u00a0\u00a0\u00a0\u00a0\u00a0\u00a0\u00a0\u00a0\u00a0\u00a0\u00a0\u00a0\u00a0\u00a0\u00a0\u00a0\u00a0\u00a0\u00a0\u00a0\u00a0\u00a0 \u00a0\u00a0\u00a0\u00a0\u00a0\u00a0\u00a0\u00a0\u00a0\u00a0\u00a0\u00a0\u00a0\u00a0\u00a0\u00a0\u00a0\u00a0\u00a0\u00a0\u00a0\u00a0\u00a0\u00a0\u00a0\u00a0\u00a0\u00a0\u00a0\u00a0\u00a0\u00a0\u00a0\u00a0\u00a0\u00a0\u00a0\u00a0\u00a0\u00a0\u00a0\u00a0\u00a0\u00a0\u00a0\u00a0\u00a0\u00a0\u00a0\u00a0\u00a0\u00a0\u00a0\u00a0\u00a0\u00a0\u00a0\u00a0\u00a0\u00a0\u00a0\u00a0\u00a0\u00a0\u00a0\u00a0\u00a0\u00a0\u00a0\u00a0\u00a0\u00a0\u00a0\u00a0\u00a0\u00a0\u00a0\u00a0\u00a0\u00a0\u00a0\u00a0\u00a0\u00a0\u00a0\u00a0\u00a0\u00a0\u00a0\u00a0\u00a0\u00a0\u00a0\u00a0\u00a0\u00a0\u00a0\u00a0\u00a0\u00a0\u00a0\u00a0\u00a0\u00a0\u00a0\u00a0\u00a0\u00a0\u00a0\u00a0\u00a0\u00a0\u00a0\u00a0\u00a0\u00a0\u00a0\u00a0\u00a0\u00a0\u00a0\u00a0\u00a0\u00a0\u00a0\u00a0 <\/span><span style=\"font-family: times new roman, times, serif; font-size: 14pt;\">Le Saker.<\/span><\/p>\n<p style=\"text-align: justify;\"><span style=\"font-family: times new roman, times, serif; font-size: 14pt;\">Envoy\u00e9 par Dominique Delawarde<\/span><\/p>\n<p style=\"text-align: justify;\"><span style=\"font-family: times new roman, times, serif; font-size: 14pt;\">Traduction\u00a0: <em>R.I.<\/em><\/span><\/p>\n<p style=\"text-align: justify;\"><span style=\"font-family: times new roman, times, serif; font-size: 14pt;\">Source\u00a0: <a href=\"http:\/\/www.comite-valmy.org\/spip.php?article11727\">http:\/\/www.comite-valmy.org\/spip.php?article11727<\/a><\/span><\/p>\n<p>Source d\u2019origine\u00a0: <a href=\"https:\/\/thesaker.is\/erdogan-loses-the-battle-but-the-war-is-far-from-over\/\">https:\/\/thesaker.is\/erdogan-loses-the-battle-but-the-war-is-far-from-over\/<\/a><\/p>\n<p><strong>URL de cet article\u00a0: <\/strong><a href=\"http:\/\/blog.lesgrossesorchadeslesamplesthalameges.fr\/index.php\/erdogan-a-perdu-la-bataille\/\"><span style=\"font-family: times new roman, times, serif; font-size: 14pt;\">http:\/\/blog.lesgrossesorchadeslesamplesthalameges.fr\/index.php\/erdogan-a-perdu-la-bataille\/ <\/span><\/a><strong><br \/>\n<\/strong><\/p>\n<p>&nbsp;<\/p>\n<p>&nbsp;<\/p>\n<p style=\"text-align: center;\"><a href=\"http:\/\/blog.lesgrossesorchadeslesamplesthalameges.fr\/wp-content\/uploads\/2020\/03\/Bombe-en-r\u00e9duction-GIF-1.gif\"><img loading=\"lazy\" class=\"alignnone size-full wp-image-8694\" src=\"http:\/\/blog.lesgrossesorchadeslesamplesthalameges.fr\/wp-content\/uploads\/2020\/03\/Bombe-en-r\u00e9duction-GIF-1.gif\" alt=\"\" width=\"100\" height=\"47\" \/><\/a><\/p>\n<p>&nbsp;<\/p>\n<p>&nbsp;<\/p>\n<p style=\"text-align: right;\"><span style=\"font-family: comic sans ms, sans-serif; font-size: 14pt;\">Mars 20<\/span><span style=\"font-family: comic sans ms, sans-serif; font-size: 14pt;\">20<\/span><\/p>\n<p>&nbsp;<\/p>\n<p>&nbsp;<\/p>\n","protected":false},"excerpt":{"rendered":"<p>&nbsp; &nbsp; &nbsp; &nbsp; &nbsp; &nbsp; Erdogan a perdu la bataille, mais la guerre est loin d\u2019\u00eatre termin\u00e9e &nbsp; Le Saker \u2013 Comit\u00e9 Valmy \u2013 7.3.2020 Envoy\u00e9 et pr\u00e9sent\u00e9 par Dominique Delawarde &nbsp; &nbsp; &nbsp; &nbsp; Sous le titre\u00a0: \u00ab\u00a0Erdogan a perdu la bataille, mais la guerre est loin d\u2019\u00eatre termin\u00e9e\u00a0\u00bb, l\u2019auteur nous livre les&#8230;<\/p>\n","protected":false},"author":1,"featured_media":0,"parent":0,"menu_order":0,"comment_status":"open","ping_status":"open","template":"","meta":[],"_links":{"self":[{"href":"https:\/\/blog.lesgrossesorchadeslesamplesthalameges.fr\/index.php\/wp-json\/wp\/v2\/pages\/8692"}],"collection":[{"href":"https:\/\/blog.lesgrossesorchadeslesamplesthalameges.fr\/index.php\/wp-json\/wp\/v2\/pages"}],"about":[{"href":"https:\/\/blog.lesgrossesorchadeslesamplesthalameges.fr\/index.php\/wp-json\/wp\/v2\/types\/page"}],"author":[{"embeddable":true,"href":"https:\/\/blog.lesgrossesorchadeslesamplesthalameges.fr\/index.php\/wp-json\/wp\/v2\/users\/1"}],"replies":[{"embeddable":true,"href":"https:\/\/blog.lesgrossesorchadeslesamplesthalameges.fr\/index.php\/wp-json\/wp\/v2\/comments?post=8692"}],"version-history":[{"count":0,"href":"https:\/\/blog.lesgrossesorchadeslesamplesthalameges.fr\/index.php\/wp-json\/wp\/v2\/pages\/8692\/revisions"}],"wp:attachment":[{"href":"https:\/\/blog.lesgrossesorchadeslesamplesthalameges.fr\/index.php\/wp-json\/wp\/v2\/media?parent=8692"}],"curies":[{"name":"wp","href":"https:\/\/api.w.org\/{rel}","templated":true}]}}