{"id":8707,"date":"2020-03-10T00:26:00","date_gmt":"2020-03-09T23:26:00","guid":{"rendered":"http:\/\/blog.lesgrossesorchadeslesamplesthalameges.fr\/?page_id=8707"},"modified":"2020-03-10T00:27:17","modified_gmt":"2020-03-09T23:27:17","slug":"lenigme-de-la-coubre","status":"publish","type":"page","link":"https:\/\/blog.lesgrossesorchadeslesamplesthalameges.fr\/index.php\/lenigme-de-la-coubre\/","title":{"rendered":"L&rsquo;\u00e9nigme de La Coubre"},"content":{"rendered":"<p>&nbsp;<\/p>\n<p>&nbsp;<\/p>\n<p>&nbsp;<\/p>\n<p>&nbsp;<\/p>\n<p>&nbsp;<\/p>\n<p>&nbsp;<\/p>\n<p style=\"text-align: center;\"><span style=\"font-family: times new roman, times, serif; font-size: 36pt;\"><strong>L\u2019\u00c9nigme du bateau \u00ab\u00a0La Coubre\u00a0\u00bb<\/strong><\/span><\/p>\n<p>&nbsp;<\/p>\n<p style=\"text-align: center;\"><span style=\"font-family: times new roman, times, serif; font-size: 18pt;\"><strong>Hernando CALVO OSPINA<\/strong> <strong>\u2013<\/strong><strong> <em>LGS<\/em> \u2013 3.3.2020<\/strong><\/span><\/p>\n<p>&nbsp;<\/p>\n<p>&nbsp;<\/p>\n<p style=\"text-align: center;\"><a href=\"http:\/\/blog.lesgrossesorchadeslesamplesthalameges.fr\/wp-content\/uploads\/2020\/03\/LA-COUBRE-1.jpg\"><img loading=\"lazy\" class=\"alignnone wp-image-8709\" src=\"http:\/\/blog.lesgrossesorchadeslesamplesthalameges.fr\/wp-content\/uploads\/2020\/03\/LA-COUBRE-1-300x217.jpg\" alt=\"\" width=\"500\" height=\"361\" srcset=\"https:\/\/blog.lesgrossesorchadeslesamplesthalameges.fr\/wp-content\/uploads\/2020\/03\/LA-COUBRE-1-300x217.jpg 300w, https:\/\/blog.lesgrossesorchadeslesamplesthalameges.fr\/wp-content\/uploads\/2020\/03\/LA-COUBRE-1.jpg 600w\" sizes=\"(max-width: 500px) 100vw, 500px\" \/><\/a><\/p>\n<p><strong>\u00a0<\/strong><\/p>\n<p style=\"text-align: justify;\"><strong>\u00a0<\/strong><\/p>\n<p style=\"text-align: justify;\"><strong><span style=\"font-family: tahoma, arial, helvetica, sans-serif; font-size: 14pt;\">Documentaire\u00a0: Il y a 60 ans, le bateau fran\u00e7ais la Coubre qui transportait des armes belges pour la d\u00e9fense de la toute jeune R\u00e9volution cubaine explosa dans le port de La Havane. Cette explosion fit plus de 100 morts et 200 bless\u00e9s, dont 6 marins fran\u00e7ais. Qui sont les responsables de ce crime\u00a0?<\/span><\/strong><\/p>\n<p>&nbsp;<\/p>\n<p style=\"text-align: justify;\"><span style=\"font-family: times new roman, times, serif; font-size: 14pt;\">Le 4 mars 1960 le navire fran\u00e7ais \u00ab\u00a0La Coubre\u00a0\u00bb explosa dans le port de La Havane au moment du d\u00e9chargement de 525 caisses contenant 25.000 grenades acquises par Cuba \u00e0 la Belgique. Selon les recherches de Calvo Ospina, un D\u00e9cret Royal en avait accept\u00e9 la vente par la Fabrique Nationale d\u2019Armes de Guerre, et ce malgr\u00e9 les pressions exerc\u00e9es par le gouvernement \u00e9tasunien, qui agressait la toute r\u00e9cente r\u00e9volution et dont les plans comprenaient d\u00e9j\u00e0 une invasion militaire (qui aura lieu un an plus tard par la Baie des Cochons).<\/span><\/p>\n<p style=\"text-align: justify;\"><span style=\"font-family: times new roman, times, serif; font-size: 14pt;\">Outre les caisses de grenades, 967 caisses de munitions dont 29 offertes, furent aussi charg\u00e9es sur La Coubre.<\/span><\/p>\n<p style=\"text-align: justify;\"><span style=\"font-family: times new roman, times, serif; font-size: 14pt;\">La terrible explosion blessa environ 200 personnes et en tua 70, dont 6 marins fran\u00e7ais.<\/span><br \/>\n<span style=\"font-family: times new roman, times, serif; font-size: 14pt;\">Le documentaire pr\u00e9sente des entretiens avec des parents des victimes, des chercheurs cubains, ainsi que les t\u00e9moignages des deux derniers marins fran\u00e7ais en vie.<\/span><\/p>\n<p style=\"text-align: justify;\"><span style=\"font-family: times new roman, times, serif; font-size: 14pt;\">Hernando Calvo Ospina a eu la tr\u00e8s grande chance d\u2019\u00eatre le premier \u00e0 pouvoir obtenir la copie des plus de 1.500 pages conserv\u00e9es dans les archives de la French Lines, au Havre, France, comportant toute l\u2019information sur ce terrible \u00e9v\u00e9nement que poss\u00e9dait la Compagnie G\u00e9n\u00e9rale Transatlantique, plus connue sous le nom de Transat. Ces archives \u00e9taient classifi\u00e9es jusqu\u2019\u00e0 il y a 9 ans et depuis deux ans peuvent \u00eatre consult\u00e9es par toute personne.<\/span><\/p>\n<p style=\"text-align: justify;\"><span style=\"font-family: times new roman, times, serif; font-size: 14pt;\">Comme en conclut le documentaire, qui d\u2019ici peu sera \u00e9dit\u00e9 sous forme de livre en plusieurs langues, l\u2019explosion du navire est due \u00e0 une action terroriste.<\/span><\/p>\n<p style=\"text-align: justify;\"><span style=\"font-family: times new roman, times, serif; font-size: 14pt;\">\u00c0 qui cela profitait-il\u00a0? Toutes les pistes conduisent au gouvernement \u00e9tasunien, et \u00e0 la CIA en particulier. Et les doutes augmentent encore lorsque les \u00c9tats-Unis refusent de montrer leurs archives sur le sujet. Pourquoi\u00a0?<\/span><\/p>\n<p style=\"text-align: justify;\"><span style=\"font-family: times new roman, times, serif; font-size: 14pt;\">Les pistes montrent aussi que la bombe fut plac\u00e9e en Europe. L\u2019auteur, et certains des personnes dont il a recueilli les t\u00e9moignages, pensent que les services de s\u00e9curit\u00e9 fran\u00e7ais ou belges auraient pu \u00eatre complices. Hernando Calvo Ospina propose sa th\u00e9orie&#8230;<\/span><\/p>\n<p>&nbsp;<\/p>\n<p>&nbsp;<\/p>\n<p style=\"text-align: center;\"><span style=\"font-family: times new roman, times, serif;\"><strong><span style=\"font-size: 24pt;\">L\u2019\u00c9nigme de La Coubre<\/span><br \/>\n<\/strong><\/span><\/p>\n<p>&nbsp;<\/p>\n<p style=\"text-align: center;\"><span style=\"font-size: 14pt;\"><strong><span style=\"font-family: times new roman, times, serif;\">Un documentaire d\u2019Hernando Calvo Ospina<\/span><\/strong><\/span><br \/>\n<span style=\"font-size: 14pt;\"><strong><span style=\"font-family: times new roman, times, serif;\">23 minutes<\/span><\/strong><\/span><br \/>\n<span style=\"font-size: 14pt;\"><strong><span style=\"font-family: times new roman, times, serif;\">Une production de <em>Resumen Latinoamericano<\/em>, Cuba-Argentine<\/span><\/strong><\/span><\/p>\n<p>&nbsp;<\/p>\n<p>&nbsp;<\/p>\n<p style=\"text-align: center;\"><iframe loading=\"lazy\" src=\"\/\/www.youtube.com\/embed\/ou_j25klv04\" width=\"560\" height=\"315\" frameborder=\"0\" allowfullscreen=\"allowfullscreen\"><\/iframe><\/p>\n<p>&nbsp;<\/p>\n<p>&nbsp;<\/p>\n<p>Source\u00a0: <a href=\"https:\/\/www.legrandsoir.info\/l-enigme-du-bateau-la-coubre.html\">https:\/\/www.legrandsoir.info\/l-enigme-du-bateau-la-coubre.html<\/a><\/p>\n<p>&nbsp;<\/p>\n<p><strong>URL de cet article\u00a0: <\/strong><a href=\"http:\/\/blog.lesgrossesorchadeslesamplesthalameges.fr\/index.php\/lenigme-de-la-coubre\/\"><span style=\"font-family: times new roman, times, serif;\"><span style=\"font-size: 14pt;\">http:\/\/blog.lesgrossesorchadeslesamplesthalameges.fr\/index.php\/lenigme-de-la-coubre\/<\/span><\/span><\/a><strong><br \/>\n<\/strong><\/p>\n<p>&nbsp;<\/p>\n<p>&nbsp;<\/p>\n<p>&nbsp;<\/p>\n<p style=\"text-align: right;\"><span style=\"font-family: comic sans ms, sans-serif; font-size: 14pt;\">Mars 2020<\/span><\/p>\n<p>&nbsp;<\/p>\n<p>&nbsp;<\/p>\n","protected":false},"excerpt":{"rendered":"<p>&nbsp; &nbsp; &nbsp; &nbsp; &nbsp; &nbsp; L\u2019\u00c9nigme du bateau \u00ab\u00a0La Coubre\u00a0\u00bb &nbsp; Hernando CALVO OSPINA \u2013 LGS \u2013 3.3.2020 &nbsp; &nbsp; \u00a0 \u00a0 Documentaire\u00a0: Il y a 60 ans, le bateau fran\u00e7ais la Coubre qui transportait des armes belges pour la d\u00e9fense de la toute jeune R\u00e9volution cubaine explosa dans le port de La Havane&#8230;.<\/p>\n","protected":false},"author":1,"featured_media":0,"parent":0,"menu_order":0,"comment_status":"open","ping_status":"open","template":"","meta":[],"_links":{"self":[{"href":"https:\/\/blog.lesgrossesorchadeslesamplesthalameges.fr\/index.php\/wp-json\/wp\/v2\/pages\/8707"}],"collection":[{"href":"https:\/\/blog.lesgrossesorchadeslesamplesthalameges.fr\/index.php\/wp-json\/wp\/v2\/pages"}],"about":[{"href":"https:\/\/blog.lesgrossesorchadeslesamplesthalameges.fr\/index.php\/wp-json\/wp\/v2\/types\/page"}],"author":[{"embeddable":true,"href":"https:\/\/blog.lesgrossesorchadeslesamplesthalameges.fr\/index.php\/wp-json\/wp\/v2\/users\/1"}],"replies":[{"embeddable":true,"href":"https:\/\/blog.lesgrossesorchadeslesamplesthalameges.fr\/index.php\/wp-json\/wp\/v2\/comments?post=8707"}],"version-history":[{"count":0,"href":"https:\/\/blog.lesgrossesorchadeslesamplesthalameges.fr\/index.php\/wp-json\/wp\/v2\/pages\/8707\/revisions"}],"wp:attachment":[{"href":"https:\/\/blog.lesgrossesorchadeslesamplesthalameges.fr\/index.php\/wp-json\/wp\/v2\/media?parent=8707"}],"curies":[{"name":"wp","href":"https:\/\/api.w.org\/{rel}","templated":true}]}}