{"id":8716,"date":"2020-03-10T01:06:45","date_gmt":"2020-03-10T00:06:45","guid":{"rendered":"http:\/\/blog.lesgrossesorchadeslesamplesthalameges.fr\/?page_id=8716"},"modified":"2020-03-10T01:07:59","modified_gmt":"2020-03-10T00:07:59","slug":"qui-a-fabrique-le-coronavirus","status":"publish","type":"page","link":"https:\/\/blog.lesgrossesorchadeslesamplesthalameges.fr\/index.php\/qui-a-fabrique-le-coronavirus\/","title":{"rendered":"Qui a fabriqu\u00e9 le coronavirus ?"},"content":{"rendered":"<p>&nbsp;<\/p>\n<p>&nbsp;<\/p>\n<p>&nbsp;<\/p>\n<p>&nbsp;<\/p>\n<p>&nbsp;<\/p>\n<p>&nbsp;<\/p>\n<p>&nbsp;<\/p>\n<p style=\"text-align: center;\"><span style=\"font-family: times new roman, times, serif; font-size: 38pt;\"><strong>Qui a fabriqu\u00e9 le Coronavirus ? Les USA, Isra\u00ebl ou la Chine elle-m\u00eame ?<\/strong><\/span><\/p>\n<p style=\"text-align: justify;\"><span style=\"font-family: times new roman, times, serif; font-size: 14pt;\"><strong>\u00a0<\/strong><\/span><\/p>\n<p>&nbsp;<\/p>\n<p style=\"text-align: center;\"><span style=\"font-family: times new roman, times, serif; font-size: 18pt;\"><strong>Philip Giraldi \u2013 <em>Strategic Culture<\/em> \u2013 5.3.2020<\/strong><\/span><\/p>\n<p style=\"text-align: center;\"><span style=\"font-family: times new roman, times, serif; font-size: 18pt;\">Via<strong> <em>UNZ Review<\/em><\/strong><\/span><\/p>\n<p>&nbsp;<\/p>\n<p>&nbsp;<\/p>\n<p style=\"text-align: center;\"><a href=\"http:\/\/blog.lesgrossesorchadeslesamplesthalameges.fr\/wp-content\/uploads\/2020\/03\/VIRUS-1.jpg\"><img loading=\"lazy\" class=\"alignnone wp-image-8719 size-full\" src=\"http:\/\/blog.lesgrossesorchadeslesamplesthalameges.fr\/wp-content\/uploads\/2020\/03\/VIRUS-1.jpg\" alt=\"\" width=\"600\" height=\"335\" srcset=\"https:\/\/blog.lesgrossesorchadeslesamplesthalameges.fr\/wp-content\/uploads\/2020\/03\/VIRUS-1.jpg 600w, https:\/\/blog.lesgrossesorchadeslesamplesthalameges.fr\/wp-content\/uploads\/2020\/03\/VIRUS-1-300x168.jpg 300w\" sizes=\"(max-width: 600px) 100vw, 600px\" \/><\/a><\/p>\n<p>&nbsp;<\/p>\n<p>&nbsp;<\/p>\n<p style=\"text-align: justify;\"><span style=\"font-family: times new roman, times, serif; font-size: 14pt;\">Le compte rendu m\u00e9diatique le plus souvent rapport\u00e9 sur la gen\u00e8se du Coronavirus sugg\u00e8re qu\u2019il est d\u00e9riv\u00e9 d\u2019un micro-organisme d\u2019origine animale trouv\u00e9 dans une chauve-souris sauvage consomm\u00e9e par un membre d\u2019une ethnie pr\u00e9sente \u00e0 Wuhan. Mais il semble exister au contraire des preuves que, dans des provinces chinoises voisines, o\u00f9 les chauves-souris sauvages sont plus nombreuses, il n\u2019y ait pas eu apparition notable de la maladie. \u00c0 cause de cela et d\u2019autres facteurs, il y a eu pas mal de sp\u00e9culations sur la possibilit\u00e9 que le coronavirus ne soit pas apparu de mani\u00e8re naturelle, par mutation, mais qu\u2019il ait \u00e9t\u00e9 plut\u00f4t <a href=\"https:\/\/www.nature.com\/articles\/nm.3985\">produit en laboratoire<\/a>, \u00e9ventuellement, m\u00eame qu\u2019il soit une arme biologique..<\/span><\/p>\n<p style=\"text-align: justify;\"><span style=\"font-family: times new roman, times, serif; font-size: 14pt;\">Plusieurs rapports sugg\u00e8rent qu\u2019il existe des composants du virus apparent\u00e9s au VIH qui ne pourraient pas \u00eatre apparus naturellement. S\u2019il est bin exact que le virus se soit d\u00e9velopp\u00e9 voire ait \u00e9t\u00e9 produit pour servir d\u2019arme, cela sugg\u00e9rerait en outre que sa \u00ab\u00a0fuite\u00a0\u00bb de l\u2019Institut de virologie de Wuhan, vers les populations animale et humaine, pourrait avoir \u00e9t\u00e9 accidentelle. Les techniciens qui travaillent dans ce genre d\u2019endroits savent que des \u00ab fuites \u00bb <a href=\"https:\/\/www.vox.com\/future-perfect\/2019\/3\/20\/18260669\/deadly-pathogens-escape-lab-smallpox-bird-flu\">se produisent fr\u00e9quemment<\/a> dans les laboratoires.<\/span><\/p>\n<p>&nbsp;<\/p>\n<p>&nbsp;<\/p>\n<p style=\"text-align: center;\"><span style=\"font-family: times new roman, times, serif; font-size: 24pt;\"><strong>Le coronavirus sert-il d\u2019arme\u00a0?<\/strong><\/span><\/p>\n<p>&nbsp;<\/p>\n<p style=\"text-align: center;\"><span style=\"font-family: times new roman, times, serif; font-size: 14pt;\"><iframe loading=\"lazy\" src=\"\/\/www.youtube.com\/embed\/6DcSKUrQBiE\" width=\"560\" height=\"315\" frameborder=\"0\" allowfullscreen=\"allowfullscreen\"><\/iframe><\/span><\/p>\n<p>&nbsp;<\/p>\n<p style=\"text-align: justify; padding-left: 120px;\"><span style=\"font-family: arial, helvetica, sans-serif; font-size: 12pt;\"><strong>Trancription :<\/strong><\/span><\/p>\n<p style=\"text-align: justify; padding-left: 120px;\"><span style=\"font-family: arial, helvetica, sans-serif; font-size: 12pt;\">\u2026 Des opportunistes ont saut\u00e9 sur l\u2019occasion de s\u2019en server pour justifier des actes politiques.<\/span><\/p>\n<p style=\"text-align: justify; padding-left: 120px;\"><span style=\"font-family: arial, helvetica, sans-serif; font-size: 12pt;\">\u2026 La France a d\u00e9cid\u00e9 d\u2019interdire tous les rassemblement de plus de 5.000 personnes pour \u00ab\u00a0arr\u00eater la propagation du virus\u00a0\u00bb.<\/span><\/p>\n<p style=\"text-align: justify; padding-left: 120px;\"><span style=\"font-family: arial, helvetica, sans-serif; font-size: 12pt;\">\u2026 Sont-ils r\u00e9ellement pr\u00e9occup\u00e9s par la maladie ou s\u2019en servent-ils pour casser le mouvement des Gilets Jaunes\u00a0?<\/span><\/p>\n<p style=\"text-align: justify; padding-left: 120px;\"><span style=\"font-family: arial, helvetica, sans-serif; font-size: 12pt;\">\u2026 Tump a temporairement interdit tout voyage vers ou en provenance de l\u2019Iran.<\/span><\/p>\n<p style=\"text-align: justify; padding-left: 120px;\"><span style=\"font-family: arial, helvetica, sans-serif; font-size: 12pt;\">\u2026 La Chine est le foyer r\u00e9el du coronavirus, l\u2019Iran n\u2019est qu\u2019un ennemi politique.<\/span><\/p>\n<p style=\"text-align: justify; padding-left: 120px;\"><span style=\"font-family: arial, helvetica, sans-serif; font-size: 12pt;\">\u2026 Le FMI offre 12 milliards de dollars <em>[en r\u00e9alit\u00e9 50 milliards , dont les 10 premiers \u00e0 taux 0\u00a0; c\u2019est la Banque Mondiale qui a mobilis\u00e9 12 milliards de dollars, NdT]<\/em> pour \u00ab\u00a0aider\u00a0\u00bb les gouvernements \u00e0 \u00ab\u00a0lutter\u00a0\u00bb contre la propagation de la maladie.<\/span><\/p>\n<p style=\"text-align: justify; padding-left: 120px;\"><span style=\"font-family: arial, helvetica, sans-serif; font-size: 12pt;\">\u2026 De nombreuses conf\u00e9rences internationales ou forums, comme le sommet de l\u2019ASEAN, ont \u00e9t\u00e9 annul\u00e9s.<\/span><\/p>\n<p style=\"text-align: justify; padding-left: 120px;\"><span style=\"font-family: arial, helvetica, sans-serif; font-size: 12pt;\">\u2026 La peur de l\u2019\u00e9p\u00eed\u00e9mie cr\u00e9e la panique n\u00e9cessaire \u00e0 bien des initiatives politiques.<\/span><\/p>\n<p style=\"text-align: justify; padding-left: 120px;\"><span style=\"font-family: arial, helvetica, sans-serif; font-size: 12pt;\">\u2026 Beaucoup de politiciens, de par le monde, voient dans ce nouveau virus, des tas d\u2019occasions \u00e0 saisir.<\/span><\/p>\n<p style=\"text-align: justify;\"><span style=\"font-family: times new roman, times, serif; font-size: 14pt;\"><strong>\u00a0<\/strong><\/span><\/p>\n<p>&nbsp;<\/p>\n<p style=\"text-align: justify;\"><span style=\"font-family: times new roman, times, serif; font-size: 14pt;\">Il y a, bien s\u00fbr et in\u00e9vitablement, une autre th\u00e9orie. Il y a eu des sp\u00e9culations selon lesquelles puisque l\u2019administration Trump n\u2019(a pas cess\u00e9 de soulever la question du fait que la comp\u00e9titivit\u00e9 mondiale accrue de la Chine constituait une menace directe pour la s\u00e9curit\u00e9 nationale et la domination \u00e9conomique am\u00e9ricaines, il se pourrait tout \u00e0 fait que Washington ait cr\u00e9\u00e9 et r\u00e9pandu le virus dans le but de faire baisser de quelques crans la puissance \u00e9conomique et militaire de P\u00e9kin. Il est assur\u00e9ment difficile de croire que m\u00eame la Maison Blanche de Trump puisse faire quelque chose d\u2019aussi dangereux et malavis\u00e9, mais cette sorte de comportement n\u2019est pas sans pr\u00e9c\u00e9dents. En 2005-2009, les gouvernements US et isra\u00e9lien ont secr\u00e8tement d\u00e9velopp\u00e9 un virus informatique appel\u00e9 <em>Stuxnet<\/em>, qui avait pour but d\u2019endommager les syst\u00e8mes de contr\u00f4le et d\u2019exploitation des ordinateurs iraniens utilis\u00e9s dans le programme de recherche nucl\u00e9aire de ce pays. Certes, <em>Stuxnet<\/em> \u00e9tait destin\u00e9 \u00e0 contaminer les ordinateurs, pas d\u2019infecter et de tuer des \u00eatres humains, mais la crainte qu\u2019il se propage et finisse par infecter des ordinateurs en dehors de l\u2019Iran s\u2019est av\u00e9r\u00e9e fond\u00e9e, puisqu\u2019il a contamin\u00e9 des milliers d\u2019ordinateurs non iraniens, dans des pays aussi \u00e9loign\u00e9s que la Chine, l\u2019Allemagne, le Kazakhstan et l\u2019Indon\u00e9sie<\/span><\/p>\n<p style=\"text-align: justify;\"><span style=\"font-family: times new roman, times, serif; font-size: 14pt;\">In\u00e9vitablement, il y a une histoire isra\u00e9lienne qui pourrait \u00e9clairer quelque peu ce qui se passe en Chine. Des scientifiques de l\u2019Institut isra\u00e9lien de recherche de Galil\u00e9e pr\u00e9tendent qu\u2019ils auront un vaccin contre le coronavirus <a href=\"https:\/\/www.jpost.com\/HEALTH-SCIENCE\/Israeli-scientists-In-three-weeks-we-will-have-coronavirus-vaccine-619101%C2%A0%E2%80%A6\">d\u2019ici quelques semaines<\/a>, qui sera pr\u00eat \u00e0 \u00eatre distribu\u00e9 et utilis\u00e9 dans les 90 jours. L\u2019Institut pr\u00e9tend \u00eatre engag\u00e9 dans quatre ann\u00e9es de recherche sur le coronavirus aviaire, financ\u00e9es par les minist\u00e8res isra\u00e9liens des Sciences, de la Technologie et de l\u2019Agriculture. Ils affirment que ce virus est identique \u00e0 celui qui affecte les humains, ce qui a permis des perc\u00e9es dans le d\u00e9veloppement du vaccin gr\u00e2ce \u00e0 la manipulation g\u00e9n\u00e9tique, mais certains scientifiques sont sceptiques quant \u00e0 la possibilit\u00e9 de produire aussi rapidement un nouveau vaccin, pour pr\u00e9venir les effets d\u2019un virus qui n\u2019existe que depuis tr\u00e8s peu de temps. Ils ont \u00e9galement averti que m\u00eame si un vaccin est d\u00e9velopp\u00e9, il doit th\u00e9oriquement \u00eatre d\u2019abord test\u00e9 contre les effets secondaires, processus qui, normalement, prend plus d\u2019un an et doit \u00eatre effectu\u00e9 sur des humains contamin\u00e9s.<\/span><\/p>\n<p style=\"text-align: justify;\"><span style=\"font-family: times new roman, times, serif; font-size: 14pt;\">Si m\u00eame on consid\u00e8re impossible que les \u00c9tats-Unis aient mis la main \u00e0 la cr\u00e9ation d\u2019un nouveau virus dans ce qui reste de ses, jadis tr\u00e8s importants, centres de recherche en armes biologiques de Fort Detrick, Maryland, il est plus que probable qu\u2019Isra\u00ebl ait \u00e9t\u00e9 partie prenante du projet.<\/span><\/p>\n<p style=\"text-align: justify;\"><span style=\"font-family: times new roman, times, serif; font-size: 14pt;\">Qu\u2019ils aient aid\u00e9 \u00e0 d\u00e9velopper le virus expliquerait que les chercheurs isra\u00e9liens aient \u00e9t\u00e9 capables de revendiquer un succ\u00e8s dans la cr\u00e9ation aussi rapide d\u2019un vaccin, parce qu\u2019il est possible que le virus et un traitement contre le virus aient \u00e9t\u00e9 d\u00e9velopp\u00e9s simultan\u00e9ment ou conjointement.<\/span><\/p>\n<p style=\"text-align: justify;\"><span style=\"font-family: times new roman, times, serif; font-size: 14pt;\">Quoi qu\u2019il en soit, il y a des ramifications politiques claires \u00e0 l\u2019apparition du coronavirus, et pas seulement en Chine. Aux \u00c9tats-Unis, le Pr\u00e9sident Donald Trump est d\u00e9j\u00e0 accus\u00e9 d\u2019avoir menti sur le virus, et divers sc\u00e9narios ont \u00e9t\u00e9 \u00e9voqu\u00e9s dans les publications mainstream, sp\u00e9culant \u00e0 propos de l\u2019impact possible de la pand\u00e9mie sur l\u2019\u00e9lection de 2020. Si l\u2019\u00e9conomie plonge en m\u00eame temps que le march\u00e9 boursier, cela d\u00e9teindra salement sur Trump, qu\u2019il soit ou non v\u00e9ritablement coupable de quelque chose. Si l\u2019endiguement et le traitement de la maladie aux \u00c9tats-Unis ne se passent pas bien, il pourrait se produire un retour de flamme consid\u00e9rable, du fait, surtout, que les D\u00e9mocrates font campagne sur l\u2019am\u00e9lioration de des services de sant\u00e9. Cependant, un des experts affirme que la maladie et une \u00e9conomie naufrag\u00e9e n\u2019importeront pas, pour peu qu\u2019il y ait un quelconque revirement avant l\u2019\u00e9lections, mais beaucoup de choses peuvent se produire dans les huit mois \u00e0 venir.<\/span><\/p>\n<p style=\"text-align: justify;\"><span style=\"font-family: times new roman, times, serif; font-size: 14pt;\">Et puis il y a la question de la s\u00e9curit\u00e9 nationale \/ politique \u00e9trang\u00e8re telle qu\u2019elle est con\u00e7ue \u00e0 J\u00e9rusalem <em>[Tiens\u00a0?! NdT]<\/em> et \u00e0 Washington. Il est difficile d\u2019expliquer pourquoi le coronavirus a frapp\u00e9 tr\u00e8s s\u00e9v\u00e8rement un pays en particulier, en dehors de la Chine. Ce pays est l\u2019Iran, ennemi d\u00e9j\u00e0 cit\u00e9 \u00e0 la fois des \u00c9tats-Unis et d\u2019Isra\u00ebl. Le nombre de cas de coronavirus en Iran <a href=\"https:\/\/www.bloomberg.com\/news\/articles\/2020-02-29\/iranian-coronavirus-cases-jump-as-more-officials-infected\">continue d\u2019augmenter<\/a>, avec davantage de tests positifs confirm\u00e9s samedi dernier parmi les membres du gouvernement et les responsables politiques Il y a eu 205 nouveaux cas de coronavirus, ce qui porte le total de 593 cas d\u00e9clar\u00e9s par le gouvernement, avec 43 d\u00e9c\u00e8s, bien que les rapports officieux des h\u00f4pitaux font estimer que les morts vont en r\u00e9alit\u00e9 bien au-del\u00e0 de la centaine. C\u2019est le plus grand nombre de morts dus au virus en dehors de la Chine.<\/span><\/p>\n<p style=\"text-align: justify;\"><span style=\"font-family: times new roman, times, serif; font-size: 14pt;\">Pas moins de cinq d\u00e9put\u00e9s iraniens ont \u00e9galement \u00e9t\u00e9 test\u00e9s positifs, au milieu d\u2019un nombre croissant de hauts responsables qui ont contract\u00e9 la maladie. Le vice-pr\u00e9sident iranien Masoumeh Ebtekar et le vice-ministre de la Sant\u00e9 Iraj Harirchi avaient aussi \u00e9t\u00e9 pr\u00e9c\u00e9demment confirm\u00e9s infect\u00e9s par le virus.<\/span><\/p>\n<p style=\"text-align: justify;\"><span style=\"font-family: times new roman, times, serif; font-size: 14pt;\">Les suspects habituels aux \u00c9tats-Unis sont ravis d\u2019apprendre les morts iraniennes. Mark Dubowitz, directeur ex\u00e9cutif de la Fondation pour la d\u00e9fense des d\u00e9mocraties (FDD), bas\u00e9e \u00e0 Washington mais connect\u00e9e au gouvernement isra\u00e9lien, s\u2019est <a href=\"https:\/\/t.co\/qVeS0stwEn\">vant\u00e9 mardi sur Twitter<\/a> de ce que \u00ab le coronavirus a fait ce que les sanctions \u00e9conomiques am\u00e9ricaines n\u2019avaient pas pu faire : stopper les exportations non p\u00e9troli\u00e8res de l\u2019Iran \u00bb. Un porte-parole du gouvernement iranien a r\u00e9pondu : \u00ab Il est honteux et parfaitement inhumain de se r\u00e9jouir de la propagation d\u2019un virus mortel et de se f\u00e9liciter de voir des gens en souffrir\u2026 \u00bb Dubowitz a rench\u00e9ri avec un sarcasme suppl\u00e9mentaire, au motif que T\u00e9h\u00e9ran \u00ab a propag\u00e9 le terrorisme \u00bb au Moyen-Orient et qu\u2019il \u00ab propage maintenant le coronavirus. \u00bb<\/span><\/p>\n<p style=\"text-align: justify;\"><span style=\"font-family: times new roman, times, serif; font-size: 14pt;\">Donc, vous avez le choix\u00a0: Soit le coronavirus s\u2019est produit naturellement, soit il est sorti d\u2019un laboratoire en Chine m\u00eame, ou alors d\u2019Isra\u00ebl ou des \u00c9tats-Unis. Si on soup\u00e7onne Isra\u00ebl et \/ ou les \u00c9tats-Unis, l\u2019intention aurait clairement \u00e9t\u00e9 de cr\u00e9er une arme biologique destin\u00e9e \u00e0 nuire \u00e0 deux nations d\u00e9sign\u00e9es comme ennemies mortelles. Mais le coronavirus ne peut pas \u00eatre contenu contr\u00f4l\u00e9 aussi facilement que cela et il est clair que beaucoup de milliers de personnes en mourront. Malheureusement, comme avec <em>Stuxnet<\/em>, une fois le g\u00e9nie \u00e9chapp\u00e9 de la lampe, il est diablement difficile de le persuader d\u2019y rentrer.<\/span><\/p>\n<p>&nbsp;<\/p>\n<p><a href=\"http:\/\/blog.lesgrossesorchadeslesamplesthalameges.fr\/wp-content\/uploads\/2020\/03\/Philip-Giraldi.jpg\"><img loading=\"lazy\" class=\"alignnone size-full wp-image-8733\" src=\"http:\/\/blog.lesgrossesorchadeslesamplesthalameges.fr\/wp-content\/uploads\/2020\/03\/Philip-Giraldi.jpg\" alt=\"\" width=\"200\" height=\"149\" \/><\/a><\/p>\n<p style=\"text-align: justify;\"><span style=\"font-size: 14pt; font-family: times new roman, times, serif;\">Philip Giraldi a \u00e9t\u00e9 pendant dix-huit ans, avec le grade d\u2019officier, sp\u00e9cialiste du contre-terrorisme pour la CIA. C\u2019est \u00e0 pr\u00e9sent un commentateur de t\u00e9l\u00e9vision et un journaliste qui \u00e9crit couramment dans <a href=\"https:\/\/www.unz.com\/pgiraldi\/who-made-coronavirus-was-it-the-u-s-israel-or-china-itself\/\"><em>The Unz Review<\/em><\/a>. Il a collabor\u00e9, sur des questions de terrorisme, d\u2019espionnage et de s\u00e9curit\u00e9 \u00e0 <a href=\"https:\/\/en.wikipedia.org\/wiki\/The_American_Conservative\"><em>The American Conservative<\/em><\/a>, <a href=\"https:\/\/en.wikipedia.org\/wiki\/The_Huffington_Post\"><em>The Huffington Post<\/em><\/a>, et \u00e0 <a href=\"https:\/\/en.wikipedia.org\/wiki\/Antiwar.com\">Antiwar.com<\/a>. Il a donn\u00e9 des interviews \u00e0 <a href=\"https:\/\/en.wikipedia.org\/wiki\/Good_Morning_America\"><em>Good Morning America<\/em><\/a>, <a href=\"https:\/\/en.wikipedia.org\/wiki\/60_Minutes\"><em>60 Minutes<\/em><\/a>, <a href=\"https:\/\/en.wikipedia.org\/wiki\/MSNBC\">MSNBC<\/a>, <a href=\"https:\/\/en.wikipedia.org\/wiki\/Fox_News\">Fox News<\/a>, <a href=\"https:\/\/en.wikipedia.org\/wiki\/NPR\">NPR<\/a>, la <a href=\"https:\/\/en.wikipedia.org\/wiki\/Canadian_Broadcasting_Corporation\">Canadian Broadcasting Corporation<\/a>, la <a href=\"https:\/\/en.wikipedia.org\/wiki\/BBC\">BBC<\/a>, <a href=\"https:\/\/en.wikipedia.org\/wiki\/Al-Jazeera\">al-Jazeera<\/a>, <a href=\"https:\/\/en.wikipedia.org\/wiki\/Al-Arabiya\">al-Arabiya<\/a>, <a href=\"https:\/\/en.wikipedia.org\/wiki\/Iran_Daily\">Iran Daily<\/a>, <a href=\"https:\/\/en.wikipedia.org\/wiki\/Russia_Today\">Russia Today<\/a>, <a href=\"https:\/\/en.wikipedia.org\/wiki\/Veterans_Today\"><em>Veterans Today<\/em><\/a>, <a href=\"https:\/\/en.wikipedia.org\/wiki\/Press_TV\">Press TV<\/a> et d\u2019autres. Lors des primaires de l\u2019\u00e9lection pr\u00e9sidentielle de 2008, Giraldi a \u00e9t\u00e9 le conseiller en politique \u00e9trang\u00e8re de Ron Paul<\/span><\/p>\n<p>&nbsp;<\/p>\n<p style=\"text-align: right;\"><span style=\"font-family: times new roman, times, serif; font-size: 14pt;\">Traduction\u00a0: c.l. pour Les Grosses Orchades<\/span><\/p>\n<p style=\"text-align: left;\"><span style=\"font-family: times new roman, times, serif; font-size: 14pt;\">Source \u00a0: <a href=\"https:\/\/www.strategic-culture.org\/news\/2020\/03\/05\/who-made-coronavirus-was-it-us-israel-or-china-itself\/\">https:\/\/www.strategic-culture.org\/news\/2020\/03\/05\/who-made-coronavirus-was-it-us-israel-or-china-itself\/<\/a><\/span><\/p>\n<p style=\"text-align: left;\"><span style=\"font-family: times new roman, times, serif; font-size: 14pt;\">Via\u00a0: <a href=\"https:\/\/www.unz.com\/pgiraldi\/who-made-coronavirus-was-it-the-u-s-israel-or-china-itself\/\">https:\/\/www.unz.com\/pgiraldi\/who-made-coronavirus-was-it-the-u-s-israel-or-china-itself\/<\/a> (y compris \u00b1 400 commentaires dont certains sont importants).<\/span><\/p>\n<p>&nbsp;<\/p>\n<p style=\"text-align: left;\"><span style=\"font-size: 14pt;\"><strong><span style=\"font-family: times new roman, times, serif;\">URL de cet article :<\/span><\/strong><span style=\"font-family: times new roman, times, serif;\">\u00a0<\/span><a href=\"http:\/\/blog.lesgrossesorchadeslesamplesthalameges.fr\/index.php\/qui-a-fabrique-le-coronavirus\/\"><span style=\"font-family: times new roman, times, serif;\">http:\/\/blog.lesgrossesorchadeslesamplesthalameges.fr\/index.php\/qui-a-fabrique-le-coronavirus\/\u00a0<\/span><\/a><\/span><\/p>\n<p>&nbsp;<\/p>\n<p>&nbsp;<\/p>\n<p style=\"text-align: justify;\"><span style=\"font-family: times new roman, times, serif; font-size: 14pt;\"><strong><span style=\"font-size: 18pt;\">NB<\/span>\u00a0: Au moment de mettre en ligne nous arrive une autre traduction, faite par <em>Le cri des peuples<\/em> et assortie de d\u00e9veloppements tr\u00e8s int\u00e9ressants. On la trouvera ici\u00a0: <\/strong><\/span><span style=\"font-family: times new roman, times, serif; font-size: 14pt;\"><a href=\"https:\/\/lecridespeuples.fr\/2020\/03\/08\/dou-vient-le-coronavirus-de-chine-des-etats-unis-ou-disrael\/\"><strong>https:\/\/lecridespeuples.fr\/2020\/03\/08\/dou-vient-le-coronavirus-de-chine-des-etats-unis-ou-disrael\/<\/strong><\/a><\/span><\/p>\n<p>&nbsp;<\/p>\n<p>&nbsp;<\/p>\n<p style=\"text-align: center;\"><a href=\"http:\/\/blog.lesgrossesorchadeslesamplesthalameges.fr\/wp-content\/uploads\/2020\/03\/Bombe-en-r\u00e9duction-GIF-2.gif\"><img loading=\"lazy\" class=\"size-full wp-image-8718 aligncenter\" src=\"http:\/\/blog.lesgrossesorchadeslesamplesthalameges.fr\/wp-content\/uploads\/2020\/03\/Bombe-en-r\u00e9duction-GIF-2.gif\" alt=\"\" width=\"100\" height=\"47\" \/><\/a><\/p>\n<p>&nbsp;<\/p>\n<p>&nbsp;<\/p>\n<p style=\"text-align: right;\"><span style=\"font-family: comic sans ms, sans-serif; font-size: 14pt;\">Mars 2020<\/span><\/p>\n<p>&nbsp;<\/p>\n<p>&nbsp;<\/p>\n","protected":false},"excerpt":{"rendered":"<p>&nbsp; &nbsp; &nbsp; &nbsp; &nbsp; &nbsp; &nbsp; Qui a fabriqu\u00e9 le Coronavirus ? Les USA, Isra\u00ebl ou la Chine elle-m\u00eame ? \u00a0 &nbsp; Philip Giraldi \u2013 Strategic Culture \u2013 5.3.2020 Via UNZ Review &nbsp; &nbsp; &nbsp; &nbsp; Le compte rendu m\u00e9diatique le plus souvent rapport\u00e9 sur la gen\u00e8se du Coronavirus sugg\u00e8re qu\u2019il est d\u00e9riv\u00e9 d\u2019un&#8230;<\/p>\n","protected":false},"author":1,"featured_media":0,"parent":0,"menu_order":0,"comment_status":"open","ping_status":"open","template":"","meta":[],"_links":{"self":[{"href":"https:\/\/blog.lesgrossesorchadeslesamplesthalameges.fr\/index.php\/wp-json\/wp\/v2\/pages\/8716"}],"collection":[{"href":"https:\/\/blog.lesgrossesorchadeslesamplesthalameges.fr\/index.php\/wp-json\/wp\/v2\/pages"}],"about":[{"href":"https:\/\/blog.lesgrossesorchadeslesamplesthalameges.fr\/index.php\/wp-json\/wp\/v2\/types\/page"}],"author":[{"embeddable":true,"href":"https:\/\/blog.lesgrossesorchadeslesamplesthalameges.fr\/index.php\/wp-json\/wp\/v2\/users\/1"}],"replies":[{"embeddable":true,"href":"https:\/\/blog.lesgrossesorchadeslesamplesthalameges.fr\/index.php\/wp-json\/wp\/v2\/comments?post=8716"}],"version-history":[{"count":0,"href":"https:\/\/blog.lesgrossesorchadeslesamplesthalameges.fr\/index.php\/wp-json\/wp\/v2\/pages\/8716\/revisions"}],"wp:attachment":[{"href":"https:\/\/blog.lesgrossesorchadeslesamplesthalameges.fr\/index.php\/wp-json\/wp\/v2\/media?parent=8716"}],"curies":[{"name":"wp","href":"https:\/\/api.w.org\/{rel}","templated":true}]}}