{"id":8830,"date":"2020-03-12T18:49:12","date_gmt":"2020-03-12T17:49:12","guid":{"rendered":"http:\/\/blog.lesgrossesorchadeslesamplesthalameges.fr\/?page_id=8830"},"modified":"2020-03-12T18:51:36","modified_gmt":"2020-03-12T17:51:36","slug":"dans-leurope-fermee-a-cause-du-virus-lue-ouvre-ses-portes-a-larmee-usa","status":"publish","type":"page","link":"https:\/\/blog.lesgrossesorchadeslesamplesthalameges.fr\/index.php\/dans-leurope-fermee-a-cause-du-virus-lue-ouvre-ses-portes-a-larmee-usa\/","title":{"rendered":"Dans l\u2019Europe ferm\u00e9e \u00e0 cause du virus  l\u2019UE ouvre ses portes \u00e0 l\u2019arm\u00e9e USA"},"content":{"rendered":"<p>&nbsp;<\/p>\n<p>&nbsp;<\/p>\n<p>&nbsp;<\/p>\n<p>&nbsp;<\/p>\n<p>&nbsp;<\/p>\n<p>&nbsp;<\/p>\n<p style=\"text-align: center;\"><span style=\"font-family: times new roman, times, serif; font-size: 14pt; color: #c00000;\"><strong><em>L\u2019Art de la guerre<\/em><\/strong><\/span><\/p>\n<p>&nbsp;<\/p>\n<p style=\"text-align: center;\"><span style=\"font-family: times new roman, times, serif; font-size: 36pt;\"><strong>Dans l\u2019Europe ferm\u00e9e \u00e0 cause du virus<\/strong><\/span><\/p>\n<p style=\"text-align: center;\"><span style=\"font-family: times new roman, times, serif; font-size: 36pt;\"><strong>l\u2019UE ouvre ses portes \u00e0 l\u2019arm\u00e9e USA<\/strong><\/span><\/p>\n<p style=\"text-align: center;\"><span style=\"font-family: times new roman, times, serif;\"><strong>\u00a0<\/strong><\/span><\/p>\n<p style=\"text-align: center;\"><span style=\"font-family: times new roman, times, serif; font-size: 18pt;\"><strong>Manlio Dinucci \u2013 <\/strong><a href=\"https:\/\/ilmanifesto.it\/coronavirus-macche-la-ue-apre-alle-manovre-usa\/\"><strong><em>il manifesto<\/em><\/strong><\/a><strong> \u2013 11.3.2020<\/strong><\/span><\/p>\n<p style=\"text-align: center;\"><span style=\"font-family: times new roman, times, serif; font-size: 18pt;\">Traduction\u00a0:<strong> Marie-Ange Patrizio<\/strong><\/span><\/p>\n<p><span style=\"font-family: times new roman, times, serif; font-size: 18pt;\"><strong>\u00a0<\/strong><\/span><\/p>\n<p><span style=\"font-family: times new roman, times, serif;\"><strong>\u00a0<\/strong><\/span><\/p>\n<p style=\"text-align: center;\"><span style=\"font-family: times new roman, times, serif;\"><strong>\u00a0<a href=\"http:\/\/blog.lesgrossesorchadeslesamplesthalameges.fr\/wp-content\/uploads\/2020\/03\/Pont-de-g\u00ebnes.jpg\"><img loading=\"lazy\" class=\"alignnone wp-image-8800 size-full\" src=\"http:\/\/blog.lesgrossesorchadeslesamplesthalameges.fr\/wp-content\/uploads\/2020\/03\/Pont-de-g\u00ebnes.jpg\" alt=\"\" width=\"650\" height=\"276\" srcset=\"https:\/\/blog.lesgrossesorchadeslesamplesthalameges.fr\/wp-content\/uploads\/2020\/03\/Pont-de-g\u00ebnes.jpg 650w, https:\/\/blog.lesgrossesorchadeslesamplesthalameges.fr\/wp-content\/uploads\/2020\/03\/Pont-de-g\u00ebnes-300x127.jpg 300w\" sizes=\"(max-width: 650px) 100vw, 650px\" \/><\/a><\/strong><\/span><\/p>\n<p style=\"text-align: center;\"><span style=\"font-family: times new roman, times, serif;\"><strong><em><span style=\"font-size: 12pt;\">Effondrement du viaduc de G\u00eanes\u00a0: 37 ans de n\u00e9gligence envers les civils<\/span><br \/>\n<\/em><\/strong><\/span><\/p>\n<p>&nbsp;<\/p>\n<p>&nbsp;<\/p>\n<p style=\"text-align: justify;\"><span style=\"font-family: times new roman, times, serif; font-size: 14pt;\">Les ministres de la D\u00e9fense des 27 pays de l\u2019Ue, dont 22 sont membres de l\u2019OTAN, se sont rencontr\u00e9s les 4-5 mars \u00e0 Zagreb, en Croatie. Le th\u00e8me central de la r\u00e9union (\u00e0 laquelle a particip\u00e9 pour l\u2019Italie le ministre Guerini du Pd) n\u2019a pas \u00e9t\u00e9 comment affronter la crise du Coronavirus qui bloque la mobilit\u00e9 civile, mais comment d\u00e9velopper la \u00ab\u00a0mobilit\u00e9 militaire\u00a0\u00bb. Le test d\u00e9cisif est l\u2019exercice <em>Defender Europe 20<\/em> (<em>D\u00e9fenseur de l\u2019Europe 2020<\/em>), en avril et mai. Le secr\u00e9taire g\u00e9n\u00e9ral de l\u2019OTAN Stoltenberg, qui a particip\u00e9 \u00e0 la r\u00e9union UE, le d\u00e9finit comme \u00ab\u00a0le plus grand d\u00e9ploiement de forces USA en Europe depuis la fin de la Guerre froide\u00a0\u00bb.\u00a0<\/span><\/p>\n<p style=\"text-align: justify;\"><span style=\"font-family: times new roman, times, serif; font-size: 14pt;\">Sont en train d\u2019arriver des USA en Europe \u2013 communique <em>l\u2019US Army Europe<\/em> (Arm\u00e9e USA en Europe) \u2013 les 20.000 soldats qui, avec 10.000 autres d\u00e9j\u00e0 pr\u00e9sents et 7.000 d\u2019alli\u00e9s OTAN, \u00ab\u00a0se r\u00e9pandront \u00e0 travers la r\u00e9gion europ\u00e9enne\u00a0\u00bb. Les forces \u00e9tasuniennes am\u00e8nent avec elles 33.000 pi\u00e8ces d\u2019\u00e9quipement militaire, allant des armements personnels aux chars d\u2019assaut Abrams. Il faut donc des infrastructures ad\u00e9quates pour leur transport. Mais il y a un probl\u00e8me, mis en \u00e9vidence dans un rapport du Parlement Europ\u00e9en (f\u00e9vrier 2020) : \u00ab\u00a0Depuis les ann\u00e9es 90 les infrastructures europ\u00e9ennes ont \u00e9t\u00e9 d\u00e9velopp\u00e9es uniquement pour des objectifs civils. La mobilit\u00e9 militaire est cependant redevenue une question cl\u00e9 pour l\u2019OTAN. Comme l\u2019OTAN manque d\u2019outils pour am\u00e9liorer la mobilit\u00e9 militaire en Europe, l\u2019Union Europ\u00e9enne, qui a les outils l\u00e9gislatifs et financiers pour le faire, joue un r\u00f4le indispensable\u00a0\u00bb.\u00a0<\/span><\/p>\n<p style=\"text-align: justify;\"><span style=\"font-family: times new roman, times, serif; font-size: 14pt;\">Le Plan d\u2019action sur la mobilit\u00e9 militaire, pr\u00e9sent\u00e9 par la Commission europ\u00e9enne en 2018, pr\u00e9voit de modifier \u00ab\u00a0les infrastructures non adapt\u00e9es au poids ou aux dimensions des v\u00e9hicules militaires\u00a0\u00bb. Par exemple si un pont ne peut pas r\u00e9sister au poids d\u2019une colonne de chars d\u2019assaut, il doit \u00eatre renforc\u00e9 ou reconstruit. Sur la base de ce crit\u00e8re, le test de charge du nouveau pont, qui \u00e0 G\u00eanes remplacera le pont Morandi \u00e9croul\u00e9, devrait \u00eatre fait avec des chars Abrams de 70 tonnes. Ces modifications, inutiles pour les usages civils, comportent de fortes d\u00e9penses \u00e0 charge des pays membres, avec une \u00ab\u00a0possible contribution financi\u00e8re UE\u00a0\u00bb.<\/span><\/p>\n<p style=\"text-align: justify;\"><span style=\"font-family: times new roman, times, serif; font-size: 14pt;\">La Commission europ\u00e9enne a pr\u00e9vu \u00e0 cet effet une premi\u00e8re allocation de 30 milliards d\u2019euros, argent public sortant de nos poches. Le Plan pr\u00e9voit en outre de \u00ab\u00a0simplifier les formalit\u00e9s douani\u00e8res pour les op\u00e9rations militaires et les transport de marchandises dangereuses de type militaire\u00a0\u00bb.<\/span><\/p>\n<p style=\"text-align: justify;\"><span style=\"font-family: times new roman, times, serif; font-size: 14pt;\">L\u2019US Army Europe a demand\u00e9 l\u2019institution d\u2019une \u00ab\u00a0Zone Schengen militaire\u00a0\u00bb, avec la diff\u00e9rence que ce ne sont pas des personnes qui circuleraient librement mais des chars d\u2019assaut.<\/span><\/p>\n<p style=\"text-align: justify;\"><span style=\"font-family: times new roman, times, serif; font-size: 14pt;\">L\u2019exercice <em>Defender Europe 20<\/em> \u2013 a-t-on dit \u00e0 la rencontre de Zagreb \u2013 permettra de \u00ab\u00a0rep\u00e9rer dans la mobilit\u00e9 militaire tout obstacle, que l\u2019UE devra enlever\u00a0\u00bb.<\/span><\/p>\n<p style=\"text-align: justify;\"><span style=\"font-family: times new roman, times, serif; font-size: 14pt;\">Le r\u00e9seau des transports UE sera ainsi test\u00e9 par 30.000 soldats USA, qui \u00ab\u00a0se r\u00e9pandront \u00e0 travers la r\u00e9gion europ\u00e9enne\u00a0\u00bb, exempt\u00e9s des normes sur le Coronavirus. On en a la confirmation avec la vid\u00e9o de <em>l\u2019US Army Europe<\/em> \u00e0 l\u2019arriv\u00e9e en Bavi\u00e8re, le 6 mars, des 200 premiers soldats USA : alors qu\u2019en Lombardie, \u00e0 quelques petites centaines de Km de distance, sont en vigueur les plus s\u00e9v\u00e8res normes, en Bavi\u00e8re \u2013 o\u00f9 a \u00e9t\u00e9 constat\u00e9 la premi\u00e8re contagion europ\u00e9enne de Coronavirus \u2013 les soldats USA, descendus de l\u2019avion, serrent les mains des autorit\u00e9s allemandes et embrassent leurs camarades sans aucun masque. Question spontan\u00e9e : seraient-ils d\u00e9j\u00e0 vaccin\u00e9s contre le Coronavirus\u00a0? On se demande en outre quel objectif a \u00ab\u00a0le plus grand d\u00e9ploiement de forces USA en Europe depuis la fin de la Guerre froide\u00a0\u00bb officiellement pour \u00ab\u00a0prot\u00e9ger l\u2019Europe de toute menace potentielle\u00a0\u00bb (avec r\u00e9f\u00e9rence claire \u00e0 la \u00ab\u00a0menace russe\u00a0\u00bb), au moment o\u00f9 l\u2019Europe est en crise \u00e0 cause de la menace du Coronavirus (il y a un cas m\u00eame au quartier g\u00e9n\u00e9ral de l\u2019OTAN \u00e0 Bruxelles). Et puisque l\u2019<em>US Army Europe<\/em> communique que \u00ab\u00a0des mouvements de troupe et \u00e9quipements en Europe dureront jusqu\u2019en juillet\u00a0\u00bb, on se demande si tous les 20.000 soldats USA rentreront dans leur patrie ou si une partie restera par contre ici avec ses armements. Le D\u00e9fenseur serait-il l\u2019Envahisseur de l\u2019Europe ?<\/span><\/p>\n<p>&nbsp;<\/p>\n<p style=\"text-align: justify;\"><span style=\"font-family: times new roman, times, serif; font-size: 14pt;\">\u00c9dition de mardi 10 mars 2020 de<em> il manifesto<\/em><\/span><\/p>\n<p style=\"text-align: justify;\"><span style=\"font-family: times new roman, times, serif; font-size: 14pt;\"><a href=\"https:\/\/ilmanifesto.it\/coronavirus-macche-la-ue-apre-alle-manovre-usa\/\">https:\/\/ilmanifesto.it\/coronavirus-macche-la-ue-apre-alle-manovre-usa\/<\/a>\u00a0<\/span><\/p>\n<p>&nbsp;<\/p>\n<p style=\"text-align: left;\"><span style=\"font-family: times new roman, times, serif;\"><strong><span style=\"font-size: 14pt;\">URL de cet article :<\/span><\/strong> <a href=\"http:\/\/blog.lesgrossesorchadeslesamplesthalameges.fr\/index.php\/dans-leurope-fermee-a-cause-du-virus-lue-ouvre-ses-portes-a-larmee-usa\/\"><span style=\"font-size: 14pt;\">http:\/\/blog.lesgrossesorchadeslesamplesthalameges.fr\/index.php\/dans-leurope-fermee-a-cause-du-virus-lue-ouvre-ses-portes-a-larmee-usa\/<\/span><\/a><\/span><\/p>\n<p>&nbsp;<\/p>\n<p>&nbsp;<\/p>\n<p style=\"text-align: center;\"><a href=\"http:\/\/blog.lesgrossesorchadeslesamplesthalameges.fr\/wp-content\/uploads\/2020\/03\/Bombe-en-r\u00e9duction-GIF-3.gif\"><img loading=\"lazy\" class=\"alignnone size-full wp-image-8831\" src=\"http:\/\/blog.lesgrossesorchadeslesamplesthalameges.fr\/wp-content\/uploads\/2020\/03\/Bombe-en-r\u00e9duction-GIF-3.gif\" alt=\"\" width=\"100\" height=\"47\" \/><\/a><\/p>\n<p>&nbsp;<\/p>\n<p>&nbsp;<\/p>\n<p style=\"text-align: right;\"><span style=\"font-family: comic sans ms, sans-serif; font-size: 14pt;\">Mars 2020<\/span><\/p>\n<p>&nbsp;<\/p>\n<p>&nbsp;<\/p>\n<p>&nbsp;<\/p>\n","protected":false},"excerpt":{"rendered":"<p>&nbsp; &nbsp; &nbsp; &nbsp; &nbsp; &nbsp; L\u2019Art de la guerre &nbsp; Dans l\u2019Europe ferm\u00e9e \u00e0 cause du virus l\u2019UE ouvre ses portes \u00e0 l\u2019arm\u00e9e USA \u00a0 Manlio Dinucci \u2013 il manifesto \u2013 11.3.2020 Traduction\u00a0: Marie-Ange Patrizio \u00a0 \u00a0 \u00a0 Effondrement du viaduc de G\u00eanes\u00a0: 37 ans de n\u00e9gligence envers les civils &nbsp; &nbsp; Les ministres&#8230;<\/p>\n","protected":false},"author":1,"featured_media":0,"parent":0,"menu_order":0,"comment_status":"open","ping_status":"open","template":"","meta":[],"_links":{"self":[{"href":"https:\/\/blog.lesgrossesorchadeslesamplesthalameges.fr\/index.php\/wp-json\/wp\/v2\/pages\/8830"}],"collection":[{"href":"https:\/\/blog.lesgrossesorchadeslesamplesthalameges.fr\/index.php\/wp-json\/wp\/v2\/pages"}],"about":[{"href":"https:\/\/blog.lesgrossesorchadeslesamplesthalameges.fr\/index.php\/wp-json\/wp\/v2\/types\/page"}],"author":[{"embeddable":true,"href":"https:\/\/blog.lesgrossesorchadeslesamplesthalameges.fr\/index.php\/wp-json\/wp\/v2\/users\/1"}],"replies":[{"embeddable":true,"href":"https:\/\/blog.lesgrossesorchadeslesamplesthalameges.fr\/index.php\/wp-json\/wp\/v2\/comments?post=8830"}],"version-history":[{"count":0,"href":"https:\/\/blog.lesgrossesorchadeslesamplesthalameges.fr\/index.php\/wp-json\/wp\/v2\/pages\/8830\/revisions"}],"wp:attachment":[{"href":"https:\/\/blog.lesgrossesorchadeslesamplesthalameges.fr\/index.php\/wp-json\/wp\/v2\/media?parent=8830"}],"curies":[{"name":"wp","href":"https:\/\/api.w.org\/{rel}","templated":true}]}}