{"id":8844,"date":"2020-03-12T19:35:12","date_gmt":"2020-03-12T18:35:12","guid":{"rendered":"http:\/\/blog.lesgrossesorchadeslesamplesthalameges.fr\/?page_id=8844"},"modified":"2020-03-12T19:36:15","modified_gmt":"2020-03-12T18:36:15","slug":"un-autre-acteur-italien-interdit-de-travail-pour-cause-de-vous-savez-quoi","status":"publish","type":"page","link":"https:\/\/blog.lesgrossesorchadeslesamplesthalameges.fr\/index.php\/un-autre-acteur-italien-interdit-de-travail-pour-cause-de-vous-savez-quoi\/","title":{"rendered":"Un autre acteur italien interdit de travail pour cause de vous-savez-quoi"},"content":{"rendered":"<p>&nbsp;<\/p>\n<p>&nbsp;<\/p>\n<p>&nbsp;<\/p>\n<p>&nbsp;<\/p>\n<p>&nbsp;<\/p>\n<p>&nbsp;<\/p>\n<p>&nbsp;<\/p>\n<p style=\"text-align: justify;\"><span style=\"font-family: times new roman, times, serif; font-size: 18pt; color: #c00000;\"><strong><em>En V.O. par manque de temps\u00a0:<\/em><\/strong><\/span><\/p>\n<p style=\"text-align: justify;\"><span style=\"font-family: times new roman, times, serif; font-size: 14pt;\"><strong><em>\u00a0<\/em><\/strong><\/span><\/p>\n<p>&nbsp;<\/p>\n<p style=\"text-align: center;\"><span style=\"font-family: times new roman, times, serif; font-size: 36pt;\"><strong>Un autre acteur italien interdit de travail pour cause de vous-savez-quoi<\/strong><\/span><\/p>\n<p style=\"text-align: center;\"><span style=\"font-family: times new roman, times, serif; font-size: 18pt;\"><strong>11.3.2020<\/strong><\/span><\/p>\n<p style=\"text-align: justify;\"><span style=\"font-family: times new roman, times, serif; font-size: 14pt;\"><strong>\u00a0<\/strong><\/span><\/p>\n<p style=\"text-align: justify;\"><span style=\"font-family: times new roman, times, serif; font-size: 14pt;\"><strong>\u00a0<\/strong><\/span><\/p>\n<p style=\"text-align: center;\"><span style=\"font-family: arial, helvetica, sans-serif; font-size: 18pt; color: #ff0000;\"><strong>NEWSLETTER DI ALESSIO LEGA #34<\/strong><\/span><\/p>\n<p style=\"text-align: center;\"><span style=\"font-family: arial, helvetica, sans-serif; font-size: 18pt; color: #ff0000;\"><strong>Marzo\u00a02020<\/strong><\/span><\/p>\n<p style=\"text-align: justify;\"><span style=\"font-family: times new roman, times, serif; font-size: 14pt;\"><strong>\u00a0<\/strong><\/span><\/p>\n<p>&nbsp;<\/p>\n<p style=\"text-align: center;\"><a href=\"http:\/\/blog.lesgrossesorchadeslesamplesthalameges.fr\/wp-content\/uploads\/2020\/03\/Gimmi-1.jpg\"><img loading=\"lazy\" class=\"wp-image-8847 aligncenter\" src=\"http:\/\/blog.lesgrossesorchadeslesamplesthalameges.fr\/wp-content\/uploads\/2020\/03\/Gimmi-1-199x300.jpg\" alt=\"\" width=\"400\" height=\"604\" srcset=\"https:\/\/blog.lesgrossesorchadeslesamplesthalameges.fr\/wp-content\/uploads\/2020\/03\/Gimmi-1-199x300.jpg 199w, https:\/\/blog.lesgrossesorchadeslesamplesthalameges.fr\/wp-content\/uploads\/2020\/03\/Gimmi-1-768x1159.jpg 768w, https:\/\/blog.lesgrossesorchadeslesamplesthalameges.fr\/wp-content\/uploads\/2020\/03\/Gimmi-1-679x1024.jpg 679w, https:\/\/blog.lesgrossesorchadeslesamplesthalameges.fr\/wp-content\/uploads\/2020\/03\/Gimmi-1.jpg 1800w\" sizes=\"(max-width: 400px) 100vw, 400px\" \/><\/a><\/p>\n<p style=\"text-align: center;\"><span style=\"font-family: arial, helvetica, sans-serif; font-size: 10pt;\">una splendida photo di Roberto Gimmi qualche anno fa<\/span><\/p>\n<p>&nbsp;<\/p>\n<p>&nbsp;<\/p>\n<p style=\"text-align: justify;\"><span style=\"font-family: times new roman, times, serif; font-size: 14pt;\">&#8230;non temete, non me ne vado allegramente a zonzo per il Naviglio di Milano, mentre immagino che molti di voi siano in isolamento pi\u00f9 o meno auto-imposto. \u00c8 un\u2019immagine di nostalgia e di speranza nel ritorno. Sono anch\u2019io chiuso in una casa, a Lecce.<\/span><\/p>\n<p style=\"text-align: justify;\"><span style=\"font-family: times new roman, times, serif; font-size: 14pt;\">L\u2019infuriare sempre pi\u00f9 minaccioso del Corona virus mi ha colto in tourn\u00e9e, da oltre un mese lontano dalla Lombardia. A fine febbraio, dopo la prima a Livorno di un travolgente spettacolo di canzoni per bambini dedicato ai cento anni di Gianni Rodari, ho visto come tutti bloccarsi l\u2019intero circuito della musica e del teatro. Ho vissuto lo shock di tutti i miei colleghi, ho percepito quello, se si pu\u00f2, ancora pi\u00f9 pesante di chi oltre al fermo di ogni attivit\u00e0 deve continuare a pagare affitti, spese.<\/span><\/p>\n<p style=\"text-align: justify;\"><span style=\"font-family: times new roman, times, serif; font-size: 14pt;\">Sento una qualche forma di imbarazzo nello scrivere queste righe, perch\u00e9 sono pensate per tenervi informati di un\u2019attivit\u00e0 che si svolge nel perpetuo incontro, nel viaggio, nella relazione: tutte cose interdette allo stato attuale. Non sono virologo, immunologo, mi fido del parere di alcuni esperti che ho sentito e rispetto le ragioni e le preoccupazioni dei pi\u00f9 deboli. Ho concepito la mia intera vita professionale come attenzione e cura dell\u2019altro: non sopporterei, nemmeno potendo, di mettere chicchessia in pericolo. Colgo per\u00f2 anche l\u2019ombra pesante che giorno per giorno si proietta sul futuro della musica e del teatro italiano.<\/span><\/p>\n<p style=\"text-align: justify;\"><span style=\"font-family: times new roman, times, serif; font-size: 14pt;\">Non so quando ci rivedremo, ma lo faremo quando saremo certi di infettarci solo di amore e di libert\u00e0.<\/span><\/p>\n<p style=\"text-align: justify;\"><span style=\"font-family: times new roman, times, serif; font-size: 14pt;\">[incipit della mia XXXIV newsletter, la prima senza concerti da segnalare]<\/span><\/p>\n<p style=\"text-align: justify;\"><span style=\"font-family: times new roman, times, serif; font-size: 14pt;\"><strong>\u00a0<\/strong><\/span><\/p>\n<p>&nbsp;<\/p>\n<p style=\"text-align: center;\"><a href=\"http:\/\/blog.lesgrossesorchadeslesamplesthalameges.fr\/wp-content\/uploads\/2020\/03\/Bombe-en-r\u00e9duction-GIF-3.gif\"><img loading=\"lazy\" class=\"alignnone size-full wp-image-8831\" src=\"http:\/\/blog.lesgrossesorchadeslesamplesthalameges.fr\/wp-content\/uploads\/2020\/03\/Bombe-en-r\u00e9duction-GIF-3.gif\" alt=\"\" width=\"100\" height=\"47\" \/><\/a><\/p>\n<p>&nbsp;<\/p>\n<p>&nbsp;<\/p>\n<p style=\"text-align: left;\"><span style=\"font-family: times new roman, times, serif; font-size: 18pt; color: #c00000;\"><strong><em>Laur\u00e9at d\u2019un prix, mais qui ne sait ni quand ni m\u00eame s\u2019il pourra le recevoir\u2026<\/em><\/strong><\/span><\/p>\n<p style=\"text-align: justify;\"><span style=\"font-family: times new roman, times, serif; font-size: 14pt;\"><strong><em>\u00a0<\/em><\/strong><\/span><\/p>\n<p>&nbsp;<\/p>\n<p style=\"text-align: center;\"><strong><span style=\"font-family: arial, helvetica, sans-serif; font-size: 24pt; color: #ff0000;\">Il premio\u00a0Peppino Impastato<br \/>\nad Alessio Lega.<\/span><\/strong><\/p>\n<p style=\"text-align: justify;\"><span style=\"font-family: times new roman, times, serif; font-size: 14pt;\"><strong>\u00a0<\/strong><\/span><\/p>\n<p>&nbsp;<\/p>\n<p style=\"text-align: justify;\"><span style=\"font-family: times new roman, times, serif; font-size: 14pt;\">Non ho parole per dirvi quanto io sia felice, commosso e frastornato di questo Premio. Ormai sono parecchi anni che giro per i migliori teatri, ma anche per tanti centri sociali, piazze, strade, bettole, circoli, associazioni&#8230; d&rsquo;Italia e d&rsquo;Europa. Mi \u00e8 dunque capitato di ricevere qualche Premio anche molto prestigioso, ma l&#8217;emozione che mi procura un riconoscimento legato alla memoria di Peppino Impastato non posso raccontarvela. La sua storia \u00e8 una grande luminosa strada per me che sono nato a Sud e che conosco la meraviglia e l&rsquo;afflizione di questa terra.<\/span><\/p>\n<p>&nbsp;<\/p>\n<p>&nbsp;<\/p>\n<p><a href=\"http:\/\/blog.lesgrossesorchadeslesamplesthalameges.fr\/wp-content\/uploads\/2020\/03\/Impastato.jpg\"><img loading=\"lazy\" class=\"alignnone wp-image-8848 size-full\" src=\"http:\/\/blog.lesgrossesorchadeslesamplesthalameges.fr\/wp-content\/uploads\/2020\/03\/Impastato.jpg\" alt=\"\" width=\"450\" height=\"277\" srcset=\"https:\/\/blog.lesgrossesorchadeslesamplesthalameges.fr\/wp-content\/uploads\/2020\/03\/Impastato.jpg 450w, https:\/\/blog.lesgrossesorchadeslesamplesthalameges.fr\/wp-content\/uploads\/2020\/03\/Impastato-300x185.jpg 300w\" sizes=\"(max-width: 450px) 100vw, 450px\" \/><\/a><\/p>\n<p style=\"text-align: justify;\"><span style=\"font-family: times new roman, times, serif; font-size: 12pt;\"><strong><em>Cara Memoria<\/em><\/strong><strong>\u00a0 Felicia e Peppino Impastato<\/strong><\/span><\/p>\n<p style=\"text-align: justify;\"><span style=\"font-family: times new roman, times, serif; font-size: 14pt;\"><strong>\u00a0<\/strong><\/span><\/p>\n<p>&nbsp;<\/p>\n<p style=\"text-align: justify;\"><span style=\"font-family: arial, helvetica, sans-serif; font-size: 12pt;\">\u00ab\u00a0Carissimo Alessio volevamo comunicarti ufficialmente che quest\u2019anno la commissione del Premio Musica e Cultura ha scelto di assegnarti il premio.Il premio, giunto quest\u2019anno alla sua X edizione, \u00e8 un riconoscimento che ogni anno viene consegnato durante le manifestazioni del 9 maggio,\u00a0anniversario dell\u2019uccisione di Peppino Impastato. La consegna del premio vuole valorizzare gli artisti che caratterizzano le loro attivit\u00e0 con un forte impegno di denuncia contro le mafie e per la promozione dell&rsquo;uguaglianza, dell&rsquo;internazionalismo, del pacifismo e della libert\u00e0 come valori fondativi del rinnovamento sociale, politico e culturale.\u00a0Il premio \u00e8 gi\u00e0 stato assegnato nelle precedenti edizioni a Roy Paci, T\u00eates de Bois, Modena City Ramblers, Daniele Sepe, Carmen Consoli, Vauro, Yo Yo Mundi, Ascanio Celestini, Mimmo Lucano, ecc.\u00a0\u00bb<\/span><\/p>\n<p style=\"text-align: justify;\"><span style=\"font-family: times new roman, times, serif; font-size: 14pt;\"><strong>\u00a0<\/strong><\/span><\/p>\n<p style=\"text-align: justify;\"><span style=\"font-family: arial, helvetica, sans-serif; font-size: 14pt;\"><strong>Le motivazioni :<\/strong><\/span><\/p>\n<p style=\"text-align: justify;\"><span style=\"font-family: times new roman, times, serif; font-size: 14pt; color: #ff0000;\"><span style=\"font-family: arial, helvetica, sans-serif; font-size: 12pt;\">\u00a0<strong>\u00ab\u00a0Assegniamo il premio Musica e Cultura 2020 ad Alessio Lega per l\u2019altissimo livello culturale della sua produzione musicale\u00a0e per il pregevole lavoro di recupero, di traduzione e divulgazione della poesia-canzone di impegno sociale europea, intrapreso con coerenza ideologica e poetica che fanno di lui un esempio luminoso, a livello mondiale, di intellettuale libero da ogni condizionamento di ordine commerciale\u00a0\u00bb<\/strong><\/span>.<\/span><\/p>\n<p>&nbsp;<\/p>\n<p style=\"text-align: justify;\"><span style=\"font-family: times new roman, times, serif; font-size: 14pt;\">PS\u00a0: al momento attuale ovviamente non si pu\u00f2 essere certi che il Premio si svolger\u00e0\u00a0regolarmente nella\u00a0data\u00a0prevista.<\/span><\/p>\n<p>&nbsp;<\/p>\n<p>&nbsp;<\/p>\n<p style=\"text-align: center;\"><strong><a href=\"http:\/\/blog.lesgrossesorchadeslesamplesthalameges.fr\/wp-content\/uploads\/2020\/03\/Bombe-en-r\u00e9duction-GIF-3.gif\"><img loading=\"lazy\" class=\"alignnone size-full wp-image-8831\" src=\"http:\/\/blog.lesgrossesorchadeslesamplesthalameges.fr\/wp-content\/uploads\/2020\/03\/Bombe-en-r\u00e9duction-GIF-3.gif\" alt=\"\" width=\"100\" height=\"47\" \/><\/a><\/strong><\/p>\n<p>&nbsp;<\/p>\n<p>&nbsp;<\/p>\n<p style=\"text-align: center;\"><span style=\"font-family: times new roman, times, serif; font-size: 24pt;\"><strong>Mais qui fut Peppino Impastato\u00a0?<\/strong><\/span><\/p>\n<p style=\"text-align: center;\"><a href=\"http:\/\/blog.lesgrossesorchadeslesamplesthalameges.fr\/wp-content\/uploads\/2020\/03\/0.-freccia-nera-piccola-xx-2.gif\"><img loading=\"lazy\" class=\"alignnone size-full wp-image-8787\" src=\"http:\/\/blog.lesgrossesorchadeslesamplesthalameges.fr\/wp-content\/uploads\/2020\/03\/0.-freccia-nera-piccola-xx-2.gif\" alt=\"\" width=\"46\" height=\"46\" \/><\/a><\/p>\n<p style=\"text-align: center;\"><span style=\"font-family: times new roman, times, serif; font-size: 14pt;\"><a href=\"https:\/\/fr.wikipedia.org\/wiki\/Peppino_Impastato\"><strong><span style=\"font-size: 18pt;\"><span style=\"font-size: 14pt;\">https:\/\/fr.wikipedia.org\/wiki\/Peppino_Impastato<\/span><\/span><\/strong><\/a><\/span><\/p>\n<p style=\"text-align: justify;\"><span style=\"font-family: times new roman, times, serif; font-size: 14pt;\"><strong><em>\u00a0<\/em><\/strong><\/span><\/p>\n<p>&nbsp;<\/p>\n<p style=\"text-align: center;\"><span style=\"font-family: times new roman, times, serif; font-size: 14pt;\"><strong>\u00a0<a href=\"http:\/\/blog.lesgrossesorchadeslesamplesthalameges.fr\/wp-content\/uploads\/2020\/03\/Bombe-en-r\u00e9duction-GIF-3.gif\"><img loading=\"lazy\" class=\"alignnone size-full wp-image-8831\" src=\"http:\/\/blog.lesgrossesorchadeslesamplesthalameges.fr\/wp-content\/uploads\/2020\/03\/Bombe-en-r\u00e9duction-GIF-3.gif\" alt=\"\" width=\"100\" height=\"47\" \/><\/a><\/strong><\/span><\/p>\n<p>&nbsp;<\/p>\n<p style=\"text-align: justify;\"><span style=\"font-family: times new roman, times, serif; font-size: 14pt;\"><strong>\u00a0<\/strong><\/span><\/p>\n<p style=\"text-align: center;\"><span style=\"font-family: times new roman, times, serif; font-size: 24pt;\"><strong>Alessio Lega \u2013 auteur \u2013 compositeur \u2013 interpr\u00e8te<\/strong><\/span><\/p>\n<p style=\"text-align: justify;\"><span style=\"font-family: times new roman, times, serif; font-size: 14pt;\"><strong>\u00a0<\/strong><\/span><\/p>\n<p style=\"text-align: center;\"><span style=\"font-family: times new roman, times, serif; font-size: 14pt;\"><iframe loading=\"lazy\" src=\"\/\/www.youtube.com\/embed\/5g1bA7Pj-sI\" width=\"560\" height=\"315\" frameborder=\"0\" allowfullscreen=\"allowfullscreen\"><\/iframe><\/span><\/p>\n<p>&nbsp;<\/p>\n<p>&nbsp;<\/p>\n<p style=\"text-align: justify;\"><span style=\"font-family: times new roman, times, serif; font-size: 14pt;\">\u00ab\u00a0Chiss\u00e0\u00a0\u00bb, gi\u00e0 la parola puo suonare come una sorta di ritratto del tempo che viviamo.<\/span><\/p>\n<p style=\"text-align: justify;\"><span style=\"font-family: times new roman, times, serif; font-size: 14pt;\">Chiss\u00e0 (C\u2019est peut-\u00eatre) \u00e8 la mia versione in italiano di \u2019una spettacolare brano del moi amico Alainb Leprest, per me l\u2019ultimo dei \u00ab\u00a0grandi classici\u00a0\u00bb della canzone francofona. Quest\u2019ezecuzione in un cabaret parigino col supporto della pianista qu\u00e9becoise Mathilde C\u00f4t\u00e9, risale \u00e0ll\u2019aprile del 2013<\/span><\/p>\n<p>&nbsp;<\/p>\n<p><span style=\"font-family: times new roman, times, serif; font-size: 14pt;\">Traduction :<\/span><\/p>\n<p style=\"text-align: justify;\"><span style=\"font-family: times new roman, times, serif; font-size: 14pt;\"><em>[\u00ab\u00a0Qui sait\u00a0\u00bb, ces mots peuvent r\u00e9sonner comme une esp\u00e8ce de portrait du temps que nous vivons.<\/em><\/span><\/p>\n<p style=\"text-align: justify;\"><span style=\"font-family: times new roman, times, serif; font-size: 14pt;\"><em>\u00ab\u00a0Qui sait\u00a0\u00bb (C\u2019est peut-\u00eatre) est ma version en italien d\u2019une remarquable chanson de mon ami Alain Leprest, pour moi le dernier des \u00ab\u00a0grands classiques\u00a0\u00bb de la chanson francophone. Cette interpr\u00e9tation, dans un cabaret parisien, accompagn\u00e9e par la pianiste qu\u00e9b\u00e9coise Mathilde C\u00f4t\u00e9, remonte au mois d\u2019avril 2013.]<\/em><\/span><\/p>\n<p>&nbsp;<\/p>\n<p style=\"text-align: left;\"><span style=\"font-family: times new roman, times, serif; font-size: 14pt;\">\u00ab\u00a0<strong>URL de cet article\u00a0: <\/strong><a href=\"http:\/\/blog.lesgrossesorchadeslesamplesthalameges.fr\/index.php\/un-autre-acteur-italien-interdit-de-travail-pour-cause-de-vous-savez-quoi\/\">http:\/\/blog.lesgrossesorchadeslesamplesthalameges.fr\/index.php\/un-autre-acteur-italien-interdit-de-travail-pour-cause-de-vous-savez-quoi\/<\/a><\/span><\/p>\n<p>&nbsp;<\/p>\n<p>&nbsp;<\/p>\n<p style=\"text-align: center;\"><a href=\"http:\/\/blog.lesgrossesorchadeslesamplesthalameges.fr\/wp-content\/uploads\/2020\/03\/Bombe-en-r\u00e9duction-GIF-3.gif\"><img loading=\"lazy\" class=\"alignnone size-full wp-image-8831\" src=\"http:\/\/blog.lesgrossesorchadeslesamplesthalameges.fr\/wp-content\/uploads\/2020\/03\/Bombe-en-r\u00e9duction-GIF-3.gif\" alt=\"\" width=\"100\" height=\"47\" \/><\/a><\/p>\n<p>&nbsp;<\/p>\n<p>&nbsp;<\/p>\n<p style=\"text-align: right;\"><span style=\"font-family: comic sans ms, sans-serif; font-size: 14pt;\">Mars 2020<\/span><\/p>\n<p>&nbsp;<\/p>\n<p>&nbsp;<\/p>\n","protected":false},"excerpt":{"rendered":"<p>&nbsp; &nbsp; &nbsp; &nbsp; &nbsp; &nbsp; &nbsp; En V.O. par manque de temps\u00a0: \u00a0 &nbsp; Un autre acteur italien interdit de travail pour cause de vous-savez-quoi 11.3.2020 \u00a0 \u00a0 NEWSLETTER DI ALESSIO LEGA #34 Marzo\u00a02020 \u00a0 &nbsp; una splendida photo di Roberto Gimmi qualche anno fa &nbsp; &nbsp; &#8230;non temete, non me ne vado allegramente&#8230;<\/p>\n","protected":false},"author":1,"featured_media":0,"parent":0,"menu_order":0,"comment_status":"open","ping_status":"open","template":"","meta":[],"_links":{"self":[{"href":"https:\/\/blog.lesgrossesorchadeslesamplesthalameges.fr\/index.php\/wp-json\/wp\/v2\/pages\/8844"}],"collection":[{"href":"https:\/\/blog.lesgrossesorchadeslesamplesthalameges.fr\/index.php\/wp-json\/wp\/v2\/pages"}],"about":[{"href":"https:\/\/blog.lesgrossesorchadeslesamplesthalameges.fr\/index.php\/wp-json\/wp\/v2\/types\/page"}],"author":[{"embeddable":true,"href":"https:\/\/blog.lesgrossesorchadeslesamplesthalameges.fr\/index.php\/wp-json\/wp\/v2\/users\/1"}],"replies":[{"embeddable":true,"href":"https:\/\/blog.lesgrossesorchadeslesamplesthalameges.fr\/index.php\/wp-json\/wp\/v2\/comments?post=8844"}],"version-history":[{"count":0,"href":"https:\/\/blog.lesgrossesorchadeslesamplesthalameges.fr\/index.php\/wp-json\/wp\/v2\/pages\/8844\/revisions"}],"wp:attachment":[{"href":"https:\/\/blog.lesgrossesorchadeslesamplesthalameges.fr\/index.php\/wp-json\/wp\/v2\/media?parent=8844"}],"curies":[{"name":"wp","href":"https:\/\/api.w.org\/{rel}","templated":true}]}}