{"id":8927,"date":"2020-03-20T21:21:14","date_gmt":"2020-03-20T20:21:14","guid":{"rendered":"http:\/\/blog.lesgrossesorchadeslesamplesthalameges.fr\/?page_id=8927"},"modified":"2020-03-20T21:24:16","modified_gmt":"2020-03-20T20:24:16","slug":"sanctions-et-chatiments-a-lere-du-grand-jeu","status":"publish","type":"page","link":"https:\/\/blog.lesgrossesorchadeslesamplesthalameges.fr\/index.php\/sanctions-et-chatiments-a-lere-du-grand-jeu\/","title":{"rendered":"Sanctions et ch\u00e2timents \u00e0 l\u2019\u00e8re du Grand Jeu"},"content":{"rendered":"<h1><\/h1>\n<h1 style=\"text-align: center;\"><\/h1>\n<p>&nbsp;<\/p>\n<p>&nbsp;<\/p>\n<p>&nbsp;<\/p>\n<p>&nbsp;<\/p>\n<p>&nbsp;<\/p>\n<h1 style=\"text-align: center;\"><strong><span style=\"font-family: times new roman, times, serif; font-size: 36pt;\">Sanctions et ch\u00e2timents \u00e0 l\u2019\u00e8re du Grand Jeu<\/span><\/strong><\/h1>\n<p>&nbsp;<\/p>\n<h1 style=\"text-align: center;\"><strong><span style=\"font-family: times new roman, times, serif; font-size: 18pt;\"><em>Strategika 51<\/em> \u2013 19.3.2020<\/span><\/strong><\/h1>\n<p>&nbsp;<\/p>\n<h1 style=\"text-align: center;\"><\/h1>\n<p>&nbsp;<\/p>\n<p style=\"text-align: center;\"><a href=\"http:\/\/blog.lesgrossesorchadeslesamplesthalameges.fr\/wp-content\/uploads\/2020\/03\/SANCTIONSZ-ET-CHATIMENTS.png\"><img loading=\"lazy\" class=\"alignnone wp-image-8883 size-full\" src=\"http:\/\/blog.lesgrossesorchadeslesamplesthalameges.fr\/wp-content\/uploads\/2020\/03\/SANCTIONSZ-ET-CHATIMENTS.png\" alt=\"\" width=\"600\" height=\"402\" srcset=\"https:\/\/blog.lesgrossesorchadeslesamplesthalameges.fr\/wp-content\/uploads\/2020\/03\/SANCTIONSZ-ET-CHATIMENTS.png 600w, https:\/\/blog.lesgrossesorchadeslesamplesthalameges.fr\/wp-content\/uploads\/2020\/03\/SANCTIONSZ-ET-CHATIMENTS-300x201.png 300w\" sizes=\"(max-width: 600px) 100vw, 600px\" \/><\/a><\/p>\n<p>&nbsp;<\/p>\n<p>&nbsp;<\/p>\n<h1 style=\"text-align: justify;\"><\/h1>\n<p style=\"text-align: justify;\"><strong><span style=\"font-family: tahoma, arial, helvetica, sans-serif; font-size: 14pt;\">Washington, via le Secr\u00e9taire d\u2019\u00c9tat Mike Pompeo, a redoubl\u00e9 les sanctions \u00e9conomiques et financi\u00e8res visant l\u2019Iran et exerc\u00e9 une immense pression sur le Fonds Mon\u00e9taire International (FMI) suivant la demande d\u2019aide de l\u2019Iran et du Venezuela pour faire face au COVID-19. Les deux pays ont demand\u00e9 chacun un pr\u00eat de cinq millions de dollars US au FMI pour pouvoir r\u00e9pondre \u00e0 l\u2019urgence sanitaire.<\/span><\/strong><\/p>\n<p>&nbsp;<\/p>\n<p style=\"text-align: justify;\"><span style=\"font-family: times new roman, times, serif; font-size: 14pt;\">Mais\u2026 l\u2019Iran et le Venezuela sont sur la liste des pays de l\u2019axe du mal de Washington et, par cons\u00e9quent, ce refus peut \u2013 \u00e0 la limite \u2013 s\u2019expliquer par la tension g\u00e9opolitique opposant ces pays \u00e0 l\u2019Empire. Mais qu\u2019en est-il des pays de l\u2019Union europ\u00e9enne ?<\/span><\/p>\n<p style=\"text-align: justify;\"><span style=\"font-family: times new roman, times, serif; font-size: 14pt;\">Des informations de plus en plus confirm\u00e9es font \u00e9tat du refus d\u00e9lib\u00e9r\u00e9 de pays comme l\u2019Allemagne et la France de venir en aide \u00e0 l\u2019Italie, et ce refus ne s\u2019explique pas uniquement par la d\u00e9cision d\u2019interdire l\u2019exportation de mat\u00e9riel et d\u2019\u00e9quipements m\u00e9dicaux indispensables int\u00e9rieurement en cas de pand\u00e9mie, mais encore une fois par des pressions \u00e9manant de Washington, afin que l\u2019aide chinoise ne puisse parvenir en Italie en transitant par des pays de l\u2019Union europ\u00e9enne. <strong><em>De facto<\/em>,<\/strong> <strong>l\u2019Allemagne et la France bloquent les \u00e9quipements m\u00e9dicaux chinois destin\u00e9s \u00e0 l\u2019Italie qui devraient transiter sur leur territoire.<\/strong><\/span><\/p>\n<p style=\"text-align: justify;\"><span style=\"font-family: times new roman, times, serif; font-size: 14pt;\">Cette situation hallucinante renforce la conviction d\u2019une immense exploitation de la crise du COVID-19 \u00e0 des fins g\u00e9ostrat\u00e9giques, \u00e9conomiques et financi\u00e8res dans le cadre d\u2019un jeu de refus obsessionnel de perte d\u2019h\u00e9g\u00e9monie mondiale. Une grande partie de l\u2019opinion italienne est d\u00e9sormais tr\u00e8s en col\u00e8re contre une Union Europ\u00e9enne qui non seulement ne sert \u00e0 rien mais contribue \u00e0 les assassiner bien mieux que n\u2019importe quel virus mortel.<\/span><\/p>\n<p>&nbsp;<\/p>\n<p>&nbsp;<\/p>\n<p style=\"text-align: center;\"><a href=\"http:\/\/blog.lesgrossesorchadeslesamplesthalameges.fr\/wp-content\/uploads\/2020\/03\/G\u00e9n\u00e9ral-machin.jpg\"><img loading=\"lazy\" class=\"alignnone wp-image-8930 size-full\" src=\"http:\/\/blog.lesgrossesorchadeslesamplesthalameges.fr\/wp-content\/uploads\/2020\/03\/G\u00e9n\u00e9ral-machin.jpg\" alt=\"\" width=\"500\" height=\"320\" srcset=\"https:\/\/blog.lesgrossesorchadeslesamplesthalameges.fr\/wp-content\/uploads\/2020\/03\/G\u00e9n\u00e9ral-machin.jpg 500w, https:\/\/blog.lesgrossesorchadeslesamplesthalameges.fr\/wp-content\/uploads\/2020\/03\/G\u00e9n\u00e9ral-machin-300x192.jpg 300w\" sizes=\"(max-width: 500px) 100vw, 500px\" \/><\/a><\/p>\n<p>&nbsp;<\/p>\n<p>&nbsp;<\/p>\n<p style=\"text-align: justify;\"><span style=\"font-family: times new roman, times, serif; font-size: 14pt;\">Mike Pompeo s\u2019en est \u00e9galement pris au ministre syrien de la D\u00e9fense, le g\u00e9n\u00e9ral Ayoub, en mettant son nom sur la liste noire du D\u00e9partement d\u2019\u00c9tat. Pompeo l\u2019accuse nomm\u00e9ment d\u2019avoir commis des crimes de guerre \u00e0 Idlib et, cons\u00e9cutivement \u00e0 ces \u00ab\u00a0actes\u00a0\u00bb pr\u00e9sum\u00e9s, \u00ab\u00a0les \u00c9tats-Unis ont saisi la totalit\u00e9 de ses avoir \u00e0 l\u2019\u00e9tranger\u00a0\u00bb. Seul probl\u00e8me, les avoirs \u00e0 l\u2019\u00e9tranger du g\u00e9n\u00e9ral Ali Abdallah Ayoub qui risquent d\u2019\u00eatre cibl\u00e9s par les sanctions \u00e9conomiques de Washington sont pour le moment une vieille Peugeot 505 Break datant du milieu des ann\u00e9es 80. Le ministre syrien de la D\u00e9fense, \u00e2g\u00e9 de 67 ans, n\u2019a jamais voyag\u00e9 en dehors de la Syrie qu\u2019en une seule occasion : une visite officielle en Iran.<\/span><\/p>\n<p style=\"text-align: justify;\"><span style=\"font-family: times new roman, times, serif; font-size: 14pt;\">Mike Pompeo, tirant sur tout ce qui bouge, accuse enfin la Russie d\u2019avoir tu\u00e9 des soldats turcs \u00e0 Idlib o\u00f9 ils faisaient une sorte d\u2019\u00e9cotourisme responsable en tentant d\u2019abattre des avions de combat russes et syriens et en offrant gratis des missiles SAM Stinger aux rebelles.<\/span><\/p>\n<p style=\"text-align: justify;\"><span style=\"font-family: times new roman, times, serif; font-size: 14pt;\">En Irak, les roquettes errantes ont atteint un minimum d\u2019objectifs\u2026 politiques. Les forces US d\u00e9gagent de certaines bases comme celles d\u2019Al-Qaim. Un g\u00e9n\u00e9ral major irakien a apport\u00e9 son aide aux milices qui demandent le retrait total des forces de la coalition internationale d\u2019Irak, \u00e0 coups de Katyousha.<\/span><\/p>\n<p style=\"text-align: justify;\"><span style=\"font-family: times new roman, times, serif; font-size: 14pt;\">Donc Coronavirus ou pas, la guerre mondiale fait rage. Aux derni\u00e8res nouvelles les Chinois ont expuls\u00e9 <em>VoA<\/em>, la Voix de l\u2019Am\u00e9rique, et quelques m\u00e9dias US tr\u00e8s influents hors de Chine, en les d\u00e9clarant agents de propagande \u00e9trangers, et un navire de guerre chinois a une nouvelle fois point\u00e9 un gros laser invisible sur un appareil de reconnaissance US \u00e0 des centaines de kilom\u00e8tres \u00e0 l\u2019ouest de Guam.<\/span><\/p>\n<p style=\"text-align: justify;\"><span style=\"font-family: times new roman, times, serif; font-size: 14pt;\">Et maintenant ?<\/span><\/p>\n<p style=\"text-align: justify;\"><span style=\"font-family: times new roman, times, serif; font-size: 14pt;\">Des victimes collat\u00e9rales nombreuses sont \u00e0 signaler. Coronavirus ou pas le Grand Jeu s\u2019emballe.<\/span><\/p>\n<p style=\"text-align: justify;\"><span style=\"font-family: times new roman, times, serif; font-size: 14pt;\">Le monde qui s\u2019annonce n\u2019a plus grand chose \u00e0 voir avec celui qui est en train de s\u2019effondrer sous nos yeux.<\/span><\/p>\n<p style=\"text-align: left;\"><span style=\"font-family: times new roman, times, serif; font-size: 14pt;\">D\u2019apr\u00e8s\u00a0: <a href=\"https:\/\/strategika51.org\/2020\/03\/19\/sanctions-et-chatiments-a-lere-du-grand-jeu\/\">https:\/\/strategika51.org\/2020\/03\/19\/sanctions-et-chatiments-a-lere-du-grand-jeu\/<\/a><\/span><\/p>\n<p style=\"text-align: left;\"><span style=\"font-family: times new roman, times, serif; font-size: 14pt;\"><strong>URL de cet article\u00a0 : <\/strong>http:\/\/blog.lesgrossesorchadeslesamplesthalameges.fr\/index.php\/sanctions-et-chatiments-a-lere-du-grand-jeu\/<strong><br \/>\n<\/strong><\/span><\/p>\n<p style=\"text-align: justify;\"><span style=\"font-family: times new roman, times, serif; font-size: 14pt;\"><strong>\u00a0<\/strong><\/span><\/p>\n<p>&nbsp;<\/p>\n<p>&nbsp;<\/p>\n<p style=\"text-align: center;\"><a href=\"http:\/\/blog.lesgrossesorchadeslesamplesthalameges.fr\/wp-content\/uploads\/2020\/03\/CHAUVE-SOURIS-3-GIF-1.gif\"><img loading=\"lazy\" class=\"alignnone wp-image-8931\" src=\"http:\/\/blog.lesgrossesorchadeslesamplesthalameges.fr\/wp-content\/uploads\/2020\/03\/CHAUVE-SOURIS-3-GIF-1.gif\" alt=\"\" width=\"150\" height=\"60\" \/><\/a><\/p>\n<p>&nbsp;<\/p>\n<p>&nbsp;<\/p>\n<p style=\"text-align: right;\"><span style=\"font-family: comic sans ms, sans-serif; font-size: 14pt;\">Mars 2020<\/span><\/p>\n<p>&nbsp;<\/p>\n<p>&nbsp;<\/p>\n<p>&nbsp;<\/p>\n","protected":false},"excerpt":{"rendered":"<p>&nbsp; &nbsp; &nbsp; &nbsp; &nbsp; Sanctions et ch\u00e2timents \u00e0 l\u2019\u00e8re du Grand Jeu &nbsp; Strategika 51 \u2013 19.3.2020 &nbsp; &nbsp; &nbsp; &nbsp; Washington, via le Secr\u00e9taire d\u2019\u00c9tat Mike Pompeo, a redoubl\u00e9 les sanctions \u00e9conomiques et financi\u00e8res visant l\u2019Iran et exerc\u00e9 une immense pression sur le Fonds Mon\u00e9taire International (FMI) suivant la demande d\u2019aide de l\u2019Iran&#8230;<\/p>\n","protected":false},"author":1,"featured_media":0,"parent":0,"menu_order":0,"comment_status":"open","ping_status":"open","template":"","meta":[],"_links":{"self":[{"href":"https:\/\/blog.lesgrossesorchadeslesamplesthalameges.fr\/index.php\/wp-json\/wp\/v2\/pages\/8927"}],"collection":[{"href":"https:\/\/blog.lesgrossesorchadeslesamplesthalameges.fr\/index.php\/wp-json\/wp\/v2\/pages"}],"about":[{"href":"https:\/\/blog.lesgrossesorchadeslesamplesthalameges.fr\/index.php\/wp-json\/wp\/v2\/types\/page"}],"author":[{"embeddable":true,"href":"https:\/\/blog.lesgrossesorchadeslesamplesthalameges.fr\/index.php\/wp-json\/wp\/v2\/users\/1"}],"replies":[{"embeddable":true,"href":"https:\/\/blog.lesgrossesorchadeslesamplesthalameges.fr\/index.php\/wp-json\/wp\/v2\/comments?post=8927"}],"version-history":[{"count":0,"href":"https:\/\/blog.lesgrossesorchadeslesamplesthalameges.fr\/index.php\/wp-json\/wp\/v2\/pages\/8927\/revisions"}],"wp:attachment":[{"href":"https:\/\/blog.lesgrossesorchadeslesamplesthalameges.fr\/index.php\/wp-json\/wp\/v2\/media?parent=8927"}],"curies":[{"name":"wp","href":"https:\/\/api.w.org\/{rel}","templated":true}]}}