{"id":8939,"date":"2020-03-20T21:37:52","date_gmt":"2020-03-20T20:37:52","guid":{"rendered":"http:\/\/blog.lesgrossesorchadeslesamplesthalameges.fr\/?page_id=8939"},"modified":"2020-03-26T02:12:18","modified_gmt":"2020-03-26T01:12:18","slug":"8939-2","status":"publish","type":"page","link":"https:\/\/blog.lesgrossesorchadeslesamplesthalameges.fr\/index.php\/8939-2\/","title":{"rendered":"L\u2019ordre lib\u00e9ral mondial s\u2019effondre sous la pression du coronavirus"},"content":{"rendered":"<p>&nbsp;<\/p>\n<p>&nbsp;<\/p>\n<p>&nbsp;<\/p>\n<p>&nbsp;<\/p>\n<p>&nbsp;<\/p>\n<p>&nbsp;<\/p>\n<p style=\"text-align: center;\"><span style=\"font-family: times new roman, times, serif; font-size: 36pt;\"><strong>L\u2019ordre lib\u00e9ral mondial s\u2019effondre sous la pression du coronavirus<\/strong><\/span><\/p>\n<p>&nbsp;<\/p>\n<p style=\"text-align: center;\"><span style=\"font-family: times new roman, times, serif; font-size: 18pt;\"><strong>Paul Antonopoulos \u2013<\/strong> <strong><em>Infobrics<\/em><\/strong><strong> \u2013 <\/strong>18.3.2020<\/span><\/p>\n<p style=\"text-align: center;\"><span style=\"font-family: times new roman, times, serif; font-size: 18pt;\">Via <strong><em>TheDuran<\/em><\/strong><\/span><\/p>\n<p>&nbsp;<\/p>\n<p>&nbsp;<\/p>\n<p style=\"text-align: center;\"><a href=\"http:\/\/blog.lesgrossesorchadeslesamplesthalameges.fr\/wp-content\/uploads\/2020\/03\/ORDRE-LIBERAL-MAP.png\"><img loading=\"lazy\" class=\"alignnone wp-image-8892 size-full\" src=\"http:\/\/blog.lesgrossesorchadeslesamplesthalameges.fr\/wp-content\/uploads\/2020\/03\/ORDRE-LIBERAL-MAP.png\" alt=\"\" width=\"600\" height=\"307\" srcset=\"https:\/\/blog.lesgrossesorchadeslesamplesthalameges.fr\/wp-content\/uploads\/2020\/03\/ORDRE-LIBERAL-MAP.png 600w, https:\/\/blog.lesgrossesorchadeslesamplesthalameges.fr\/wp-content\/uploads\/2020\/03\/ORDRE-LIBERAL-MAP-300x154.png 300w\" sizes=\"(max-width: 600px) 100vw, 600px\" \/><\/a><\/p>\n<p style=\"text-align: justify;\"><span style=\"font-family: times new roman, times, serif; font-size: 14pt;\"><strong><em>\u00a0<\/em><\/strong><\/span><\/p>\n<p style=\"text-align: justify;\"><span style=\"font-family: times new roman, times, serif; font-size: 14pt;\"><strong>\u00a0<\/strong><\/span><\/p>\n<p style=\"text-align: left;\"><span style=\"font-family: tahoma, arial, helvetica, sans-serif; font-size: 14pt;\"><strong>Le coronavirus permet \u00e0 Trump de pousser encore plus loin son isolationnisme<\/strong><\/span><\/p>\n<p>&nbsp;<\/p>\n<p style=\"text-align: justify;\"><span style=\"font-family: times new roman, times, serif; font-size: 14pt;\">La d\u00e9cision du Pr\u00e9sident US Donald Trump d\u2019annuler les vols entre l\u2019Europe et son pays, \u00e0 l\u2019exception de ceux en provenance du Royaume Uni, et d\u2019imposer une quarantaine de 14 jours \u00e0 qui veut entrer a \u00e9t\u00e9 une surprise d\u00e9plaisante pour l\u2019Europe, d\u2019autant que Washington a annonc\u00e9 cette d\u00e9cision sans l\u2019en avoir au pr\u00e9alable inform\u00e9e et sans aucune coordination. Ces restrictions ont \u00e9t\u00e9 introduites pour une p\u00e9riode initiale de 30 jours et ont pour cause la pand\u00e9mie de coronavirus d\u00e9clar\u00e9e par l\u2019Organisation Mondiale de la Sant\u00e9. Bien que jugeant cette action excessive, <a href=\"https:\/\/infobrics.org\/post\/30531\/\">l\u2019Union Europ\u00e9enne a totalement \u00e9chou\u00e9 \u00e0 affronter le probl\u00e8me du coronavirus<\/a>, et de telles actions sont tout \u00e0 fait de l\u2019ordre des mesures prises par de nombreux pays, y compris Isra\u00ebl et l\u2019Australie. En Isra\u00ebl, quiconque arrive de l\u2019\u00e9tranger est soumis \u00e0 une quarantaine de deux semaines \u00e0 son domicile, les autorit\u00e9s ne permettant pas les s\u00e9jours \u00e0 l\u2019h\u00f4tel \u2013 effectivement, il n\u2019y a pas de tourisme. Quoique, de son c\u00f4t\u00e9, l\u2019Australie ait impos\u00e9 une quarantaine de 14 jours \u00e0 l\u2019arriv\u00e9e, les s\u00e9jours \u00e0 l\u2019h\u00f4tel y sont autoris\u00e9s.<\/span><\/p>\n<p style=\"text-align: justify;\"><span style=\"font-family: times new roman, times, serif; font-size: 14pt;\">Par suite de tout ceci, le nombre croissant des restrictions impos\u00e9es par de nombreux pays pour cause de coronavirus affectent s\u00e9rieusement \u00e0 la fois les \u00e9conomies nationales et l\u2019id\u00e9e m\u00eame de mondialisation. \u00c0 l\u2019\u00e9gal des USA, d\u2019Isra\u00ebl et de l\u2019Australie, la Russie a d\u00e9cid\u00e9 de mettre fin aux \u00e9changes de vols avec l\u2019Italie, l\u2019Allemagne, la France et l\u2019Espagne, \u00e0 de tr\u00e8s rares exceptions pr\u00e8s. Au nombre des pays qui ont resserr\u00e9 leur r\u00e9gime de visas sont l\u2019Inde, la Tha\u00eflande et le Sri Lanka, la liste \u00e9tant susceptible de s\u2019allonger. Alors que le coronavirus \u00e9chappe \u00e0 tout contr\u00f4le dans certains pays de l\u2019Union Europ\u00e9enne, beaucoup d\u2019Ukrainiens rentrent chez eux, ce qui pourrait provoquert un fort d\u00e9clenchement de l\u2019\u00e9pid\u00e9mie, alors que le pays a d\u00e9j\u00e0 un syst\u00e8me de sant\u00e9 tr\u00e8s d\u00e9t\u00e9rior\u00e9.<\/span><\/p>\n<p style=\"text-align: justify;\"><span style=\"font-family: times new roman, times, serif; font-size: 14pt;\">Les rencontres internationales et nationales sont annul\u00e9es, y compris la Conf\u00e9rence Interminist\u00e9rielle de l\u2019Organisation Mondiale du Commerce, peut-\u00eatre la plus importante de toutes, qui devait se tenir au Kazakhstan. Les Championnats du monde de patinage artistique ne se d\u00e9rouleront pas au Canada et les USA refusent d\u2019accueillir les \u00e9preuves de la Coupe du monde de ski. Bien que l\u2019annulation du sommet de l\u2019Organisation Mondiale du Commerce soit le plus important des \u00e9v\u00e9nements victimes du coronavirus, il ne faut pas oublier les Jeux Olympiques d\u2019\u00c9t\u00e9, qui doivent se tenir cette ann\u00e9e \u00e0 Tokyo\u00a0: la flamme olympique vient de quitter la Gr\u00e8ce, il y a peu de jours, Le sort des Jeux Olympiques de Tokyo n\u2019est pas encore fix\u00e9. Son annulation repr\u00e9senterait, pour les organisateurs, une perte d\u00e9vastatrice, car c\u2019est l\u2019\u00e9v\u00e9nement mondial le plus important de cette ann\u00e9e. Le Comit\u00e9 Olympique International et le Japon sont toujours bien d\u00e9termin\u00e9s \u00e0 ce qu\u2019il ait lieu, ce qui est compr\u00e9hensible, puisque tout report ou annulation porterait un coup financier sans pr\u00e9c\u00e9dent \u00e0 ce pays d\u2019Asie.\u00a0<\/span><\/p>\n<p style=\"text-align: justify;\"><span style=\"font-family: times new roman, times, serif; font-size: 14pt;\">La fermeture de beaucoup de pays aux \u00e9trangers et l\u2019annulation d\u2019\u00e9v\u00e9nements importants portent un coup s\u00e9rieux aux \u00e9conomies nationales et soul\u00e8vent la question de la l\u00e9gitimit\u00e9 de l\u2019ordre lib\u00e9ral mondialis\u00e9. Il semble, en effet, que la mondialisation soit en train de mourir avec les progr\u00e8s du coronavirus \u00e0 travers le monde. L\u2019id\u00e9e d\u2019un monde totalement ouvert et globalis\u00e9 est un dogme fondamental du monde lib\u00e9ral, et toute opposition s\u2019est vue stigmatiser et qualifier de \u00ab\u00a0r\u00e9gime brutal\u00a0\u00bb, comme cela a \u00e9t\u00e9 le cas, notamment pour l\u2019Union Sovi\u00e9tique et la Cor\u00e9e du Nord. L\u2019id\u00e9e lib\u00e9rale de libert\u00e9 de mouvement est presque universellement accept\u00e9e, s\u2019\u00e9tendant \u00e0 ceux qui voyagent pour trouver du travail \u00e0 l\u2019\u00e9tranger. Cependant, cette conception du monde et les habitudes qui en \u00e9taient n\u00e9es commencent \u00e0 cesser d\u2019exister \u00e0 mesure que les gens subissent des pertes financi\u00e8res s\u00e9rieuses et se voient infliger des sanctions gouvernementales telles que la quarantaine. Ceci est en train de se produire dans divers pays, quel que soit leur degr\u00e9 de d\u00e9mocratie et de libert\u00e9. \u00a0<\/span><\/p>\n<p style=\"text-align: justify;\"><span style=\"font-family: times new roman, times, serif; font-size: 14pt;\">En outre, les USA sous Trump \u00e9tant au premier rang du changement de cap \u00e0 l\u2019\u00e9gard de la mondialisation \u2013 notamment par sa fermeture des USA aux \u00e9trangers arrivant d\u2019Europe et sa c\u00e9l\u00e8bre d\u00e9cision de construire un mur \u00e0 la fronti\u00e8re US-Mexique \u2013 tout indique qu\u2019il va se servir du coronavirus. Et il est peu probable qu\u2019il s\u2019agisse d\u2019une solution \u00e0 court terme\u00a0: Trump va au contraire faire tra\u00eener cette situation autant que possible, pour pouvoir mettre en \u0153uvre les changements qu\u2019il veut. Le coronavirus va lui servir de parfait pr\u00e9texte pour imposer davantage encore de politique isolationniste et lui permettre de porter un coup de plus \u00e0 l\u2019ordre lib\u00e9ral mondialis\u00e9. L\u2019Union Europ\u00e9enne, quintessence de l\u2019ordre mondial lib\u00e9ral, a \u00e9t\u00e9 choqu\u00e9e par la d\u00e9marche de Trump, mais, aux prises comme elle l\u2019est avec le coronavirus et la <a href=\"https:\/\/infobrics.org\/post\/30505\">crise des migrants \u00e0 la fronti\u00e8re grecque<\/a>, elle a peu de chances de pouvoir maintenir le <em>statu quo<\/em> auquel elle s\u2019accroche si d\u00e9sesp\u00e9r\u00e9ment.\u00a0<\/span><\/p>\n<p style=\"text-align: justify;\"><span style=\"font-family: times new roman, times, serif; font-size: 14pt;\">Trump s\u2019est toujours oppos\u00e9 aux fronti\u00e8res ouvertes, ceci n\u2019est donc pas surprenant. La v\u00e9ritable surprise vient de ce que huit pays europ\u00e9ens imposent d\u00e9sormais des contr\u00f4les \u00e0 leurs fronti\u00e8res\u00a0: l\u2019Autriche, la R\u00e9publique Tch\u00e8que, le Danemark, la Hongrie, la Lituanie, la Pologne, la Suisse, et \u2013 beaucoup plus surprenant encore \u2013 l\u2019Allemagne. Lundi, l\u2019Allemagne a ferm\u00e9 ses fronti\u00e8res avec l\u2019Autriche, la Suisse, la France, le Luxembourg et le Danemark, et la surprise est d\u2019autant plus grande que la Chanceli\u00e8re allemande, Angela Merkel, s\u2019\u00e9tait fait la championne de l\u2019ouverture des fronti\u00e8res pendant la crise migratoire de 2015. Effectivement, l\u2019Union Europ\u00e9enne ouvrant ses fronti\u00e8res \u00e0 un flot de migrants sans papiers, l\u2019alliance \u00e9tait plus ou moins condamn\u00e9e \u00e0 la propagation du coronavirus.<\/span><\/p>\n<p style=\"text-align: justify;\"><span style=\"font-family: times new roman, times, serif; font-size: 14pt;\">Bien que Merkel soit un ardent d\u00e9fenseur du lib\u00e9ralisme, m\u00eame elle est oblig\u00e9e de se concentrer aujourd\u2019hui sur les probl\u00e8mes int\u00e9rieurs. L\u2019Union Europ\u00e9enne, en tant qu\u2019institution, d\u00e9fend toujours les fronti\u00e8res ouvertes, la Pr\u00e9sidente de la Commission europ\u00e9enne, et pour Ursula von der Leyen, \u00ab\u00a0Nous avons besoin de laisser les marchandises circuler sans obstacles en Europe\u00a0\u00bb. Cependant, l\u2019Allemagne est en situation de crise, avec au moins 9.360 cas confirm\u00e9s de coronavirus, et elle a senti que la seule solution \u00e9tait de s\u2019opposer \u00e0 l\u2019ouverture des fronti\u00e8res, alors qu\u2019elle avait exig\u00e9, en 2015, que la Gr\u00e8ce, la Bulgarie et l\u2019Italie laissent les leurs ouvertes aux migrants sans papiers. Il se peut que la pand\u00e9mie de coronavirus qui atteint l\u2019Europe commence \u00e0 faire na\u00eetre des critiques plus fortes \u00e0 l\u2019\u00e9gard de l\u2019ordre lib\u00e9ral mondial et plus de sympathie de l\u2019Europe du nord pour l\u2019Europe m\u00e9diterran\u00e9enne, qui a tant souffert des exigences de Berlin et de Bruxelles les contraignant \u00e0 maintenir leurs fronti\u00e8re ouvertes. Le dernier coup, cependant, a \u00e9t\u00e9 port\u00e9 \u00e0 l\u2019Union Europ\u00e9enne quand elle a \u00e9t\u00e9 forc\u00e9e d\u2019accepter qu\u2019elle devait interdire d\u2019entr\u00e9e tous les non-nationaux de l\u2019UE, \u00e0 l\u2019exception de la Grande Bretagne, de l\u2019Islande, du Lichtenstein, de la Norv\u00e8ge et de la Suisse\u00a0: les champions de l\u2019ouverture des fronti\u00e8res ont \u00e9t\u00e9 contraints de fermer les leurs.<\/span><\/p>\n<p>&nbsp;<\/p>\n<p style=\"text-align: left;\"><a href=\"http:\/\/blog.lesgrossesorchadeslesamplesthalameges.fr\/wp-content\/uploads\/2020\/03\/Antonopoulos-GIF.gif\"><img loading=\"lazy\" class=\"alignnone wp-image-8941 size-full\" src=\"http:\/\/blog.lesgrossesorchadeslesamplesthalameges.fr\/wp-content\/uploads\/2020\/03\/Antonopoulos-GIF.gif\" alt=\"\" width=\"225\" height=\"225\" \/><\/a><\/p>\n<p style=\"text-align: justify;\"><span style=\"font-family: times new roman, times, serif; font-size: 14pt;\"><strong>Paul Antonopoulos<\/strong> est <em>Research Fellow<\/em> au <a href=\"https:\/\/syncreticstudies.com\/paul-antonopoulos\/\">Center for Syncretic Studies<\/a>. Il collabore couramment \u00e0 <a href=\"https:\/\/www.globalresearch.ca\/author\/paul-antonopoulos\">Global Research.ca<\/a>, \u00e0 <a href=\"https:\/\/www.geopolitica.ru\/en\/person\/paul-antonopoulos\">Geopolitica.ru<\/a>, a <a href=\"https:\/\/www.fort-russ.com\/author\/p-ant\/\">FortRuss<\/a> et \u00e0 <a href=\"https:\/\/www.almasdarnews.com\/article\/author\/paul\/\">Al Masdar News\/AMN<\/a><\/span><\/p>\n<p>&nbsp;<\/p>\n<p style=\"text-align: right;\"><span style=\"font-family: times new roman, times, serif; font-size: 14pt;\">Traduction\u00a0: c.l. pour Les Grosses Orchades<\/span><\/p>\n<p>&nbsp;<\/p>\n<p style=\"text-align: left;\"><span style=\"font-family: times new roman, times, serif; font-size: 14pt;\">Source : <\/span><span style=\"font-family: times new roman, times, serif; font-size: 14pt;\"><a href=\"https:\/\/theduran.com\/liberal-globalized-order-is-collapsing-under-pressure-from-coronavirus\/?utm_source=newsletter&amp;utm_medium=email&amp;utm_campaign=the_duran_daily&amp;utm_term=2020-03-18\">https:\/\/theduran.com\/liberal-globalized-order-is-collapsing-under-pressure-from-coronavirus\/?utm_source=newsletter&amp;utm_medium=email&amp;utm_campaign=the_duran_daily&amp;utm_term=2020-03-18<\/a><\/span><\/p>\n<p style=\"text-align: justify;\"><span style=\"font-family: times new roman, times, serif; font-size: 14pt;\">Source d\u2019origine\u00a0: <a href=\"http:\/\/infobrics.org\/post\/30560\/\">http:\/\/infobrics.org\/post\/30560\/<\/a><\/span><\/p>\n<p style=\"text-align: justify;\"><span style=\"font-family: times new roman, times, serif; font-size: 14pt;\">URL de cet article : <a href=\"http:\/\/blog.lesgrossesorchadeslesamplesthalameges.fr\/index.php\/8939-2\/\">http:\/\/blog.lesgrossesorchadeslesamplesthalameges.fr\/index.php\/8939-2\/<\/a><\/span><\/p>\n<p>&nbsp;<\/p>\n<p>&nbsp;<\/p>\n<p style=\"text-align: center;\"><a href=\"http:\/\/blog.lesgrossesorchadeslesamplesthalameges.fr\/wp-content\/uploads\/2020\/03\/CHAUVE-SOURIS-3-GIF-1.gif\"><img loading=\"lazy\" class=\"alignnone wp-image-8931\" src=\"http:\/\/blog.lesgrossesorchadeslesamplesthalameges.fr\/wp-content\/uploads\/2020\/03\/CHAUVE-SOURIS-3-GIF-1.gif\" alt=\"\" width=\"150\" height=\"60\" \/><\/a><\/p>\n<p>&nbsp;<\/p>\n<p>&nbsp;<\/p>\n<p style=\"text-align: right;\"><span style=\"font-family: comic sans ms, sans-serif; font-size: 14pt;\">Mars 2020<\/span><\/p>\n<p>&nbsp;<\/p>\n<p>&nbsp;<\/p>\n<p>&nbsp;<\/p>\n","protected":false},"excerpt":{"rendered":"<p>&nbsp; &nbsp; &nbsp; &nbsp; &nbsp; &nbsp; L\u2019ordre lib\u00e9ral mondial s\u2019effondre sous la pression du coronavirus &nbsp; Paul Antonopoulos \u2013 Infobrics \u2013 18.3.2020 Via TheDuran &nbsp; &nbsp; \u00a0 \u00a0 Le coronavirus permet \u00e0 Trump de pousser encore plus loin son isolationnisme &nbsp; La d\u00e9cision du Pr\u00e9sident US Donald Trump d\u2019annuler les vols entre l\u2019Europe et son&#8230;<\/p>\n","protected":false},"author":1,"featured_media":0,"parent":0,"menu_order":0,"comment_status":"open","ping_status":"open","template":"","meta":[],"_links":{"self":[{"href":"https:\/\/blog.lesgrossesorchadeslesamplesthalameges.fr\/index.php\/wp-json\/wp\/v2\/pages\/8939"}],"collection":[{"href":"https:\/\/blog.lesgrossesorchadeslesamplesthalameges.fr\/index.php\/wp-json\/wp\/v2\/pages"}],"about":[{"href":"https:\/\/blog.lesgrossesorchadeslesamplesthalameges.fr\/index.php\/wp-json\/wp\/v2\/types\/page"}],"author":[{"embeddable":true,"href":"https:\/\/blog.lesgrossesorchadeslesamplesthalameges.fr\/index.php\/wp-json\/wp\/v2\/users\/1"}],"replies":[{"embeddable":true,"href":"https:\/\/blog.lesgrossesorchadeslesamplesthalameges.fr\/index.php\/wp-json\/wp\/v2\/comments?post=8939"}],"version-history":[{"count":0,"href":"https:\/\/blog.lesgrossesorchadeslesamplesthalameges.fr\/index.php\/wp-json\/wp\/v2\/pages\/8939\/revisions"}],"wp:attachment":[{"href":"https:\/\/blog.lesgrossesorchadeslesamplesthalameges.fr\/index.php\/wp-json\/wp\/v2\/media?parent=8939"}],"curies":[{"name":"wp","href":"https:\/\/api.w.org\/{rel}","templated":true}]}}