{"id":8949,"date":"2020-03-20T21:51:49","date_gmt":"2020-03-20T20:51:49","guid":{"rendered":"http:\/\/blog.lesgrossesorchadeslesamplesthalameges.fr\/?page_id=8949"},"modified":"2020-03-20T21:53:48","modified_gmt":"2020-03-20T20:53:48","slug":"la-principale-victime-du-coronavirus-30-ans-dideologie-dominante","status":"publish","type":"page","link":"https:\/\/blog.lesgrossesorchadeslesamplesthalameges.fr\/index.php\/la-principale-victime-du-coronavirus-30-ans-dideologie-dominante\/","title":{"rendered":"La principale victime du coronavirus ? 30 ans d\u2019id\u00e9ologie dominante\u2026"},"content":{"rendered":"<p>&nbsp;<\/p>\n<p>&nbsp;<\/p>\n<p>&nbsp;<\/p>\n<p>&nbsp;<\/p>\n<p>&nbsp;<\/p>\n<p>&nbsp;<\/p>\n<p style=\"text-align: center;\"><span style=\"font-family: times new roman, times, serif; font-size: 36pt;\"><strong>La principale victime du coronavirus ? 30 ans d\u2019id\u00e9ologie dominante\u2026<\/strong><\/span><\/p>\n<p>&nbsp;<\/p>\n<p style=\"text-align: center;\"><span style=\"font-family: times new roman, times, serif; font-size: 24pt;\">La pand\u00e9mie de coronavirus met notre pays, et d\u2019autres comme l\u2019Italie, sens dessus dessous.<\/span><\/p>\n<p>&nbsp;<\/p>\n<p style=\"text-align: center;\"><span style=\"font-family: times new roman, times, serif; font-size: 14pt;\"><a href=\"https:\/\/www.causeur.fr\/author\/pdavid\"><strong><span style=\"font-size: 18pt;\">Philippe David<\/span><\/strong><\/a><span style=\"font-size: 18pt;\"><strong> \u2013 <em>Causeur<\/em> \u2013 18.3.2020<\/strong><\/span><\/span><\/p>\n<p style=\"text-align: center;\"><span style=\"font-family: times new roman, times, serif; font-size: 14pt;\"><strong>\u00a0<\/strong><\/span><\/p>\n<p style=\"text-align: justify;\"><span style=\"font-family: times new roman, times, serif; font-size: 14pt;\"><strong>\u00a0<\/strong><\/span><\/p>\n<p style=\"text-align: center;\"><span style=\"font-family: times new roman, times, serif; font-size: 14pt;\"><strong>\u00a0<a href=\"http:\/\/blog.lesgrossesorchadeslesamplesthalameges.fr\/wp-content\/uploads\/2020\/03\/DOLIPRANE.jpg\"><img loading=\"lazy\" class=\"alignnone wp-image-8895 size-full\" src=\"http:\/\/blog.lesgrossesorchadeslesamplesthalameges.fr\/wp-content\/uploads\/2020\/03\/DOLIPRANE.jpg\" alt=\"\" width=\"500\" height=\"303\" srcset=\"https:\/\/blog.lesgrossesorchadeslesamplesthalameges.fr\/wp-content\/uploads\/2020\/03\/DOLIPRANE.jpg 500w, https:\/\/blog.lesgrossesorchadeslesamplesthalameges.fr\/wp-content\/uploads\/2020\/03\/DOLIPRANE-300x182.jpg 300w\" sizes=\"(max-width: 500px) 100vw, 500px\" \/><\/a><\/strong><\/span><\/p>\n<p>&nbsp;<\/p>\n<p>&nbsp;<\/p>\n<p style=\"text-align: justify;\"><span style=\"font-family: tahoma, arial, helvetica, sans-serif; font-size: 14pt;\"><strong>Rues vides, bars et restaurants ferm\u00e9s, usines \u00e0 l\u2019arr\u00eat au point de faire basculer le pays dans la r\u00e9cession, Bruno Le Maire annon\u00e7ant une croissance \u00e0 -1% pour 2020 (m\u00eame causes m\u00eames effets pour la zone euro)\u2026 Il y a pourtant des tonnes d\u2019enseignements \u00e0 tirer sur cette crise sanitaire qui va cr\u00e9er une crise \u00e9conomique dont les cons\u00e9quences risquent d\u2019\u00eatre pires que celles de 2008.<\/strong><\/span><\/p>\n<p style=\"text-align: justify;\"><span style=\"font-family: tahoma, arial, helvetica, sans-serif; font-size: 14pt;\"><strong>Si la France manque de tests de d\u00e9pistage et de masques de protection,\u00a0ce qui ne manque pas de sel dans un pays o\u00f9 la d\u00e9pense publique atteint 56,5% du PIB, elle ne manque pas de politiciens dont les \u00e9checs sont les seules choses qui resteront d\u2019eux dans les livres d\u2019histoire<\/strong><\/span><\/p>\n<p>&nbsp;<\/p>\n<p style=\"text-align: justify;\"><span style=\"font-family: times new roman, times, serif; font-size: 14pt;\">Tout d\u2019abord d\u2019un point de vue sanitaire, cette crise est le symbole de la faillite totale des politiques men\u00e9es depuis des d\u00e9cennies.<\/span><\/p>\n<p style=\"text-align: justify;\"><span style=\"font-family: times new roman, times, serif; font-size: 14pt;\">Notre pays vieillit, chose pr\u00e9visible depuis des ann\u00e9es, et une \u00e9pid\u00e9mie qui ne n\u00e9cessite l\u2019hospitalisation que de 5% des personnes touch\u00e9es par le virus met nos h\u00f4pitaux en surtension au point de devoir mobiliser un h\u00f4pital militaire en Alsace.\u00a0Un\u00a0seul chiffre explique la submersion de nos h\u00f4pitaux par les malades\u00a0: nous avons supprim\u00e9 100\u00a0000 lits d\u2019h\u00f4pital sur les 20 derni\u00e8res ann\u00e9es. Premi\u00e8re faillite de l\u2019id\u00e9ologie dominante de ces derni\u00e8res ann\u00e9es.<\/span><\/p>\n<p style=\"text-align: justify;\"><span style=\"font-family: times new roman, times, serif; font-size: 14pt;\"><strong>\u00a0<\/strong><\/span><\/p>\n<p style=\"text-align: justify;\"><span style=\"font-family: times new roman, times, serif; font-size: 18pt;\"><strong>Loin de l\u2019autosuffisance<\/strong><\/span><\/p>\n<p style=\"text-align: justify;\"><span style=\"font-family: times new roman, times, serif; font-size: 14pt;\">Pour combattre les maladies, il faut donner des m\u00e9dicaments aux malades. Malheureusement, nous avons transf\u00e9r\u00e9, mondialisation heureuse oblige pour citer Alain Minc, la production de nos mol\u00e9cules en Chine et en Inde, une Chine qui en a bien besoin en ce moment. R\u00e9sultat\u00a0: on ne produit plus un gramme de Paracetamol en Europe depuis 2008 et nous sommes donc tributaires pour soigner nos malades du bon vouloir de pays \u00e9trangers qui nous tiennent \u00e0 la gorge tant pour les livraisons que pour les prix. Seconde faillite de l\u2019id\u00e9ologie dominante de ces derni\u00e8res ann\u00e9es.<\/span><\/p>\n<p style=\"text-align: justify;\"><span style=\"font-family: times new roman, times, serif; font-size: 14pt;\">Ces deux premiers fl\u00e9aux ont un agent pathog\u00e8ne connu de tous\u00a0: l\u2019Europe qui, \u00e0 coups d\u2019orthodoxie budg\u00e9taire impos\u00e9e par l\u2019ordo-lib\u00e9ralisme allemand, nous a oblig\u00e9s \u00e0 sacrifier nos services publics les uns apr\u00e8s les autres et qui, au nom d\u2019un libre-\u00e9change impos\u00e9 en dogme religieux, a fait partir nos usines, y compris les plus strat\u00e9giques, sous d\u2019autres cieux o\u00f9 les gens sont pay\u00e9s au lance-pierres pour le plus grand bonheur des actionnaires et le plus grand malheur des salari\u00e9s. Nous avions le meilleur syst\u00e8me de sant\u00e9 du monde, il est devenu en quelques ann\u00e9es incapable de prot\u00e9ger nos soignants puisque nombre d\u2019entre eux ne b\u00e9n\u00e9ficient m\u00eame pas de masques de protection, ce qui prouve le peu d\u2019estime que leur donnent nos dirigeants. Ces faillites-l\u00e0 ont des responsables et des coupables\u00a0: tous ceux qui ont dirig\u00e9 la France ces trente derni\u00e8res ann\u00e9es et qui ont donn\u00e9 les clefs du camion \u00e0 des gens non \u00e9lus, tout en s\u2019asseyant sur la volont\u00e9 du peuple qui avait montr\u00e9 en 2005 qu\u2019il ne voulait plus de cette Europe grande ouverte qui ne prot\u00e8ge personne et qui, au contraire, nous met en danger.<\/span><\/p>\n<p>&nbsp;<\/p>\n<p style=\"text-align: justify;\"><span style=\"font-family: times new roman, times, serif; font-size: 18pt;\"><strong>Toujours plus fort<\/strong><\/span><\/p>\n<p style=\"text-align: justify;\"><span style=\"font-family: times new roman, times, serif; font-size: 14pt;\">Comme ce n\u2019\u00e9tait pas assez, le coronavirus a montr\u00e9 \u00e0 quel point la politique men\u00e9e par Emmanuel Macron depuis trois ans \u00e9tait la m\u00eame en pire puisque men\u00e9e en acc\u00e9l\u00e9rant et en klaxonnant.<\/span><\/p>\n<p style=\"text-align: justify;\"><span style=\"font-family: times new roman, times, serif; font-size: 14pt;\">Heureux sont les actionnaires qui ont pr\u00e9f\u00e9r\u00e9 investir en bourse plut\u00f4t que dans l\u2019immobilier suite \u00e0 la transformation de l\u2019ISF (Imp\u00f4t de Solidarit\u00e9 sur la Fortune) en IFI (Imp\u00f4t sur la Fortune Immobili\u00e8re). Ils ont perdu en une semaine 25% de leur argent tandis que les propri\u00e9taires immobiliers voient leur investissement continuer \u00e0 se valoriser. Suivre les conseils en investissements d\u2019Emmanuel Macron, c\u2019est comme l\u2019\u00e9tat providence, \u00ab\u00a0\u00e7a co\u00fbte un pognon de dingue\u00a0\u00bb.<\/span><\/p>\n<p style=\"text-align: justify;\"><span style=\"font-family: times new roman, times, serif; font-size: 14pt;\">M\u00eame chose pour la r\u00e9forme des retraites, mise entre parenth\u00e8ses le temps de la pand\u00e9mie, une r\u00e9forme qui est le premier pas vers le transfert du syst\u00e8me par r\u00e9partition au syst\u00e8me par capitalisation. Heureux les retrait\u00e9s am\u00e9ricains ou britanniques dont la pension d\u00e9pend du cours de la bourse et des dividendes distribu\u00e9s aux fonds de pension et dont les revenus vont fondre non comme neige au soleil mais comme cours de bourse infect\u00e9 au coronavirus.<\/span><\/p>\n<p style=\"text-align: justify;\"><span style=\"font-family: times new roman, times, serif; font-size: 14pt;\">Si la France manque de tests de d\u00e9pistage et de masques de protection, ce qui ne manque pas de sel dans un pays o\u00f9 la d\u00e9pense publique atteint 56,5% du PIB, elle ne manque pas de politiciens dont les \u00e9checs sont les seules choses qui resteront d\u2019eux dans les livres d\u2019histoire.<\/span><\/p>\n<p style=\"text-align: justify;\"><span style=\"font-family: times new roman, times, serif; font-size: 14pt;\">Comme disait L\u00e9nine\u00a0: \u00ab\u00a0les faits sont t\u00eatus\u00a0\u00bb\u2026<\/span><\/p>\n<p>&nbsp;<\/p>\n<p>&nbsp;<\/p>\n<p><a href=\"http:\/\/blog.lesgrossesorchadeslesamplesthalameges.fr\/wp-content\/uploads\/2020\/03\/Philippe-David.jpg\"><img loading=\"lazy\" class=\"alignnone wp-image-8951 size-full\" src=\"http:\/\/blog.lesgrossesorchadeslesamplesthalameges.fr\/wp-content\/uploads\/2020\/03\/Philippe-David.jpg\" alt=\"\" width=\"200\" height=\"186\" \/><\/a><\/p>\n<p style=\"text-align: justify;\"><span style=\"font-family: times new roman, times, serif; font-size: 14pt;\"><a href=\"https:\/\/www.causeur.fr\/author\/pdavid\">Philippe David<\/a><\/span><\/p>\n<p style=\"text-align: justify;\"><span style=\"font-family: times new roman, times, serif; font-size: 14pt;\">est journaliste et auteur de <em>Virons Dieu du d\u00e9bat politique !<\/em> (\u00c9d. Fauves). On l&rsquo;entend sur Sud Radio.<\/span><\/p>\n<p>&nbsp;<\/p>\n<p style=\"text-align: left;\"><span style=\"font-family: times new roman, times, serif;\"><strong><span style=\"font-size: 14pt;\">URL de cet article :<\/span><\/strong> <a href=\"http:\/\/blog.lesgrossesorchadeslesamplesthalameges.fr\/index.php\/la-principale-victime-du-coronavirus-30-ans-dideologie-dominante\/\"><span style=\"font-size: 14pt;\">http:\/\/blog.lesgrossesorchadeslesamplesthalameges.fr\/index.php\/la-principale-victime-du-coronavirus-30-ans-dideologie-dominante\/<\/span><\/a><\/span><\/p>\n<p>&nbsp;<\/p>\n<p>&nbsp;<\/p>\n<p>&nbsp;<\/p>\n<p style=\"text-align: center;\"><a href=\"http:\/\/blog.lesgrossesorchadeslesamplesthalameges.fr\/wp-content\/uploads\/2020\/03\/CHAUVE-SOURIS-3-GIF-1.gif\"><img loading=\"lazy\" class=\"alignnone wp-image-8931\" src=\"http:\/\/blog.lesgrossesorchadeslesamplesthalameges.fr\/wp-content\/uploads\/2020\/03\/CHAUVE-SOURIS-3-GIF-1.gif\" alt=\"\" width=\"150\" height=\"60\" \/><\/a><\/p>\n<p>&nbsp;<\/p>\n<p>&nbsp;<\/p>\n<p style=\"text-align: right;\"><span style=\"font-family: comic sans ms, sans-serif;\">Mars 2020<\/span><\/p>\n<p>&nbsp;<\/p>\n<p>&nbsp;<\/p>\n","protected":false},"excerpt":{"rendered":"<p>&nbsp; &nbsp; &nbsp; &nbsp; &nbsp; &nbsp; La principale victime du coronavirus ? 30 ans d\u2019id\u00e9ologie dominante\u2026 &nbsp; La pand\u00e9mie de coronavirus met notre pays, et d\u2019autres comme l\u2019Italie, sens dessus dessous. &nbsp; Philippe David \u2013 Causeur \u2013 18.3.2020 \u00a0 \u00a0 \u00a0 &nbsp; &nbsp; Rues vides, bars et restaurants ferm\u00e9s, usines \u00e0 l\u2019arr\u00eat au point de&#8230;<\/p>\n","protected":false},"author":1,"featured_media":0,"parent":0,"menu_order":0,"comment_status":"open","ping_status":"open","template":"","meta":[],"_links":{"self":[{"href":"https:\/\/blog.lesgrossesorchadeslesamplesthalameges.fr\/index.php\/wp-json\/wp\/v2\/pages\/8949"}],"collection":[{"href":"https:\/\/blog.lesgrossesorchadeslesamplesthalameges.fr\/index.php\/wp-json\/wp\/v2\/pages"}],"about":[{"href":"https:\/\/blog.lesgrossesorchadeslesamplesthalameges.fr\/index.php\/wp-json\/wp\/v2\/types\/page"}],"author":[{"embeddable":true,"href":"https:\/\/blog.lesgrossesorchadeslesamplesthalameges.fr\/index.php\/wp-json\/wp\/v2\/users\/1"}],"replies":[{"embeddable":true,"href":"https:\/\/blog.lesgrossesorchadeslesamplesthalameges.fr\/index.php\/wp-json\/wp\/v2\/comments?post=8949"}],"version-history":[{"count":0,"href":"https:\/\/blog.lesgrossesorchadeslesamplesthalameges.fr\/index.php\/wp-json\/wp\/v2\/pages\/8949\/revisions"}],"wp:attachment":[{"href":"https:\/\/blog.lesgrossesorchadeslesamplesthalameges.fr\/index.php\/wp-json\/wp\/v2\/media?parent=8949"}],"curies":[{"name":"wp","href":"https:\/\/api.w.org\/{rel}","templated":true}]}}