{"id":9123,"date":"2020-03-26T00:52:15","date_gmt":"2020-03-25T23:52:15","guid":{"rendered":"http:\/\/blog.lesgrossesorchadeslesamplesthalameges.fr\/?page_id=9123"},"modified":"2020-03-26T02:10:29","modified_gmt":"2020-03-26T01:10:29","slug":"9123-2","status":"publish","type":"page","link":"https:\/\/blog.lesgrossesorchadeslesamplesthalameges.fr\/index.php\/9123-2\/","title":{"rendered":"La Belgique a d\u00e9truit son stock de masques FFP2 en f\u00e9vrier 2019&#8230; sans le remplacer"},"content":{"rendered":"<p><span style=\"font-size: 14pt; font-family: times new roman, times, serif;\"><strong><em>\u00a0<\/em><\/strong><\/span><\/p>\n<p><span style=\"font-size: 14pt; font-family: times new roman, times, serif;\"><strong><em>\u00a0<\/em><\/strong><\/span><\/p>\n<p>&nbsp;<\/p>\n<p>&nbsp;<\/p>\n<p>&nbsp;<\/p>\n<p>&nbsp;<\/p>\n<p style=\"text-align: center;\"><span style=\"font-size: 36pt; font-family: times new roman, times, serif;\"><strong>La Belgique a d\u00e9truit son stock de masques FFP2 en f\u00e9vrier 2019&#8230; sans le remplacer<\/strong><\/span><\/p>\n<p style=\"text-align: center;\"><span style=\"font-size: 24pt; font-family: times new roman, times, serif;\"><em>\u00ab\u00a0\u00c9conomie, \u00e9conomie, Horatio\u2026\u00a0\u00bb<\/em><\/span><\/p>\n<p style=\"text-align: center;\"><span style=\"font-size: 24pt; font-family: times new roman, times, serif;\"><strong><em>\u00a0<\/em><\/strong><\/span><\/p>\n<p style=\"text-align: center;\"><span style=\"font-size: 18pt; font-family: times new roman, times, serif;\"><strong><em>RTBF.be \u00a0\u2013 23.3.2020<\/em><\/strong><\/span><\/p>\n<p style=\"text-align: center;\"><span style=\"font-size: 18pt; font-family: times new roman, times, serif;\"><strong><em>\u00a0<\/em><\/strong><\/span><\/p>\n<p><span style=\"font-size: 14pt; font-family: times new roman, times, serif;\"><a href=\"https:\/\/www.rtbf.be\/info\/belgique\/detail_la-belgique-a-detruit-son-stock-de-masques-ffp2-en-fevrier-2019-sans-le-remplacer?id=10465547\">\u00a0<\/a><\/span><\/p>\n<p style=\"text-align: center;\"><a href=\"http:\/\/blog.lesgrossesorchadeslesamplesthalameges.fr\/wp-content\/uploads\/2020\/03\/Maggie-de-Bock-1.jpg\"><img loading=\"lazy\" class=\"alignnone wp-image-9124 size-full\" src=\"http:\/\/blog.lesgrossesorchadeslesamplesthalameges.fr\/wp-content\/uploads\/2020\/03\/Maggie-de-Bock-1.jpg\" alt=\"\" width=\"600\" height=\"337\" srcset=\"https:\/\/blog.lesgrossesorchadeslesamplesthalameges.fr\/wp-content\/uploads\/2020\/03\/Maggie-de-Bock-1.jpg 600w, https:\/\/blog.lesgrossesorchadeslesamplesthalameges.fr\/wp-content\/uploads\/2020\/03\/Maggie-de-Bock-1-300x169.jpg 300w\" sizes=\"(max-width: 600px) 100vw, 600px\" \/><\/a><\/p>\n<p style=\"text-align: center;\"><span style=\"font-size: 12pt; font-family: times new roman, times, serif;\"><strong><em>Maggie De Bock, ministre belge de la Sant\u00e9, des Affaires Sociales, de la Politique d\u2019Asile et des Migrations, le 20 mars 2020 \u00e0 Bruxelles<\/em><\/strong><\/span><\/p>\n<p><span style=\"font-size: 14pt; font-family: times new roman, times, serif;\"><strong>\u00a0<\/strong><\/span><\/p>\n<p><span style=\"font-size: 14pt; font-family: times new roman, times, serif;\"><strong>\u00a0<\/strong><\/span><\/p>\n<p style=\"text-align: justify;\"><span style=\"font-size: 14pt; font-family: tahoma, arial, helvetica, sans-serif;\"><strong>L&rsquo;an dernier, la Belgique a proc\u00e9d\u00e9 \u00e0 la destruction d&rsquo;un stock strat\u00e9gique de plusieurs millions de masques de protection de type FFP2 qui \u00e9taient parvenus \u00e0 leur date de p\u00e9remption, mais sans proc\u00e9der \u00e0 leur renouvellement par souci d&rsquo;\u00e9conomie, <\/strong><a href=\"https:\/\/www.levif.be\/actualite\/belgique\/quand-maggie-de-block-faisait-detruire-six-millions-de-masques-efficaces-contre-le-coronavirus\/article-normal-1268215.html\"><strong>rapporte lundi Le Vif sur son site internet<\/strong><\/a>.<\/span><\/p>\n<p><span style=\"font-size: 14pt; font-family: times new roman, times, serif;\"><strong>\u00a0<\/strong><\/span><\/p>\n<p style=\"text-align: justify;\"><span style=\"font-size: 14pt; font-family: times new roman, times, serif;\">Ces quelque six millions de masques FFP2 avaient \u00e9t\u00e9 acquis \u00e0 l&rsquo;occasion de l&rsquo;\u00e9pid\u00e9mie de grippe H1N1 en 2009.<\/span><\/p>\n<p style=\"text-align: justify;\"><span style=\"font-size: 14pt; font-family: times new roman, times, serif;\">L&rsquo;an dernier, le gouvernement avait toutefois d\u00e9cid\u00e9 de proc\u00e9der \u00e0 la destruction de ces masques, ceux-ci ayant atteint leur date de p\u00e9remption.<\/span><\/p>\n<p style=\"text-align: justify;\"><span style=\"font-size: 14pt; font-family: times new roman, times, serif;\">Mais par souci d&rsquo;\u00e9conomie dans le budget des soins de sant\u00e9, la ministre Maggie De Block a d\u00e9cid\u00e9 de ne pas renouveler cette r\u00e9serve, affirme le site d&rsquo;info<\/span><\/p>\n<p style=\"text-align: justify;\"><span style=\"font-size: 14pt; font-family: times new roman, times, serif;\">Celui-ci appuie ses informations sur base d&rsquo;une copie du proc\u00e8s-verbal de la r\u00e9union du 6 f\u00e9vrier dernier du <em>Risk Management Group<\/em>, que le Vif s&rsquo;est procur\u00e9e.<\/span><\/p>\n<p style=\"text-align: justify;\"><span style=\"font-size: 14pt; font-family: times new roman, times, serif;\">Depuis l&rsquo;\u00e9mergence du coronavirus SARS-CoV-2 en Europe, les autorit\u00e9s belges cherchent tous azimuts \u00e0 se procurer des masques de protection, notamment de type FFP2 lesquels font cruellement d\u00e9faut aupr\u00e8s du personnel m\u00e9dical appel\u00e9 \u00e0 soigner les personnes atteintes, ou soup\u00e7onn\u00e9es d&rsquo;\u00eatre atteintes, par la maladie.<\/span><\/p>\n<p style=\"text-align: justify;\"><span style=\"font-size: 14pt; font-family: times new roman, times, serif;\">Selon les derni\u00e8res donn\u00e9es livr\u00e9es par les autorit\u00e9s sanitaires lundi, la Belgique compte 3.743 cas confirm\u00e9s de Covid-19 sur son territoire. Pas moins de 1.643 personnes ont d\u00fb \u00eatre hospitalis\u00e9es, et 88 ont perdu la vie.<\/span><\/p>\n<p style=\"text-align: left;\"><span style=\"font-size: 14pt; font-family: times new roman, times, serif;\">Source\u00a0: <a href=\"https:\/\/www.rtbf.be\/info\/belgique\/detail_la-belgique-a-detruit-son-stock-de-masques-ffp2-en-fevrier-2019-sans-le-remplacer?id=10465547\">https:\/\/www.rtbf.be\/info\/belgique\/detail_la-belgique-a-detruit-son-stock-de-masques-ffp2-en-fevrier-2019-sans-le-remplacer?id=10465547<\/a><\/span><\/p>\n<p>&nbsp;<\/p>\n<p style=\"text-align: left;\"><strong><span style=\"font-size: 18pt; color: #c00000;\"><em><span style=\"font-family: times new roman, times, serif;\">Des masques atteignant leur date de p\u00e9remption, comme le premier quart de Brie venu\u2026 riez, c\u2019est une histoire belge.<\/span><\/em><\/span><\/strong><\/p>\n<p>&nbsp;<\/p>\n<p>&nbsp;<\/p>\n<p style=\"text-align: center;\"><a href=\"http:\/\/blog.lesgrossesorchadeslesamplesthalameges.fr\/wp-content\/uploads\/2020\/03\/Ob\u00e9is-GIF.gif\"><img loading=\"lazy\" class=\"alignnone wp-image-9087\" src=\"http:\/\/blog.lesgrossesorchadeslesamplesthalameges.fr\/wp-content\/uploads\/2020\/03\/Ob\u00e9is-GIF.gif\" alt=\"\" width=\"150\" height=\"114\" \/><\/a><\/p>\n<p>&nbsp;<\/p>\n<p>&nbsp;<\/p>\n<p><span style=\"font-size: 18pt; font-family: times new roman, times, serif; color: #c00000;\"><strong><em>Heureusement, il y a les Chinois\u2026<\/em><\/strong><\/span><\/p>\n<p><span style=\"font-size: 14pt; font-family: times new roman, times, serif;\"><strong><em>\u00a0<\/em><\/strong><\/span><\/p>\n<p style=\"text-align: center;\"><span style=\"font-size: 36pt; font-family: times new roman, times, serif;\"><strong>Coronavirus\u00a0: Les 5 millions de masques arriv\u00e9s de Chine \u00a0en Belgique achemin\u00e9s vers les h\u00f4pitaux<\/strong><\/span><\/p>\n<p style=\"text-align: center;\"><span style=\"font-size: 36pt; font-family: times new roman, times, serif;\"><strong>RTBF.be <\/strong><strong>\u00a0<\/strong><\/span><\/p>\n<p><span style=\"font-size: 14pt; font-family: times new roman, times, serif;\"><strong>\u00a0<\/strong><\/span><\/p>\n<p style=\"text-align: center;\"><a href=\"http:\/\/blog.lesgrossesorchadeslesamplesthalameges.fr\/wp-content\/uploads\/2020\/03\/MASQUES-BIERSET.jpg\"><img loading=\"lazy\" class=\"alignnone wp-image-9125 size-full\" src=\"http:\/\/blog.lesgrossesorchadeslesamplesthalameges.fr\/wp-content\/uploads\/2020\/03\/MASQUES-BIERSET.jpg\" alt=\"\" width=\"600\" height=\"337\" srcset=\"https:\/\/blog.lesgrossesorchadeslesamplesthalameges.fr\/wp-content\/uploads\/2020\/03\/MASQUES-BIERSET.jpg 600w, https:\/\/blog.lesgrossesorchadeslesamplesthalameges.fr\/wp-content\/uploads\/2020\/03\/MASQUES-BIERSET-300x169.jpg 300w\" sizes=\"(max-width: 600px) 100vw, 600px\" \/><\/a><\/p>\n<p><span style=\"font-size: 14pt; font-family: times new roman, times, serif;\"><strong>\u00a0<\/strong><\/span><\/p>\n<p style=\"text-align: justify;\"><span style=\"font-size: 14pt; font-family: times new roman, times, serif;\"><strong><span style=\"font-family: tahoma, arial, helvetica, sans-serif;\">De quoi soulager, et travailler un peu plus sereinement dans les h\u00f4pitaux\u2026 en \u00e9tant en tout cas mieux prot\u00e9g\u00e9s : 5\u00a0millions de masques ont atterri cette nuit \u00e0 l\u2019a\u00e9roport de Bierset (Li\u00e8ge) en provenance de Shangha\u00ef.<\/span> <\/strong><\/span><\/p>\n<p>&nbsp;<\/p>\n<p style=\"text-align: justify;\"><span style=\"font-size: 14pt; font-family: times new roman, times, serif;\">Le pr\u00e9cieux mat\u00e9riel a \u00e9t\u00e9 imm\u00e9diatement\u00a0charg\u00e9 dans des v\u00e9hicules de la Protection civile et transf\u00e9r\u00e9 \u00e0 la caserne de Peutie sous haute surveillance, pour \u00e9viter les tentations, la recrudescence des vols, vu l\u2019\u00e9normit\u00e9 des besoins. Luc Partoune, le patron de Li\u00e8ge Airport, ne cachait pas, cette nuit, sa satisfaction\u00a0:<\/span><\/p>\n<p>&nbsp;<\/p>\n<p style=\"text-align: justify; padding-left: 90px;\"><span style=\"font-size: 14pt; font-family: times new roman, times, serif;\">\u00ab\u00a0<em>Le besoin de masques est \u00e9norme. Il n\u2019y a pas que les h\u00f4pitaux, il y a les pharmacies. Cela va tout de m\u00eame rel\u00e2cher\u00a0la tension qui commen\u00e7ait \u00e0 \u00eatre palpable au niveau des centres hospitaliers. Par ailleurs, nous sommes heureux du r\u00f4le important qu\u2019un a\u00e9roport Cargo peut jouer.<\/em>\u00a0\u00bb\u00a0<\/span><\/p>\n<p>&nbsp;<\/p>\n<p style=\"text-align: justify;\"><span style=\"font-size: 14pt; font-family: times new roman, times, serif;\"><a href=\"https:\/\/www.rtbf.be\/info\/societe\/detail_coronavirus-ce-n-est-pas-sur-que-les-commandes-de-masques-arrivent-en-belgique?id=10458280\">Apr\u00e8s avoir subi une fraude venant de Turquie<\/a>\u00a0et\u00a0<a href=\"https:\/\/www.rtbf.be\/info\/societe\/detail_penurie-de-masques-pour-le-personnel-medical-et-si-vous-leur-en-fabriquiez-un?id=10458661\">apr\u00e8s avoir risqu\u00e9 la p\u00e9nurie<\/a>, la Belgique s\u2019offre donc un moment de r\u00e9pit dans la course aux masques.<\/span><\/p>\n<p><span style=\"font-size: 14pt; font-family: times new roman, times, serif;\">Source\u00a0: <a href=\"https:\/\/www.rtbf.be\/info\/societe\/detail_coronavirus-5-millions-de-masques-vont-enfin-arriver-en-belgique?id=10462764\">https:\/\/www.rtbf.be\/info\/societe\/detail_coronavirus-5-millions-de-masques-vont-enfin-arriver-en-belgique?id=10462764<\/a> <\/span><br \/>\n<span style=\"font-size: 14pt; font-family: times new roman, times, serif;\">\u00a0<\/span><\/p>\n<p style=\"text-align: left;\"><strong><span style=\"font-family: times new roman, times, serif; font-size: 14pt;\">URL de ces articles : <\/span><\/strong><a href=\"http:\/\/blog.lesgrossesorchadeslesamplesthalameges.fr\/index.php\/9123-2\/\"><span style=\"font-family: times new roman, times, serif; font-size: 14pt;\">http:\/\/blog.lesgrossesorchadeslesamplesthalameges.fr\/index.php\/9123-2\/<\/span><\/a><\/p>\n<p>&nbsp;<\/p>\n<p style=\"text-align: center;\"><a href=\"http:\/\/blog.lesgrossesorchadeslesamplesthalameges.fr\/wp-content\/uploads\/2020\/03\/Ob\u00e9is-GIF.gif\"><img loading=\"lazy\" class=\"alignnone wp-image-9087\" src=\"http:\/\/blog.lesgrossesorchadeslesamplesthalameges.fr\/wp-content\/uploads\/2020\/03\/Ob\u00e9is-GIF.gif\" alt=\"\" width=\"150\" height=\"114\" \/><\/a><\/p>\n<p>&nbsp;<\/p>\n<p>&nbsp;<\/p>\n<p style=\"text-align: right;\"><span style=\"font-family: comic sans ms, sans-serif; font-size: 14pt;\">Mars 2020<\/span><\/p>\n<p>&nbsp;<\/p>\n<p>&nbsp;<\/p>\n","protected":false},"excerpt":{"rendered":"<p>\u00a0 \u00a0 &nbsp; &nbsp; &nbsp; &nbsp; La Belgique a d\u00e9truit son stock de masques FFP2 en f\u00e9vrier 2019&#8230; sans le remplacer \u00ab\u00a0\u00c9conomie, \u00e9conomie, Horatio\u2026\u00a0\u00bb \u00a0 RTBF.be \u00a0\u2013 23.3.2020 \u00a0 \u00a0 Maggie De Bock, ministre belge de la Sant\u00e9, des Affaires Sociales, de la Politique d\u2019Asile et des Migrations, le 20 mars 2020 \u00e0 Bruxelles \u00a0&#8230;<\/p>\n","protected":false},"author":1,"featured_media":0,"parent":0,"menu_order":0,"comment_status":"open","ping_status":"open","template":"","meta":[],"_links":{"self":[{"href":"https:\/\/blog.lesgrossesorchadeslesamplesthalameges.fr\/index.php\/wp-json\/wp\/v2\/pages\/9123"}],"collection":[{"href":"https:\/\/blog.lesgrossesorchadeslesamplesthalameges.fr\/index.php\/wp-json\/wp\/v2\/pages"}],"about":[{"href":"https:\/\/blog.lesgrossesorchadeslesamplesthalameges.fr\/index.php\/wp-json\/wp\/v2\/types\/page"}],"author":[{"embeddable":true,"href":"https:\/\/blog.lesgrossesorchadeslesamplesthalameges.fr\/index.php\/wp-json\/wp\/v2\/users\/1"}],"replies":[{"embeddable":true,"href":"https:\/\/blog.lesgrossesorchadeslesamplesthalameges.fr\/index.php\/wp-json\/wp\/v2\/comments?post=9123"}],"version-history":[{"count":0,"href":"https:\/\/blog.lesgrossesorchadeslesamplesthalameges.fr\/index.php\/wp-json\/wp\/v2\/pages\/9123\/revisions"}],"wp:attachment":[{"href":"https:\/\/blog.lesgrossesorchadeslesamplesthalameges.fr\/index.php\/wp-json\/wp\/v2\/media?parent=9123"}],"curies":[{"name":"wp","href":"https:\/\/api.w.org\/{rel}","templated":true}]}}