{"id":9136,"date":"2020-03-26T01:06:12","date_gmt":"2020-03-26T00:06:12","guid":{"rendered":"http:\/\/blog.lesgrossesorchadeslesamplesthalameges.fr\/?page_id=9136"},"modified":"2020-03-26T01:08:32","modified_gmt":"2020-03-26T00:08:32","slug":"9136-2","status":"publish","type":"page","link":"https:\/\/blog.lesgrossesorchadeslesamplesthalameges.fr\/index.php\/9136-2\/","title":{"rendered":"Il y a cinq ans, l\u2019h\u00f4pital \u00e9tait d\u00e9j\u00e0 \u00e0 bout"},"content":{"rendered":"<p>&nbsp;<\/p>\n<p>&nbsp;<\/p>\n<p>&nbsp;<\/p>\n<p>&nbsp;<\/p>\n<p>&nbsp;<\/p>\n<p>&nbsp;<\/p>\n<p style=\"text-align: center;\"><span style=\"font-family: times new roman, times, serif; font-size: 14pt;\"><strong><em>Pourquoi nous manquons d\u2019infirmi\u00e8res dans les h\u00f4pitaux aujourd\u2019hui\u00a0?<\/em><\/strong><\/span><\/p>\n<p>&nbsp;<\/p>\n<p style=\"text-align: center;\"><span style=\"font-family: times new roman, times, serif; font-size: 36pt;\"><strong>Il y a cinq ans, l\u2019h\u00f4pital \u00e9tait d\u00e9j\u00e0 \u00e0 bout<\/strong><\/span><\/p>\n<p style=\"text-align: justify;\"><span style=\"font-family: times new roman, times, serif; font-size: 14pt;\"><strong>\u00a0<\/strong><\/span><\/p>\n<p style=\"text-align: center;\"><span style=\"font-family: times new roman, times, serif; font-size: 14pt;\"><strong>Daniel Mermet \u2013 <em>L\u00e0-Bas si j\u2019y suis<\/em> \u2013 20.3.2020<\/strong><\/span><\/p>\n<p>&nbsp;<\/p>\n<p>&nbsp;<\/p>\n<p style=\"text-align: center;\"><a href=\"http:\/\/blog.lesgrossesorchadeslesamplesthalameges.fr\/wp-content\/uploads\/2020\/03\/infirmi\u00e8re-Mermet-1.jpg\"><img loading=\"lazy\" class=\"alignnone wp-image-9140\" src=\"http:\/\/blog.lesgrossesorchadeslesamplesthalameges.fr\/wp-content\/uploads\/2020\/03\/infirmi\u00e8re-Mermet-1-300x103.jpg\" alt=\"\" width=\"500\" height=\"172\" srcset=\"https:\/\/blog.lesgrossesorchadeslesamplesthalameges.fr\/wp-content\/uploads\/2020\/03\/infirmi\u00e8re-Mermet-1-300x103.jpg 300w, https:\/\/blog.lesgrossesorchadeslesamplesthalameges.fr\/wp-content\/uploads\/2020\/03\/infirmi\u00e8re-Mermet-1.jpg 600w\" sizes=\"(max-width: 500px) 100vw, 500px\" \/><\/a><\/p>\n<p>&nbsp;<\/p>\n<p>&nbsp;<\/p>\n<p style=\"text-align: justify;\"><span style=\"font-family: tahoma, arial, helvetica, sans-serif; font-size: 14pt;\"><strong>Il y a cinq ans, la lettre d\u2019une infirmi\u00e8re nous avait tous boulevers\u00e9s. Cl\u00e9mentine disait \u00e0 Martin Hirsch pourquoi elle d\u00e9missionnait. Un incident insignifiant dans la casse globale de l\u2019h\u00f4pital.<\/strong><\/span><\/p>\n<p style=\"text-align: justify;\"><span style=\"font-family: tahoma, arial, helvetica, sans-serif; font-size: 14pt;\"><strong>Sauf que cette vid\u00e9o a \u00e9t\u00e9 vue des centaines de milliers de fois, Cl\u00e9mentine a \u00e9t\u00e9 invit\u00e9e partout dans les m\u00e9dias. Le sujet n\u2019\u00e9tait pas nouveau. La destruction syst\u00e9matique du secteur public dure depuis bient\u00f4t 40 ans, en application de l\u2019id\u00e9ologie n\u00e9o-lib\u00e9rale <\/strong><\/span><\/p>\n<p style=\"text-align: justify;\"><span style=\"font-family: tahoma, arial, helvetica, sans-serif; font-size: 14pt;\"><strong>Si la crise monstrueuse que nous subissons aujourd\u2019hui entra\u00eene des r\u00e9ponses difficiles, une grande partie des dysfonctionnements mortels qui se multiplient sont le r\u00e9sultat direct de cette id\u00e9ologie criminelle.<\/strong><\/span><\/p>\n<p style=\"text-align: justify;\"><span style=\"font-family: times new roman, times, serif; font-size: 14pt;\"><strong>\u00a0<\/strong><\/span><\/p>\n<p style=\"text-align: justify;\"><span style=\"font-family: times new roman, times, serif; font-size: 14pt;\"><strong>\u00a0<\/strong><\/span><\/p>\n<p style=\"text-align: center;\"><span style=\"font-family: times new roman, times, serif; font-size: 18pt;\"><strong>Lettre d&rsquo;une infirmi\u00e8re en lutte \u00e0 Martin Hirsch <em>par <\/em><\/strong><a href=\"https:\/\/vimeo.com\/labas\"><strong><em>L\u00e0-bas si j&rsquo;y suis<\/em><\/strong><\/a><\/span><\/p>\n<p style=\"text-align: justify;\"><span style=\"font-family: times new roman, times, serif; font-size: 14pt;\"><strong>\u00a0<\/strong><\/span><\/p>\n<p style=\"text-align: center;\"><span style=\"font-family: times new roman, times, serif; font-size: 14pt;\"><iframe loading=\"lazy\" title=\"vimeo-player\" src=\"\/\/player.vimeo.com\/video\/129938870?title=0&amp;amp;byline=0\" width=\"640\" height=\"360\" frameborder=\"0\" allowfullscreen=\"allowfullscreen\"><\/iframe><\/span><\/p>\n<p>&nbsp;<\/p>\n<p style=\"text-align: justify;\"><span style=\"font-family: times new roman, times, serif; font-size: 14pt;\">Depuis le t\u00e9moignage de Cl\u00e9mentine, des milliers de lits ont encore \u00e9t\u00e9 ferm\u00e9s, des milliers d\u2019emplois hospitaliers ont encore \u00e9t\u00e9 supprim\u00e9s. Mais, aujourd\u2019hui, panique, faute de lits, il faut trier les vivants et les morts. Et on recrute des infirmi\u00e8res \u00e0 grands cris.<\/span><\/p>\n<p style=\"text-align: justify;\"><span style=\"font-family: times new roman, times, serif; font-size: 14pt;\">C\u2019est bien d\u2019applaudir chaque soir \u00e0 20 heures nos h\u00e9ros en blouse blanche, c\u2019est joli. \u00c7a fait plaisir \u00e0 la bande \u00e0 Macron, toujours preneur et toujours voleur des grandes \u00e9motions collectives d\u2019un peuple d\u00e9sempar\u00e9. Ce serait mieux de traiter correctement ces petits personnels qui nous bercent et qui nous torchent. Dans le pays des milliardaires du luxe, des infirmi\u00e8res sont sacrifi\u00e9es pour 1\u00a0600 euros, sans m\u00eame \u00eatre toujours \u00e9quip\u00e9es d\u2019un masque en papier. Les infirmi\u00e8res des h\u00f4pitaux en France sont parmi les plus mal pay\u00e9es d\u2019Europe. Peut-on les recruter seulement en leur promettant des compliments plein de reconnaissance et des applaudissements chaque soir \u00e0 20 heures\u00a0?<\/span><\/p>\n<p style=\"text-align: justify;\"><span style=\"font-family: times new roman, times, serif; font-size: 14pt;\">Robert, un abonn\u00e9 modeste et g\u00e9nial, sugg\u00e8re une id\u00e9e\u00a0: <em>\u00ab\u00a0imaginons que maintenant, les infirmi\u00e8r(es) jouent la loi du march\u00e9 et disent\u00a0: notre salaire doubl\u00e9 si vous voulez qu\u2019on soigne\u00a0!<\/em>\u00a0[<a href=\"https:\/\/la-bas.org\/la-bas-magazine\/reportages\/Il-y-a-cinq-ans-l-hopital-etait-deja-a-bout#nb1\">1<\/a>]<em>\u00a0\u00bb<\/em><\/span><\/p>\n<p style=\"text-align: justify;\"><span style=\"font-family: times new roman, times, serif; font-size: 14pt;\">__________________________\u00a0\u00a0<\/span><\/p>\n<h2 style=\"text-align: justify;\"><span style=\"font-family: times new roman, times, serif; font-size: 14pt;\">Notes<\/span><\/h2>\n<h2 style=\"text-align: justify;\"><span style=\"font-family: times new roman, times, serif; font-size: 14pt;\">[<a href=\"https:\/\/la-bas.org\/la-bas-magazine\/reportages\/Il-y-a-cinq-ans-l-hopital-etait-deja-a-bout#nh1\">1<\/a>]\u00a0L\u00e0-bas si j\u2019y suis, <a href=\"https:\/\/la-bas.org\/la-bas-magazine\/entretiens\/a-20-heures-on-applaudit-nos-heros-en-blouse-blanche\">\u00ab\u00a0\u00c0 20 heures, on applaudit nos h\u00e9ros en blouse blanche\u00a0\u00bb<\/a>, 20 mars 2020.<\/span><\/h2>\n<p>&nbsp;<\/p>\n<p style=\"text-align: left;\"><span style=\"font-family: times new roman, times, serif; font-size: 14pt;\">URL de cet article : <a href=\"http:\/\/blog.lesgrossesorchadeslesamplesthalameges.fr\/index.php\/9136-2\/\">http:\/\/blog.lesgrossesorchadeslesamplesthalameges.fr\/index.php\/9136-2\/<\/a> <\/span><\/p>\n<p>&nbsp;<\/p>\n<p>&nbsp;<\/p>\n<p style=\"text-align: center;\"><a href=\"http:\/\/blog.lesgrossesorchadeslesamplesthalameges.fr\/wp-content\/uploads\/2020\/03\/Ob\u00e9is-GIF.gif\"><img loading=\"lazy\" class=\"alignnone wp-image-9087\" src=\"http:\/\/blog.lesgrossesorchadeslesamplesthalameges.fr\/wp-content\/uploads\/2020\/03\/Ob\u00e9is-GIF.gif\" alt=\"\" width=\"130\" height=\"99\" \/><\/a><\/p>\n<p>&nbsp;<\/p>\n<p style=\"text-align: right;\"><span style=\"font-family: comic sans ms, sans-serif; font-size: 14pt;\">Mars 2020<\/span><\/p>\n<p>&nbsp;<\/p>\n<p>&nbsp;<\/p>\n","protected":false},"excerpt":{"rendered":"<p>&nbsp; &nbsp; &nbsp; &nbsp; &nbsp; &nbsp; Pourquoi nous manquons d\u2019infirmi\u00e8res dans les h\u00f4pitaux aujourd\u2019hui\u00a0? &nbsp; Il y a cinq ans, l\u2019h\u00f4pital \u00e9tait d\u00e9j\u00e0 \u00e0 bout \u00a0 Daniel Mermet \u2013 L\u00e0-Bas si j\u2019y suis \u2013 20.3.2020 &nbsp; &nbsp; &nbsp; &nbsp; Il y a cinq ans, la lettre d\u2019une infirmi\u00e8re nous avait tous boulevers\u00e9s. Cl\u00e9mentine disait \u00e0&#8230;<\/p>\n","protected":false},"author":1,"featured_media":0,"parent":0,"menu_order":0,"comment_status":"open","ping_status":"open","template":"","meta":[],"_links":{"self":[{"href":"https:\/\/blog.lesgrossesorchadeslesamplesthalameges.fr\/index.php\/wp-json\/wp\/v2\/pages\/9136"}],"collection":[{"href":"https:\/\/blog.lesgrossesorchadeslesamplesthalameges.fr\/index.php\/wp-json\/wp\/v2\/pages"}],"about":[{"href":"https:\/\/blog.lesgrossesorchadeslesamplesthalameges.fr\/index.php\/wp-json\/wp\/v2\/types\/page"}],"author":[{"embeddable":true,"href":"https:\/\/blog.lesgrossesorchadeslesamplesthalameges.fr\/index.php\/wp-json\/wp\/v2\/users\/1"}],"replies":[{"embeddable":true,"href":"https:\/\/blog.lesgrossesorchadeslesamplesthalameges.fr\/index.php\/wp-json\/wp\/v2\/comments?post=9136"}],"version-history":[{"count":0,"href":"https:\/\/blog.lesgrossesorchadeslesamplesthalameges.fr\/index.php\/wp-json\/wp\/v2\/pages\/9136\/revisions"}],"wp:attachment":[{"href":"https:\/\/blog.lesgrossesorchadeslesamplesthalameges.fr\/index.php\/wp-json\/wp\/v2\/media?parent=9136"}],"curies":[{"name":"wp","href":"https:\/\/api.w.org\/{rel}","templated":true}]}}