{"id":9146,"date":"2020-03-26T01:19:31","date_gmt":"2020-03-26T00:19:31","guid":{"rendered":"http:\/\/blog.lesgrossesorchadeslesamplesthalameges.fr\/?page_id=9146"},"modified":"2020-03-26T02:11:00","modified_gmt":"2020-03-26T01:11:00","slug":"9146-2","status":"publish","type":"page","link":"https:\/\/blog.lesgrossesorchadeslesamplesthalameges.fr\/index.php\/9146-2\/","title":{"rendered":"Confinement : Mathieu est de mauvaise humeur"},"content":{"rendered":"<p>&nbsp;<\/p>\n<p>&nbsp;<\/p>\n<p>&nbsp;<\/p>\n<p>&nbsp;<\/p>\n<p>&nbsp;<\/p>\n<p style=\"text-align: justify;\"><span style=\"font-family: times new roman, times, serif; font-size: 14pt;\"><strong>\u00a0<\/strong><\/span><\/p>\n<p style=\"text-align: center;\"><span style=\"font-family: times new roman, times, serif; font-size: 36pt;\"><strong>Confinement : Mathieu est de mauvaise humeur<\/strong><\/span><\/p>\n<p style=\"text-align: justify;\"><span style=\"font-family: times new roman, times, serif; font-size: 14pt;\"><strong>\u00a0<\/strong><\/span><\/p>\n<p style=\"text-align: center;\"><span style=\"font-family: times new roman, times, serif; font-size: 18pt;\"><strong>Mathieu Morel \u2013 <em>Vu du droit<\/em> \u2013 25.3.2020<\/strong><\/span><\/p>\n<p>&nbsp;<\/p>\n<p style=\"text-align: center;\"><a href=\"http:\/\/blog.lesgrossesorchadeslesamplesthalameges.fr\/wp-content\/uploads\/2020\/03\/GRRRR-GIF-1.gif\"><img loading=\"lazy\" class=\"alignnone wp-image-9147\" src=\"http:\/\/blog.lesgrossesorchadeslesamplesthalameges.fr\/wp-content\/uploads\/2020\/03\/GRRRR-GIF-1-300x118.gif\" alt=\"\" width=\"500\" height=\"197\" \/><\/a><\/p>\n<p style=\"text-align: justify;\"><span style=\"font-family: times new roman, times, serif; font-size: 14pt;\"><em>\u00a0<\/em><\/span><\/p>\n<p style=\"text-align: justify;\"><span style=\"font-family: times new roman, times, serif; font-size: 14pt;\"><em>\u00ab Mathieu Morel, confinement oblige, semble \u00eatre de mauvaise humeur<\/em><\/span><\/p>\n<p style=\"text-align: justify;\"><span style=\"font-family: times new roman, times, serif; font-size: 14pt;\"><em>\u2014<\/em> <em>Mathieu<\/em> <em>est toujours de mauvaise humeur<\/em>. \u00bb<\/span><\/p>\n<p>&nbsp;<\/p>\n<p style=\"text-align: justify;\"><span style=\"font-family: times new roman, times, serif; font-size: 24pt;\"><strong>Confinement jour 8<\/strong><\/span><\/p>\n<p>&nbsp;<\/p>\n<p style=\"text-align: justify;\"><span style=\"font-family: times new roman, times, serif; font-size: 18pt;\"><strong>Clemenceau ?<\/strong><\/span><\/p>\n<p style=\"text-align: justify;\"><span style=\"font-family: times new roman, times, serif; font-size: 14pt;\">\u00ab\u00a0Il va falloir vous habituer \u00e0 voir le pr\u00e9sident de la R\u00e9publique au contact sur le terrain : C\u2019est Clemenceau dans les tranch\u00e9es\u00bb : telle est la r\u00e9ponse de l\u2019\u00c9lys\u00e9e \u00e0 ceux qui s\u2019inqui\u00e8tent de voir Emmanuel Macron ne portant pas de masque lors de ses apparitions publiques, comme l\u2019a rapport\u00e9 ce 23 mars Lo\u00efc Signor, journaliste de CNews en charge de l\u2019\u00c9lys\u00e9e\u00a0\u00bb.<\/span><\/p>\n<p style=\"text-align: justify;\"><span style=\"font-family: times new roman, times, serif; font-size: 14pt;\">C\u2019est \u00e7a\u2026<\/span><\/p>\n<p style=\"text-align: justify;\"><span style=\"font-family: times new roman, times, serif; font-size: 14pt;\">Apr\u00e8s De Gaulle terrassant la b\u00eate immonde devant la pyramide sur l\u2019Ode \u00e0 la joie, le voil\u00e0 d\u00e9sormais Clemenceau dans les tranch\u00e9es. Il fallait vraiment un croquemitaine comme l\u2019\u00e9pici\u00e8re de Montretout pour effrayer au point qu\u2019on s\u2019obstine \u00e0 se soumettre \u00e0 l\u2019escroquerie d\u2019un enfant-roi d\u00e9sinhib\u00e9, m\u00e9galomane et narcissique, alors qu\u2019il pr\u00e9sentait, de toute \u00e9vidence, au moins autant de dangers \u2013 et r\u00e9els, ceux-l\u00e0, contrairement \u00e0 l\u2019\u00e9pici\u00e8re qui aurait \u00e9t\u00e9 promptement st\u00e9rilis\u00e9e (ce qui n\u2019aurait \u00e9t\u00e9, c\u2019est vrai, que reculer pour mieux sauter, or il fallait bien, \u00e0 un moment ou un autre, se d\u00e9cider \u00e0 sauter puisque nous \u00e9tions au bord du gouffre) \u2013 pour la paix civile et la p\u00e9rennit\u00e9 de ce qu\u2019il nous restait de lambeaux d\u2019une d\u00e9mocratie dont on ne savait m\u00eame plus ce qu\u2019elle recouvrait tant, occup\u00e9s \u00e0 en v\u00e9n\u00e9rer les rituels, nous avions oubli\u00e9 d\u2019en prot\u00e9ger les principes.<\/span><\/p>\n<p>&nbsp;<\/p>\n<p style=\"text-align: justify;\"><span style=\"font-family: times new roman, times, serif; font-size: 18pt;\"><strong>Le primate applaudit ses propres singeries<\/strong><\/span><\/p>\n<p style=\"text-align: justify;\"><span style=\"font-family: times new roman, times, serif; font-size: 14pt;\">Ce type est d\u00e9cid\u00e9ment compl\u00e8tement givr\u00e9. Non parce qu\u2019il serait anim\u00e9 de mauvaises intentions ou par je ne sais quelle essence mal\u00e9fique : juste parce qu\u2019il est compl\u00e8tement abruti par sa suffisance, dramatiquement inculte et but\u00e9 comme un con dans ses obsessions nombrilistes. De l\u2019Histoire, il n\u2019a retenu que les passages surlign\u00e9s dans les Annabac, ceux qui permettent de faire semblant d\u2019avoir tout lu, tout compris, en r\u00e9gurgitant quelques citations et quelques poncifs suffisamment consensuels pour s\u2019assurer l\u2019assentiment de tous les ti\u00e8des, prudents, expectatifs, circonspects, centristes, raisonnables, mod\u00e9r\u00e9s, \u00ab\u00a0constructifs\u00a0\u00bb. En attendant que Dieu, s\u2019il existe, les vomisse, il y a l\u2019urgence de la gamelle, quotidienne, elle.<\/span><\/p>\n<p style=\"text-align: justify;\"><span style=\"font-family: times new roman, times, serif; font-size: 14pt;\">Son obsession fanatique, abondamment nourrie par sa prof de th\u00e9\u00e2tre et en m\u00eame temps (mais r\u00e9ciproquement aussi, attention) caution intellectuelle, est d\u2019imprimer sa trace dans l\u2019Histoire (dont, dans le fond, il se fout \u00e9perdument pourvu que son nom figure dans le Larousse). Le verbiage est son outil. Les mots-cl\u00e9s font tout, le reste est habillage. Il l\u2019a consciencieusement appris \u00e0 Science Po puis \u00e0 l\u2019ENA : \u00ab\u00a0babille et p\u00e9rore : si tu n\u2019as rien \u00e0 dire, \u00e7a fera de la mousse et si tu as quelque chose \u00e0 dire, surtout ferme ta gueule ou change de job\u00a0\u00bb. Tout homme adulte, pass\u00e9 par l\u2019adolescence, doit savoir ce que produisent des r\u00eaves un peu enthousiastes. Pour notre distingu\u00e9 h\u00e9licoqu\u00e9quettomane, il semble que cela soit tout le temps : le primate applaudit ses propres singeries pendant que le philosophe de Prisunic s\u2019extasie devant ses morceaux choisis.<\/span><\/p>\n<p style=\"text-align: justify;\"><span style=\"font-family: times new roman, times, serif; font-size: 14pt;\">Peut-\u00eatre, pourtant, qu\u2019un entourage bien intentionn\u00e9 devrait lui rappeler que parfois, dans l\u2019Histoire qu\u2019il affectionne tant, certains sont entr\u00e9s par la grande porte, aur\u00e9ol\u00e9s d\u2019une gloire de contrebande par la trouille d\u2019un peuple aveugl\u00e9. Ils en sont ressortis en mauvaise posture, une fois la lumi\u00e8re r\u00e9tablie. Pas s\u00fbr qu\u2019on nous reprenne encore ind\u00e9finiment \u00e0 faire preuve de cl\u00e9mence si c\u2019est pour se faire couillonner encore.<\/span><\/p>\n<p style=\"text-align: justify;\"><span style=\"font-family: times new roman, times, serif; font-size: 14pt;\">Que ce soit Clemenceau ou De Gaulle, et quels que soient par ailleurs les griefs qu\u2019on ait contre eux, on ne les a jamais vus en appeler \u00e0 l\u2019union sacr\u00e9e ou au patriotisme et, \u00ab\u00a0en m\u00eame temps\u00a0\u00bb, casser les tibias des gueux qui tenaient la baraque. L\u2019Histoire compte aussi ses tra\u00eetres et ses salopards, dont la Justice devra \u00e9valuer la part de veulerie et de corruption (en supposant qu\u2019ils n\u2019aient pas, une fois de plus, l\u2019opportunit\u00e9 de s\u2019y soustraire). P\u00e9tain et Laval ont eu tout le temps de faire des petits, qui ont appris, eux, qu\u2019il valait mieux avancer lentement.<\/span><\/p>\n<p style=\"text-align: justify;\"><span style=\"font-family: times new roman, times, serif; font-size: 14pt;\">De toute fa\u00e7on, si jamais leurs indics les informent que c\u2019est vraiment foutu pour eux, ils trouveront toutes les bonnes raisons d\u2019envoyer la pur\u00e9e, \u00ab\u00a0contre la s\u00e9dition\u00a0\u00bb, \u00ab\u00a0pour les valeurs et la d\u00e9mocratie\u00a0\u00bb. La pur\u00e9e est pr\u00eate. Leurs billets pour Coblence, Sigmaringen ou Buenos Aires aussi, s\u2019il faut \u00e7a pour revenir immacul\u00e9.<\/span><\/p>\n<p style=\"text-align: justify;\"><span style=\"font-family: times new roman, times, serif; font-size: 14pt;\">A table, citoyens !<\/span><\/p>\n<p>&nbsp;<\/p>\n<p style=\"text-align: justify;\"><span style=\"font-family: times new roman, times, serif; font-size: 24pt;\"><strong>Confinement jour 9<\/strong><\/span><\/p>\n<p>&nbsp;<\/p>\n<p style=\"text-align: justify;\"><span style=\"font-family: times new roman, times, serif; font-size: 18pt;\"><strong>Les Fran\u00e7ais parlent aux Fran\u00e7ais. Je r\u00e9p\u00e8te\u2026<\/strong><\/span><\/p>\n<p style=\"text-align: justify;\"><span style=\"font-family: times new roman, times, serif; font-size: 14pt;\">\u00c7a d\u00e9conne d\u00e9cid\u00e9ment velu au niveau de la cafeti\u00e8re. je r\u00e9p\u00e8te : \u00e7a d\u00e9conne d\u00e9cid\u00e9ment velu au niveau de la cafeti\u00e8re.<\/span><\/p>\n<p style=\"text-align: justify;\"><span style=\"font-family: times new roman, times, serif; font-size: 14pt;\">Tiguiliguiliguiliguili.<\/span><\/p>\n<p style=\"text-align: justify;\"><span style=\"font-family: times new roman, times, serif; font-size: 14pt;\">Bon.<\/span><\/p>\n<p style=\"text-align: justify;\"><span style=\"font-family: times new roman, times, serif; font-size: 14pt;\">Il existe un album des Bidochon intitul\u00e9 \u00ab\u00a0les fous sont l\u00e2ch\u00e9s\u00a0\u00bb (et au demeurant tr\u00e8s dr\u00f4le) qui imagine une administration devenue folle et illustre \u00e0 la perfection la jubilation vicelarde des sous-chefs frustr\u00e9s. C\u2019est \u00e9videmment tr\u00e8s caricatural et finalement assez en-de\u00e7\u00e0 de la r\u00e9alit\u00e9 que cette bande de d\u00e9traqu\u00e9s aux abois est en train de nous concocter (et que nous serons somm\u00e9s de trouver parfaitement normal d\u00e8s le \u00ab\u00a0jour d\u2019apr\u00e8s\u00a0\u00bb puisque l\u2019injonction \u00e0 \u00ab\u00a0l\u2019union sacr\u00e9e \u00bb interdit \u00e9galement de \u00ab\u00a0faire de la pol\u00e9mique\u00a0\u00bb au motif que \u00e7a serait \u00ab\u00a0ind\u00e9cent\u00a0\u00bb : \u00e7a sera re-autoris\u00e9 plus tard, apr\u00e8s, lorsqu\u2019il sera trop tard, comme toujours).<\/span><\/p>\n<p>&nbsp;<\/p>\n<p>&nbsp;<\/p>\n<p style=\"text-align: justify;\"><span style=\"font-family: times new roman, times, serif; font-size: 18pt;\"><strong>Formulaire<\/strong><\/span><\/p>\n<p style=\"text-align: justify;\"><span style=\"font-family: times new roman, times, serif; font-size: 14pt;\">Il y a un nouveau formulaire, dites !<\/span><\/p>\n<p style=\"text-align: justify;\"><span style=\"font-family: times new roman, times, serif; font-size: 14pt;\">R\u00e9capitulons : pour sortir alors que c\u2019est interdit (sauf quand c\u2019est obligatoire mais \u00e7a, on n\u2019a toujours pas vraiment compris o\u00f9 ni quand ils poseront enfin la balance et eux-m\u00eames n\u2019en finissent pas de se t\u00e2ter) mais lorsqu\u2019on en avait envie, il fallait jusqu\u2019ici se signer un <em>Ausweis<\/em> tout seul comme un grand, stipulant qu\u2019on sortait parce qu\u2019on\u2026 allait dehors (mais dans les passages clout\u00e9s). Le d\u00e9faut d\u2019auto-<em>Ausweis<\/em> ou l\u2019erreur de bonne foi, due \u00e0 une \u00e9ventuelle m\u00e9compr\u00e9hension des directives erratiques de ces canards sans t\u00eate, \u00e9taient punis d\u2019une amende de 40, puis 140 balles (voire 3500 si r\u00e9cidive dans les 15 jours, voire 6 ans de taule si 4 r\u00e9cidives dans les 30 jours \u2013 rappelons mod\u00e9r\u00e9ment que ce r\u00e9gime nouveau est n\u00e9 il y a seulement une semaine, juste pour se donner une perspective \u2013 et \u00e0 la vitesse o\u00f9 l\u2019on va, perp\u00e8te n\u2019est pas loin, sinon les douze balles \u2013 mais vraies, elles) .<\/span><\/p>\n<p style=\"text-align: justify;\"><span style=\"font-family: times new roman, times, serif; font-size: 14pt;\">Constatant que leur bidule, pourtant d\u00e9j\u00e0 lucratif (si, ils sont m\u00eame parvenus \u00e0 emplafonner pour 140 balles des infirmi\u00e8res en service, dont le seul tort \u00e9tait d\u2019avoir oubli\u00e9 de remplir leur auto-d\u00e9rogation autorisatoire, ou encore des ahuris qui avaient eu la na\u00efvet\u00e9 de croire qu\u2019une attestation de l\u2019employeur \u00e9tait plus probante que ce machin inepte), \u00e9tait tr\u00e8s con, ils se sont h\u00e2t\u00e9s d\u2019accuser le peuple de \u00ab\u00a0mauvaise volont\u00e9 r\u00e9fractaire \u00e0 relents de s\u00e9dition\u00a0\u00bb et ont donc d\u00e9cid\u00e9 d\u2019en pondre un nouveau, \u00e0 peu pr\u00e8s aussi con mais dot\u00e9 d\u2019encore plus de cases pour pouvoir se gourer. Sans omettre d\u2019ajouter l\u2019heure (on se demande en revanche toujours ce que vient y foutre la date de naissance), puisque c\u2019est devenu un nouveau motif pour faire cracher au bassinet, \u00ab\u00a0urgence sanitaire\u00a0\u00bb oblige. C\u2019est la guerre, et notre nouveau Clemenceau, tel le Capitaine Stark dans les Tuniques bleues, ne se sent d\u00e9cid\u00e9ment plus de joie.<\/span><\/p>\n<p>&nbsp;<\/p>\n<p style=\"text-align: justify;\"><span style=\"font-family: times new roman, times, serif; font-size: 18pt;\"><strong>Gaffe !<\/strong><\/span><\/p>\n<p style=\"text-align: justify;\"><span style=\"font-family: times new roman, times, serif; font-size: 14pt;\">Il y a donc un nouveau formulaire. Faites gaffe !<\/span><\/p>\n<p style=\"text-align: justify;\"><span style=\"font-family: times new roman, times, serif; font-size: 14pt;\">Lundi soir, le Grand Echassier Raton-laveur a caus\u00e9 au poste pour nous re-expliquer que nous \u00e9tions d\u00e9cid\u00e9ment trop cons pour les m\u00e9riter et que, pour la peine (et \u00e0 son grand dam : il en \u00e9tait tout marri), son bidule allait \u00eatre tout durci, que le jogging allait d\u00e9sormais \u00eatre autoris\u00e9 uniquement une demi-heure par jambe, qu\u2019il serait interdit d\u2019aller perdre ses enfants dans la for\u00eat au-del\u00e0 d\u2019un kilom\u00e8tre (et que de toute fa\u00e7on, si on les sortait, c\u2019\u00e9tait \u00e0 condition de ne pas d\u00e9passer une personne par groupe \u2013 sinon POUF ! Carnet \u00e0 souches, <em>achtung<\/em>, <em>zur\u00fcck, raus, nein, papier und alles dieses kinds<\/em> of choses) et que le retour \u00e0 hier ne serait pas pour demain (ne rigolez pas, il a aussi vraiment dit un machin de ce genre). Pendant que les journalistes pugnaces du monde libre et insolent le renvoyaient dans ses cordes en lui r\u00e9torquant qu\u2019ils le trouvaient tr\u00e8s beau et que slurp, un doute m\u2019envahissait : tous les imprim\u00e9s r\u00e9glementaires d\u2019auto-<em>Ausweis<\/em> d\u00e9rogatoires autorisationnistes exceptionnellementesques que je m\u2019\u00e9tais imprim\u00e9s, \u00e9taient-ils toujours valables ? Ne risquais-je pas de me faire b\u00eatement d\u00e9lester de 140 balles par des malfaisants pour un formulaire d\u00fbment rempli mais subitement caduque \u00e0 mon insu ? Tout \u00e7a pour \u00e9conomiser un peu de papier et d\u2019encre. Pire m\u00eame : parce que j\u2019aurais eu la na\u00efvet\u00e9 de croire que la loi, la fameuse \u00ab\u00a0<em>dura<\/em> mais <em>sed<\/em> \u00a0\u00bb que je n\u2019\u00e9tais pas plus cens\u00e9 ignorer que mon prochain, n\u2019allait pas changer toutes les 10 minutes, \u00e0 chaque fois qu\u2019un sous-Gauleiter exp\u00e9rimente une nouvelle substance.<\/span><\/p>\n<p style=\"text-align: justify;\"><span style=\"font-family: times new roman, times, serif; font-size: 14pt;\">J\u2019allais alors, confiant dans la Justice de mon pays (comme ils disent, eux qui ne la redoutent qu\u2019avec parcimonie et savent leur chambre r\u00e9serv\u00e9e au Val de Gr\u00e2ce en cas de bobo), sur le site idoine : celui du Griffon ni\u00e7ois \u00e0 bagouzes. Las. \u00c0 cette heure, il \u00e9tait probablement encore en train de marquer son territoire dans une bo\u00eete \u00e0 blondasses, entre deux vodkas (\u00e7a aide, au bout de quelques-unes, \u00e0 marquer le territoire). Le formulaire officiel \u00e9tait encore celui de la veille. M\u00e9fiez-vous, camarades : \u00e0 partir de demain, c\u2019est un tout nouveau qu\u2019il vous faudra t\u00e9l\u00e9charger et imprimer pour vous autoriser \u00e0 sortir au motif que vous avez des bricoles \u00e0 faire dehors.<\/span><\/p>\n<p style=\"text-align: justify;\"><span style=\"font-family: times new roman, times, serif; font-size: 14pt;\">Sinon, BAM ! Aboulez l\u2019oseille.<\/span><\/p>\n<p style=\"text-align: justify;\"><span style=\"font-family: times new roman, times, serif; font-size: 14pt;\">Encore que si \u00e7a se trouve, celui qui vient de sortir est d\u00e9j\u00e0 caduque avant m\u00eame d\u2019avoir \u00e9t\u00e9 utilis\u00e9 puisque des ribambelles de nouvelles id\u00e9es rigolotes, in\u00e9dites et disruptives (\u00ab\u00a0la terre ne ment pas\u00a0\u00bb, le STO etc.) n\u2019en finissent pas de germer dans ces cerveaux laiss\u00e9s trop longtemps en friche. Il va falloir qu\u2019ils se retiennent, quand m\u00eame, parce qu\u2019ils en foutent vraiment partout, l\u00e0.<\/span><\/p>\n<p style=\"text-align: justify;\"><span style=\"font-family: times new roman, times, serif; font-size: 14pt;\">On veut bien les laisser jouer encore un peu avec la fameuse main vertueuse et auto-r\u00e9gul\u00e9e du tiroir-caisse mais l\u2019autre, de main, il va falloir qu\u2019ils la mettent en \u00e9vidence sur la table parce qu\u2019elle n\u2019a pas l\u2019air de contribuer vraiment \u00e0 calmer les esprits.<\/span><\/p>\n<p style=\"text-align: justify;\"><span style=\"font-family: times new roman, times, serif; font-size: 14pt;\"><a href=\"https:\/\/www.vududroit.com\/author\/morel\/\">Mathieu Morel<\/a><\/span><\/p>\n<p style=\"text-align: left;\"><span style=\"font-family: times new roman, times, serif; font-size: 14pt;\">Source\u00a0: <a href=\"https:\/\/www.vududroit.com\/2020\/03\/confinement-mathieu-est-de-mauvaise-humeur\/\">https:\/\/www.vududroit.com\/2020\/03\/confinement-mathieu-est-de-mauvaise-humeur\/<\/a><\/span><\/p>\n<p><strong><span style=\"font-size: 14pt;\">URL de cet article\u00a0 : <\/span><\/strong><a href=\"http:\/\/blog.lesgrossesorchadeslesamplesthalameges.fr\/index.php\/9146-\"><span style=\"font-size: 14pt;\">http:\/\/blog.lesgrossesorchadeslesamplesthalameges.fr\/index.php\/9146-<\/span><\/a><\/p>\n<p>&nbsp;<\/p>\n<p>&nbsp;<\/p>\n<p style=\"text-align: center;\"><a href=\"http:\/\/blog.lesgrossesorchadeslesamplesthalameges.fr\/wp-content\/uploads\/2020\/03\/Ob\u00e9is-GIF.gif\"><img loading=\"lazy\" class=\"alignnone wp-image-9087\" src=\"http:\/\/blog.lesgrossesorchadeslesamplesthalameges.fr\/wp-content\/uploads\/2020\/03\/Ob\u00e9is-GIF.gif\" alt=\"\" width=\"130\" height=\"99\" \/><\/a><\/p>\n<p>&nbsp;<\/p>\n<p>&nbsp;<\/p>\n<p style=\"text-align: right;\"><span style=\"font-family: comic sans ms, sans-serif; font-size: 14pt;\">Mars 2020<\/span><\/p>\n<p>&nbsp;<\/p>\n","protected":false},"excerpt":{"rendered":"<p>&nbsp; &nbsp; &nbsp; &nbsp; &nbsp; \u00a0 Confinement : Mathieu est de mauvaise humeur \u00a0 Mathieu Morel \u2013 Vu du droit \u2013 25.3.2020 &nbsp; \u00a0 \u00ab Mathieu Morel, confinement oblige, semble \u00eatre de mauvaise humeur \u2014 Mathieu est toujours de mauvaise humeur. \u00bb &nbsp; Confinement jour 8 &nbsp; Clemenceau ? \u00ab\u00a0Il va falloir vous habituer \u00e0&#8230;<\/p>\n","protected":false},"author":1,"featured_media":0,"parent":0,"menu_order":0,"comment_status":"open","ping_status":"open","template":"","meta":[],"_links":{"self":[{"href":"https:\/\/blog.lesgrossesorchadeslesamplesthalameges.fr\/index.php\/wp-json\/wp\/v2\/pages\/9146"}],"collection":[{"href":"https:\/\/blog.lesgrossesorchadeslesamplesthalameges.fr\/index.php\/wp-json\/wp\/v2\/pages"}],"about":[{"href":"https:\/\/blog.lesgrossesorchadeslesamplesthalameges.fr\/index.php\/wp-json\/wp\/v2\/types\/page"}],"author":[{"embeddable":true,"href":"https:\/\/blog.lesgrossesorchadeslesamplesthalameges.fr\/index.php\/wp-json\/wp\/v2\/users\/1"}],"replies":[{"embeddable":true,"href":"https:\/\/blog.lesgrossesorchadeslesamplesthalameges.fr\/index.php\/wp-json\/wp\/v2\/comments?post=9146"}],"version-history":[{"count":0,"href":"https:\/\/blog.lesgrossesorchadeslesamplesthalameges.fr\/index.php\/wp-json\/wp\/v2\/pages\/9146\/revisions"}],"wp:attachment":[{"href":"https:\/\/blog.lesgrossesorchadeslesamplesthalameges.fr\/index.php\/wp-json\/wp\/v2\/media?parent=9146"}],"curies":[{"name":"wp","href":"https:\/\/api.w.org\/{rel}","templated":true}]}}