{"id":9157,"date":"2020-03-26T01:30:55","date_gmt":"2020-03-26T00:30:55","guid":{"rendered":"http:\/\/blog.lesgrossesorchadeslesamplesthalameges.fr\/?page_id=9157"},"modified":"2020-03-26T02:11:32","modified_gmt":"2020-03-26T01:11:32","slug":"9157-2","status":"publish","type":"page","link":"https:\/\/blog.lesgrossesorchadeslesamplesthalameges.fr\/index.php\/9157-2\/","title":{"rendered":"Confin\u00e9s et cons finis"},"content":{"rendered":"<p>&nbsp;<\/p>\n<p>&nbsp;<\/p>\n<p>&nbsp;<\/p>\n<p>&nbsp;<\/p>\n<p>&nbsp;<\/p>\n<p>&nbsp;<\/p>\n<p style=\"text-align: center;\"><span style=\"font-family: times new roman, times, serif; font-size: 42pt;\"><strong>Confin\u00e9s et cons finis<\/strong><\/span><\/p>\n<p style=\"text-align: center;\"><span style=\"font-family: times new roman, times, serif; font-size: 24pt;\"><em>La France coup\u00e9e en deux ?<\/em><\/span><\/p>\n<p style=\"text-align: center;\"><span style=\"font-family: times new roman, times, serif; font-size: 14pt;\"><strong>\u00a0<\/strong><\/span><\/p>\n<p style=\"text-align: center;\"><span style=\"font-family: times new roman, times, serif; font-size: 14pt;\"><strong>Philippe David \u2013 <em>Causeur <\/em>\u2013 24.3.2020<\/strong><\/span><\/p>\n<p>&nbsp;<\/p>\n<p>&nbsp;<\/p>\n<p style=\"text-align: center;\"><a href=\"http:\/\/blog.lesgrossesorchadeslesamplesthalameges.fr\/wp-content\/uploads\/2020\/03\/Pr.-RAOULT-1.jpg\"><img loading=\"lazy\" class=\"alignnone wp-image-9158 size-full\" src=\"http:\/\/blog.lesgrossesorchadeslesamplesthalameges.fr\/wp-content\/uploads\/2020\/03\/Pr.-RAOULT-1.jpg\" alt=\"\" width=\"600\" height=\"364\" srcset=\"https:\/\/blog.lesgrossesorchadeslesamplesthalameges.fr\/wp-content\/uploads\/2020\/03\/Pr.-RAOULT-1.jpg 600w, https:\/\/blog.lesgrossesorchadeslesamplesthalameges.fr\/wp-content\/uploads\/2020\/03\/Pr.-RAOULT-1-300x182.jpg 300w\" sizes=\"(max-width: 600px) 100vw, 600px\" \/><\/a><\/p>\n<p style=\"text-align: center;\"><span style=\"font-family: times new roman, times, serif; font-size: 12pt;\"><strong><em>Le professeur Didier Raoult de Marseille<\/em><\/strong><\/span><\/p>\n<p>&nbsp;<\/p>\n<p>&nbsp;<\/p>\n<p style=\"text-align: justify;\"><span style=\"font-family: tahoma, arial, helvetica, sans-serif; font-size: 14pt;\"><strong>Le moins qu\u2019on puisse dire est que le drame du coronavirus aura au moins eu le m\u00e9rite de mettre en avant nombre d\u2019incuries fran\u00e7aises qui durent et perdurent au fil des ann\u00e9es et que le fameux \u00ab\u00a0nouveau monde\u00a0\u00bb n\u2019aura pas fait dispara\u00eetre.<\/strong><\/span><\/p>\n<p style=\"text-align: justify;\"><span style=\"font-family: times new roman, times, serif; font-size: 14pt;\"><strong>\u00a0<\/strong><\/span><\/p>\n<p style=\"text-align: justify;\"><span style=\"font-family: times new roman, times, serif; font-size: 18pt;\"><strong>Charles Buzyn et Agn\u00e8s Pasqua<\/strong><\/span><\/p>\n<p style=\"text-align: justify;\"><span style=\"font-family: times new roman, times, serif; font-size: 14pt;\">Commen\u00e7ons par le commencement, lorsque le 21 janvier Agn\u00e8s Buzyn a affirm\u00e9 que <em>\u00ab\u00a0le risque d\u2019introduction en France \u2013 du virus \u2013 est faible mais ne peut pas \u00eatre exclu, d\u2019autant qu\u2019il y a des lignes directes avec Wuhan\u00a0\u00bb<\/em> (\u00e9picentre de l\u2019\u00e9pid\u00e9mie \u00e0 l\u2019\u00e9poque). Charles Pasqua, sors de ce corps ! Ce bis repetita du nuage de Tchernobyl s\u2019arr\u00eatant \u00e0 la fronti\u00e8re fran\u00e7aise faute de visa pouvait amuser venant d\u2019un ancien directeur commercial chez Ricard. Il est totalement path\u00e9tique venant d\u2019un m\u00e9decin.\u00a0<\/span><\/p>\n<p style=\"text-align: justify;\"><span style=\"font-family: times new roman, times, serif; font-size: 14pt;\">Les choses commen\u00e7aient bien mal et n\u2019allaient pas s\u2019am\u00e9liorer, d\u00e9montrant\u00a0 l\u2019impuissance voire m\u00eame l\u2019inconscience publique. Ainsi, comment a-t-on pu laisser venir \u00e0 Lyon le 26 f\u00e9vrier, un mois plus tard, 3000 supporters de football venant du nord de l\u2019Italie ? Pensait-on que les humains rentreraient et que les virus resteraient \u00e0 la fronti\u00e8re en attendant le retour de leurs malheureux porteurs\u00a0? Ne savait-on pas d\u00e9j\u00e0 que l\u2019\u00e9pid\u00e9mie empirait jour apr\u00e8s jour de l\u2019autre c\u00f4t\u00e9 des Alpes\u00a0? Les m\u00eames qui ont laiss\u00e9 faire \u00e7a nous disent aujourd\u2019hui, pour justifier le confinement, que les virus sont transport\u00e9s par des humains. On est heureux d\u2019apprendre qu\u2019ils aient enfin compris \u00e7a\u2026<\/span><\/p>\n<p style=\"text-align: justify;\"><span style=\"font-family: times new roman, times, serif; font-size: 14pt;\"><strong>\u00a0<\/strong><\/span><\/p>\n<p style=\"text-align: justify;\"><span style=\"font-family: times new roman, times, serif; font-size: 18pt;\"><strong>Allo quoi, t\u2019es ministre et tu mets pas de masque?<\/strong><\/span><\/p>\n<p style=\"text-align: justify;\"><span style=\"font-family: times new roman, times, serif; font-size: 14pt;\">Et pour aller de Charybde en Scylla, quelle n\u2019a pas \u00e9t\u00e9 la surprise de la population d\u2019apprendre, outre le gel hydroalcoolique, qu\u2019il n\u2019y a pas de masques, m\u00eame pour nos soignants qui mettent leur peau en jeu tous les jours et qui ont d\u00e9j\u00e0 perdu cinq des leurs, ni pour le reste de la population, en particulier les professions qui travaillent encore et sont au contact de public. L\u2019in\u00e9narrable Sibeth Ndiaye a d\u2019ailleurs justifi\u00e9 le manque de masques en affirmant que <em>\u00ab\u00a0m\u00eame en \u00e9tant Ministre, on ne sait pas utiliser un masque\u00a0\u00bb<\/em>\u00a0! Nabilla archi-battue avec son <em>\u00ab\u00a0t\u2019es une fille et t\u2019as pas de shampooing\u00a0\u00bb<\/em>\u00a0!<\/span><\/p>\n<p style=\"text-align: justify;\"><span style=\"font-family: times new roman, times, serif; font-size: 14pt;\">Et on n\u2019avait pas encore tout vu puisque, entre temps, Edouard Philippe avait annonc\u00e9 aux Fran\u00e7ais le samedi 14 mars au soir qu\u2019au nom de la lutte contre l\u2019\u00e9pid\u00e9mie il fallait fermer tous les commerces non essentiels sine die mais, en m\u00eame temps oblige, qu\u2019il fallait imp\u00e9rativement aller voter le lendemain. Tout \u00e7a pour reporter deux jours plus tard le second tour des municipales \u00e0 une date ult\u00e9rieure non encore connue, m\u00eame si a priori ce sera le 21 juin. Alfred Jarry sors de ce corps, bienvenue au Royaume du bon P\u00e8re Ubu\u00a0!<\/span><\/p>\n<p>&nbsp;<\/p>\n<p style=\"text-align: justify;\"><span style=\"font-family: times new roman, times, serif; font-size: 18pt;\"><strong>Confinement \u00e0 g\u00e9ographie variable<\/strong><\/span><\/p>\n<p style=\"text-align: justify;\"><span style=\"font-family: times new roman, times, serif; font-size: 14pt;\">Enfin pour que la f\u00eate soit compl\u00e8te, il fallait bien que les m\u00e9dias politiquement corrects y mettent du leur en mettant en cause le Professeur Raoult, une sommit\u00e9 de la m\u00e9decine, qui a test\u00e9 un traitement qui pourrait peut-\u00eatre donner des r\u00e9sultats encourageants contre le COVID-19. On a ainsi pu voir avec consternation sur le service public de t\u00e9l\u00e9vision Patrick Cohen donnant une le\u00e7on de virologie au Professeur Raoult. Au rythme o\u00f9 vont les choses, Franck Rib\u00e9ry expliquera sous peu le VIH au Professeur Luc Montagnier, Prix Nobel de m\u00e9decine, sur France 5 dans \u00ab\u00a0C\u2019est \u00e0 vous\u00a0\u00bb.<\/span><\/p>\n<p style=\"text-align: justify;\"><span style=\"font-family: times new roman, times, serif; font-size: 14pt;\">Pour conclure, le confinement qui devrait \u00eatre total est devenu aux yeux des Fran\u00e7ais une vaste fumisterie quand on voit son absence de respect \u00e0 Barb\u00e8s ou \u00e0 Saint-Denis comme l\u2019a montr\u00e9 le journal suisse <em>Le Temps,<\/em> tandis qu\u2019\u00e0 Falaise la gendarmerie a verbalis\u00e9 une famille qui rentrait des obs\u00e8ques de sa m\u00e8re et de sa grand-m\u00e8re. Deux poids, deux mesures\u00a0! Il est devenu une telle plaisanterie que Muriel Penicaud s\u2019est vant\u00e9e d\u2019avoir conclu un accord pour remettre les chantiers du BTP au travail puisque, c\u2019est bien connu, les \u00e9lectriciens, ma\u00e7ons ou plaquistes ne peuvent pas \u00eatre touch\u00e9s ni transmettre le coronavirus.<\/span><\/p>\n<p style=\"text-align: justify;\"><span style=\"font-family: times new roman, times, serif; font-size: 14pt;\">Bref le pays est aujourd\u2019hui vraiment coup\u00e9 en deux avec d\u2019un c\u00f4t\u00e9 les confin\u00e9s et de l\u2019autre les cons finis\u2026<\/span><\/p>\n<p style=\"text-align: justify;\"><span style=\"font-family: times new roman, times, serif; font-size: 14pt;\">Source\u00a0: <a href=\"https:\/\/www.causeur.fr\/confines-et-cons-finis-174417\">https:\/\/www.causeur.fr\/confines-et-cons-finis-174417<\/a><\/span><\/p>\n<p style=\"text-align: justify;\"><span style=\"font-family: times new roman, times, serif; font-size: 14pt;\"><strong>\u00a0<\/strong><\/span><\/p>\n<p style=\"text-align: left;\"><span style=\"font-family: times new roman, times, serif; font-size: 14pt;\"><strong>URL de cet article\u00a0: <\/strong><a href=\"http:\/\/blog.lesgrossesorchadeslesamplesthalameges.fr\/index.php\/9157-2\/\">http:\/\/blog.lesgrossesorchadeslesamplesthalameges.fr\/index.php\/9157-2\/<\/a><\/span><\/p>\n<p>&nbsp;<\/p>\n<p>&nbsp;<\/p>\n<p style=\"text-align: center;\"><a href=\"http:\/\/blog.lesgrossesorchadeslesamplesthalameges.fr\/wp-content\/uploads\/2020\/03\/Ob\u00e9is-GIF.gif\"><img loading=\"lazy\" class=\"wp-image-9087 aligncenter\" src=\"http:\/\/blog.lesgrossesorchadeslesamplesthalameges.fr\/wp-content\/uploads\/2020\/03\/Ob\u00e9is-GIF.gif\" alt=\"\" width=\"130\" height=\"99\" \/><\/a><\/p>\n<p>&nbsp;<\/p>\n<p>&nbsp;<\/p>\n<p style=\"text-align: right;\"><span style=\"font-family: comic sans ms, sans-serif; font-size: 14pt;\">Mars 2020<\/span><\/p>\n<p>&nbsp;<\/p>\n<p>&nbsp;<\/p>\n","protected":false},"excerpt":{"rendered":"<p>&nbsp; &nbsp; &nbsp; &nbsp; &nbsp; &nbsp; Confin\u00e9s et cons finis La France coup\u00e9e en deux ? \u00a0 Philippe David \u2013 Causeur \u2013 24.3.2020 &nbsp; &nbsp; Le professeur Didier Raoult de Marseille &nbsp; &nbsp; Le moins qu\u2019on puisse dire est que le drame du coronavirus aura au moins eu le m\u00e9rite de mettre en avant nombre&#8230;<\/p>\n","protected":false},"author":1,"featured_media":0,"parent":0,"menu_order":0,"comment_status":"open","ping_status":"open","template":"","meta":[],"_links":{"self":[{"href":"https:\/\/blog.lesgrossesorchadeslesamplesthalameges.fr\/index.php\/wp-json\/wp\/v2\/pages\/9157"}],"collection":[{"href":"https:\/\/blog.lesgrossesorchadeslesamplesthalameges.fr\/index.php\/wp-json\/wp\/v2\/pages"}],"about":[{"href":"https:\/\/blog.lesgrossesorchadeslesamplesthalameges.fr\/index.php\/wp-json\/wp\/v2\/types\/page"}],"author":[{"embeddable":true,"href":"https:\/\/blog.lesgrossesorchadeslesamplesthalameges.fr\/index.php\/wp-json\/wp\/v2\/users\/1"}],"replies":[{"embeddable":true,"href":"https:\/\/blog.lesgrossesorchadeslesamplesthalameges.fr\/index.php\/wp-json\/wp\/v2\/comments?post=9157"}],"version-history":[{"count":0,"href":"https:\/\/blog.lesgrossesorchadeslesamplesthalameges.fr\/index.php\/wp-json\/wp\/v2\/pages\/9157\/revisions"}],"wp:attachment":[{"href":"https:\/\/blog.lesgrossesorchadeslesamplesthalameges.fr\/index.php\/wp-json\/wp\/v2\/media?parent=9157"}],"curies":[{"name":"wp","href":"https:\/\/api.w.org\/{rel}","templated":true}]}}