{"id":9173,"date":"2020-03-26T02:01:05","date_gmt":"2020-03-26T01:01:05","guid":{"rendered":"http:\/\/blog.lesgrossesorchadeslesamplesthalameges.fr\/?page_id=9173"},"modified":"2020-03-26T02:44:36","modified_gmt":"2020-03-26T01:44:36","slug":"poutine-dechaine-un-enfer-strategique-sur-les-etats-unis","status":"publish","type":"page","link":"https:\/\/blog.lesgrossesorchadeslesamplesthalameges.fr\/index.php\/poutine-dechaine-un-enfer-strategique-sur-les-etats-unis\/","title":{"rendered":"Poutine d\u00e9cha\u00eene un enfer strat\u00e9gique sur les \u00c9tats-Unis"},"content":{"rendered":"<p>&nbsp;<\/p>\n<p>&nbsp;<\/p>\n<p>&nbsp;<\/p>\n<p>&nbsp;<\/p>\n<p>&nbsp;<\/p>\n<p>&nbsp;<\/p>\n<p style=\"text-align: center;\"><span style=\"font-family: times new roman, times, serif; font-size: 36pt;\"><strong>Poutine d\u00e9cha\u00eene un enfer strat\u00e9gique sur les \u00c9tats-Unis<\/strong><\/span><\/p>\n<p>&nbsp;<\/p>\n<p style=\"text-align: center;\"><span style=\"font-family: times new roman, times, serif; font-size: 18pt; color: #c00000;\"><strong><em>Traduit par Le Saker Francophone, sous le titre\u00a0<\/em><\/strong><strong><em>:<\/em><\/strong><\/span><\/p>\n<p style=\"text-align: center;\"><span style=\"font-family: times new roman, times, serif; font-size: 14pt;\"><strong>\u00a0<\/strong><\/span><\/p>\n<p style=\"text-align: center;\"><span style=\"font-family: times new roman, times, serif; font-size: 36pt;\"><strong>A\u00efkido strat\u00e9gique \u2013 Poutine ouvre les portes de l\u2019enfer devant les \u00c9tats-Unis<\/strong><\/span><\/p>\n<p>&nbsp;<\/p>\n<p style=\"text-align: center;\"><span style=\"font-family: times new roman, times, serif; font-size: 18pt;\"><strong>Tom Luongo <em>\u2013 Strategic Culture Foundation<\/em> \u2013 15.3.2020<\/strong><\/span><\/p>\n<p style=\"text-align: center;\"><span style=\"font-family: times new roman, times, serif; font-size: 18pt;\">Traduit par<strong> jj pour <em>Le Saker francophone<\/em><\/strong><\/span><\/p>\n<p style=\"text-align: justify;\"><span style=\"font-family: times new roman, times, serif; font-size: 14pt;\"><strong><em>\u00a0<\/em><\/strong><\/span><\/p>\n<p>&nbsp;<\/p>\n<p style=\"text-align: center;\"><a href=\"http:\/\/blog.lesgrossesorchadeslesamplesthalameges.fr\/wp-content\/uploads\/2020\/03\/POUTINE-JUDOKA-2.jpg\"><img loading=\"lazy\" class=\"alignnone wp-image-9176 size-full\" src=\"http:\/\/blog.lesgrossesorchadeslesamplesthalameges.fr\/wp-content\/uploads\/2020\/03\/POUTINE-JUDOKA-2.jpg\" alt=\"\" width=\"600\" height=\"335\" srcset=\"https:\/\/blog.lesgrossesorchadeslesamplesthalameges.fr\/wp-content\/uploads\/2020\/03\/POUTINE-JUDOKA-2.jpg 600w, https:\/\/blog.lesgrossesorchadeslesamplesthalameges.fr\/wp-content\/uploads\/2020\/03\/POUTINE-JUDOKA-2-300x168.jpg 300w\" sizes=\"(max-width: 600px) 100vw, 600px\" \/><\/a><\/p>\n<p style=\"text-align: justify;\"><span style=\"font-family: times new roman, times, serif; font-size: 14pt;\"><strong><em>\u00a0<\/em><\/strong><\/span><\/p>\n<p>&nbsp;<\/p>\n<p style=\"text-align: justify;\"><span style=\"font-family: tahoma, arial, helvetica, sans-serif; font-size: 14pt;\"><strong>Je suis un grand joueur de jeux de soci\u00e9t\u00e9. Je ne suis pas trop pour les classiques comme les \u00e9checs ou le go, pr\u00e9f\u00e9rant les plus modernes. Mais, quoi qu\u2019il en soit, en tant que personne qui appr\u00e9cie le d\u00e9licat \u00e9quilibre entre strat\u00e9gie et tactique, je dois dire que la ma\u00eetrise des horloges par le\u00a0pr\u00e9sident russe Vladimir Poutine m\u2019impressionne<\/strong><strong>.<\/strong><\/span><\/p>\n<p>&nbsp;<\/p>\n<p style=\"text-align: justify;\"><span style=\"font-family: times new roman, times, serif; font-size: 14pt;\">Car s\u2019il y a jamais eu un moment o\u00f9 Poutine et la Russie\u00a0pouvaient infliger un maximum de souffrance aux \u00c9tats-Unis via\u00a0leur\u00a0talon d\u2019Achille, les march\u00e9s financiers et leur\u00a0soif inextinguible de dette, c\u2019est ce mois-ci, juste au moment o\u00f9 le coronavirus atteignait ses c\u00f4tes.<\/span><\/p>\n<p style=\"text-align: justify;\"><span style=\"font-family: times new roman, times, serif; font-size: 14pt;\">Comme je l\u2019ai dit, je suis un grand joueur de jeu de soci\u00e9t\u00e9 et j\u2019aime particuli\u00e8rement les jeux o\u00f9 il y a un \u00e9quilibre d\u00e9licat entre la puissance des joueurs, qui doit \u00eatre maintenue pendant que ce n\u2019est pas leur tour. Les attaques doivent \u00eatre\u00a0contrecarr\u00e9es, mais\u00a0juste assez pour emp\u00eacher la personne d\u2019avancer, et pas au point o\u00f9 vous ne\u00a0pourriez\u00a0plus vous d\u00e9fendre\u00a0lors du tour du joueur suivant.<\/span><\/p>\n<p style=\"text-align: justify;\"><span style=\"font-family: times new roman, times, serif; font-size: 14pt;\">Tout cela au b\u00e9n\u00e9fice de la survie du jeu jusqu\u2019\u00e0 ce que vous trouviez le moment id\u00e9al pour percer et remporter la victoire. Apr\u00e8s avoir regard\u00e9 Poutine jouer \u00e0 ce jeu au cours des huit derni\u00e8res ann\u00e9es, je crois fermement qu\u2019il n\u2019y a personne, en position de pouvoir aujourd\u2019hui, qui le comprenne mieux que lui.<\/span><\/p>\n<p style=\"text-align: justify;\"><span style=\"font-family: times new roman, times, serif; font-size: 14pt;\">Et je crois que cette d\u00e9cision de briser l\u2019OPEP+ et ensuite de regarder Mohammed bin Salman briser l\u2019OPEP \u00e9tait le grand mouvement de renversement du style judo de Poutine. Et ce faisant, en moins d\u2019une semaine, il a compl\u00e8tement paralys\u00e9 le syst\u00e8me financier am\u00e9ricain.<\/span><\/p>\n<p style=\"text-align: justify;\"><span style=\"font-family: times new roman, times, serif; font-size: 14pt;\">Le vendredi 6 mars, la Russie a dit <strong>niet<\/strong> \u00e0 l\u2019OPEP <em>[\u2026pour\u00a0une r\u00e9duction de la production de p\u00e9trole pour maintenir les cours]<\/em>. Le mercredi 11, la R\u00e9serve f\u00e9d\u00e9rale avait d\u00e9j\u00e0 doubl\u00e9 ses interventions quotidiennes sur le march\u00e9 des REPO, le refinancement des banques au jour le jour, pour <a href=\"https:\/\/lesakerfrancophone.fr\/la-fed-renfloue-le-marche-repo\">maintenir<\/a> la liquidit\u00e9 bancaire \u00e0 un niveau suffisant,\u00a0car les banques ne voulaient\u00a0plus prendre en pension les bons du Tr\u00e9sor US qui affichaient des taux d\u2019int\u00e9r\u00eat trop \u00e9lev\u00e9s.<\/span><\/p>\n<p style=\"text-align: justify;\"><span style=\"font-family: times new roman, times, serif; font-size: 14pt;\">Le 12 \u00e0 midi, la Fed a annonc\u00e9 1\u00a0500 milliards de dollars de nouvelles facilit\u00e9s de REPO, <strong>y compris des contrats \u00e0 trois mois<\/strong>. \u00c0 un moment donn\u00e9 pendant la n\u00e9gociation ce jour-l\u00e0, l\u2019ensemble du march\u00e9 du Tr\u00e9sor am\u00e9ricain s\u2019est tari. Personne n\u2019a fait d\u2019offre pour les actifs financiers les plus liquides et recherch\u00e9s au monde.<\/span><\/p>\n<p style=\"text-align: justify;\"><span style=\"font-family: times new roman, times, serif; font-size: 14pt;\">Pourquoi\u00a0? Les prix \u00e9taient si \u00e9lev\u00e9s que personne n\u2019en voulait.<\/span><\/p>\n<p style=\"text-align: justify;\"><span style=\"font-family: times new roman, times, serif; font-size: 14pt;\">Non seulement nous avons eu une expansion massive des interventions sur le march\u00e9 REPO par la Fed, mais en plus pour une dur\u00e9e plus longue. C\u2019est un signe clair que le probl\u00e8me est presque sans issue. Les op\u00e9rations sur le march\u00e9\u00a0 REPO de plus de trois jours sont dans ce contexte une raret\u00e9.<\/span><\/p>\n<p style=\"text-align: justify;\"><span style=\"font-family: times new roman, times, serif; font-size: 14pt;\">La Fed qui a besoin d\u2019ajouter 1\u00a0500 milliards de dollars en pensions sur trois mois signifie clairement qu\u2019elle envisage le prochain probl\u00e8me \u00e0 la fin du trimestre, et m\u00eame au-del\u00e0.<\/span><\/p>\n<p style=\"text-align: left;\"><span style=\"font-family: times new roman, times, serif; font-size: 14pt;\"><strong>Cela signifie, en bref, que les march\u00e9s financiers mondiaux sont compl\u00e8tement paralys\u00e9s.<\/strong><\/span><\/p>\n<p style=\"text-align: justify;\"><span style=\"font-family: times new roman, times, serif; font-size: 14pt;\">Et pire que \u00e7a\u2026. L\u2019intervention de la Fed n\u2019a pas march\u00e9.<\/span><\/p>\n<p style=\"text-align: justify;\"><span style=\"font-family: times new roman, times, serif; font-size: 14pt;\">Les actions ont continu\u00e9\u00a0\u00e0 fl\u00e9chir, l\u2019or et d\u2019autres actifs refuges ont \u00e9t\u00e9 durement touch\u00e9s par une inversion des flux de capitaux \u00e0 partir des \u00c9tats-Unis. Dans la\u00a0foul\u00e9e imm\u00e9diate\u00a0de la d\u00e9cision de Poutine, le dollar a \u00e9t\u00e9 chahut\u00e9\u00a0alors que les investisseurs europ\u00e9ens et japonais, qui avaient empil\u00e9\u00a0les actions US comme refuge, ont liquid\u00e9 leurs\u00a0positions et ramen\u00e9 le capital \u00e0 la maison.<\/span><\/p>\n<p style=\"text-align: justify;\"><span style=\"font-family: times new roman, times, serif; font-size: 14pt;\">Cela a dur\u00e9 quelques jours avant que Christine Lagarde n\u2019organise son show, \u00e0 la foire de\u00a0la Banque centrale europ\u00e9enne, pour dire \u00e0 tout le monde qu\u2019elle n\u2019avait pas de r\u00e9ponses autres que d\u2019augmenter les achats d\u2019actifs et de continuer \u00e0 faire ce qui a \u00e9chou\u00e9 dans le pass\u00e9.<\/span><\/p>\n<p style=\"text-align: justify;\"><span style=\"font-family: times new roman, times, serif; font-size: 14pt;\">Cela a d\u00e9clench\u00e9 la phase suivante de la crise, o\u00f9 le dollar commence \u00e0 se renforcer. Et c\u2019est l\u00e0 que nous en sommes maintenant.<\/span><\/p>\n<p style=\"text-align: justify;\"><span style=\"font-family: times new roman, times, serif; font-size: 14pt;\">Et Poutine comprend qu\u2019un monde inond\u00e9 de dettes est un monde qui ne peut plus se payer\u00a0la devise\u00a0n\u00e9cessaire pour rembourser la dette, libell\u00e9e dans cette devise, dont le co\u00fbt est en forte augmentation.<\/span><\/p>\n<p style=\"text-align: justify;\"><span style=\"font-family: times new roman, times, serif; font-size: 14pt;\">Cela exerce une pression suppl\u00e9mentaire sur les rivaux g\u00e9opolitiques de la Russie\u00a0en les obligeant \u00e0 se concentrer sur leurs pr\u00e9occupations nationales plut\u00f4t que sur celles de l\u2019\u00e9tranger.<\/span><\/p>\n<p style=\"text-align: justify;\"><span style=\"font-family: times new roman, times, serif; font-size: 14pt;\">Pendant des ann\u00e9es, Poutine a suppli\u00e9 l\u2019Occident de mettre fin \u00e0 sa folle bellig\u00e9rance au Moyen-Orient et en Asie. Il a fait valoir avec \u00e9loquence aux Nations Unies et dans des interviews que le moment unipolaire \u00e9tait r\u00e9volu et que les \u00c9tats-Unis ne peuvent maintenir leur statut de seule superpuissance mondiale si longtemps. La dette finirait par saper sa force qui, au bon moment, se r\u00e9v\u00e9lerait bien plus faible qu\u2019elle ne le croyait.<\/span><\/p>\n<p style=\"text-align: justify;\"><span style=\"font-family: times new roman, times, serif; font-size: 14pt;\">Cela ne convient pas au pr\u00e9sident Trump, qui croit \u00e0 l\u2019exceptionnalisme am\u00e9ricain.\u00a0Il se battra pour sa version de <em>\u00ab\u00a0America First\u00a0\u00bb<\/em> jusqu\u2019au bout, en utilisant toutes les armes \u00e0 sa disposition. Le probl\u00e8me avec cette attitude de <em>\u00abne jamais reculer\u00bb<\/em> est que cela le rend tr\u00e8s pr\u00e9visible.<\/span><\/p>\n<p style=\"text-align: justify;\"><span style=\"font-family: times new roman, times, serif; font-size: 14pt;\">L\u2019utilisation par Trump de sanctions contre l\u2019Europe pour arr\u00eater le gazoduc <em>Nord Stream 2<\/em> \u00e9tait stupide et \u00e0 courte vue. Il s\u2019est ainsi assur\u00e9 que la Russie serait impitoyable dans sa r\u00e9ponse, et ne retarderait\u00a0son projet que de quelques mois.<\/span><\/p>\n<p style=\"text-align: justify;\"><span style=\"font-family: times new roman, times, serif; font-size: 14pt;\">Trump \u00e9tait facile \u00e0 contrer sur ce coup l\u00e0. Signer un accord avec l\u2019Ukraine, d\u00e9sesp\u00e9r\u00e9ment \u00e0 court d\u2019argent, pour faire transiter le p\u00e9trole, et rediriger le navire poseur de tuyaux vers la Baltique pour terminer le pipeline <em>Nord Stream 2<\/em>.<\/span><\/p>\n<p style=\"text-align: justify;\"><span style=\"font-family: times new roman, times, serif; font-size: 14pt;\">Et avec les prix du gaz naturel en Europe, d\u00e9j\u00e0 dans les chaussettes \u00e0 cause d\u2019une offre exc\u00e9dentaire et d\u2019un hiver doux, il n\u2019y a finalement pas beaucoup de temps ou d\u2019argent perdu. Mieux vaut faire baisser le prix mondial du p\u00e9trole bien en dessous des co\u00fbts de production aux \u00c9tats-Unis, ce qui garantit que le pr\u00e9cieux Gaz Naturel Liqu\u00e9fi\u00e9\u00a0de Trump reste hors du march\u00e9 europ\u00e9en, alors que le mythe de l\u2019autosuffisance \u00e9nerg\u00e9tique des \u00c9tats-Unis dispara\u00eet dans les cendres\u00a0des produits financiers d\u00e9riv\u00e9s <em>[\u2026de la dette astronomique accumul\u00e9e pour financer la fracturation de l\u2019huile de schiste non rentable.]<\/em><\/span><\/p>\n<p style=\"text-align: justify;\"><span style=\"font-family: times new roman, times, serif; font-size: 14pt;\">Maintenant, Trump fait face \u00e0 un effondrement du march\u00e9 bien au-del\u00e0 de sa capacit\u00e9 \u00e0 y r\u00e9pondre, et m\u00eame \u00e0 le sonder. Alors que la Russie est dans la position unique de r\u00e9duire les co\u00fbts du p\u00e9trole pour un grand nombre de personnes, tout en surmontant le choc du syst\u00e8me globalis\u00e9 gr\u00e2ce \u00e0\u00a0ses \u00e9conomies.<\/span><\/p>\n<p style=\"text-align: justify;\"><span style=\"font-family: times new roman, times, serif; font-size: 14pt;\">Parce que l\u2019argent\u00a0se d\u00e9place l\u00e0 o\u00f9 se trouvent les meilleurs rendements, les prix \u00e9lev\u00e9s du p\u00e9trole et du gaz \u00e9touffent le d\u00e9veloppement des autres industries. La baisse du prix du p\u00e9trole, non seulement d\u00e9gonfle toutes les bulles financi\u00e8res gonfl\u00e9es par les \u00c9tats-Unis, mais elle d\u00e9gonfle \u00e9galement une partie de la puissance de l\u2019industrie p\u00e9troli\u00e8re\u00a0du pays. Cela donne \u00e0 Poutine la possibilit\u00e9 de continuer \u00e0 diriger l\u2019\u00e9conomie russe selon des axes moins cibl\u00e9s que l\u2019\u00e9nergie. Le p\u00e9trole et le gaz bon march\u00e9 signifient une baisse du retour sur investissement dans les projets \u00e9nerg\u00e9tiques, ce qui, \u00e0 son tour, permet au\u00a0capital disponible\u00a0de se d\u00e9ployer\u00a0dans d\u2019autres domaines de l\u2019\u00e9conomie.<\/span><\/p>\n<p style=\"text-align: justify;\"><span style=\"font-family: times new roman, times, serif; font-size: 14pt;\">Poutine vient de dire au monde qu\u2019il n\u2019exploite pas les ressources p\u00e9troli\u00e8res et gazi\u00e8res de son pays comme une vache \u00e0 lait, mais plut\u00f4t comme un \u00e9l\u00e9ment important d\u2019une strat\u00e9gie \u00e9conomique diff\u00e9rente pour le d\u00e9veloppement de la Russie.<\/span><\/p>\n<p style=\"text-align: justify;\"><span style=\"font-family: times new roman, times, serif; font-size: 14pt;\">C\u2019est comme regarder quelqu\u2019un jouer la premi\u00e8re mi-temps d\u2019un jeu avec une strat\u00e9gie, et passer ensuite \u00e0 une autre \u00e0 mi-parcours, profitant de la n\u00e9gligence de son adversaire.<\/span><\/p>\n<p style=\"text-align: justify;\"><span style=\"font-family: times new roman, times, serif; font-size: 14pt;\">Cela se voit rarement, mais quand \u00e7a marche, les r\u00e9sultats peuvent \u00eatre spectaculaires. Jeu, set, et match, Poutine.<\/span><\/p>\n<p>&nbsp;<\/p>\n<p style=\"text-align: justify;\"><span style=\"font-family: times new roman, times, serif; font-size: 14pt;\">Traduit par jj, relu par Kira pour le Saker Francophone<\/span><\/p>\n<p style=\"text-align: justify;\"><span style=\"font-family: times new roman, times, serif; font-size: 14pt;\"><strong>\u00a0<\/strong><\/span><\/p>\n<p><a href=\"http:\/\/blog.lesgrossesorchadeslesamplesthalameges.fr\/wp-content\/uploads\/2020\/03\/Tom-Luongo.jpeg\"><img loading=\"lazy\" class=\"alignnone wp-image-9177\" src=\"http:\/\/blog.lesgrossesorchadeslesamplesthalameges.fr\/wp-content\/uploads\/2020\/03\/Tom-Luongo.jpeg\" alt=\"\" width=\"150\" height=\"150\" srcset=\"https:\/\/blog.lesgrossesorchadeslesamplesthalameges.fr\/wp-content\/uploads\/2020\/03\/Tom-Luongo.jpeg 200w, https:\/\/blog.lesgrossesorchadeslesamplesthalameges.fr\/wp-content\/uploads\/2020\/03\/Tom-Luongo-150x150.jpeg 150w\" sizes=\"(max-width: 150px) 100vw, 150px\" \/><\/a><\/p>\n<p style=\"text-align: justify;\"><span style=\"font-family: times new roman, times, serif; font-size: 14pt;\"><strong>Tom Luongo, qu\u2019on ne pr\u00e9sente plus, est l\u2019animateur du site <\/strong><a href=\"https:\/\/tomluongo.me\/2020\/03\/14\/real-crisis-starts-now-europe\/\"><strong><em>GOLD, GOATS\u2019N GUNS<\/em><\/strong><\/a><\/span><\/p>\n<p style=\"text-align: justify;\"><span style=\"font-family: times new roman, times, serif; font-size: 14pt;\"><em>\u00a0<\/em><\/span><\/p>\n<p style=\"text-align: left;\"><span style=\"font-family: times new roman, times, serif; font-size: 14pt;\">Source\u00a0: <a href=\"https:\/\/lesakerfrancophone.fr\/aikido-strategique-poutine-ouvre-les-portes-de-lenfer-devant-les-etats-unis\">https:\/\/lesakerfrancophone.fr\/aikido-strategique-poutine-ouvre-les-portes-de-lenfer-devant-les-etats-unis<\/a><\/span><\/p>\n<p style=\"text-align: left;\"><span style=\"font-family: times new roman, times, serif; font-size: 14pt;\">Source d\u2019origine\u00a0: <a href=\"https:\/\/www.strategic-culture.org\/news\/2020\/03\/15\/putin-unleashes-strategic-hell-on-us\/\">https:\/\/www.strategic-culture.org\/news\/2020\/03\/15\/putin-unleashes-strategic-hell-on-us\/<\/a><\/span><\/p>\n<p style=\"text-align: justify;\"><span style=\"font-family: times new roman, times, serif; font-size: 14pt;\"><strong>\u00a0<\/strong><\/span><\/p>\n<p style=\"text-align: left;\"><span style=\"font-family: times new roman, times, serif; font-size: 14pt;\"><strong>URL de cet article\u00a0: <\/strong><a href=\"http:\/\/blog.lesgrossesorchadeslesamplesthalameges.fr\/index.php\/poutine-dechaine-un-enfer-strategique-sur-les-etats-unis\/\">http:\/\/blog.lesgrossesorchadeslesamplesthalameges.fr\/index.php\/poutine-dechaine-un-enfer-strategique-sur-les-etats-unis\/<\/a><\/span><\/p>\n<p>&nbsp;<\/p>\n<p>&nbsp;<\/p>\n<p style=\"text-align: center;\"><span style=\"font-family: times new roman, times, serif; font-size: 14pt;\"><strong>\u00a0<a href=\"http:\/\/blog.lesgrossesorchadeslesamplesthalameges.fr\/wp-content\/uploads\/2020\/03\/JUDOKA-GIF.gif\"><img loading=\"lazy\" class=\"alignnone wp-image-9182\" src=\"http:\/\/blog.lesgrossesorchadeslesamplesthalameges.fr\/wp-content\/uploads\/2020\/03\/JUDOKA-GIF.gif\" alt=\"\" width=\"130\" height=\"130\" \/><\/a><\/strong><\/span><\/p>\n<p><strong>\u00a0<\/strong><\/p>\n<p style=\"text-align: right;\"><span style=\"font-family: comic sans ms, sans-serif;\">Mars 2020<\/span><\/p>\n<p>&nbsp;<\/p>\n<p>&nbsp;<\/p>\n","protected":false},"excerpt":{"rendered":"<p>&nbsp; &nbsp; &nbsp; &nbsp; &nbsp; &nbsp; Poutine d\u00e9cha\u00eene un enfer strat\u00e9gique sur les \u00c9tats-Unis &nbsp; Traduit par Le Saker Francophone, sous le titre\u00a0: \u00a0 A\u00efkido strat\u00e9gique \u2013 Poutine ouvre les portes de l\u2019enfer devant les \u00c9tats-Unis &nbsp; Tom Luongo \u2013 Strategic Culture Foundation \u2013 15.3.2020 Traduit par jj pour Le Saker francophone \u00a0 &nbsp; \u00a0&#8230;<\/p>\n","protected":false},"author":1,"featured_media":0,"parent":0,"menu_order":0,"comment_status":"open","ping_status":"open","template":"","meta":[],"_links":{"self":[{"href":"https:\/\/blog.lesgrossesorchadeslesamplesthalameges.fr\/index.php\/wp-json\/wp\/v2\/pages\/9173"}],"collection":[{"href":"https:\/\/blog.lesgrossesorchadeslesamplesthalameges.fr\/index.php\/wp-json\/wp\/v2\/pages"}],"about":[{"href":"https:\/\/blog.lesgrossesorchadeslesamplesthalameges.fr\/index.php\/wp-json\/wp\/v2\/types\/page"}],"author":[{"embeddable":true,"href":"https:\/\/blog.lesgrossesorchadeslesamplesthalameges.fr\/index.php\/wp-json\/wp\/v2\/users\/1"}],"replies":[{"embeddable":true,"href":"https:\/\/blog.lesgrossesorchadeslesamplesthalameges.fr\/index.php\/wp-json\/wp\/v2\/comments?post=9173"}],"version-history":[{"count":0,"href":"https:\/\/blog.lesgrossesorchadeslesamplesthalameges.fr\/index.php\/wp-json\/wp\/v2\/pages\/9173\/revisions"}],"wp:attachment":[{"href":"https:\/\/blog.lesgrossesorchadeslesamplesthalameges.fr\/index.php\/wp-json\/wp\/v2\/media?parent=9173"}],"curies":[{"name":"wp","href":"https:\/\/api.w.org\/{rel}","templated":true}]}}