{"id":923,"date":"2018-12-09T18:31:06","date_gmt":"2018-12-09T17:31:06","guid":{"rendered":"http:\/\/blog.lesgrossesorchadeslesamplesthalameges.fr\/?page_id=923"},"modified":"2018-12-09T18:31:11","modified_gmt":"2018-12-09T17:31:11","slug":"la-chine-indignee","status":"publish","type":"page","link":"https:\/\/blog.lesgrossesorchadeslesamplesthalameges.fr\/index.php\/la-chine-indignee\/","title":{"rendered":"La Chine indign\u00e9e&#8230;"},"content":{"rendered":"<p>&nbsp;<\/p>\n<p>&nbsp;<\/p>\n<p>&nbsp;<\/p>\n<p>&nbsp;<\/p>\n<p>&nbsp;<\/p>\n<p>&nbsp;<\/p>\n<p style=\"text-align: center;\"><span style=\"font-family: times new roman, times, serif; font-size: 14pt;\"><strong><span style=\"font-size: 36pt;\">La Chine, indign\u00e9e par l\u2019arrestation de la directrice financi\u00e8re de Huawei, promet de \u00ab\u00a0prendre toutes les mesures\u00a0\u00bb\u2026<\/span> <\/strong><\/span><\/p>\n<p><span style=\"font-family: times new roman, times, serif; font-size: 14pt;\"><strong>\u00a0<\/strong><\/span><\/p>\n<p style=\"text-align: justify;\"><span style=\"font-family: times new roman, times, serif; font-size: 18pt;\"><strong>L\u2019arrestation de la directrice financi\u00e8re de Huawei sera consid\u00e9r\u00e9e comme une attaque des soci\u00e9t\u00e9s chefs de file de l\u2019industrie chinoise.<\/strong><\/span><\/p>\n<p>&nbsp;<\/p>\n<p style=\"text-align: center;\"><span style=\"font-family: times new roman, times, serif; font-size: 14pt;\"><a href=\"http:\/\/theduran.com\/author\/tyler-durden\/\"><strong><span style=\"font-size: 18pt;\">Tyler Durden<\/span><\/strong><\/a><span style=\"font-size: 18pt;\"> \u2013 <strong><em>Zero Hedge<\/em><\/strong> \u2013 6.12.2018<\/span><\/span><\/p>\n<p style=\"text-align: center;\"><span style=\"font-family: times new roman, times, serif; font-size: 18pt;\">via <strong><em>TheDuran<\/em><\/strong><\/span><\/p>\n<p>&nbsp;<\/p>\n<p style=\"text-align: center;\"><img loading=\"lazy\" class=\"alignnone wp-image-924\" src=\"http:\/\/blog.lesgrossesorchadeslesamplesthalameges.fr\/wp-content\/uploads\/2018\/12\/huawei-1-300x211.jpg\" alt=\"\" width=\"750\" height=\"528\" srcset=\"https:\/\/blog.lesgrossesorchadeslesamplesthalameges.fr\/wp-content\/uploads\/2018\/12\/huawei-1-300x211.jpg 300w, https:\/\/blog.lesgrossesorchadeslesamplesthalameges.fr\/wp-content\/uploads\/2018\/12\/huawei-1-768x541.jpg 768w, https:\/\/blog.lesgrossesorchadeslesamplesthalameges.fr\/wp-content\/uploads\/2018\/12\/huawei-1-1024x721.jpg 1024w, https:\/\/blog.lesgrossesorchadeslesamplesthalameges.fr\/wp-content\/uploads\/2018\/12\/huawei-1.jpg 1179w\" sizes=\"(max-width: 750px) 100vw, 750px\" \/><\/p>\n<p>&nbsp;<\/p>\n<p style=\"text-align: justify;\"><strong><span style=\"font-family: times new roman, times, serif; font-size: 18pt;\">Tant pis pour la tr\u00eave dans la guerre \u00e9conomique entre la Chine et les USA, ou pour une reprise boursi\u00e8re \u00e0 No\u00ebl d\u2019ailleurs.<\/span><\/strong><\/p>\n<p style=\"text-align: justify;\"><span style=\"font-family: times new roman, times, serif; font-size: 14pt;\">Peu apr\u00e8s qu\u2019ait \u00e9clat\u00e9, le 1<sup>er<\/sup> d\u00e9cembre, la nouvelle de l\u2019arrestation de Wanzhou Meng \u2013 \u00e9galement vice-pr\u00e9sidente et fille du fondateur de Huawei \u2013 juste au moment o\u00f9 Trump et Xi d\u00eenaient ensemble \u00e0 Buenos Aires, et l\u2019annonce qu\u2019elle risque d\u2019\u00eatre extrad\u00e9e vers les \u00c9tats-Unis suite \u00e0 une enqu\u00eate du D\u00e9partement de la Justice qui veut savoir si le g\u00e9ant des t\u00e9l\u00e9coms chinois a vendu du mat\u00e9riel \u00e0 l\u2019Iran au m\u00e9pris des \u00ab\u00a0sanctions\u00a0\u00bb contre les exportations vers ce pays, la Chine a imm\u00e9diatement d\u00e9pos\u00e9 une plainte officielle et publi\u00e9 une d\u00e9claration via son ambassade au Canada, <strong>exigeant que les USA et leur voisin \u00ab\u00a0mettent fin \u00e0 leurs m\u00e9faits\u00a0\u00bb et lib\u00e8rent Meng\u00a0; les avertissant qu\u2019elle allait \u00ab\u00a0suivre de pr\u00e8s le d\u00e9veloppement de cette affaire\u00a0\u00bb et qu\u2019elle prendrait \u00ab\u00a0toutes les mesures\u00a0\u00bb <\/strong>[qui s\u2019imposent] <strong>pour prot\u00e9ger les droits l\u00e9gitimes et les int\u00e9r\u00eats des citoyens chinois.<\/strong><\/span><\/p>\n<p style=\"text-align: justify;\"><span style=\"font-family: times new roman, times, serif; font-size: 14pt;\"><strong>\u00a0<\/strong><\/span><\/p>\n<p style=\"text-align: justify;\"><span style=\"font-family: times new roman, times, serif; font-size: 18pt;\"><strong>Remarques du porte-parole de l\u2019ambassade de Chine au Canada, sur la question d\u2019une citoyenne chinoise arr\u00eat\u00e9e par la partie canadienne.<\/strong><\/span><\/p>\n<p>&nbsp;<\/p>\n<p style=\"text-align: justify; padding-left: 60px;\"><span style=\"font-family: times new roman, times, serif; font-size: 14pt;\"><strong><em>\u00ab\u00a0\u00c0 la requ\u00eate de la partie US, la partie canadienne a arr\u00eat\u00e9 une citoyenne chinoise qui ne violait ni les lois am\u00e9ricaines ni les lois canadiennes. La partie chinoise s\u2019oppose fermement \u00e0 et proteste \u00e9nergiquement contre ce type d\u2019actions, qui portent gravement atteinte aux droits humains de la victime. La partie chinoise a d\u00e9pos\u00e9 une plainte s\u00e9v\u00e8re contre les parties US et canadienne, et les presse de mettre imm\u00e9diatement fin \u00e0 leurs m\u00e9faits en rendant sa libert\u00e9 \u00e0 Ms Meng Wanzhou. <\/em><\/strong><\/span><\/p>\n<p style=\"text-align: justify; padding-left: 60px;\"><span style=\"font-family: times new roman, times, serif; font-size: 14pt;\"><strong><em>Nous suivrons de pr\u00e8s le d\u00e9veloppement de cette affaire et prendrons toutes les mesures [qu\u2019il faudra] pour prot\u00e9ger les droits l\u00e9gitimes et les int\u00e9r\u00eats des citoyens chinois.\u00a0\u00bb<\/em><\/strong><\/span><\/p>\n<p style=\"text-align: justify;\"><span style=\"font-family: times new roman, times, serif; font-size: 14pt;\"><strong><em>\u00a0<\/em><\/strong><\/span><\/p>\n<p style=\"text-align: justify;\"><span style=\"font-family: times new roman, times, serif; font-size: 14pt;\">L\u2019arrestation de Meng va instantan\u00e9ment raviver les tensions entre Washington et P\u00e9kin, quelques jours \u00e0 peine apr\u00e8s que les deux plus grandes \u00e9conomies du monde aient convenu d\u2019une tr\u00eave dans le conflit \u00e9conomique croissant qui les oppose. Ceci va, ou au moins devrait, inciter les cadres US actuellement en Chine \u00e0 se demander tr\u00e8s s\u00e9rieusement s\u2019ils se trouvent bien l\u00e0 o\u00f9 ils souhaiteront se trouver demain, mettons, quand Xi d\u00e9cidera de prendre les mesures de repr\u00e9sailles appropri\u00e9es.<\/span><\/p>\n<p style=\"text-align: justify;\"><span style=\"font-family: times new roman, times, serif; font-size: 14pt;\">Le p\u00e8re de Meng, Ren Zhengfei, ancien ing\u00e9nieur de l\u2019arm\u00e9e, r\u00e9guli\u00e8rement cit\u00e9 parmi les plus grands dirigeants d\u2019entreprises du pays, s\u2019est rendu c\u00e9l\u00e8bre pour avoir fait d\u2019une soci\u00e9t\u00e9 de revente de pi\u00e8ces \u00e9lectroniques au d\u00e9tail le deuxi\u00e8me plus grand fabricant mondial de smartphones et un des plus importants producteurs d\u2019\u00e9quipements et infrastructures de r\u00e9seaux informatiques.<\/span><\/p>\n<p style=\"text-align: justify;\"><span style=\"font-family: times new roman, times, serif; font-size: 14pt;\">Comme le fait remarquer <em>Bloomberg<\/em>, l\u2019arrestation de la directrice financi\u00e8re sera consid\u00e9r\u00e9e dans son pays comme une attaque de plein fouet contre les chefs de file des grandes soci\u00e9t\u00e9s chinoises. Si Alibaba et Tencent font les gros titres par leur croissance voyante et leurs prestigieux fondateurs milliardaires, la soci\u00e9t\u00e9 de Ren est de loin la compagnie technologique la plus mondialis\u00e9e, avec un terrain d\u2019op\u00e9rations recouvrant l\u2019Afrique, l\u2019Europe et l\u2019Asie.<\/span><\/p>\n<p>&nbsp;<\/p>\n<p style=\"text-align: justify; padding-left: 60px;\"><span style=\"font-family: times new roman, times, serif; font-size: 14pt;\"><em>\u00ab\u00a0Tencent et Alibaba peuvent \u00eatre des chefs de file en Chine et d\u2019\u00e9normes plateformes de plein droit, mais Huawei est devenue un poumon plan\u00e9taire\u00a0\u00bb<\/em> a dit Neil Campling, analyste chez Mirabaud Securities Ltd. <em>\u00ab\u00a0Ce sont les <\/em><a href=\"https:\/\/www.frandroid.com\/telecom\/488716_reseau-5g-tout-ce-qui-va-changer-quels-usages-et-pourquoi-la-technologie-est-importante\"><em>standards 5 G<\/em><\/a><em> qui sont au centre du <\/em><a href=\"https:\/\/fr.wikipedia.org\/wiki\/Adresse_IP\"><em>d\u00e9bat \u00e9largi sur l\u2019IP<\/em><\/a><em>, et c\u2019est pourquoi les USA et leurs alli\u00e9s font actuellement tout ce qu\u2019ils peuvent pour frapper au c\u0153ur la r\u00e9volution technologique IP chinoise.\u00a0\u00bb<\/em><\/span><\/p>\n<p style=\"text-align: justify;\"><span style=\"font-family: times new roman, times, serif; font-size: 14pt;\"><em>\u00a0<\/em><\/span><\/p>\n<p style=\"text-align: justify;\"><span style=\"font-family: times new roman, times, serif; font-size: 14pt;\">Simultan\u00e9ment, les ambitions technologiques de Huawei ont fait entrer la compagnie dans des eaux dangereuses par rapport aux \u00c9tats-Unis\u00a0: son irruption massive dans la communication mobile de l\u2019avenir a mis les Am\u00e9ricains hors d\u2019eux et est devenue un point focal dans les tentatives US de \u00ab\u00a0contenir\u00a0\u00bb l\u2019ascension de la Chine.<\/span><\/p>\n<p style=\"text-align: justify;\"><span style=\"font-family: times new roman, times, serif; font-size: 14pt;\">Pour en revenir \u00e0 l\u2019actualit\u00e9 imm\u00e9diate, le D\u00e9partement de la Justice US a refus\u00e9 de commenter les circonstances entourant l\u2019arrestation de la directrice financi\u00e8re, mais la tr\u00e8s grosse question qu\u2019on se pose partout est de savoir si Trump \u00e9tait au courant de l\u2019arrestation imminente au moment o\u00f9 il d\u00eenait avec le pr\u00e9sident chinois et pourquoi exactement il a[urait] donn\u00e9 le feu vert \u00e0 une action qui ne peut se solder que par un autre scandale diplomatique, lequel ne pourra \u00e0 son tour qu\u2019\u00e9craser dans l\u2019\u0153uf toute la bonne volont\u00e9 g\u00e9n\u00e9r\u00e9e par le G20.<\/span><\/p>\n<p style=\"text-align: justify;\"><span style=\"font-family: times new roman, times, serif; font-size: 14pt;\">En attendant, Huawei a fait une d\u00e9claration disant que l\u2019arrestation a \u00e9t\u00e9 faite pour le compte des \u00c9tats-Unis, et qu\u2019en cons\u00e9quence Meng pourrait \u00eatre extrad\u00e9e, pour \u00ab\u00a0r\u00e9pondre d\u2019accusations non sp\u00e9cifi\u00e9es\u00a0\u00bb, vers le district Est de New York.<\/span><\/p>\n<p>&nbsp;<\/p>\n<p style=\"text-align: center;\"><img loading=\"lazy\" class=\"alignnone wp-image-925\" src=\"http:\/\/blog.lesgrossesorchadeslesamplesthalameges.fr\/wp-content\/uploads\/2018\/12\/huawei-statement-229x300.gif\" alt=\"\" width=\"350\" height=\"459\" \/><\/p>\n<p style=\"text-align: justify; padding-left: 120px;\"><span style=\"font-family: times new roman, times, serif; font-size: 12pt;\">\u00ab\u00a0R\u00e9cemment, \u00a0\u00e0 l\u2019occasion d\u2019une correspondance de vol au Canada, la directrice financi\u00e8re de notre soci\u00e9t\u00e9, Ms Meng Wanzhou, a \u00e9t\u00e9 provisionnellement arr\u00eat\u00e9e et d\u00e9tenue par les autorit\u00e9s canadiennes, pour le compte des \u00c9tats-Unis d\u2019Am\u00e9rique, qui veulent obtenir l\u2019extradition de Ms. Meng pour r\u00e9pondre d\u2019accusations non sp\u00e9cifi\u00e9es dans le district Est de New York,.<\/span><\/p>\n<p style=\"text-align: justify; padding-left: 120px;\"><span style=\"font-family: times new roman, times, serif; font-size: 12pt;\">\u00a0\u00ab\u00a0La compagnie n\u2019a pu obtenir que tr\u00e8s peu d\u2019informations concernant les chefs d\u2019accusation et n\u2019a connaissance d\u2019aucun d\u00e9lit qui aurait pu \u00eatre commis par Ms. Meng. La compagnie croit que les syst\u00e8mes judiciaires canadien et US finiront par atteindre une conclusion juste.<\/span><\/p>\n<p style=\"text-align: justify; padding-left: 120px;\"><span style=\"font-family: times new roman, times, serif; font-size: 12pt;\">\u00ab\u00a0La soci\u00e9t\u00e9 Huawei se conforme \u00e0 toutes les lois et r\u00e8glementations applicables partout o\u00f9 elle op\u00e8re, y compris celles qui sont applicables sur les contr\u00f4les d\u2019exportation, les sanctions et les r\u00e8glementations des Nations Unies, des USA et de l\u2019UE.\u00a0\u00bb<\/span><\/p>\n<p>&nbsp;<\/p>\n<p style=\"text-align: justify;\"><span style=\"font-family: times new roman, times, serif; font-size: 14pt;\">Les tensions entre le g\u00e9ant des t\u00e9l\u00e9coms chinois et les autorit\u00e9s US ont commenc\u00e9 \u00e0 s\u2019intensifier en 2016, quand les USA ont exprim\u00e9 pour la premi\u00e8re fois la crainte que Huawei et d\u2018autres puissent installer des \u00ab\u00a0<a href=\"https:\/\/www.gnu.org\/proprietary\/proprietary-back-doors.fr.html\"><em>backdoors<\/em><\/a>\u00a0\u00bb dans leurs \u00e9quipements, qui leur permettraient d\u2019en contr\u00f4ler les utilisateurs aux USA. Huawei a d\u00e9menti ces insinuations. Quoi qu\u2019il en soit, le Pentagone a cess\u00e9 d\u2019offrir du mat\u00e9riel Huawei \u00e0 ses bases militaires en all\u00e9guant pr\u00e9cis\u00e9ment ces craintes s\u00e9curitaires. Best Buy C\u00b0, un des plus grands d\u00e9taillants des USA en mat\u00e9riel \u00e9lectronique a \u00e9galement cess\u00e9 depuis peu de vendre les produits Huawei.<\/span><\/p>\n<p style=\"text-align: justify;\"><span style=\"font-family: times new roman, times, serif; font-size: 14pt;\">Au mois d\u2019ao\u00fbt, le pr\u00e9sident US Donald Trump a avalis\u00e9 une loi qui interdit l\u2019utilisation par le gouvernement de produits Huawei, en invoquant des pr\u00e9occupations s\u00e9curitaires. Au cours du m\u00eame mois, l\u2019Australie a interdit l\u2019utilisation, dans tout le pays, de mat\u00e9riel Huawei pour les nouveaux r\u00e9seaux sans fil 5 G plus rapides, et, la semaine derni\u00e8re, la Nouvelle Z\u00e9lande a fait la m\u00eame chose, arguant elle aussi de pr\u00e9occupations s\u00e9curitaires nationales. Des actions semblables sont \u00e0 l\u2019\u00e9tude au Royaume Uni. Les USA, qui disent croire que le mat\u00e9riel Huawei peut \u00eatre utilis\u00e9 pour espionner, contactent \u00e0 ce sujet leurs alli\u00e9s, notamment l\u2019Allemagne, l\u2019Italie et le Japon, pour obtenir d\u2019eux qu\u2019ils persuadent les soci\u00e9t\u00e9s de leurs pays d\u2019\u00e9viter d\u2019utiliser du mat\u00e9riel Huawei, a rapport\u00e9 la semaine derni\u00e8re le <em>Wall Street Journal<\/em>.<\/span><\/p>\n<p>&nbsp;<\/p>\n<p style=\"text-align: justify; padding-left: 60px;\"><em><span style=\"font-family: times new roman, times, serif; font-size: 14pt;\">\u00ab\u00a0En 2016, le D\u00e9partement du Commerce s\u2019est livr\u00e9 \u00e0 une recherche d\u2019informations, sur le point de savoir si Huawei pourrait avoir livr\u00e9 de la technologie US \u00e0 la Syrie et \u00e0 la Cor\u00e9e du Nord, ainsi qu\u2019\u00e0 l\u2019Iran.\u00a0\u00bb<\/span><\/em><\/p>\n<p>&nbsp;<\/p>\n<p style=\"text-align: justify;\"><span style=\"font-family: times new roman, times, serif; font-size: 14pt;\">Les plus cyniques d\u2019entre nous auront beau jeu de pr\u00e9tendre que l\u2019offensive US a surtout pour but de mettre des b\u00e2tons dans les roues au d\u00e9veloppement de la soci\u00e9t\u00e9 chinoise qui, au cours du 3e trimestre, a d\u00e9pass\u00e9 Apple en devenant le n\u00b02 des fabricants mondiaux de smartphones, dont elle a exp\u00e9di\u00e9 plus de 52.2 millions d\u2019unit\u00e9s, si l\u2019on en croit Gartner Inc.<\/span><\/p>\n<p>&nbsp;<\/p>\n<p style=\"text-align: justify; padding-left: 60px;\"><span style=\"font-family: times new roman, times, serif; font-size: 14pt;\"><em>\u00ab\u00a0C\u2019est ce qu\u2019on appelle ne pas faire de cadeaux\u00a0\u00bb,<\/em> a dit Michael Every, chef des \u00e9tudes de march\u00e9s financiers d\u2019Asie \u00e0 la Rabo Bank de Hong Kong. <em>\u00ab\u00a0Comme on pouvait s\u2019y attendre, la Chine r\u00e9clame d\u00e9j\u00e0 sa lib\u00e9ration, mais si les accusations sont s\u00e9rieuses, n\u2019esp\u00e9rez pas que les \u00c9tats-Unis vont se d\u00e9gonfler.\u00a0\u00bb<\/em><\/span><\/p>\n<p>&nbsp;<\/p>\n<p style=\"text-align: justify;\"><span style=\"font-family: times new roman, times, serif; font-size: 14pt;\">La grande question est de savoir ce que va maintenant faire la Chine. Un coup d\u2019\u0153il aux r\u00e9actions qui ont imm\u00e9diatement suivi l\u2019annonce de l\u2019arrestation en donnent une id\u00e9e\u00a0: P\u00e9kin ne va probablement pas rire.<\/span><\/p>\n<p style=\"text-align: justify;\"><span style=\"font-family: times new roman, times, serif; font-size: 14pt;\">Source : <a href=\"http:\/\/theduran.com\/china-outraged-at-arrest-of-huawei-cfo-warns-it-will-take-all-measures\/?mc_cid=30c86d672f&amp;mc_eid=a6bc8ffe32\">http:\/\/theduran.com\/china-outraged-at-arrest-of-huawei-cfo-warns-it-will-take-all-measures\/?mc_cid=30c86d672f&amp;mc_eid=a6bc8ffe32<\/a><\/span><\/p>\n<p><span style=\"font-family: times new roman, times, serif; font-size: 14pt;\">Source d\u2019origine\u00a0: <a href=\"https:\/\/www.zerohedge.com\/news\/2018-12-05\/china-outraged-arrest-huawei-cfo-warns-it-will-take-all-measures\">https:\/\/www.zerohedge.com\/news\/2018-12-05\/china-outraged-arrest-huawei-cfo-warns-it-will-take-all-measures<\/a><\/span><\/p>\n<p>&nbsp;<\/p>\n<p style=\"text-align: right;\"><span style=\"font-family: times new roman, times, serif; font-size: 14pt;\">Traduction\u00a0: c.l. pour Les Grosses Orchades<\/span><\/p>\n<p>&nbsp;<\/p>\n<p>&nbsp;<\/p>\n<p>&nbsp;<\/p>\n<p style=\"text-align: right;\"><span style=\"font-family: comic sans ms, sans-serif;\">D\u00e9cembre 2018<\/span><\/p>\n<p>&nbsp;<\/p>\n<p>&nbsp;<\/p>\n","protected":false},"excerpt":{"rendered":"<p>&nbsp; &nbsp; &nbsp; &nbsp; &nbsp; &nbsp; La Chine, indign\u00e9e par l\u2019arrestation de la directrice financi\u00e8re de Huawei, promet de \u00ab\u00a0prendre toutes les mesures\u00a0\u00bb\u2026 \u00a0 L\u2019arrestation de la directrice financi\u00e8re de Huawei sera consid\u00e9r\u00e9e comme une attaque des soci\u00e9t\u00e9s chefs de file de l\u2019industrie chinoise. &nbsp; Tyler Durden \u2013 Zero Hedge \u2013 6.12.2018 via TheDuran &nbsp;&#8230;<\/p>\n","protected":false},"author":1,"featured_media":0,"parent":0,"menu_order":0,"comment_status":"open","ping_status":"closed","template":"","meta":[],"_links":{"self":[{"href":"https:\/\/blog.lesgrossesorchadeslesamplesthalameges.fr\/index.php\/wp-json\/wp\/v2\/pages\/923"}],"collection":[{"href":"https:\/\/blog.lesgrossesorchadeslesamplesthalameges.fr\/index.php\/wp-json\/wp\/v2\/pages"}],"about":[{"href":"https:\/\/blog.lesgrossesorchadeslesamplesthalameges.fr\/index.php\/wp-json\/wp\/v2\/types\/page"}],"author":[{"embeddable":true,"href":"https:\/\/blog.lesgrossesorchadeslesamplesthalameges.fr\/index.php\/wp-json\/wp\/v2\/users\/1"}],"replies":[{"embeddable":true,"href":"https:\/\/blog.lesgrossesorchadeslesamplesthalameges.fr\/index.php\/wp-json\/wp\/v2\/comments?post=923"}],"version-history":[{"count":0,"href":"https:\/\/blog.lesgrossesorchadeslesamplesthalameges.fr\/index.php\/wp-json\/wp\/v2\/pages\/923\/revisions"}],"wp:attachment":[{"href":"https:\/\/blog.lesgrossesorchadeslesamplesthalameges.fr\/index.php\/wp-json\/wp\/v2\/media?parent=923"}],"curies":[{"name":"wp","href":"https:\/\/api.w.org\/{rel}","templated":true}]}}