{"id":9244,"date":"2020-03-27T22:01:55","date_gmt":"2020-03-27T21:01:55","guid":{"rendered":"http:\/\/blog.lesgrossesorchadeslesamplesthalameges.fr\/?page_id=9244"},"modified":"2020-03-27T22:02:58","modified_gmt":"2020-03-27T21:02:58","slug":"conte-de-paques","status":"publish","type":"page","link":"https:\/\/blog.lesgrossesorchadeslesamplesthalameges.fr\/index.php\/conte-de-paques\/","title":{"rendered":"Conte de P\u00e2ques"},"content":{"rendered":"<h1><\/h1>\n<h1><\/h1>\n<h1><\/h1>\n<h1><\/h1>\n<h1><\/h1>\n<h1><\/h1>\n<h1 style=\"text-align: center;\"><\/h1>\n<p style=\"text-align: justify;\"><span style=\"font-family: times new roman, times, serif; font-size: 14pt;\"><strong>\u00a0<\/strong><\/span><\/p>\n<p>&nbsp;<\/p>\n<p>&nbsp;<\/p>\n<p>&nbsp;<\/p>\n<p>&nbsp;<\/p>\n<p>&nbsp;<\/p>\n<p style=\"text-align: center;\"><strong><span style=\"font-family: times new roman, times, serif; font-size: 42pt;\">Conte de P\u00e2ques<\/span><\/strong><\/p>\n<p>&nbsp;<\/p>\n<p style=\"text-align: center;\"><span style=\"font-family: times new roman, times, serif; font-size: 18pt;\"><strong>Jean-Paul Brighelli \u2013 <em>Bonnet d\u2019\u00e2ne<\/em> \u2013 25.3.2020<\/strong><\/span><\/p>\n<p style=\"text-align: justify;\"><span style=\"font-family: times new roman, times, serif; font-size: 14pt;\"><strong>\u00a0<\/strong><\/span><\/p>\n<p>&nbsp;<\/p>\n<p style=\"text-align: center;\"><a href=\"http:\/\/blog.lesgrossesorchadeslesamplesthalameges.fr\/wp-content\/uploads\/2020\/03\/Raoul-de-Massalia-Conte-696x385.jpg\"><img loading=\"lazy\" class=\"alignnone wp-image-9216\" src=\"http:\/\/blog.lesgrossesorchadeslesamplesthalameges.fr\/wp-content\/uploads\/2020\/03\/Raoul-de-Massalia-Conte-696x385.jpg\" alt=\"\" width=\"600\" height=\"332\" srcset=\"https:\/\/blog.lesgrossesorchadeslesamplesthalameges.fr\/wp-content\/uploads\/2020\/03\/Raoul-de-Massalia-Conte-696x385.jpg 700w, https:\/\/blog.lesgrossesorchadeslesamplesthalameges.fr\/wp-content\/uploads\/2020\/03\/Raoul-de-Massalia-Conte-696x385-300x166.jpg 300w\" sizes=\"(max-width: 600px) 100vw, 600px\" \/><\/a><\/p>\n<p style=\"text-align: justify;\"><span style=\"font-family: times new roman, times, serif; font-size: 14pt;\"><strong>\u00a0<\/strong><\/span><\/p>\n<p style=\"text-align: justify;\"><span style=\"font-family: times new roman, times, serif; font-size: 14pt;\"><em><strong>\u00a0<\/strong><\/em><\/span><\/p>\n<p style=\"text-align: justify;\"><span style=\"font-family: tahoma, arial, helvetica, sans-serif; font-size: 14pt;\"><strong>Un affid\u00e9 de Bonnet d\u2019\u00e2ne m\u2019envoie le conte ci-apr\u00e8s. Ma foi, il pourrait faire un codicille int\u00e9ressant aux Chroniques de Patrick Rambaud, que je salue si par hasard il me lit. Alors, et bien que de toute \u00e9vidence il ait germ\u00e9 dans le cerveau d\u2019un adversaire r\u00e9solu de Not\u2019Bon Ma\u00eetre, sur lui la paix et la b\u00e9n\u00e9diction, et parce que \u00ab\u00a0Raoul de Massalia\u00a0\u00bb dont il chante ind\u00fbment les louanges a \u00e9t\u00e9 mon condisciple, avec un l\u00e9ger d\u00e9calage, au lyc\u00e9e Saint-Charles de Marseille, je le propose \u00e0 la Communaut\u00e9 du Bonnet, qui vaut bien celle de l\u2019Anneau\u2026<\/strong><strong> JPB<\/strong><\/span><\/p>\n<p>&nbsp;<\/p>\n<p style=\"text-align: justify;\"><span style=\"font-family: times new roman, times, serif; font-size: 14pt;\">Or doncques, il advint que le royaume du jeune et s\u00e9millant monarque Manu-Henri III et de la reine-m\u00e8re Catherine de Macaron fut frapp\u00e9 par la peste venue des Indes et du Royaume de Siam. Les sujets de Sa Majest\u00e9 n\u2019en mouraient pas tousse, mais tousse \u00e9taient frapp\u00e9s.<\/span><\/p>\n<p style=\"text-align: justify;\"><span style=\"font-family: times new roman, times, serif; font-size: 14pt;\">Le couvre-feu fut bient\u00f4t d\u00e9clar\u00e9 sans que cela ralent\u00eet la diffusion du fl\u00e9au\u00a0: en effet, dans les faubourgs des grandes cit\u00e9s du royaume, les jeunes rev\u00eatus de houseaux Nike et portant un chaperon en guise de couvre-chef continuaient \u00e0 circuler en toute impunit\u00e9 pour se livrer \u00e0 leurs activit\u00e9s favorites \u2014 pillages, commerce de poudre du Levant, incendie de carrosses et lapidation de la mar\u00e9chauss\u00e9e \u2014 sous l\u2019\u0153il paternel et bienveillant des magistrats.<\/span><\/p>\n<p style=\"text-align: justify;\"><span style=\"font-family: times new roman, times, serif; font-size: 14pt;\">Comme le royaume manquait de gantelets et de heaumes pour se prot\u00e9ger des miasmes mortels, le nombre des victimes s\u2019accroissait chaque jour, surtout parmi les vieillards d\u00e9j\u00e0 affaiblis par le je\u00fbne cons\u00e9cutif \u00e0 la baisse des retraites d\u00e9cid\u00e9e par Sa Majest\u00e9, dans sa grande sagesse.<\/span><\/p>\n<p style=\"text-align: justify;\"><span style=\"font-family: times new roman, times, serif; font-size: 14pt;\">Devant l\u2019urgence de la situation, le royaume r\u00e9agit comme il l\u2019avait toujours fait\u00a0: on convoqua les \u00c9tats G\u00e9n\u00e9raux des carabins charg\u00e9s de nommer commissions et sous-commissions afin d\u2019aboutir \u00e0 la constitution d\u2019un coll\u00e8ge d\u2019experts qui rendrait un rapport pr\u00e9liminaire d\u2019ici 2 \u00e0 3 ans.<\/span><\/p>\n<p style=\"text-align: justify;\"><span style=\"font-family: times new roman, times, serif; font-size: 14pt;\">C\u2019est alors qu\u2019un vieil alchimiste proven\u00e7al surnomm\u00e9 Raoul de Massalia pr\u00e9tendit pouvoir soigner les pestif\u00e9r\u00e9s avec un vieux rem\u00e8de, la quinina, autrefois utilis\u00e9 par les chevaliers francs lors des croisades afin de se pr\u00e9munir des redoutables fi\u00e8vres orientales. On fabriquait ledit rem\u00e8de pour \u00e0 peine quelques sous et le comte de Nice ainsi que son \u00e9pouse la comtesse avaient m\u00eame \u00e9t\u00e9 gu\u00e9ris en quelques jours de l\u2019affliction qui mena\u00e7ait leurs vies. Certains serfs, qui faisaient la queue devant le dispensaire du vieil alchimiste, parlaient de miracle, tandis qu\u2019\u00e0 la cour royale on se gaussait de celui qu\u2019on surnommait d\u00e9j\u00e0 le vieux fol\u00a0: personne ne croyait qu\u2019un rem\u00e8de aussi peu cher et aussi peuch\u00e8re viendrait \u00e0 bout du fl\u00e9au.<\/span><\/p>\n<p style=\"text-align: justify;\"><span style=\"font-family: times new roman, times, serif; font-size: 14pt;\">Bient\u00f4t Raoul fut conchi\u00e9 par les m\u00e9decins parisiens de la Cour Royale\u00a0: on lui reprocha d\u2019abord d\u2019\u00eatre un vilain, un bouseux de basse extraction qu\u2019on ne voyait jamais \u00e0 la capitale, qui ne mettait m\u00eame pas de perruque poudr\u00e9e et d\u00e9ambulait t\u00e8te nue et les cheveux au vent , ce qui n\u2019augurait \u00e0 l\u2019\u00e9vidence rien de bon sur ses comp\u00e9tences m\u00e9dicales.<\/span><\/p>\n<p style=\"text-align: justify;\"><span style=\"font-family: times new roman, times, serif; font-size: 14pt;\">On lui reprocha aussi d\u2019\u00eatre un partisan du roi Charles Premier le Grand \u2014 dernier souverain de Gaule et vainqueur des chevaliers teutoniques \u2014 unanimement jalous\u00e9 par ses successeurs infoutus de remporter une seule victoire, m\u00eame contre un loup solitaire ali\u00e9n\u00e9. Les d\u00e9vots lui reproch\u00e8rent enfin de s\u2019\u00eatre oppos\u00e9 au voilement des femmes sarrasines \u00e0 l\u2019universit\u00e9, ce qui constituait assur\u00e9ment un blasph\u00e8me.<\/span><\/p>\n<p style=\"text-align: justify;\"><span style=\"font-family: times new roman, times, serif; font-size: 14pt;\">\u00c0 la t\u00eate de la cabale, il y avait un trio de la plus haute noblesse\u00a0: d\u2019abord la duchesse de La Combe, abbesse de l\u2019h\u00f4tel-Dieu St- Antoine et de TF1\u00a0; puis l\u2019ancien membre du Conseil Royal, la baronne Agn\u00e8s Business\u00a0; et enfin l\u2019\u00e9poux de cette derni\u00e8re, Le baron Yves le Vil, ayant exerc\u00e9 la charge de Grand Apothicaire Royal.<\/span><\/p>\n<p style=\"text-align: justify;\"><span style=\"font-family: times new roman, times, serif; font-size: 14pt;\">Alors que la peste avait d\u00e9j\u00e0 fait des dizaines de milliers de victimes, un cacochyme chenu souffrant de plusieurs tumeurs vint \u00e0 d\u00e9functer\u00a0: il s\u2019\u00e9tait administr\u00e9 45 g\u00e9lules 8 fois par jour pendant une semaine du pr\u00e9tendu rem\u00e8de de Raoul de Massalia. On oublia aussit\u00f4t tous les autres morts et on ne parla plus que de celui-l\u00e0 dans les gazettes royales qui firent passer l\u2019\u00e9pid\u00e9mie au second plan. Les innombrables vilains scrofuleux ou atteints d\u2019\u00e9crouelles que Raoul avait sauv\u00e9s l\u2019accus\u00e8rent de sorcellerie. Le parti monarchique, LAREM (la Royaut\u00e9 En Manu), exigea un proc\u00e8s\u00a0. Menac\u00e9 d\u2019excommunication et du b\u00fbcher, l\u2019alchimiste se r\u00e9tracta et abjura devant le tribunal de l\u2019inquisition. Certains t\u00e9moignent qu\u2019en quittant la salle d\u2019audience, toujours aussi hirsute, il marmonna \u00ab\u00a0et pourtant elle soigne\u00a0! \u00a0\u00bb.<\/span><\/p>\n<p style=\"text-align: justify;\"><span style=\"font-family: times new roman, times, serif; font-size: 14pt;\">Heureusement\u00a0, tout est bien qui finit toujours bien dans le royaume de France.<\/span><br \/>\n<span style=\"font-family: times new roman, times, serif; font-size: 14pt;\">La reine-m\u00e8re Catherine de Macaron, ayant contract\u00e9 la peste en assistant \u00e0 une repr\u00e9sentation au th\u00e9\u00e2tre royal, fut sauv\u00e9e par la gr\u00e2ce de Dieu et une fiole de quinina que le chevalier Alexandre Filsdedieu avait conserv\u00e9 par devers lui. Ainsi, le bell\u00e2tre musculeux tomb\u00e9 en disgr\u00e2ce redevint conn\u00e9table du royaume et premier mignon du roi. Il put organiser de grands concerts au Palais Royal pour le plus grand plaisir de Sa Majest\u00e9 qui aimait entendre troubadours et m\u00e9nestrels travestis chanter du rap, entre deux parties de bilboquet.<\/span><\/p>\n<p style=\"text-align: justify;\"><span style=\"font-family: times new roman, times, serif; font-size: 14pt;\">Apr\u00e8s un an et demi d\u2019\u00e9pid\u00e9mie et autant de morts que pendant la grande peste noire de 1348, la duchesse de la Combe, la baronne Agn\u00e8s Business et le baron Yves le Vil invent\u00e8rent enfin un rem\u00e8de efficace contre la peste. La preuve que ce rem\u00e8de \u00e9tait efficace, il co\u00fbtait plusieurs \u00e9cus d\u2019or. Mais m\u00eame les plus pauvres s\u2019endett\u00e8rent tant la peur de la maladie les taraudait et tant ils avaient vu mourir les leurs, ce qui fit la fortune des laboratoires d\u2019apothicaires, g\u00e9n\u00e9reux m\u00e9c\u00e8nes des nobles la Combe, Business et le Vil.<\/span><\/p>\n<p style=\"text-align: justify;\"><span style=\"font-family: times new roman, times, serif; font-size: 14pt;\">Quant au bon roi Manu-Henri III, il se montra magnanime et g\u00e9n\u00e9reux\u00a0: comme le nombre des retrait\u00e9s avait consid\u00e9rablement diminu\u00e9, un \u00e9dit royal annula la r\u00e9forme des retraites pour les quelques vieillards qui avaient surv\u00e9cu \u00e0 la peste et \u00e0 la lib\u00e9ration de milliers de gibiers de potence des ge\u00f4les du royaume par la chanceli\u00e8re de Belle-ou-B\u00eate. En m\u00eame temps, le roi r\u00e9tablit la gabelle car il fallait bien renflouer les caisses du royaume et surtout payer les pensions des privil\u00e9gi\u00e9s.<\/span><\/p>\n<p style=\"text-align: justify;\"><span style=\"font-family: times new roman, times, serif; font-size: 14pt;\">Personne ne sut ce qu\u2019\u00e9tait devenu Raoul de Massalia. A la Cour, dame et chevaliers affirment en frissonnant que Satan en personne est venu le prendre pour l\u2019emmener \u00e0 la G\u00e9henne, et l\u2019on dissimule dans des reliquaires les derni\u00e8res fioles de quinina au cas o\u00f9 la peste reviendrait. D\u2019autres disent qu\u2019il s\u2019est exil\u00e9 dans l\u2019Empire Songha\u00ef o\u00f9 il est consid\u00e9r\u00e9 comme un grand marabout-gu\u00e9risseur capable de ressusciter les maures atteints de fi\u00e8vre h\u00e9morragique. Alors qu\u2019il est oubli\u00e9 dans le royaume de France, on trouve une statue de Raoul devant le palais de Mac Donald Premier, roi-consul des Am\u00e9riques, mais il s\u2019agit probablement d\u2019une \u00e9ni\u00e8me provocation du souverain d\u2019Outre-Atlantique.<\/span><\/p>\n<p>&nbsp;<\/p>\n<p style=\"text-align: justify;\"><span style=\"font-family: times new roman, times, serif; font-size: 14pt;\">Source\u00a0: <\/span><a href=\"https:\/\/blog.causeur.fr\/bonnetdane\/conte-de-paques-003074#ligne\"><span style=\"font-family: times new roman, times, serif; font-size: 14pt;\">https:\/\/blog.causeur.fr\/bonnetdane\/conte-de-paques-003074#ligne<\/span><\/a><\/p>\n<p style=\"text-align: left;\"><span style=\"font-family: times new roman, times, serif; font-size: 14pt;\"><strong>URL de cet article : <\/strong><a href=\"http:\/\/blog.lesgrossesorchadeslesamplesthalameges.fr\/index.php\/conte-de-paques\/\">http:\/\/blog.lesgrossesorchadeslesamplesthalameges.fr\/index.php\/conte-de-paques\/<\/a><br \/>\n<\/span><\/p>\n<p>&nbsp;<\/p>\n<p>&nbsp;<\/p>\n<p style=\"text-align: center;\"><a href=\"http:\/\/blog.lesgrossesorchadeslesamplesthalameges.fr\/wp-content\/uploads\/2020\/03\/COVID-19-GIF-1.gif\"><img loading=\"lazy\" class=\"alignnone wp-image-9235\" src=\"http:\/\/blog.lesgrossesorchadeslesamplesthalameges.fr\/wp-content\/uploads\/2020\/03\/COVID-19-GIF-1-300x168.gif\" alt=\"\" width=\"100\" height=\"56\" \/><\/a><\/p>\n<p>&nbsp;<\/p>\n<p>&nbsp;<\/p>\n<p style=\"text-align: right;\"><span style=\"font-family: comic sans ms, sans-serif;\">Mars 2020<\/span><\/p>\n<p>&nbsp;<\/p>\n<p>&nbsp;<\/p>\n","protected":false},"excerpt":{"rendered":"<p>\u00a0 &nbsp; &nbsp; &nbsp; &nbsp; &nbsp; Conte de P\u00e2ques &nbsp; Jean-Paul Brighelli \u2013 Bonnet d\u2019\u00e2ne \u2013 25.3.2020 \u00a0 &nbsp; \u00a0 \u00a0 Un affid\u00e9 de Bonnet d\u2019\u00e2ne m\u2019envoie le conte ci-apr\u00e8s. Ma foi, il pourrait faire un codicille int\u00e9ressant aux Chroniques de Patrick Rambaud, que je salue si par hasard il me lit. Alors, et bien&#8230;<\/p>\n","protected":false},"author":1,"featured_media":0,"parent":0,"menu_order":0,"comment_status":"open","ping_status":"open","template":"","meta":[],"_links":{"self":[{"href":"https:\/\/blog.lesgrossesorchadeslesamplesthalameges.fr\/index.php\/wp-json\/wp\/v2\/pages\/9244"}],"collection":[{"href":"https:\/\/blog.lesgrossesorchadeslesamplesthalameges.fr\/index.php\/wp-json\/wp\/v2\/pages"}],"about":[{"href":"https:\/\/blog.lesgrossesorchadeslesamplesthalameges.fr\/index.php\/wp-json\/wp\/v2\/types\/page"}],"author":[{"embeddable":true,"href":"https:\/\/blog.lesgrossesorchadeslesamplesthalameges.fr\/index.php\/wp-json\/wp\/v2\/users\/1"}],"replies":[{"embeddable":true,"href":"https:\/\/blog.lesgrossesorchadeslesamplesthalameges.fr\/index.php\/wp-json\/wp\/v2\/comments?post=9244"}],"version-history":[{"count":0,"href":"https:\/\/blog.lesgrossesorchadeslesamplesthalameges.fr\/index.php\/wp-json\/wp\/v2\/pages\/9244\/revisions"}],"wp:attachment":[{"href":"https:\/\/blog.lesgrossesorchadeslesamplesthalameges.fr\/index.php\/wp-json\/wp\/v2\/media?parent=9244"}],"curies":[{"name":"wp","href":"https:\/\/api.w.org\/{rel}","templated":true}]}}