{"id":9319,"date":"2020-04-02T22:27:40","date_gmt":"2020-04-02T20:27:40","guid":{"rendered":"http:\/\/blog.lesgrossesorchadeslesamplesthalameges.fr\/?page_id=9319"},"modified":"2020-04-02T22:28:36","modified_gmt":"2020-04-02T20:28:36","slug":"total-milgram","status":"publish","type":"page","link":"https:\/\/blog.lesgrossesorchadeslesamplesthalameges.fr\/index.php\/total-milgram\/","title":{"rendered":"Total Milgram"},"content":{"rendered":"<p><span style=\"font-family: times new roman, times, serif; font-size: 14pt;\"><strong>\u00a0<\/strong><\/span><\/p>\n<p>&nbsp;<\/p>\n<p>&nbsp;<\/p>\n<p>&nbsp;<\/p>\n<p>&nbsp;<\/p>\n<p>&nbsp;<\/p>\n<p>&nbsp;<\/p>\n<p style=\"text-align: center;\"><span style=\"font-family: times new roman, times, serif; font-size: 36pt;\"><strong>Total Milgram<\/strong><\/span><\/p>\n<p style=\"text-align: center;\"><span style=\"font-family: times new roman, times, serif; font-size: 14pt;\"><strong><br \/>\n<\/strong><span style=\"font-size: 18pt;\"><strong>Jean Paul Brighelli \u2013 <em>Bonnet d\u2019\u00e2ne<\/em> \u2013 29.3.2020<\/strong><\/span><\/span><\/p>\n<p style=\"text-align: center;\"><span style=\"font-family: times new roman, times, serif; font-size: 14pt;\"><strong>\u00a0<\/strong><\/span><\/p>\n<p>&nbsp;<\/p>\n<p>&nbsp;<\/p>\n<p style=\"text-align: center;\"><a href=\"http:\/\/blog.lesgrossesorchadeslesamplesthalameges.fr\/wp-content\/uploads\/2020\/04\/Milgram-1.png\"><img loading=\"lazy\" class=\"alignnone wp-image-9321 size-full\" src=\"http:\/\/blog.lesgrossesorchadeslesamplesthalameges.fr\/wp-content\/uploads\/2020\/04\/Milgram-1.png\" alt=\"\" width=\"600\" height=\"449\" srcset=\"https:\/\/blog.lesgrossesorchadeslesamplesthalameges.fr\/wp-content\/uploads\/2020\/04\/Milgram-1.png 600w, https:\/\/blog.lesgrossesorchadeslesamplesthalameges.fr\/wp-content\/uploads\/2020\/04\/Milgram-1-300x225.png 300w\" sizes=\"(max-width: 600px) 100vw, 600px\" \/><\/a><\/p>\n<p>&nbsp;<\/p>\n<p>&nbsp;<\/p>\n<p>&nbsp;<\/p>\n<p style=\"text-align: justify;\"><strong><span style=\"font-family: tahoma, arial, helvetica, sans-serif; font-size: 14pt;\">Vous vous rappelez certainement l\u2019exp\u00e9rience men\u00e9e en 1963 par Stanley Milgram \u00e0 l\u2019universit\u00e9 de Yale. Il s\u2019agissait d\u2019\u00e9valuer la capacit\u00e9 d\u2019ob\u00e9issance d\u2019\u00e9tudiants culturellement favoris\u00e9s \u2014 capables, \u00e0 pr\u00e8s de 70%, d\u2019envoyer des d\u00e9charges \u00e9lectriques l\u00e9tales parce qu\u2019ils en avaient re\u00e7u l\u2019ordre d\u2019une autorit\u00e9 jug\u00e9e incontestable.<\/span><\/strong><\/p>\n<p style=\"text-align: justify;\"><strong><span style=\"font-family: tahoma, arial, helvetica, sans-serif; font-size: 14pt;\">Nous sommes aujourd\u2019hui dans une exp\u00e9rience de ce type \u2014 en grand. Loin de moi de penser que le coronavirus a \u00e9t\u00e9 invent\u00e9 pour r\u00e9duire les r\u00e9sistances du corps social, mais il est exploit\u00e9 dans ce but, avec une efficacit\u00e9 sid\u00e9rante \u2014 ou peut-\u00eatre pas si sid\u00e9rante que \u00e7a.<\/span><\/strong><\/p>\n<p>&nbsp;<\/p>\n<p style=\"text-align: justify;\"><span style=\"font-family: times new roman, times, serif; font-size: 14pt;\">Il est \u00e9vident que les mesures prophylactiques de base n\u2019ont pas \u00e9t\u00e9 prises \u2014 pas en France. Elles l\u2019ont \u00e9t\u00e9 en Cor\u00e9e, et dans tous les pays qui ont pr\u00e9cocement test\u00e9 toute la population. Elles l\u2019ont \u00e9t\u00e9 en Chine, et dans les pays qui ont r\u00e9ussi \u00e0 \u00e9tablir un cordon sanitaire s\u00e9rieux autour des zones infect\u00e9es. Mais pas ici, o\u00f9 la moiti\u00e9 de Paris est partie infester l\u2019\u00eele de R\u00e9. Pas ici o\u00f9 l\u2019on cache notre incapacit\u00e9 \u00e0 fournir des tests ou des masques sous des consid\u00e9rations pseudo-scientifiques, et des chiffres de contagion et de mortalit\u00e9 ass\u00e9n\u00e9s chaque soir par J\u00e9r\u00f4me Salomon. L\u2019un des moments les plus attendus par les t\u00e9l\u00e9spectateurs, tant le ton monocorde du directeur g\u00e9n\u00e9ral de la Sant\u00e9 est hypnotique. Bravo. Voil\u00e0 un homme vraiment bien choisi.<\/span><\/p>\n<p style=\"text-align: justify;\"><span style=\"font-family: times new roman, times, serif; font-size: 14pt;\">Le but est non seulement de faire peur, mais de cr\u00e9er un \u00e9tat de repli sur soi caract\u00e9ristique du comportement animal \u2014 l\u2019escargot dans sa coquille, le lapin dans son terrier. Pus la peur est grande, et mieux on accepte le confinement en espace exigu.<\/span><\/p>\n<p style=\"text-align: justify;\"><span style=\"font-family: times new roman, times, serif; font-size: 14pt;\">Parce qu\u2019on ne s\u2019est m\u00eame pas souci\u00e9 de la qualit\u00e9 du terrier. Les \u00e9minences qui nous gouvernent ont de l\u2019espace, ils ont des jardins pour promener Nemo, ils ont des chauffeurs. Nous, nous avons 5 personnes dans 45m2, avec des voisins qui s\u2019engueulent. Quand je pense que l\u2019on plaint les prisonniers en \u00e9tat de surpopulation carc\u00e9rale\u2026<\/span><\/p>\n<p style=\"text-align: justify;\"><span style=\"font-family: times new roman, times, serif; font-size: 14pt;\">Ces conditions extr\u00eames font elles-m\u00eames partie de l\u2019exp\u00e9rience. L\u2019ob\u00e9issance attendue (et obtenue, globalement, \u00e0 part dans des banlieues rebelles par essence, et point\u00e9es du doigt comme irresponsables) est au rendez-vous.<\/span><br \/>\n<span style=\"font-family: times new roman, times, serif; font-size: 14pt;\">Il faudrait se demander ce qui, dans les mois ou les ann\u00e9es qui ont pr\u00e9c\u00e9d\u00e9, nous a rendus \u00e0 ce point aptes \u00e0 une exp\u00e9rience de type fasciste, o\u00f9 chacun surveille tout le monde. Les d\u00e9nonciations de comportements antisociaux commencent \u00e0 pleuvoir dans les commissariats. Les personnels hospitaliers sont pri\u00e9s de d\u00e9guerpir de leurs logements, ils ont des t\u00eates de porteurs de virus.<\/span><\/p>\n<p style=\"text-align: justify;\"><span style=\"font-family: times new roman, times, serif; font-size: 14pt;\">Ce n\u2019est pas la personnalit\u00e9 du Chef qui compte, mais la mise en place de contraintes progressives, accept\u00e9es les unes apr\u00e8s les autres.<\/span><\/p>\n<p style=\"text-align: justify;\"><span style=\"font-family: times new roman, times, serif; font-size: 14pt;\">De source s\u00fbre, le gouvernement avait d\u00e9j\u00e0 d\u00e9cid\u00e9, \u00e0 la mi-mars, de 45 jours de confinement. Mais il les a distill\u00e9s par tranches de deux semaines. Nous sommes dans le deuxi\u00e8me lot, tout le monde a compris que cela durera jusqu\u2019\u00e0 la fin avril. La probable reprise des cours, annonc\u00e9e pour le 4 mai, marquera la fin de l\u2019enfermement.<\/span><\/p>\n<p style=\"text-align: justify;\"><span style=\"font-family: times new roman, times, serif; font-size: 14pt;\">Mais pas la fin de la crise, parce qu\u2019elle est bien pratique. Le gouvernement n\u2019a pas sorti l\u2019article 16, il a utilis\u00e9 l\u2019\u00e9tat de crise sanitaire, avec lequel il peut bien davantage, parce qu\u2019il g\u00e9n\u00e8re l\u2019ob\u00e9issance, n\u00e9e de la peur \u2014 et de la r\u00e9pression magnifiquement appliqu\u00e9e par une police et une gendarmerie aux ordres. Il n\u2019y a pas de petits profits. L\u2019argent des contredanses pour infraction routi\u00e8re ne rentre plus, puisqu\u2019on ne se d\u00e9place qu\u2019en sauts de puces, mais celui des infractions au confinement (\u00ab\u00a0Comment\u00a0? Vous n\u2019avez achet\u00e9 qu\u2019une baguette\u00a0? 135 euros d\u2019amende \u2014 stockez le pain chez vous\u00a0\u00bb) commence \u00e0 abonder.<\/span><\/p>\n<p style=\"text-align: justify;\"><span style=\"font-family: times new roman, times, serif; font-size: 14pt;\">Alors tant qu\u2019\u00e0 faire, autant utiliser l\u2019exp\u00e9rience \u00e0 fond. Puisque la population accepte des mesures d\u2019extr\u00eame contrainte, autant v\u00e9rifier ce qu\u2019elle est capable d\u2019encaisser, via des ordonnances auxquelles l\u2019opposition, qui ne voudrait surtout pas avoir l\u2019air de ne pas \u00eatre solidaire, ne s\u2019oppose gu\u00e8re. C\u2019\u00e9tait trop tentant de v\u00e9rifier in vivo jusqu\u2019o\u00f9 peut aller la \u00ab\u00a0servitude volontaire\u00a0\u00bb d\u2019une nation tout enti\u00e8re. Ce qu\u2019on peut lui faire avaler apr\u00e8s l\u2019avoir mise en \u00e9tat de terreur et de repli sur soi. La suppression des 35 heures, par exemple\u00a0: sous pr\u00e9texte de continuit\u00e9 \u00e9conomique, voil\u00e0 que 35 = 48 \u2014 et m\u00eame 60. Le beau pr\u00e9texte de la crise permet de faire mentir les maths. Ou la suppression du cong\u00e9 hebdomadaire\u00a0: apr\u00e8s la mythique semaine des quatre jeudis, voici la semaine sans dimanche. Ou le report des vacances \u2014 \u00e9tant entendu que l\u2019on pourra comptabiliser comme autant de cong\u00e9s pay\u00e9s le grand moment du confinement. Cet \u00e9t\u00e9, on va bosser pour remettre la France sur les rails, bla-bla-bla.<\/span><\/p>\n<p style=\"text-align: justify;\"><span style=\"font-family: times new roman, times, serif; font-size: 14pt;\">Ce gouvernement r\u00eavait de supprimer tous les acquis sociaux h\u00e9rit\u00e9s des ordonnances de 1945 \u2014 et apr\u00e8s. C\u2019est fait, et je n\u2019entends personne protester. \u00ab\u00a0Il le faut bien\u00a0\u00bb \u2014 voil\u00e0 ce que les grands m\u00e9dias serinent chaque jour.<\/span><\/p>\n<p style=\"text-align: justify;\"><span style=\"font-family: times new roman, times, serif; font-size: 14pt;\">La suspension du SMIC est \u00e0 venir \u2014 mais elle viendra. Vous serez tr\u00e8s profond\u00e9ment ub\u00e9ris\u00e9s. Parce que vous ne croyez tout de m\u00eame pas que vos salaires profiteront des mannes aujourd\u2019hui vers\u00e9es par la Banque Centrale Europ\u00e9enne\u2026<\/span><\/p>\n<p style=\"text-align: justify;\"><span style=\"font-family: times new roman, times, serif; font-size: 14pt;\">Regardez la fa\u00e7on dont le gouvernement g\u00e8re le salaire des infirmiers \u2014 qui protestaient depuis des mois, et que l\u2019on a fait taire en invoquant leur responsabilit\u00e9 m\u00e9dicale et en exaltant leur d\u00e9vouement \u2014 bla-bla-bla. Pas question de les augmenter, alors que les salaires des infirmiers fran\u00e7ais <a href=\"https:\/\/drees.solidarites-sante.gouv.fr\/IMG\/pdf\/fiche10-3.pdf\">sont au plus bas sur l\u2019\u00e9chelle OCDE.<\/a><\/span><\/p>\n<p>&nbsp;<\/p>\n<p>&nbsp;<\/p>\n<p style=\"text-align: center;\"><a href=\"http:\/\/blog.lesgrossesorchadeslesamplesthalameges.fr\/wp-content\/uploads\/2020\/04\/TABLEAU-BRIGHELLI.png\"><img loading=\"lazy\" class=\"alignnone wp-image-9322 size-full\" src=\"http:\/\/blog.lesgrossesorchadeslesamplesthalameges.fr\/wp-content\/uploads\/2020\/04\/TABLEAU-BRIGHELLI.png\" alt=\"\" width=\"600\" height=\"415\" srcset=\"https:\/\/blog.lesgrossesorchadeslesamplesthalameges.fr\/wp-content\/uploads\/2020\/04\/TABLEAU-BRIGHELLI.png 600w, https:\/\/blog.lesgrossesorchadeslesamplesthalameges.fr\/wp-content\/uploads\/2020\/04\/TABLEAU-BRIGHELLI-300x208.png 300w\" sizes=\"(max-width: 600px) 100vw, 600px\" \/><\/a><\/p>\n<p>&nbsp;<\/p>\n<p>&nbsp;<\/p>\n<p style=\"text-align: justify;\"><span style=\"font-family: times new roman, times, serif; font-size: 14pt;\">On s\u2019est content\u00e9 d\u2019inciter \u00e0 les applaudir. Comme on disait autrefois, ce sont l\u00e0 des viandes creuses qui ne co\u00fbtent pas cher et ne nourrissent gu\u00e8re\u2026<\/span><\/p>\n<p style=\"text-align: justify;\"><span style=\"font-family: times new roman, times, serif; font-size: 14pt;\">Il y en a qui doivent travailler chaque jour \u00e0 inventer de nouvelles initiatives qui creuseront encore l\u2019ob\u00e9issance \u2014 et annihileront l\u2019esprit de contestation. Croyez-vous sinc\u00e8rement que qui que ce soit, dans ce gouvernement, ait l\u2019id\u00e9e de rapatrier en France les industries que nous avons laiss\u00e9 filer en Extr\u00eame-Orient\u00a0? Produire des masques pour la prochaine \u00e9pid\u00e9mie\u00a0? Oui \u2014 \u00e0 Wuhan. Avoir des r\u00e9actifs pour les prochains tests\u00a0? Oui \u2014 en Allemagne ou en Cor\u00e9e. Jospin a jadis d\u00e9cr\u00e9t\u00e9 que notre pays serait dor\u00e9navant une nation de \u00ab\u00a0services\u00a0\u00bb \u2014 et on s\u2019y tiendra. Ce n\u2019est pas pour rien que l\u2019on a supprim\u00e9 en 15 ans pr\u00e8s de 100.000 lits d\u2019h\u00f4pital dans l\u2019Hexagone. Si vous vous imaginez que l\u2019on construira des h\u00f4pitaux nouveaux\u2026<\/span><\/p>\n<p style=\"text-align: justify;\"><span style=\"font-family: times new roman, times, serif; font-size: 14pt;\">La cerise sur le g\u00e2teau, ce sera l\u2019accaparement des fonds poss\u00e9d\u00e9s par les Fran\u00e7ais sur leurs comptes bancaires \u2014 au nom du n\u00e9cessaire sauvetage des banques\u00a0: tout le discours sur l\u2019effondrement de la Bourse \u2014 provoqu\u00e9 entre autres par les prises de b\u00e9n\u00e9fices de certains gros investisseurs, <a href=\"https:\/\/blog.causeur.fr\/bonnetdane\/bourse-et-coronavirus-nous-prendraient-ils-pour-des-truffes-003041\">comme je l\u2019ai expliqu\u00e9 dans un pr\u00e9c\u00e9dent billet <\/a>\u2014 vise \u00e0 nous faire accepter des mesures monstrueuses, pour le plus grand profit de ces m\u00eames investisseurs.<\/span><br \/>\n<span style=\"font-family: times new roman, times, serif; font-size: 14pt;\">Notez que l\u2019on peut aussi d\u00e9cider de d\u00e9valuer de fait la monnaie, sous pr\u00e9texte de \u00ab\u00a0coup de fouet\u00a0\u00bb \u2014 pensez donc \u00e0 qui recevra le fouet. Diviser par cent, par exemple, comme lors du passage au \u00ab\u00a0nouveau franc\u00a0\u00bb en 1963, la valeur de l\u2019euro. Vous aviez 10.000 euros en caisse\u00a0? Vous aurez cent balles.<\/span><\/p>\n<p style=\"text-align: justify;\"><span style=\"font-family: times new roman, times, serif; font-size: 14pt;\">Vous aurez remarqu\u00e9 que l\u2019on ne parle plus du remboursement de la Dette (j\u2019adore ce \u00ab\u00a0la\u00a0\u00bb emphatique, comme s\u2019il s\u2019agissait de la B\u00eate des vieux textes bibliques), alors que l\u2019on nous \u00e9blouit avec la valse des milliers de milliards d\u00e9bloqu\u00e9s par des institutions qui hier encore rechignaient \u00e0 donner vingt sous aux Gilets Jaunes. Un effondrement concert\u00e9 du syst\u00e8me ne pourra \u00eatre compens\u00e9 que par des confiscations devant lesquelles vous ne protesterez pas \u2014 parce que vous serez anesth\u00e9si\u00e9s par deux mois de contraintes fortes, qui d\u2019ailleurs dureront, gr\u00e2ce aux messages aimablement relay\u00e9s par des m\u00e9dias aux ordres. Parce qu\u2019un virus ne dispara\u00eet pas dans la nature. Prochaine campagne\u00a0: \u00ab\u00a0Il va falloir vivre avec\u00a0\u00bb. On parie\u00a0?<\/span><\/p>\n<p style=\"text-align: justify;\"><span style=\"font-family: times new roman, times, serif; font-size: 14pt;\">Source\u00a0: <\/span><a href=\"https:\/\/blog.causeur.fr\/bonnetdane\/\"><strong><em><span style=\"font-family: times new roman, times, serif; font-size: 14pt;\">Bonnet d\u2019\u00e2ne<\/span><\/em><\/strong><\/a><\/p>\n<p>&nbsp;<\/p>\n<p style=\"text-align: left;\"><strong><span style=\"font-family: times new roman, times, serif;\">URL de cet article :\u00a0<\/span><\/strong><a href=\"http:\/\/blog.lesgrossesorchadeslesamplesthalameges.fr\/index.php\/total-milgram\/\"><span style=\"font-family: times new roman, times, serif;\">http:\/\/blog.lesgrossesorchadeslesamplesthalameges.fr\/index.php\/total-milgram\/<\/span><\/a><\/p>\n<p><strong><em>\u00a0<\/em><\/strong><\/p>\n<p style=\"text-align: center;\"><strong><em>\u00a0<a href=\"http:\/\/blog.lesgrossesorchadeslesamplesthalameges.fr\/wp-content\/uploads\/2020\/04\/MASQUE-GIF.gif\"><img loading=\"lazy\" class=\"alignnone wp-image-9299\" src=\"http:\/\/blog.lesgrossesorchadeslesamplesthalameges.fr\/wp-content\/uploads\/2020\/04\/MASQUE-GIF-300x188.gif\" alt=\"\" width=\"125\" height=\"78\" \/><\/a><\/em><\/strong><\/p>\n<p><strong><em>\u00a0<\/em><\/strong><\/p>\n<p>&nbsp;<\/p>\n<p style=\"text-align: right;\"><span style=\"font-family: comic sans ms, sans-serif; font-size: 14pt;\">Avril 2020<\/span><\/p>\n<p>&nbsp;<\/p>\n<p>&nbsp;<\/p>\n","protected":false},"excerpt":{"rendered":"<p>\u00a0 &nbsp; &nbsp; &nbsp; &nbsp; &nbsp; &nbsp; Total Milgram Jean Paul Brighelli \u2013 Bonnet d\u2019\u00e2ne \u2013 29.3.2020 \u00a0 &nbsp; &nbsp; &nbsp; &nbsp; &nbsp; Vous vous rappelez certainement l\u2019exp\u00e9rience men\u00e9e en 1963 par Stanley Milgram \u00e0 l\u2019universit\u00e9 de Yale. Il s\u2019agissait d\u2019\u00e9valuer la capacit\u00e9 d\u2019ob\u00e9issance d\u2019\u00e9tudiants culturellement favoris\u00e9s \u2014 capables, \u00e0 pr\u00e8s de 70%, d\u2019envoyer des&#8230;<\/p>\n","protected":false},"author":1,"featured_media":0,"parent":0,"menu_order":0,"comment_status":"open","ping_status":"open","template":"","meta":[],"_links":{"self":[{"href":"https:\/\/blog.lesgrossesorchadeslesamplesthalameges.fr\/index.php\/wp-json\/wp\/v2\/pages\/9319"}],"collection":[{"href":"https:\/\/blog.lesgrossesorchadeslesamplesthalameges.fr\/index.php\/wp-json\/wp\/v2\/pages"}],"about":[{"href":"https:\/\/blog.lesgrossesorchadeslesamplesthalameges.fr\/index.php\/wp-json\/wp\/v2\/types\/page"}],"author":[{"embeddable":true,"href":"https:\/\/blog.lesgrossesorchadeslesamplesthalameges.fr\/index.php\/wp-json\/wp\/v2\/users\/1"}],"replies":[{"embeddable":true,"href":"https:\/\/blog.lesgrossesorchadeslesamplesthalameges.fr\/index.php\/wp-json\/wp\/v2\/comments?post=9319"}],"version-history":[{"count":0,"href":"https:\/\/blog.lesgrossesorchadeslesamplesthalameges.fr\/index.php\/wp-json\/wp\/v2\/pages\/9319\/revisions"}],"wp:attachment":[{"href":"https:\/\/blog.lesgrossesorchadeslesamplesthalameges.fr\/index.php\/wp-json\/wp\/v2\/media?parent=9319"}],"curies":[{"name":"wp","href":"https:\/\/api.w.org\/{rel}","templated":true}]}}