{"id":932,"date":"2018-12-09T18:31:56","date_gmt":"2018-12-09T17:31:56","guid":{"rendered":"http:\/\/blog.lesgrossesorchadeslesamplesthalameges.fr\/?page_id=932"},"modified":"2018-12-09T18:32:00","modified_gmt":"2018-12-09T17:32:00","slug":"les-pays-qui-abritent-des-systemes-u-s","status":"publish","type":"page","link":"https:\/\/blog.lesgrossesorchadeslesamplesthalameges.fr\/index.php\/les-pays-qui-abritent-des-systemes-u-s\/","title":{"rendered":"Les pays qui abritent des syst\u00e8mes U.S."},"content":{"rendered":"<p>&nbsp;<\/p>\n<p>&nbsp;<\/p>\n<p>&nbsp;<\/p>\n<p>&nbsp;<\/p>\n<p style=\"text-align: center;\"><span style=\"font-family: times new roman, times, serif;\"><strong><span style=\"font-size: 36pt;\">Les pays qui abritent des syst\u00e8mes US deviendront des cibles pour la Russie si les \u00c9tats-Unis quittent l\u2019INF<\/span> <\/strong><\/span><\/p>\n<p>&nbsp;<\/p>\n<p style=\"text-align: center;\"><span style=\"font-family: times new roman, times, serif; font-size: 14pt;\"><span style=\"font-size: 18pt;\"><strong>\u00c9tat-Major de la D\u00e9fense de Russie<\/strong><em> \u2013 <strong>TASS<\/strong><\/em><strong> \u2013 <\/strong>5.12.2018<\/span><\/span><\/p>\n<p>&nbsp;<\/p>\n<p style=\"text-align: justify;\"><span style=\"font-family: times new roman, times, serif; font-size: 18pt;\"><strong>\u00ab\u00a0La d\u00e9claration de Donald Trump sur les intentions US de sortir du trait\u00e9 sur le contr\u00f4le des armes affectera n\u00e9gativement la stabilit\u00e9 strat\u00e9gique mondiale,\u00a0\u00bb a d\u00e9clar\u00e9 Valery Gerassimov.<\/strong><\/span><\/p>\n<p>&nbsp;<\/p>\n<p>&nbsp;<\/p>\n<p style=\"text-align: center;\"><span style=\"font-family: times new roman, times, serif; font-size: 14pt;\"><strong><img loading=\"lazy\" class=\"alignnone wp-image-933\" src=\"http:\/\/blog.lesgrossesorchadeslesamplesthalameges.fr\/wp-content\/uploads\/2018\/12\/INF-1-1-300x193.jpg\" alt=\"\" width=\"600\" height=\"385\" srcset=\"https:\/\/blog.lesgrossesorchadeslesamplesthalameges.fr\/wp-content\/uploads\/2018\/12\/INF-1-1-300x193.jpg 300w, https:\/\/blog.lesgrossesorchadeslesamplesthalameges.fr\/wp-content\/uploads\/2018\/12\/INF-1-1.jpg 744w\" sizes=\"(max-width: 600px) 100vw, 600px\" \/><\/strong><\/span><\/p>\n<p style=\"text-align: center;\"><span style=\"font-family: times new roman, times, serif; font-size: 12pt;\"><strong><em>Syst\u00e8me de lancement vertical M41<\/em><\/strong><\/span><\/p>\n<p style=\"text-align: center;\"><span style=\"font-family: times new roman, times, serif; font-size: 12pt;\"><strong><em>\u00a9<\/em><\/strong>\u00a0<a href=\"https:\/\/commons.wikimedia.org\/wiki\/File:USS_Chosin_(CG-65)_Mark_41_Vertical_Launching_System.jpg\">wikimedia.org\/Hpeterswald<\/a><\/span><\/p>\n<p style=\"text-align: justify;\"><span style=\"font-family: times new roman, times, serif; font-size: 14pt;\"><strong>\u00a0<\/strong><\/span><\/p>\n<p style=\"text-align: justify;\"><span style=\"font-family: times new roman, times, serif; font-size: 14pt;\">\u00ab\u00a0Les pays qui abritent des syst\u00e8mes de missiles US deviendront des cibles pour la Russie si les USA cessent de respecter le <a href=\"https:\/\/fr.wikipedia.org\/wiki\/Trait%C3%A9_sur_les_forces_nucl%C3%A9aires_%C3%A0_port%C3%A9e_interm%C3%A9diaire\">trait\u00e9 INF<\/a> (<em>Intermediate-Range Nuclear Force<\/em>)\u00a0\u00bb, a d\u00e9clar\u00e9 mercredi le Chef d\u2019\u00c9tat-Major russe Valery Gerassimov, lors d\u2019une s\u00e9ance d\u2019information destin\u00e9e aux attach\u00e9s militaires.<\/span><\/p>\n<p>&nbsp;<\/p>\n<p style=\"text-align: justify; padding-left: 60px;\"><span style=\"font-family: times new roman, times, serif; font-size: 14pt;\"><em>\u00ab\u00a0Puisque des repr\u00e9sentants officiels d\u2019agences militaires \u00e9trang\u00e8res se trouvent ici pr\u00e9sents, je veux envoyer un message \u00e0 leurs gouvernements, \u00e0 savoir que si le trait\u00e9 INF est viol\u00e9, nous ne laisserons pas la chose sans r\u00e9ponse\u00a0\u00bb.<\/em><\/span><\/p>\n<p style=\"text-align: justify; padding-left: 60px;\"><span style=\"font-family: times new roman, times, serif; font-size: 14pt;\"><em>\u00ab\u00a0En tant que militaires professionnels, vous comprenez certainement que ce n\u2019est pas le territoire des \u00c9tats-Unis, mais celui des pays qui abritent des syst\u00e8mes US de missiles \u00e0 courte et moyenne port\u00e9e qui deviendront la cible des mesures de repr\u00e9sailles russes.\u00a0\u00bb<\/em><\/span><\/p>\n<p>&nbsp;<\/p>\n<p style=\"text-align: justify;\"><span style=\"font-family: times new roman, times, serif; font-size: 14pt;\">Pour Gerassimov, la d\u00e9claration de Trump sur les intentions US de faire fi du trait\u00e9 de contr\u00f4le affectera n\u00e9gativement la stabilit\u00e9 strat\u00e9gique mondiale.<\/span><\/p>\n<p>&nbsp;<\/p>\n<p style=\"text-align: justify; padding-left: 60px;\"><span style=\"font-family: times new roman, times, serif; font-size: 14pt;\"><em>\u00ab\u00a0Nous voyons cela comme une d\u00e9marche tr\u00e8s dangereuse, qui peut influencer \u00e0 la fois la s\u00e9curit\u00e9 de l\u2019Europe et la s\u00e9curit\u00e9 strat\u00e9gique en g\u00e9n\u00e9ral.\u00a0\u00bb <\/em><\/span><\/p>\n<p>&nbsp;<\/p>\n<p style=\"text-align: justify;\"><span style=\"font-family: times new roman, times, serif; font-size: 14pt;\">Le g\u00e9n\u00e9ral Gerassimov a insist\u00e9 sur le fait que les USA rendent la Russie responsable du viol du trait\u00e9 INF, <strong>mais que la situation est radicalement diff\u00e9rente<\/strong>.<\/span><\/p>\n<p>&nbsp;<\/p>\n<p style=\"text-align: justify; padding-left: 60px;\"><span style=\"font-family: times new roman, times, serif; font-size: 14pt;\"><em>\u00ab\u00a0Les accusations contre la Russie sont une tentative de camoufler<\/em> <em>la situation r\u00e9elle.\u00a0\u00bb<\/em><\/span><\/p>\n<p style=\"text-align: justify; padding-left: 60px;\"><span style=\"font-family: times new roman, times, serif; font-size: 14pt;\"><em>\u00ab\u00a0La situation r\u00e9elle, c\u2019est que, depuis 2000, la Russie n\u2019a cess\u00e9 d\u2019en appeler \u00e0 Washington, pour qu\u2019il soit mis fin \u00e0 la pratique d\u2019utiliser des missiles-cibles et de simuler le lancement de missiles balistiques \u00e0 courte ou moyenne port\u00e9e lors des tests de syst\u00e8mes d\u2019anti-missiles balistiques. Ces pratiques sont interdites par le trait\u00e9.\u00a0\u00bb<\/em><\/span><\/p>\n<p>&nbsp;<\/p>\n<p style=\"text-align: justify;\"><span style=\"font-family: times new roman, times, serif; font-size: 14pt;\">Le syst\u00e8me de lancement vertical US MK 41 d\u00e9ploy\u00e9 en Roumanie et en Pologne peut lancer des missiles de croisi\u00e8re \u00e0 moyenne port\u00e9e, ce qui est une <em>\u00ab\u00a0violation flagrante\u00a0\u00bb<\/em> des obligations impliqu\u00e9es par le trait\u00e9 INF, a pr\u00e9cis\u00e9 Valery Gerassimov.<\/span><\/p>\n<p style=\"text-align: justify;\"><span style=\"font-family: times new roman, times, serif; font-size: 14pt;\">En octobre dernier, le pr\u00e9sident US Donald Trump a annonc\u00e9 que Washington allait se retirer du trait\u00e9, en pr\u00e9tendant que celui-ci serait viol\u00e9 par la Russie.<\/span><\/p>\n<p style=\"text-align: justify;\"><span style=\"font-family: times new roman, times, serif; font-size: 14pt;\">Le trait\u00e9 INF a \u00e9t\u00e9 sign\u00e9 le 8 d\u00e9cembre 1987 et a pris effet le 1er juin\u00a0 1988. Il s\u2019applique aux missiles terrestres d\u00e9ploy\u00e9s ou non-d\u00e9ploy\u00e9s \u00e0 moyenne port\u00e9e (1.000 \u00e0 5.000 kilom\u00e8tres) et \u00e0 courte port\u00e9e (500 \u00e0 1.000 kilom\u00e8tres). Au cours des derni\u00e8res ann\u00e9es, Washington a constamment accus\u00e9 la Russie de violer le trait\u00e9. Moscou a cat\u00e9goriquement r\u00e9fut\u00e9 l\u2019accusation, s\u2019\u00e9levant en revanche de fa\u00e7on r\u00e9p\u00e9t\u00e9e contre son non-respect par Washington.<\/span><\/p>\n<p>&nbsp;<\/p>\n<p style=\"text-align: justify;\"><span style=\"font-family: times new roman, times, serif; font-size: 14pt;\">Source : <a href=\"http:\/\/tass.com\/defense\/1034395\">http:\/\/tass.com\/defense\/1034395<\/a><\/span><\/p>\n<p>&nbsp;<\/p>\n<p style=\"text-align: right;\"><span style=\"font-family: times new roman, times, serif; font-size: 14pt;\">Traduction\u00a0: c.l. pour Les Grosses Orchades<\/span><\/p>\n<p>&nbsp;<\/p>\n<p>&nbsp;<\/p>\n<p style=\"text-align: right;\"><span style=\"font-family: comic sans ms, sans-serif; font-size: 14pt;\">D\u00e9cembre 2018<\/span><\/p>\n<p>&nbsp;<\/p>\n<p>&nbsp;<\/p>\n","protected":false},"excerpt":{"rendered":"<p>&nbsp; &nbsp; &nbsp; &nbsp; Les pays qui abritent des syst\u00e8mes US deviendront des cibles pour la Russie si les \u00c9tats-Unis quittent l\u2019INF &nbsp; \u00c9tat-Major de la D\u00e9fense de Russie \u2013 TASS \u2013 5.12.2018 &nbsp; \u00ab\u00a0La d\u00e9claration de Donald Trump sur les intentions US de sortir du trait\u00e9 sur le contr\u00f4le des armes affectera n\u00e9gativement la&#8230;<\/p>\n","protected":false},"author":1,"featured_media":0,"parent":0,"menu_order":0,"comment_status":"open","ping_status":"closed","template":"","meta":[],"_links":{"self":[{"href":"https:\/\/blog.lesgrossesorchadeslesamplesthalameges.fr\/index.php\/wp-json\/wp\/v2\/pages\/932"}],"collection":[{"href":"https:\/\/blog.lesgrossesorchadeslesamplesthalameges.fr\/index.php\/wp-json\/wp\/v2\/pages"}],"about":[{"href":"https:\/\/blog.lesgrossesorchadeslesamplesthalameges.fr\/index.php\/wp-json\/wp\/v2\/types\/page"}],"author":[{"embeddable":true,"href":"https:\/\/blog.lesgrossesorchadeslesamplesthalameges.fr\/index.php\/wp-json\/wp\/v2\/users\/1"}],"replies":[{"embeddable":true,"href":"https:\/\/blog.lesgrossesorchadeslesamplesthalameges.fr\/index.php\/wp-json\/wp\/v2\/comments?post=932"}],"version-history":[{"count":0,"href":"https:\/\/blog.lesgrossesorchadeslesamplesthalameges.fr\/index.php\/wp-json\/wp\/v2\/pages\/932\/revisions"}],"wp:attachment":[{"href":"https:\/\/blog.lesgrossesorchadeslesamplesthalameges.fr\/index.php\/wp-json\/wp\/v2\/media?parent=932"}],"curies":[{"name":"wp","href":"https:\/\/api.w.org\/{rel}","templated":true}]}}