{"id":9328,"date":"2020-04-02T22:36:30","date_gmt":"2020-04-02T20:36:30","guid":{"rendered":"http:\/\/blog.lesgrossesorchadeslesamplesthalameges.fr\/?page_id=9328"},"modified":"2020-04-02T22:37:44","modified_gmt":"2020-04-02T20:37:44","slug":"virus-blocus","status":"publish","type":"page","link":"https:\/\/blog.lesgrossesorchadeslesamplesthalameges.fr\/index.php\/virus-blocus\/","title":{"rendered":"Virus&#8230; Blocus"},"content":{"rendered":"<p style=\"text-align: justify;\"><span style=\"font-family: times new roman, times, serif;\"><strong>\u00a0<\/strong><\/span><\/p>\n<p>&nbsp;<\/p>\n<p>&nbsp;<\/p>\n<p>&nbsp;<\/p>\n<p>&nbsp;<\/p>\n<p>&nbsp;<\/p>\n<p>&nbsp;<\/p>\n<p style=\"text-align: center;\"><span style=\"font-family: times new roman, times, serif; font-size: 14pt;\"><span style=\"font-size: 36pt;\"><strong>VIRUS&#8230; BLOCUS<\/strong><\/span><\/span><\/p>\n<p>&nbsp;<\/p>\n<p style=\"text-align: center;\"><span style=\"font-family: times new roman, times, serif; font-size: 18pt;\"><strong>Michel Raimbaud \u2013 <\/strong><em>\u00a0<\/em><a href=\"http:\/\/www.comite-valmy.org\/spip.php?auteur3\"><strong><em>Comit\u00e9 Valmy<\/em><\/strong><\/a><strong> \u2013 29.3.2020<\/strong><\/span><\/p>\n<p>&nbsp;<\/p>\n<p>&nbsp;<\/p>\n<p style=\"text-align: center;\"><a href=\"http:\/\/blog.lesgrossesorchadeslesamplesthalameges.fr\/wp-content\/uploads\/2020\/04\/France_confinement2-1.jpg\"><img loading=\"lazy\" class=\"alignnone wp-image-9329 size-full\" src=\"http:\/\/blog.lesgrossesorchadeslesamplesthalameges.fr\/wp-content\/uploads\/2020\/04\/France_confinement2-1.jpg\" alt=\"\" width=\"600\" height=\"398\" srcset=\"https:\/\/blog.lesgrossesorchadeslesamplesthalameges.fr\/wp-content\/uploads\/2020\/04\/France_confinement2-1.jpg 600w, https:\/\/blog.lesgrossesorchadeslesamplesthalameges.fr\/wp-content\/uploads\/2020\/04\/France_confinement2-1-300x199.jpg 300w\" sizes=\"(max-width: 600px) 100vw, 600px\" \/><\/a><\/p>\n<p>&nbsp;<\/p>\n<p>&nbsp;<\/p>\n<p style=\"text-align: justify;\"><span style=\"font-family: tahoma, arial, helvetica, sans-serif; font-size: 14pt;\"><strong>Nous sommes des mille et des millions \u00e0 go\u00fbter aux plaisirs du confinement. C\u2019est la faute \u00e0 ce virus crochu, invisible mais omnipr\u00e9sent, qui guette ses victimes tapi dans leurs voies respiratoires, r\u00e9veillant les peurs ancestrales. Sages ou craintifs, les citoyens acceptent les r\u00e8gles nouvelles, appr\u00e9hendant ce que sera l\u2019apr\u00e8s. Revisit\u00e9, le temps d\u2019avant \u00e9tait un paradis\u00a0: c\u2019\u00e9tait il y a un mois, il y a quinze jours, c\u2019\u00e9tait hier.<\/strong><\/span><\/p>\n<p style=\"text-align: justify;\"><span style=\"font-family: times new roman, times, serif; font-size: 14pt;\">Ils seront innombrables, en France et dans cette vieille Europe devenue le foyer du virus, \u00e0 faire des comptes et \u00e0 en demander, \u00e0 proposer des priorit\u00e9s pour r\u00e9parer les d\u00e9g\u00e2ts. Avant d\u2019entamer toute r\u00e9flexion, il conviendra de r\u00e9viser les id\u00e9es re\u00e7ues que les \u00e9v\u00e8nements ont fait voler en \u00e9clats et d\u2019en tirer des le\u00e7ons. Puissent les mesures prises dans une situation d\u2019exception ne pas \u00eatre fatales \u00e0 une certaine exception fran\u00e7aise.<\/span><\/p>\n<p style=\"text-align: justify;\"><span style=\"font-family: times new roman, times, serif; font-size: 14pt;\">L\u2019Euro-Am\u00e9rique n\u2019est plus le \u00ab\u00a0c\u0153ur\u00a0\u00bb du monde, ayant perdu sa supr\u00e9matie globale et son magist\u00e8re intellectuel et moral. Difficile \u00e0 gober pour un b\u00e9otien comme l\u2019oncle Donald, supr\u00e9matiste hors pair, et pour les clients de l\u2019id\u00e9ologie occidentaliste. Si certains ont \u00e9voqu\u00e9 \u00ab\u00a0la mort c\u00e9r\u00e9brale\u00a0\u00bb ou \u00ab\u00a0le d\u00e9clin de l\u2019Occident\u00a0\u00bb, ce sont de simples \u00e9clairs tant est enracin\u00e9e la conviction nombriliste. Il reste que l\u2019\u00e9pisode du coronavirus aura ruin\u00e9 irr\u00e9m\u00e9diablement l\u2019image de les \u00c9tats-Unis d\u2019Am\u00e9rique et de l\u2019Europe, o\u00f9 la pand\u00e9mie a \u00e9tabli ses quartiers. C\u2019est en effet aupr\u00e8s de l\u2019Organisation de Coop\u00e9ration de Shanghai (Chine, Russie et alli\u00e9s asiatiques) que la plupart des pays, alli\u00e9s y compris, auront cherch\u00e9 appui.<\/span><\/p>\n<p style=\"text-align: justify;\"><span style=\"font-family: times new roman, times, serif; font-size: 14pt;\">Accus\u00e9e par Trump d\u2019\u00eatre le responsable de la pand\u00e9mie (le \u00ab\u00a0virus chinois\u00a0\u00bb), la Chine, premier pays \u00e0 avoir su juguler l\u2019effrayant fl\u00e9au, est sollicit\u00e9e par le reste du monde. Forte du prestige que lui vaut sa gestion \u2013 un brin id\u00e9alis\u00e9e \u2013 de la crise et d\u00e9sormais surpuissante, elle affirme son nouveau leadership. Qu\u2019il s\u2019agisse de l\u2019Italie, abandonn\u00e9e en premi\u00e8re ligne sur le front coronique par ses partenaires europ\u00e9ens, ou de la France, durement frapp\u00e9e, l\u2019aide en mat\u00e9riel et en personnel de l\u2019Empire du Milieu n\u2019est pas pass\u00e9e inaper\u00e7ue\u2026<\/span><\/p>\n<p style=\"text-align: justify;\"><span style=\"font-family: times new roman, times, serif; font-size: 14pt;\">La Russie a lanc\u00e9 elle aussi des op\u00e9rations de secours, envoyant vers l\u2019Italie, par avions-cargos, du mat\u00e9riel de d\u00e9pistage et de d\u00e9sinfection, tandis que son arm\u00e9e de l\u2019air acheminait huit brigades mobiles de m\u00e9decins et une centaine de virologues et \u00e9pid\u00e9miologistes. L\u2019Institut moscovite de d\u00e9pistage du Corona annonce l\u2019envoi d\u2019une assistance d\u2019urgence \u00e0 seize pays\u00a0: les membres de l\u2019Union Economique Eurasienne (ex-URSS), mais aussi l\u2019Iran, l\u2019Egypte, le Venezuela, la Cor\u00e9e du Nord, la Mongolie. La Serbie a choisi elle aussi de faire appel \u00e0 Moscou et P\u00e9kin.<\/span><\/p>\n<p style=\"text-align: justify;\"><span style=\"font-family: times new roman, times, serif; font-size: 14pt;\">Cet investissement des deux grands de l\u2019Eurasie dans une action d\u2019urgence aura eu un impact consid\u00e9rable. M\u00e9diatisation\u00a0? Ni plus ni moins que les \u00ab\u00a0grandes d\u00e9mocraties\u00a0\u00bb nagu\u00e8re. Que pourraient bien m\u00e9diatiser nos m\u00e9dias de r\u00e9v\u00e9rence, sinon l\u2019absence de toute solidarit\u00e9 des Etats occidentaux, la vanit\u00e9 de leurs le\u00e7ons de morale, leur acharnement \u00e0 poursuivre des guerres ill\u00e9gales ou \u00ab\u00a0invisibles\u00a0\u00bb, et la fin du monopole \u00ab\u00a0atlantiste\u00a0\u00bb dans le domaine humanitaire, cheval de bataille pour l\u2019ing\u00e9rence. Le mainstream aura \u00e9t\u00e9 \u00e0 la hauteur de sa r\u00e9putation, le d\u00e9pit portant d\u2019ailleurs \u00e0 ressasser les mensonges les plus \u00e9cul\u00e9s sur les \u00ab\u00a0pays qui f\u00e2chent\u00a0\u00bb (Syrie, Iran, Russie, Chine)\u00a0!<\/span><\/p>\n<p style=\"text-align: justify;\"><span style=\"font-family: times new roman, times, serif; font-size: 14pt;\">Dans le m\u00eame temps et autre signe des temps, les \u00c9tats-Unis d\u2019Am\u00e9rique sont d\u00e9fi\u00e9s jusque dans leur ex-arri\u00e8re-cour, son ignominie et son impuissance \u00e9tant affich\u00e9es \u00e0 la face du monde. Apr\u00e8s soixante ans de sanctions, Cuba est toujours debout et a d\u00e9velopp\u00e9 une m\u00e9decine de pointe\u00a0: le 16 mars, \u00e0 la demande de Londres, on y accueillait sous les acclamations un navire de croisi\u00e8re (MS Braemar) et sa cargaison de passagers occidentaux ailleurs ind\u00e9sirables (dont 5 \u00ab\u00a0positifs\u00a0\u00bb et 40 \u00e0 l\u2019isolement). La Havane a envoy\u00e9 par ailleurs une mission m\u00e9dicale en Italie. Des sots s\u2019en \u00e9tonneront, mais les gestes ne s\u2019oublieront pas, n\u2019en d\u00e9plaise aux esprits chagrins.<\/span><\/p>\n<p style=\"text-align: justify;\"><span style=\"font-family: times new roman, times, serif; font-size: 14pt;\">Le Venezuela, provocation permanente, est frapp\u00e9 par la pand\u00e9mie. Une occasion minable d\u2019exhiber un acharnement \u00ab\u00a0viral\u00a0\u00bb. C\u2019est sous forme de sanctions meurtri\u00e8res et d\u00e9vastatrices que se manifestent les attentions de Washington\u00a0: le co\u00fbt des d\u00e9pistages se trouve propuls\u00e9 \u00e0 des niveaux exorbitants. Valet fid\u00e8le, le FMI a refus\u00e9 le pr\u00eat demand\u00e9 par Caracas\u00a0: Maduro manquerait de l\u00e9gitimit\u00e9. Selon les experts onusiens, de telles sanctions \u00ab\u00a0s\u2019apparentent \u00e0 une action g\u00e9nocidaire\u00a0\u00bb et leurs \u00ab\u00a0architectes\u00a0\u00bb devraient \u00eatre poursuivis et emprisonn\u00e9s \u00e0 vie, du moins \u00ab\u00a0dans un monde d\u00e9cent\u00a0\u00bb. Il ne l\u2019est plus, depuis belle lurette.<\/span><\/p>\n<p style=\"text-align: justify;\"><span style=\"font-family: times new roman, times, serif; font-size: 14pt;\">Le comportement criminel des \u00c9tats-Unis d\u2019Am\u00e9rique et des \u00ab\u00a0grandes d\u00e9mocraties s\u2019est inscrit dans le paysage \u00e0 partir de 1991, tandis qu\u2019\u00e9mergeait le paradigme d\u2019une \u00ab\u00a0communaut\u00e9 internationale\u00a0\u00bb r\u00e9duite aux laquais. C\u2019est \u00e0 la r\u00e9signation de ceux-ci, \u00e0 leur aveuglement id\u00e9ologique et \u00e0 leur complicit\u00e9 qu\u2019une \u00ab\u00a0tro\u00efka\u00a0\u00bb pervertie doit sa capacit\u00e9 de nuisance. Bien que le premier v\u00e9to russo-chinois contre une ing\u00e9rence militaire en Syrie, en octobre 2011, ait stopp\u00e9 les \u00e9lans de l\u2019arrogant triumvirat, celui-ci a de beaux restes et de malfaisants relais.<\/span><\/p>\n<p style=\"text-align: justify;\"><span style=\"font-family: times new roman, times, serif; font-size: 14pt;\">Un demi-si\u00e8cle apr\u00e8s sa naissance \u00ab\u00a0sous X\u00a0\u00bb, la \u00ab\u00a0th\u00e9orie du fou\u00a0\u00bb de Nixon et Kissinger, loin d\u2019\u00eatre la touche folklorique d\u2019une \u00ab\u00a0g\u00e9opolitique racont\u00e9e aux grands enfants\u00a0\u00bb, est pour l\u2019Occident une cl\u00e9 essentielle du Grand Jeu. Eructant au milieu de sa cour des miracles, le gangster \u00e0 la m\u00e8che jaune a fait des adeptes au Moyen-Orient. Avec Netanyahou, bourreau des Palestiniens et complice d\u2019une \u00ab\u00a0transaction\u00a0\u00bb ignominieuse, Erdogan l\u2019hyst\u00e9rique Mamamouchi, et Mohammed Ben Salman, qui r\u00eave de transformer l\u2019Arabie en Disneyland ou en lupanar, voil\u00e0 cet OVNI mal\u00e9fique en mesure d\u2019instaurer un chaos sans fin au centre de \u00ab\u00a0la ceinture verte\u00a0\u00bb, \u00e0 l\u2019ombre de la nouvelle peste.<\/span><\/p>\n<p style=\"text-align: justify;\"><span style=\"font-family: times new roman, times, serif; font-size: 14pt;\">Ce qu\u2019\u00e9crit Doug Bandow le 22 mars dans The American interest vaut son pesant d\u2019encre\u00a0: \u00ab\u00a0Le coronavirus signifie que l\u2019Am\u00e9rique est bris\u00e9e. Trump devrait sortir de l\u2019enfer syrien\u00a0\u00bb, \u00ab\u00a0le Moyen-Orient a perdu sa signification strat\u00e9gique\u00a0\u00bb, les deux craintes majeures ayant disparu\u00a0: (1) \u00ab\u00a0Personne ne menace de conqu\u00e9rir le p\u00e9trole dont d\u00e9pend l\u2019Occident\u00a0\u00bb, (2) \u00ab\u00a0Personne ne menace la survie d\u2019Isra\u00ebl, superpuissance r\u00e9gionale\u00a0\u00bb. Mon Dieu, si c\u2019\u00e9tait vrai\u00a0? Aux doux r\u00eaveurs, on rappellera que les \u00c9tats-Unis d\u2019Am\u00e9rique s\u2019acharnent \u00e0 mener en Syrie une guerre \u00ab\u00a0invisible et sans fin\u00a0\u00bb pour interdire la paix et la reconstruction, qu\u2019elle maintient une occupation ill\u00e9gale \u00e0 l\u2019est de l\u2019Euphrate, pour \u00ab\u00a0contr\u00f4ler le p\u00e9trole syrien\u00a0\u00bb (sic dixit Donald).<\/span><\/p>\n<p style=\"text-align: justify;\"><span style=\"font-family: times new roman, times, serif; font-size: 14pt;\">Agress\u00e9e par une coalition hybride o\u00f9 se retrouvent les membres de l\u2019OTAN, les forces de l\u2019islamisme d\u00e9voy\u00e9 et une multitude de comparses, la Syrie est frapp\u00e9e depuis 2011 par une pl\u00e9thore de sanctions inf\u00e2mes et sadiques, dans l\u2019indiff\u00e9rence quasi-g\u00e9n\u00e9rale\u2026Rappelons que les sanctions (commerciales ou financi\u00e8res) ont pour but d\u2019emp\u00eacher un Etat de fonctionner et d\u2019\u00e9trangler son \u00e9conomie. Elles ont entre autres pour r\u00e9sultat d\u2019interdire les importations de m\u00e9dicaments et mat\u00e9riels sanitaires, et de rendre impossibles la r\u00e9paration des \u00e9quipements. Ce qui est dramatique pour un pays d\u00e9vast\u00e9 comme la Syrie.<\/span><\/p>\n<p style=\"text-align: justify;\"><span style=\"font-family: times new roman, times, serif; font-size: 14pt;\">Comment des Etats peuvent-ils se pr\u00e9tendre \u00ab\u00a0civilis\u00e9s\u00a0\u00bb alors qu\u2019ils n\u2019ont pas le courage de briser l\u2019omerta, loi des mafieux. Exiger une lev\u00e9e imm\u00e9diate des sanctions ne suffit pas. Chaque pays peut prendre la d\u00e9cision, seul ou dans un cadre collectif. Il y a urgence\u00a0: la Syrie entre dans sa dixi\u00e8me ann\u00e9e de guerre et on peut s\u2019inqui\u00e9ter de l\u2019impact que pourrait avoir le corona, d\u00e9j\u00e0 pr\u00e9sent dans la r\u00e9gion. En effet, la pand\u00e9mie ne saurait occulter les men\u00e9es criminelles des alli\u00e9s de Washington\u00a0: Isra\u00ebl responsable du confinement massif des Palestiniens, notamment \u00e0 Gaza\u00a0; Erdogan et son chantage au \u00ab\u00a0lancer\u00a0\u00bb de r\u00e9fugi\u00e9s vers l\u2019Europe, nul ne se souciant des malheureux migrants pi\u00e9g\u00e9s par les fronti\u00e8res ferm\u00e9es.<\/span><\/p>\n<p style=\"text-align: justify;\"><span style=\"font-family: times new roman, times, serif; font-size: 14pt;\">Il faut \u00e9galement lever le si\u00e8ge criminel impos\u00e9 par les \u00c9tats-Unis d\u2019Am\u00e9rique \u00e0 l\u2019Iran. R\u00e9sistant depuis quarante ans aux sanctions impos\u00e9es \u00e0 l\u2019instigation de Washington et confront\u00e9 \u00e0 la r\u00e9-escalade engag\u00e9e par Trump depuis son retrait ill\u00e9gal du trait\u00e9 nucl\u00e9aire, il y a deux ans, l\u2019Iran figure en outre parmi les Etats les plus menac\u00e9s par la pand\u00e9mie. L\u2019interdiction de commercer en dollars revient \u00e0 lui interdire tout achat de m\u00e9dicaments et d\u2019\u00e9quipements sanitaires, alors qu\u2019il est \u00e9conomiquement \u00e9trangl\u00e9 (T\u00e9h\u00e9ran aurait demand\u00e9 un pr\u00eat d\u2019urgence de cinq milliards de dollars au FMI). Il s\u2019agit pour les \u00c9tats-Unis d\u2019Am\u00e9rique de le soumettre. Si dans un acc\u00e8s de sagesse les Europ\u00e9ens viennent en aide \u00e0 l\u2019Iran, ils rach\u00e8teront un peu la communaut\u00e9 des \u00ab\u00a0chefs d\u2019Etat du monde\u00a0\u00bb auxquels en appelle Ruhani\u00a0: Les \u00c9tats-Unis d\u2019Am\u00e9rique n\u2019est pas seulement responsable de la mort d\u2019un Iranien toutes les dix minutes, elle menace la vie du monde. T\u00e9h\u00e9ran et Qom ne sont pas si loin de Paris, Londres et New-York. \u00ab\u00a0Vous \u00eates des insolents, des oppresseurs, des terroristes\u00a0\u00bb\u00a0: seuls bl\u00e2meront Ali Khamenei d\u2019avoir ainsi stigmatis\u00e9 les dirigeants am\u00e9ricains ceux que la v\u00e9rit\u00e9 blesse.<\/span><\/p>\n<p style=\"text-align: justify;\"><span style=\"font-family: times new roman, times, serif; font-size: 14pt;\"><strong>Michel Raimbaud<\/strong> <\/span><br \/>\n<span style=\"font-family: times new roman, times, serif; font-size: 14pt;\">28 mars 2020<\/span><\/p>\n<p style=\"text-align: justify;\"><span style=\"font-family: times new roman, times, serif; font-size: 14pt;\">\u00a0<\/span><\/p>\n<p style=\"text-align: justify;\"><span style=\"font-family: times new roman, times, serif; font-size: 14pt;\">Source\u00a0: <a href=\"http:\/\/www.comite-valmy.org\/spip.php?article11772\">http:\/\/www.comite-valmy.org\/spip.php?article11772<\/a><\/span><\/p>\n<p style=\"text-align: left;\"><span style=\"font-family: times new roman, times, serif; font-size: 14pt;\"><strong>URL de cet article\u00a0: <\/strong><a href=\"http:\/\/blog.lesgrossesorchadeslesamplesthalameges.fr\/index.php\/virus-blocus\/\">http:\/\/blog.lesgrossesorchadeslesamplesthalameges.fr\/index.php\/virus-blocus\/<\/a><strong><br \/>\n<\/strong><\/span><\/p>\n<p>&nbsp;<\/p>\n<p style=\"text-align: center;\"><a href=\"http:\/\/blog.lesgrossesorchadeslesamplesthalameges.fr\/wp-content\/uploads\/2020\/04\/MASQUE-GIF.gif\"><img loading=\"lazy\" class=\"alignnone wp-image-9299\" src=\"http:\/\/blog.lesgrossesorchadeslesamplesthalameges.fr\/wp-content\/uploads\/2020\/04\/MASQUE-GIF-300x188.gif\" alt=\"\" width=\"125\" height=\"78\" \/><\/a><\/p>\n<p>&nbsp;<\/p>\n<p style=\"text-align: right;\"><span style=\"font-family: comic sans ms, sans-serif;\">Avril 2020<\/span><\/p>\n<p>&nbsp;<\/p>\n<p>&nbsp;<\/p>\n","protected":false},"excerpt":{"rendered":"<p>\u00a0 &nbsp; &nbsp; &nbsp; &nbsp; &nbsp; &nbsp; VIRUS&#8230; BLOCUS &nbsp; Michel Raimbaud \u2013 \u00a0Comit\u00e9 Valmy \u2013 29.3.2020 &nbsp; &nbsp; &nbsp; &nbsp; Nous sommes des mille et des millions \u00e0 go\u00fbter aux plaisirs du confinement. C\u2019est la faute \u00e0 ce virus crochu, invisible mais omnipr\u00e9sent, qui guette ses victimes tapi dans leurs voies respiratoires, r\u00e9veillant les&#8230;<\/p>\n","protected":false},"author":1,"featured_media":0,"parent":0,"menu_order":0,"comment_status":"open","ping_status":"open","template":"","meta":[],"_links":{"self":[{"href":"https:\/\/blog.lesgrossesorchadeslesamplesthalameges.fr\/index.php\/wp-json\/wp\/v2\/pages\/9328"}],"collection":[{"href":"https:\/\/blog.lesgrossesorchadeslesamplesthalameges.fr\/index.php\/wp-json\/wp\/v2\/pages"}],"about":[{"href":"https:\/\/blog.lesgrossesorchadeslesamplesthalameges.fr\/index.php\/wp-json\/wp\/v2\/types\/page"}],"author":[{"embeddable":true,"href":"https:\/\/blog.lesgrossesorchadeslesamplesthalameges.fr\/index.php\/wp-json\/wp\/v2\/users\/1"}],"replies":[{"embeddable":true,"href":"https:\/\/blog.lesgrossesorchadeslesamplesthalameges.fr\/index.php\/wp-json\/wp\/v2\/comments?post=9328"}],"version-history":[{"count":0,"href":"https:\/\/blog.lesgrossesorchadeslesamplesthalameges.fr\/index.php\/wp-json\/wp\/v2\/pages\/9328\/revisions"}],"wp:attachment":[{"href":"https:\/\/blog.lesgrossesorchadeslesamplesthalameges.fr\/index.php\/wp-json\/wp\/v2\/media?parent=9328"}],"curies":[{"name":"wp","href":"https:\/\/api.w.org\/{rel}","templated":true}]}}