{"id":9335,"date":"2020-04-02T22:47:11","date_gmt":"2020-04-02T20:47:11","guid":{"rendered":"http:\/\/blog.lesgrossesorchadeslesamplesthalameges.fr\/?page_id=9335"},"modified":"2020-04-02T22:52:16","modified_gmt":"2020-04-02T20:52:16","slug":"9335-2","status":"publish","type":"page","link":"https:\/\/blog.lesgrossesorchadeslesamplesthalameges.fr\/index.php\/9335-2\/","title":{"rendered":"Non, la France n\u2019est pas en guerre !"},"content":{"rendered":"<p>&nbsp;<\/p>\n<p>&nbsp;<\/p>\n<p>&nbsp;<\/p>\n<p>&nbsp;<\/p>\n<p>&nbsp;<\/p>\n<p>&nbsp;<\/p>\n<p style=\"text-align: center;\"><span style=\"font-family: times new roman, times, serif; font-size: 36pt;\"><strong>Non, la France n\u2019est pas en guerre !<\/strong><\/span><\/p>\n<p>&nbsp;<\/p>\n<p style=\"text-align: center;\"><span style=\"font-family: times new roman, times, serif; font-size: 18pt;\"><strong>Slobodan Despot \u2013 <em>L\u2019ANTIPRESSE<\/em> \u2013 22.3.2020<\/strong><\/span><\/p>\n<p>&nbsp;<\/p>\n<p>&nbsp;<\/p>\n<p style=\"text-align: justify;\"><span style=\"font-family: tahoma, arial, helvetica, sans-serif; font-size: 14pt;\"><strong>\u2026 Enfin, pas celle qu\u2019on lui promet. La France risque de se r\u00e9veiller demain en comprenant qu\u2019elle \u00e9tait elle-m\u00eame la cible de la guerre proclam\u00e9e par M. Macron. Mais il sera trop tard. Avec ou sans virus, elle devra vivre pieds et poings li\u00e9s.<\/strong><\/span><\/p>\n<p>&nbsp;<\/p>\n<p>&nbsp;<\/p>\n<p style=\"text-align: center;\"><a href=\"http:\/\/blog.lesgrossesorchadeslesamplesthalameges.fr\/wp-content\/uploads\/2020\/04\/POILUS-1.png\"><img loading=\"lazy\" class=\"alignnone wp-image-9336 size-full\" src=\"http:\/\/blog.lesgrossesorchadeslesamplesthalameges.fr\/wp-content\/uploads\/2020\/04\/POILUS-1.png\" alt=\"\" width=\"600\" height=\"375\" srcset=\"https:\/\/blog.lesgrossesorchadeslesamplesthalameges.fr\/wp-content\/uploads\/2020\/04\/POILUS-1.png 600w, https:\/\/blog.lesgrossesorchadeslesamplesthalameges.fr\/wp-content\/uploads\/2020\/04\/POILUS-1-300x188.png 300w\" sizes=\"(max-width: 600px) 100vw, 600px\" \/><\/a><\/p>\n<p style=\"text-align: center;\"><span style=\"font-family: times new roman, times, serif; font-size: 12pt;\"><strong><em>Non, on ne les a pas confin\u00e9s. On les a envoy\u00e9s inhaler l\u2019yp\u00e9rite en premi\u00e8re ligne. Sinon\u00a0: fusill\u00e9s pour l\u2019exemple.<\/em><\/strong><\/span><\/p>\n<p>&nbsp;<\/p>\n<p>&nbsp;<\/p>\n<p style=\"text-align: justify;\"><span style=\"font-family: times new roman, times, serif; font-size: 14pt;\">Le monde qui est entr\u00e9 dans le Coronavirus n\u2019en sortira plus. Ce qui en sortira sera quelque chose de radicalement diff\u00e9rent. Nous ne savons pas quelle sera la port\u00e9e de ce virus sur le corps physique de l\u2019humanit\u00e9, mais nous voyons d\u00e9j\u00e0 son action sur son corps social. L\u2019exemple fran\u00e7ais est tr\u00e8s parlant.<\/span><\/p>\n<p>&nbsp;<\/p>\n<p style=\"text-align: justify;\"><span style=\"font-family: times new roman, times, serif; font-size: 18pt;\"><strong>La guerre\u2026 contre qui ?<\/strong><\/span><\/p>\n<p style=\"text-align: justify;\"><span style=\"font-family: times new roman, times, serif; font-size: 14pt;\">Le 16 mars dernier, M. Macron a solennellement proclam\u00e9: <a href=\"https:\/\/www.lemonde.fr\/politique\/article\/2020\/03\/16\/nous-sommes-en-guerre-retrouvez-le-discours-de-macron-pour-lutter-contre-le-coronavirus_6033314_823448.html\">\u00abNous sommes en guerre\u00bb<\/a> et la nation enti\u00e8re lui a embo\u00eet\u00e9 le pas, lui qu\u2019elle d\u00e9testait hier encore. Depuis les balcons o\u00f9 ils sont confin\u00e9s, les Fran\u00e7ais comptent les entorses \u00e0 la loi martiale et s\u2019empressent de les d\u00e9noncer sur les r\u00e9seaux sociaux voire plus haut. Ils sont si \u00e9moustill\u00e9s par les harangues dont on les bombarde \u00e0 longueur de journ\u00e9e qu\u2019ils ne remarquent m\u00eame pas le danger de cet entra\u00eenement.<\/span><\/p>\n<p style=\"text-align: justify;\"><span style=\"font-family: times new roman, times, serif; font-size: 14pt;\">Non, la France n\u2019est pas en guerre. Pour sa sauvegarde en tant que peuple et en tant que d\u00e9mocratie, elle doit s\u2019\u00f4ter cette id\u00e9e de la t\u00eate. Elle est en situation de pand\u00e9mie, une situation que les structures comp\u00e9tentes de l\u2019Etat sont cens\u00e9es savoir affronter. Ce qui l\u2019attaque n\u2019est pas un adversaire humain, c\u2019est une maladie. Lorsque la France \u00e9tait ravag\u00e9e par la peste, on ne parlait pas de guerre, mais de fl\u00e9au de Dieu. Lorsque la France entre concr\u00e8tement en guerre contre quelqu\u2019un, comme lorsqu\u2019elle participa au bombardement de la Serbie ou de la Libye, le pr\u00e9sident ne va surtout pas dire au peuple qu\u2019il est en guerre.<\/span><\/p>\n<p style=\"text-align: justify;\"><span style=\"font-family: times new roman, times, serif; font-size: 14pt;\">La guerre dont on parle aujourd\u2019hui n\u2019en est pas une\u2026 \u00e0 moins qu\u2019on ait oubli\u00e9 d\u2019ajouter l\u2019adjectif: <em>guerre civile<\/em>.<\/span><\/p>\n<p style=\"text-align: justify;\"><span style=\"font-family: times new roman, times, serif; font-size: 14pt;\">La transmissibilit\u00e9 de cette maladie est un levier de contr\u00f4le absolu de la population. S\u2019il ne s\u2019agissait que de notre vie, personne ne pourrait rien nous imposer. Mais par la contagion nous sommes li\u00e9s par un r\u00e9seau de responsabilit\u00e9s \u2014 et donc de culpabilit\u00e9s \u2014 encha\u00een\u00e9es. En proclamant que le virus est l\u2019ennemi, les citoyens sont tous des vecteurs potentiels de l\u2019ennemi. Autrement dit, des collabos, et \u00e0 ce titre potentiellement justiciables comme tels: avec rigueur et de mani\u00e8re exp\u00e9ditive. Par extension de la m\u00e9taphore, la r\u00e9gulation de leurs conditions de vie et de travail peut dor\u00e9navant elle aussi \u00eatre \u00abmilitaris\u00e9e\u00bb.(1)<\/span><\/p>\n<p style=\"text-align: justify;\"><span style=\"font-family: times new roman, times, serif; font-size: 14pt;\">C\u2019est ainsi qu\u2019avec la \u00abd\u00e9claration de guerre\u00bb de M. Macron, le collimateur s\u2019est subrepricement d\u00e9plac\u00e9 de la maladie vers ses vecteurs potentiels sans m\u00eame qu\u2019ils aient senti la pastille rouge du pointeur laser se poser sur leur front.<\/span><\/p>\n<p style=\"text-align: justify;\"><span style=\"font-family: times new roman, times, serif; font-size: 14pt;\">Pour en arriver l\u00e0, il aura fallu les nouvelles dantesques de Chine, puis ce brusque saut de cavalier vers l\u2019Iran et l\u2019Italie \u00e0 nos portes. L\u2019Italie o\u00f9 la maladie se d\u00e9cha\u00eene\u2026 avant tout sur ceux qui, h\u00e9las, \u00e9taient d\u2019embl\u00e9e les plus expos\u00e9s(2). Il aura fallu, d\u00e8s le d\u00e9part, une surench\u00e8re de dramatisation m\u00e9diatique, souvent inconsciente. Par exemple, le simple fait de parler initialement <em>du<\/em> Coronavirus au lieu d\u2019<em>un<\/em> coronavirus, membre d\u2019une famille \u00e9tudi\u00e9e depuis les ann\u00e9es 1960 et comprenant aussi bien le <a href=\"https:\/\/en.wikipedia.org\/wiki\/Severe_acute_respiratory_syndrome#Epidemiology\">SARS<\/a> de 2003 que des <a href=\"https:\/\/fr.wikipedia.org\/wiki\/Coronavirus\"><em>\u00abtypes de coronavirus b\u00e9nins\u00bb<\/em><\/a>, naturellement h\u00e9berg\u00e9s par l\u2019homme.<\/span><\/p>\n<p style=\"text-align: justify;\"><span style=\"font-family: times new roman, times, serif; font-size: 14pt;\">En France, le jour o\u00f9 la guerre est officiellement d\u00e9clar\u00e9e (16 mars), le COVID_19 a <a href=\"https:\/\/coronavirus.politologue.com\/coronavirus-france.FR\">officiellement fait 148 morts sur 6645 cas confirm\u00e9s<\/a>. C\u2019est grave et pr\u00e9occupant, mais on est loin, <a href=\"https:\/\/www.youtube.com\/watch?v=ukTc8sQkKwI\">comme l\u2019explique le Pr Didier Raoult<\/a>, du pic de mortalit\u00e9 saisonni\u00e8re associ\u00e9e aux infections virales de 2017 qui avait fait plus de 10\u2019000 morts (et qui correspondrait, pour un m\u00eame taux de mortalit\u00e9 d\u00e9clar\u00e9 de 2,2%, \u00e0 quelque 500\u2019000 contamin\u00e9s).<\/span><\/p>\n<p>&nbsp;<\/p>\n<p style=\"text-align: justify;\"><span style=\"font-family: times new roman, times, serif; font-size: 18pt;\"><strong>Devoir de pessimisme, cong\u00e9 de la raison<\/strong><\/span><\/p>\n<p style=\"text-align: justify;\"><span style=\"font-family: times new roman, times, serif; font-size: 14pt;\">\u00abCertes\u00bb, nous dit-on, \u00abmais attendez de voir!\u00bb En effet, nous ne savons rien de ce qu\u2019il arrivera demain. Les courbes de progression du virus peuvent fr\u00f4ler la verticale, il peut soudain muter et tuer 60% des contamin\u00e9s comme le H5N1. Tout <em>peut<\/em> arriver \u2014 y compris un d\u00e9gonflement de la menace comme ce fut le cas avec H1N1. Mais on a comme l\u2019impression que personne n\u2019a envie d\u2019entendre les hypoth\u00e8ses interm\u00e9diaires. Seule l\u2019option du pire a pignon sur rue, car l\u2019incertitude en mati\u00e8re de sant\u00e9 publique ne profite qu\u2019aux pessimistes. Ce devoir de pessimisme, c\u2019est l\u2019avantage strat\u00e9gique d\u2019une \u00e9pid\u00e9mie en termes de contr\u00f4le des masses. On n\u2019en voudra \u00e0 personne d\u2019en avoir fait trop; on lynchera celui qui sera suspect\u00e9 de n\u2019en avoir pas fait assez.(3)<\/span><\/p>\n<p style=\"text-align: justify;\"><span style=\"font-family: times new roman, times, serif; font-size: 14pt;\">C\u2019est une v\u00e9ritable cr\u00e9maill\u00e8re vers la dictature, un mur de confinement auquel chacun, depuis le simple p\u00e9kin psychos\u00e9 jusqu\u2019au ministre qui ne peut \u00abfaire moins\u00bb que ne lui enjoignent les m\u00e9dias, ajoute de bon c\u0153ur sa petite brique \u2014 tout en se privant d\u2019une part de raison et de libre arbitre.<\/span><\/p>\n<p style=\"text-align: justify;\"><span style=\"font-family: times new roman, times, serif; font-size: 14pt;\">Si l\u2019Etat fran\u00e7ais se consid\u00e9rait r\u00e9ellement en guerre avec le virus, il r\u00e9quisitionnerait des usines pour fabriquer des masques au lieu de <a href=\"https:\/\/www.lepopulaire.fr\/cars-87230\/actualites\/cette-entreprise-de-haute-vienne-peut-fournir-un-million-de-masques-mais-l-etat-les-bloque_13767796\/\">bloquer celles qui peuvent en procurer rapidement<\/a>(4). Il mettrait imm\u00e9diatement \u00e0 profit les r\u00e9sultats encourageants de la chloroquine(5) plut\u00f4t que de les noyer dans des d\u00e9bats cauteleux. Il desserrerait l\u2019\u00e9tau psychologique d\u00e9vastateur que repr\u00e9sente le confinement \u00e0 domicile, mesure carc\u00e9rale qui g\u00e9n\u00e8re d\u00e9j\u00e0 des conflits graves et des effondrements psychologiques. La r\u00e9sistance morale de la population est un facteur clef de toutes les guerres, autant que les forces arm\u00e9es, et c\u2019est ce facteur dont les mesures extr\u00eames sont en train de priver le pays.<\/span><\/p>\n<p style=\"text-align: justify;\"><span style=\"font-family: times new roman, times, serif; font-size: 14pt;\">L\u2019\u00e9tat de guerre, c\u2019est l\u2019abolition de la vie parlementaire et des libert\u00e9s, le gouvernement par d\u00e9cret-loi, le droit d\u2019ing\u00e9rence du pouvoir dans toutes les sph\u00e8res de la vie priv\u00e9e et le monopole de l\u2019Etat et de ses relais sur les <em>fake news.<\/em> C\u2019est sans doute \u00e0 quoi M. Macron r\u00eavait de parvenir \u2014 et que le virus lui a offert sur un plateau. Reste \u00e0 savoir combien de temps la peur, chez les Fran\u00e7ais, fera passer la pilule de l\u2019oppression.<\/span><\/p>\n<p style=\"text-align: justify;\"><span style=\"font-family: times new roman, times, serif; font-size: 14pt;\">____________________\u00a0<\/span><\/p>\n<p style=\"text-align: justify;\"><span style=\"font-family: times new roman, times, serif; font-size: 14pt;\">NOTES<\/span><\/p>\n<ol style=\"text-align: justify;\">\n<li><span style=\"font-family: times new roman, times, serif; font-size: 14pt;\">Ainsi, la nuit derni\u00e8re, le S\u00e9nat a pris des mesures d\u2019exception \u00e0 vocation sanitaire impliquant des modifications du droit du travail qui seront\u00a0non temporaires. En outre ces mesures permettront au parlement de l\u00e9gif\u00e9rer sans contr\u00f4le pour sauver l\u2019\u00e9conomie.<\/span><\/li>\n<li><span style=\"font-family: times new roman, times, serif; font-size: 14pt;\">Voir les <a href=\"https:\/\/log.antipresse.net\/coronavirus-italie-profil-victimes\/\">statistiques de l\u2019Institut de sant\u00e9 publique<\/a> italien du 17 mars.<\/span><\/li>\n<li><span style=\"font-family: times new roman, times, serif; font-size: 14pt;\">On a beaucoup reproch\u00e9 \u00e0 Roselyne Bachelot d\u2019avoir accept\u00e9 un tr\u00e8s important stock de vaccins et de masques. Aujourd\u2019hui les journalistes la r\u00e9habilitent en disant qu\u2019on ne peut jamais en faire trop, justifiant ainsi les mesures les plus draconiennes! Forts de l\u2019id\u00e9e que l\u2019\u00e9pid\u00e9mie progresse en France parce que M. Macron n\u2019en n\u2019aurait pas assez fait au d\u00e9but, les m\u00e9dias nous mart\u00e8lent qu\u2019il faut d\u00e9sormais accepter les mesures les plus contraignantes, m\u00eame pour longtemps.<\/span><\/li>\n<li><span style=\"font-family: times new roman, times, serif; font-size: 14pt;\">On apprend en derni\u00e8re minute que LVMH va <a href=\"https:\/\/www.lvmh.fr\/actualites-documents\/actualites\/lvmh-se-mobilise-pour-fournir-plusieurs-millions-de-masques-en-france\/\">\u00abse mobiliser\u00bb<\/a> pour produire les masques dont la France a besoin. Quel Etat attend le geste de bonne volont\u00e9 d\u2019une multinationale pour se procurer un article d\u2019importance vitale?<\/span><\/li>\n<li><span style=\"font-family: times new roman, times, serif; font-size: 14pt;\">Essai clinique men\u00e9 par le Pr Raoult sur 24 patients. <a href=\"https:\/\/www.laprovence.com\/actu\/en-direct\/5936036\/breve-raoult.html\"><em>\u00abAu bout de six jours de traitement au Plaqu\u00e9nil (le nom commercial de la mol\u00e9cule, ndlr), 75% des porteurs ont une charge virale n\u00e9gative.\u00bb<\/em><\/a> Les Etats-Unis et la Chine ont imm\u00e9diatement compris l\u2019int\u00e9r\u00eat de cette mol\u00e9cule.<\/span><\/li>\n<\/ol>\n<ul style=\"text-align: justify;\">\n<li><span style=\"font-family: times new roman, times, serif; font-size: 14pt;\">Article de <strong>Slobodan Despot<\/strong> paru dans la rubrique <em>\u00abLa poire d\u2019angoisse\u00bb<\/em> de l\u2019<a href=\"http:\/\/www.antipresse.net\">Antipresse<\/a> n\u00b0 225 du 22\/03\/202<\/span><\/li>\n<\/ul>\n<p>&nbsp;<\/p>\n<p style=\"text-align: justify;\"><span style=\"font-family: times new roman, times, serif; font-size: 14pt;\">Source\u00a0: <a href=\"https:\/\/antipresse.net\/non-la-france-nest-pas-en-guerre\/\">https:\/\/antipresse.net\/non-la-france-nest-pas-en-guerre\/<\/a><\/span><\/p>\n<p style=\"text-align: left;\"><span style=\"font-family: times new roman, times, serif; font-size: 14pt;\"><strong>URL de cet article : <\/strong><a href=\"http:\/\/blog.lesgrossesorchadeslesamplesthalameges.fr\/index.php\/9335-2\/\">http:\/\/blog.lesgrossesorchadeslesamplesthalameges.fr\/index.php\/9335-2\/<\/a><strong><br \/>\n<\/strong><\/span><\/p>\n<p>&nbsp;<\/p>\n<p style=\"text-align: center;\"><a href=\"http:\/\/blog.lesgrossesorchadeslesamplesthalameges.fr\/wp-content\/uploads\/2020\/04\/MASQUE-GIF.gif\"><img loading=\"lazy\" class=\"alignnone wp-image-9299\" src=\"http:\/\/blog.lesgrossesorchadeslesamplesthalameges.fr\/wp-content\/uploads\/2020\/04\/MASQUE-GIF-300x188.gif\" alt=\"\" width=\"125\" height=\"78\" \/><\/a><\/p>\n<p>&nbsp;<\/p>\n<p style=\"text-align: right;\"><span style=\"font-family: comic sans ms, sans-serif; font-size: 14pt;\">Avril 2020<\/span><\/p>\n<p>&nbsp;<\/p>\n<p>&nbsp;<\/p>\n","protected":false},"excerpt":{"rendered":"<p>&nbsp; &nbsp; &nbsp; &nbsp; &nbsp; &nbsp; Non, la France n\u2019est pas en guerre ! &nbsp; Slobodan Despot \u2013 L\u2019ANTIPRESSE \u2013 22.3.2020 &nbsp; &nbsp; \u2026 Enfin, pas celle qu\u2019on lui promet. La France risque de se r\u00e9veiller demain en comprenant qu\u2019elle \u00e9tait elle-m\u00eame la cible de la guerre proclam\u00e9e par M. Macron. Mais il sera trop&#8230;<\/p>\n","protected":false},"author":1,"featured_media":0,"parent":0,"menu_order":0,"comment_status":"open","ping_status":"open","template":"","meta":[],"_links":{"self":[{"href":"https:\/\/blog.lesgrossesorchadeslesamplesthalameges.fr\/index.php\/wp-json\/wp\/v2\/pages\/9335"}],"collection":[{"href":"https:\/\/blog.lesgrossesorchadeslesamplesthalameges.fr\/index.php\/wp-json\/wp\/v2\/pages"}],"about":[{"href":"https:\/\/blog.lesgrossesorchadeslesamplesthalameges.fr\/index.php\/wp-json\/wp\/v2\/types\/page"}],"author":[{"embeddable":true,"href":"https:\/\/blog.lesgrossesorchadeslesamplesthalameges.fr\/index.php\/wp-json\/wp\/v2\/users\/1"}],"replies":[{"embeddable":true,"href":"https:\/\/blog.lesgrossesorchadeslesamplesthalameges.fr\/index.php\/wp-json\/wp\/v2\/comments?post=9335"}],"version-history":[{"count":0,"href":"https:\/\/blog.lesgrossesorchadeslesamplesthalameges.fr\/index.php\/wp-json\/wp\/v2\/pages\/9335\/revisions"}],"wp:attachment":[{"href":"https:\/\/blog.lesgrossesorchadeslesamplesthalameges.fr\/index.php\/wp-json\/wp\/v2\/media?parent=9335"}],"curies":[{"name":"wp","href":"https:\/\/api.w.org\/{rel}","templated":true}]}}