{"id":9347,"date":"2020-04-02T23:02:41","date_gmt":"2020-04-02T21:02:41","guid":{"rendered":"http:\/\/blog.lesgrossesorchadeslesamplesthalameges.fr\/?page_id=9347"},"modified":"2020-04-02T23:04:08","modified_gmt":"2020-04-02T21:04:08","slug":"manoeuvres-strategiques","status":"publish","type":"page","link":"https:\/\/blog.lesgrossesorchadeslesamplesthalameges.fr\/index.php\/manoeuvres-strategiques\/","title":{"rendered":"Manoeuvres strat\u00e9giques"},"content":{"rendered":"<p>&nbsp;<\/p>\n<p>&nbsp;<\/p>\n<p>&nbsp;<\/p>\n<p>&nbsp;<\/p>\n<p>&nbsp;<\/p>\n<p style=\"text-align: center;\"><span style=\"font-family: times new roman, times, serif; font-size: 14pt; color: #c00000;\"><strong><em>L\u2019Art de la guerre<\/em><\/strong><\/span><\/p>\n<p style=\"text-align: center;\"><span style=\"font-family: times new roman, times, serif; font-size: 14pt;\"><strong>\u00a0<\/strong><\/span><\/p>\n<p style=\"text-align: center;\"><span style=\"font-family: times new roman, times, serif; font-size: 36pt;\"><strong>Manoeuvres strat\u00e9giques derri\u00e8re la crise du Coronavirus<\/strong><\/span><\/p>\n<p>&nbsp;<\/p>\n<p style=\"text-align: center;\"><span style=\"font-family: times new roman, times, serif; font-size: 18pt;\"><strong>Manlio Dinucci \u2013 <\/strong><a href=\"https:\/\/ilmanifesto.it\/manovre-strategiche-dietro-la-crisi-del-coronavirus\/\"><strong><em>il manifesto<\/em><\/strong><\/a><strong> \u2013 31.3.2020<\/strong><\/span><\/p>\n<p style=\"text-align: center;\"><span style=\"font-family: times new roman, times, serif; font-size: 18pt;\">Traduction\u00a0:<strong> Marie-Ange Patrizio<\/strong><\/span><\/p>\n<p>&nbsp;<\/p>\n<p style=\"text-align: center;\"><span style=\"font-family: times new roman, times, serif; font-size: 14pt;\"><strong>\u00a0<\/strong><\/span><\/p>\n<p style=\"text-align: center;\"><a href=\"http:\/\/blog.lesgrossesorchadeslesamplesthalameges.fr\/wp-content\/uploads\/2020\/04\/Avance-sans-pr\u00e9c\u00e9dent-1.jpg\"><img loading=\"lazy\" class=\"alignnone wp-image-9348 size-full\" src=\"http:\/\/blog.lesgrossesorchadeslesamplesthalameges.fr\/wp-content\/uploads\/2020\/04\/Avance-sans-pr\u00e9c\u00e9dent-1.jpg\" alt=\"\" width=\"473\" height=\"256\" srcset=\"https:\/\/blog.lesgrossesorchadeslesamplesthalameges.fr\/wp-content\/uploads\/2020\/04\/Avance-sans-pr\u00e9c\u00e9dent-1.jpg 473w, https:\/\/blog.lesgrossesorchadeslesamplesthalameges.fr\/wp-content\/uploads\/2020\/04\/Avance-sans-pr\u00e9c\u00e9dent-1-300x162.jpg 300w\" sizes=\"(max-width: 473px) 100vw, 473px\" \/><\/a><\/p>\n<p style=\"text-align: center;\"><span style=\"font-family: times new roman, times, serif; font-size: 12pt;\"><strong><em>Avance sans pr\u00e9c\u00e9dent\u00a0: l\u2019OTAN augmente ses d\u00e9penses de 400 milliards jusqu\u2019en 2024<\/em><\/strong><\/span><\/p>\n<p style=\"text-align: center;\"><span style=\"font-family: times new roman, times, serif; font-size: 12pt;\"><strong><em>\u00a0<\/em><\/strong><\/span><\/p>\n<p style=\"text-align: justify;\"><span style=\"font-family: times new roman, times, serif; font-size: 14pt;\"><strong><em>\u00a0<\/em><\/strong><\/span><\/p>\n<p style=\"text-align: justify;\"><span style=\"font-family: tahoma, arial, helvetica, sans-serif; font-size: 14pt;\"><strong>Tandis que la crise du Coronavirus paralyse des soci\u00e9t\u00e9s enti\u00e8res, de puissantes forces sont \u00e0 l\u2019oeuvre pour tirer l\u2019avantage maximal de la situation. Le 27 mars, l\u2019OTAN sous commandement USA s\u2019est \u00e9largie de 29 \u00e0 30 membres, en englobant la Mac\u00e9doine du Nord. Le jour suivant \u2013 alors que se poursuivait l\u2019exercice USA \u00ab\u00a0D\u00e9fenseur de l\u2019Europe 2020\u00a0\u00bb, avec moins de soldats mais plus de bombardiers nucl\u00e9aires \u2013 a commenc\u00e9 en \u00c9cosse l\u2019exercice a\u00e9ronaval OTAN <em>Joint Warrior<\/em> avec des forces US, britanniques, allemandes et autres, qui durera jusqu\u2019au 10 avril y compris avec des op\u00e9rations terrestres.<\/strong><\/span><\/p>\n<p>&nbsp;<\/p>\n<p style=\"text-align: justify;\"><span style=\"font-family: times new roman, times, serif; font-size: 14pt;\">En attendant, les pays europ\u00e9ens de l\u2019OTAN sont avertis par Washington que, malgr\u00e9 les pertes \u00e9conomiques provoqu\u00e9es par le Coronavirus, ils doivent continuer \u00e0 augmenter leurs budgets militaires pour \u00ab\u00a0conserver la capacit\u00e9 de se d\u00e9fendre\u00a0\u00bb, \u00e9videmment de l\u2019\u00ab\u00a0agression russe\u00a0\u00bb.<\/span><\/p>\n<p style=\"text-align: justify;\"><span style=\"font-family: times new roman, times, serif; font-size: 14pt;\">\u00c0 la Conf\u00e9rence de Munich, le 15 f\u00e9vrier, le secr\u00e9taire d\u2019\u00e9tat Mike Pompeo a annonc\u00e9 que les \u00c9tats-Unis ont sollicit\u00e9 les alli\u00e9s \u00e0 d\u00e9bourser 400 milliards de dollars de plus pour augmenter la d\u00e9pense militaire de l\u2019OTAN, qui d\u00e9passe d\u00e9j\u00e0 amplement les 1.000 milliards annuels. L\u2019Italie doit ainsi augmenter sa propre d\u00e9fense militaire, qui se monte d\u00e9j\u00e0 \u00e0 plus de 26 milliards d\u2019euros annuels, c\u2019est-\u00e0-dire plus que le Parlement n\u2019a autoris\u00e9 \u00e0 d\u00e9bourser ponctuellement pour l\u2019urgence Coronavirus (25 milliards).<\/span><\/p>\n<p style=\"text-align: justify;\"><span style=\"font-family: times new roman, times, serif; font-size: 14pt;\">L\u2019OTAN gagne ainsi du terrain dans une Europe largement paralys\u00e9e par le virus, o\u00f9 les USA, aujourd\u2019hui plus que jamais, peuvent faire ce qu\u2019ils veulent. \u00c0 la Conf\u00e9rence de Munich, Mike Pompeo a violemment attaqu\u00e9 non seulement la Russie mais aussi la Chine, qu\u2019il a accus\u00e9e d\u2019utiliser Huawei et d\u2019autres compagnies comme \u00ab\u00a0cheval de Troie de l\u2019intelligence\u00a0\u00bb, c\u2019est-\u00e0-dire comme outils d\u2019espionnage. Ce faisant les \u00c9tats-Unis accroissent leur pression sur les pays europ\u00e9ens pour qu\u2019ils rompent aussi les accords \u00e9conomiques avec Russie et Chine et renforcent les sanctions contre la Russie.<\/span><\/p>\n<p style=\"text-align: justify;\"><span style=\"font-family: times new roman, times, serif; font-size: 14pt;\">Que devrait faire l\u2019Italie, si elle avait un gouvernement qui veuille d\u00e9fendre nos r\u00e9els int\u00e9r\u00eats nationaux ?\u00a0<\/span><\/p>\n<p style=\"text-align: justify;\"><span style=\"font-family: times new roman, times, serif; font-size: 14pt;\">Elle devrait avant tout refuser d\u2019augmenter notre d\u00e9pense militaire, artificiellement gonfl\u00e9e avec la <em>fake news<\/em> de l\u2019\u00ab\u00a0agression russe\u00a0\u00bb, et la soumettre \u00e0 une r\u00e9vision radicale, pour r\u00e9duire le gaspillage d\u2019argent public dans des syst\u00e8mes d\u2019arme comme le chasseur USA F-35. Elle devrait imm\u00e9diatement supprimer les sanctions contre la Russie, en d\u00e9veloppant au maximum les \u00e9changes avec elle. Elle devrait adh\u00e9rer \u00e0 la requ\u00eate \u2013 pr\u00e9sent\u00e9e le 26 mars \u00e0 l\u2019ONU par la Chine, la Russie, l\u2019Iran, la Syrie, le Venezuela, le Nicaragua, Cuba et la Cor\u00e9e du Nord \u2013 que les Nations Unies fassent pression sur Washington pour abolir toutes les sanctions, particuli\u00e8rement nocives au moment o\u00f9 les pays qui les subissent sont touch\u00e9s par le Coronavirus. De l\u2019abolition des sanctions contre l\u2019Iran d\u00e9riveraient aussi des avantages \u00e9conomiques pour l\u2019Italie, dont les \u00e9changes avec ce pays ont \u00e9t\u00e9 pratiquement bloqu\u00e9s par les sanctions USA. Ces mesures et d\u2019autres donneraient de l\u2019oxyg\u00e8ne surtout aux petites et moyennes entreprises \u00e9touff\u00e9es par la fermeture forc\u00e9e, rendraient disponibles des fonds \u00e0 destiner pour l\u2019urgence, en faveur surtout des couches les plus d\u00e9favoris\u00e9es, sans pour cela s\u2019endetter.<\/span><\/p>\n<p style=\"text-align: justify;\"><span style=\"font-family: times new roman, times, serif; font-size: 14pt;\">Le plus grand risque est celui de sortir de la crise en ayant au cou le noeud coulant d\u2019une dette ext\u00e9rieure qui pourrait r\u00e9duire l\u2019Italie aux conditions de la Gr\u00e8ce. Plus puissantes que les forces militaires, et qui ont aussi en main les leviers d\u00e9cisionnels du complexe militaro-industriel, sont les forces de la grande finance internationale, qui sont en train d\u2019utiliser le Coronavirus pour une offensive \u00e0 l&rsquo;\u00e9chelle mondiale avec les armes les plus sophistiqu\u00e9es de la sp\u00e9culation. Ce sont elles qui peuvent porter \u00e0 la ruine des millions de petits \u00e9pargnants, et qui peuvent utiliser la dette pour s\u2019approprier des secteurs \u00e9conomiques entiers.\u00a0<\/span><\/p>\n<p>&nbsp;<\/p>\n<p>&nbsp;<\/p>\n<p style=\"text-align: center;\"><a href=\"http:\/\/blog.lesgrossesorchadeslesamplesthalameges.fr\/wp-content\/uploads\/2020\/04\/Budget-op\u00e9rationnel.jpg\"><img loading=\"lazy\" class=\"alignnone wp-image-9349 size-full\" src=\"http:\/\/blog.lesgrossesorchadeslesamplesthalameges.fr\/wp-content\/uploads\/2020\/04\/Budget-op\u00e9rationnel.jpg\" alt=\"\" width=\"600\" height=\"337\" srcset=\"https:\/\/blog.lesgrossesorchadeslesamplesthalameges.fr\/wp-content\/uploads\/2020\/04\/Budget-op\u00e9rationnel.jpg 600w, https:\/\/blog.lesgrossesorchadeslesamplesthalameges.fr\/wp-content\/uploads\/2020\/04\/Budget-op\u00e9rationnel-300x169.jpg 300w\" sizes=\"(max-width: 600px) 100vw, 600px\" \/><\/a><\/p>\n<p>&nbsp;<\/p>\n<p>&nbsp;<\/p>\n<p style=\"text-align: justify;\"><span style=\"font-family: times new roman, times, serif; font-size: 14pt;\">Dans cette situation, d\u00e9cisif est l\u2019exercice de la souverainet\u00e9 nationale, pas celle de la rh\u00e9torique politique mais celle, r\u00e9elle, qui, garanti par notre Constitution, appartient au peuple.<\/span><\/p>\n<p>&nbsp;<\/p>\n<p style=\"text-align: justify;\"><span style=\"font-family: times new roman, times, serif; font-size: 14pt;\">\u00c9dition de mardi 31 mars 2020 de <em>il manifesto<\/em><\/span><\/p>\n<p style=\"text-align: justify;\"><span style=\"font-family: times new roman, times, serif; font-size: 14pt;\"><a href=\"https:\/\/ilmanifesto.it\/manovre-strategiche-dietro-la-crisi-del-coronavirus\/\">https:\/\/ilmanifesto.it\/manovre-strategiche-dietro-la-crisi-del-coronavirus\/<\/a>\u00a0<\/span><\/p>\n<p>&nbsp;<\/p>\n<p style=\"text-align: left;\">URL de cet article : <a href=\"http:\/\/blog.lesgrossesorchadeslesamplesthalameges.fr\/index.php\/manoeuvres-strategiques\/\">http:\/\/blog.lesgrossesorchadeslesamplesthalameges.fr\/index.php\/manoeuvres-strategiques\/<\/a><\/p>\n<p>&nbsp;<\/p>\n<p>&nbsp;<\/p>\n<p style=\"text-align: center;\"><a href=\"http:\/\/blog.lesgrossesorchadeslesamplesthalameges.fr\/wp-content\/uploads\/2020\/04\/MASQUE-GIF.gif\"><img loading=\"lazy\" class=\"alignnone wp-image-9299\" src=\"http:\/\/blog.lesgrossesorchadeslesamplesthalameges.fr\/wp-content\/uploads\/2020\/04\/MASQUE-GIF-300x188.gif\" alt=\"\" width=\"125\" height=\"78\" \/><\/a><\/p>\n<p>&nbsp;<\/p>\n<p>&nbsp;<\/p>\n<p style=\"text-align: right;\"><span style=\"font-family: comic sans ms, sans-serif; font-size: 14pt;\">Avril 2020<\/span><\/p>\n<p>&nbsp;<\/p>\n<p>&nbsp;<\/p>\n","protected":false},"excerpt":{"rendered":"<p>&nbsp; &nbsp; &nbsp; &nbsp; &nbsp; L\u2019Art de la guerre \u00a0 Manoeuvres strat\u00e9giques derri\u00e8re la crise du Coronavirus &nbsp; Manlio Dinucci \u2013 il manifesto \u2013 31.3.2020 Traduction\u00a0: Marie-Ange Patrizio &nbsp; \u00a0 Avance sans pr\u00e9c\u00e9dent\u00a0: l\u2019OTAN augmente ses d\u00e9penses de 400 milliards jusqu\u2019en 2024 \u00a0 \u00a0 Tandis que la crise du Coronavirus paralyse des soci\u00e9t\u00e9s enti\u00e8res, de&#8230;<\/p>\n","protected":false},"author":1,"featured_media":0,"parent":0,"menu_order":0,"comment_status":"open","ping_status":"open","template":"","meta":[],"_links":{"self":[{"href":"https:\/\/blog.lesgrossesorchadeslesamplesthalameges.fr\/index.php\/wp-json\/wp\/v2\/pages\/9347"}],"collection":[{"href":"https:\/\/blog.lesgrossesorchadeslesamplesthalameges.fr\/index.php\/wp-json\/wp\/v2\/pages"}],"about":[{"href":"https:\/\/blog.lesgrossesorchadeslesamplesthalameges.fr\/index.php\/wp-json\/wp\/v2\/types\/page"}],"author":[{"embeddable":true,"href":"https:\/\/blog.lesgrossesorchadeslesamplesthalameges.fr\/index.php\/wp-json\/wp\/v2\/users\/1"}],"replies":[{"embeddable":true,"href":"https:\/\/blog.lesgrossesorchadeslesamplesthalameges.fr\/index.php\/wp-json\/wp\/v2\/comments?post=9347"}],"version-history":[{"count":0,"href":"https:\/\/blog.lesgrossesorchadeslesamplesthalameges.fr\/index.php\/wp-json\/wp\/v2\/pages\/9347\/revisions"}],"wp:attachment":[{"href":"https:\/\/blog.lesgrossesorchadeslesamplesthalameges.fr\/index.php\/wp-json\/wp\/v2\/media?parent=9347"}],"curies":[{"name":"wp","href":"https:\/\/api.w.org\/{rel}","templated":true}]}}