{"id":9368,"date":"2020-04-02T23:27:09","date_gmt":"2020-04-02T21:27:09","guid":{"rendered":"http:\/\/blog.lesgrossesorchadeslesamplesthalameges.fr\/?page_id=9368"},"modified":"2020-04-02T23:28:20","modified_gmt":"2020-04-02T21:28:20","slug":"le-coronavirus-a-battu-lotan-lallemagne-se-retire-des-exercices-anti-russes-defender-europe-20","status":"publish","type":"page","link":"https:\/\/blog.lesgrossesorchadeslesamplesthalameges.fr\/index.php\/le-coronavirus-a-battu-lotan-lallemagne-se-retire-des-exercices-anti-russes-defender-europe-20\/","title":{"rendered":"Le coronavirus a battu l\u2019OTAN ! L\u2019Allemagne se retire des exercices anti-russes Defender Europe 20"},"content":{"rendered":"<p>&nbsp;<\/p>\n<p>&nbsp;<\/p>\n<p>&nbsp;<\/p>\n<p>&nbsp;<\/p>\n<p>&nbsp;<\/p>\n<p>&nbsp;<\/p>\n<p><span style=\"font-family: times new roman, times, serif; font-size: 18pt; color: #c00000;\"><strong><em>Ce n\u2019est pas un \u0153uf du jour, mais\u2026<\/em><\/strong><\/span><\/p>\n<p><span style=\"font-family: times new roman, times, serif; font-size: 14pt;\"><strong><em>\u00a0<\/em><\/strong><\/span><\/p>\n<p>&nbsp;<\/p>\n<p style=\"text-align: center;\"><span style=\"font-family: times new roman, times, serif; font-size: 36pt;\"><strong>Le coronavirus a battu l\u2019OTAN ! L\u2019Allemagne se retire des exercices anti-russes <em>Defender Europe 20<\/em><\/strong><\/span><\/p>\n<p style=\"text-align: center;\"><span style=\"font-family: times new roman, times, serif; font-size: 14pt;\"><strong><em>\u00a0<\/em><\/strong><\/span><\/p>\n<p style=\"text-align: center;\"><span style=\"font-family: times new roman, times, serif; font-size: 18pt;\"><strong><em>Al Manar \u2013 <\/em><\/strong><strong>17.3.2020<\/strong><\/span><\/p>\n<p style=\"text-align: center;\"><span style=\"font-family: times new roman, times, serif; font-size: 14pt;\"><strong>\u00a0<\/strong><\/span><\/p>\n<p>&nbsp;<\/p>\n<p style=\"text-align: center;\"><span style=\"font-family: times new roman, times, serif; font-size: 14pt;\"><strong>\u00a0<a href=\"http:\/\/blog.lesgrossesorchadeslesamplesthalameges.fr\/wp-content\/uploads\/2020\/04\/Allemagne-1.png\"><img loading=\"lazy\" class=\"alignnone wp-image-9370 size-full\" src=\"http:\/\/blog.lesgrossesorchadeslesamplesthalameges.fr\/wp-content\/uploads\/2020\/04\/Allemagne-1.png\" alt=\"\" width=\"600\" height=\"370\" srcset=\"https:\/\/blog.lesgrossesorchadeslesamplesthalameges.fr\/wp-content\/uploads\/2020\/04\/Allemagne-1.png 600w, https:\/\/blog.lesgrossesorchadeslesamplesthalameges.fr\/wp-content\/uploads\/2020\/04\/Allemagne-1-300x185.png 300w\" sizes=\"(max-width: 600px) 100vw, 600px\" \/><\/a><\/strong><\/span><\/p>\n<p>&nbsp;<\/p>\n<p>&nbsp;<\/p>\n<p style=\"text-align: justify;\"><span style=\"font-family: tahoma, arial, helvetica, sans-serif; font-size: 14pt;\"><strong>Le 13 mars 2020, le Commandement de la Bundeswehr Allemande a annonc\u00e9 sa d\u00e9cision de se retirer des exercices anti-russes de l\u2019OTAN <em>Defender Europe 20<\/em>. \u00ab\u00a0En raison de la propagation de l\u2019\u00e9pid\u00e9mie de coronavirus\u00a0\u00bb, les troupes allemandes ne participeront pas aux man\u0153uvres.<\/strong><\/span><\/p>\n<p>&nbsp;<\/p>\n<p style=\"text-align: justify;\"><span style=\"font-family: times new roman, times, serif; font-size: 14pt;\">Les exercices de <em>Defender Europe 20<\/em> ont commenc\u00e9 en f\u00e9vrier et devaient se poursuivre jusqu\u2019en juin. Ils constituent le plus grand entra\u00eenement de transfert de troupes am\u00e9ricaines des \u00c9tats-Unis vers l\u2019Europe de ces 25 derni\u00e8res ann\u00e9es.<\/span><\/p>\n<p style=\"text-align: justify;\"><span style=\"font-family: times new roman, times, serif; font-size: 14pt;\">Les principaux lieux d\u2019entra\u00eenement se trouvent en Pologne et en Allemagne. Le mat\u00e9riel destin\u00e9 aux brigades blind\u00e9es am\u00e9ricaines participant aux exercices est d\u00e9charg\u00e9 dans les ports de Belgique, de Hollande et d\u2019Allemagne ou stock\u00e9 dans des entrep\u00f4ts en Belgique et en Allemagne. Cet \u00e9quipement et ces armes sont transport\u00e9s, par convois, \u00e0 travers l\u2019Allemagne, vers les sites d\u2019entra\u00eenement d\u2019Allemagne et de Pologne. La logistique de ces transports \u00e9tait assur\u00e9e par 1.500 soldats allemands. Il \u00e9tait pr\u00e9vu jusqu\u2019\u00e0 100 transports ferroviaires par trains jusqu\u2019au site d\u2019entra\u00eenement et jusqu\u2019\u00e0 50 jours de transport en convois par route. Cette t\u00e2che n\u2019a \u00e9t\u00e9 que partiellement accomplie jusqu\u2019\u00e0 pr\u00e9sent.<\/span><\/p>\n<p>&nbsp;<\/p>\n<p>&nbsp;<\/p>\n<p style=\"text-align: center;\"><a href=\"http:\/\/blog.lesgrossesorchadeslesamplesthalameges.fr\/wp-content\/uploads\/2020\/04\/Flores.jpg\"><img loading=\"lazy\" class=\"alignnone wp-image-9371 size-full\" src=\"http:\/\/blog.lesgrossesorchadeslesamplesthalameges.fr\/wp-content\/uploads\/2020\/04\/Flores.jpg\" alt=\"\" width=\"600\" height=\"387\" srcset=\"https:\/\/blog.lesgrossesorchadeslesamplesthalameges.fr\/wp-content\/uploads\/2020\/04\/Flores.jpg 600w, https:\/\/blog.lesgrossesorchadeslesamplesthalameges.fr\/wp-content\/uploads\/2020\/04\/Flores-300x194.jpg 300w\" sizes=\"(max-width: 600px) 100vw, 600px\" \/><\/a><\/p>\n<p>&nbsp;<\/p>\n<p>&nbsp;<\/p>\n<p style=\"text-align: justify;\"><span style=\"font-family: times new roman, times, serif; font-size: 14pt;\">Le d\u00e9part de la Bundeswehr des exercices de <em>Defender Europe 20<\/em> signifie un arr\u00eat de toute la cha\u00eene d\u2019approvisionnement en \u00e9quipements et en armes militaires pour les exercices. Selon l\u2019agence de presse AFP, la poursuite du transfert de soldats am\u00e9ricains vers les exercices depuis les \u00c9tats-Unis via les a\u00e9roports allemands a \u00e9t\u00e9 arr\u00eat\u00e9e. Cela signifie \u00e9videmment la r\u00e9duction effective des entra\u00eenements.<\/span><\/p>\n<p style=\"text-align: justify;\"><span style=\"font-family: times new roman, times, serif; font-size: 14pt;\">Depuis le 20 f\u00e9vrier, les Allemands ont r\u00e9ussi \u00e0 livrer partiellement des chars, des v\u00e9hicules de combat d\u2019infanterie et d\u2019autres \u00e9quipements \u00e0 une brigade blind\u00e9e am\u00e9ricaine sur le site d\u2019entra\u00eenement de Dravsko Pomorsko\u00a0 en Pologne. Le personnel militaire de la 2e brigade blind\u00e9e de la 3e division d\u2019infanterie en provenance des \u00c9tats-Unis est arriv\u00e9 sur le terrain d\u2019entra\u00eenement polonais en passant par les a\u00e9roports allemands.<\/span><\/p>\n<p style=\"text-align: justify;\"><span style=\"font-family: times new roman, times, serif; font-size: 14pt;\">Mais, le 12 mars, le D\u00e9partement de la D\u00e9fense am\u00e9ricain a annonc\u00e9 une r\u00e9duction du programme d\u2019entra\u00eenement. Le Pentagone devrait maintenant confirmer officiellement l\u2019arr\u00eat des man\u0153uvres de <em>Defender Europe 20.<\/em> Apr\u00e8s tout, la d\u00e9cision du Commandement de la Bundeswehr bloque la logistique-cl\u00e9 des exercices. Nous sont d\u00e9j\u00e0 parvenus des rapports sur la suspension du d\u00e9chargement des navires de transport d\u2019 \u00e9quipements militaires dans les ports de Belgique et des Pays-Bas. Le 13 mars, deux navires de transport, le <em>Resolve<\/em> et le <em>Benavidez<\/em>, sont rest\u00e9s en mer devant le port de Flessingue, mais n\u2019ont pas fait escale pour le d\u00e9chargement.<\/span><\/p>\n<p style=\"text-align: justify;\"><span style=\"font-family: times new roman, times, serif; font-size: 14pt;\">Rappelons \u00e9galement que, de leur c\u00f4t\u00e9, les autorit\u00e9s norv\u00e9giennes ont d\u00e9cid\u00e9 d\u2019annuler le reste des exercices <em>Cold Response 20<\/em> de l\u2019OTAN. Comme l\u2019a rapport\u00e9 la veille du 11 mars le Commandement am\u00e9ricain en Europe (EUCOM), cette d\u00e9cision est due aux mesures de pr\u00e9caution prises en rapport avec l\u2019apparition du coronavirus COVID-19.<\/span><\/p>\n<p><span style=\"font-family: times new roman, times, serif; font-size: 14pt;\">Par <strong>Joaquin Flores\u00a0 pour <em>FortRuss<\/em><\/strong><\/span><\/p>\n<p><span style=\"font-family: times new roman, times, serif; font-size: 14pt;\">Source\u00a0: <a href=\"http:\/\/french.almanar.com.lb\/1682045\">http:\/\/french.almanar.com.lb\/1682045<\/a><\/span><\/p>\n<p>&nbsp;<\/p>\n<p style=\"text-align: left;\"><span style=\"font-family: times new roman, times, serif; font-size: 14pt;\"><strong>URL de cet article : <\/strong><a href=\"http:\/\/blog.lesgrossesorchadeslesamplesthalameges.fr\/index.php\/le-coronavirus-a-battu-lotan-lallemagne-se-retire-des-exercices-anti-russes-defender-europe-20\/\">http:\/\/blog.lesgrossesorchadeslesamplesthalameges.fr\/index.php\/le-coronavirus-a-battu-lotan-lallemagne-se-retire-des-exercices-anti-russes-defender-europe-20\/<\/a><br \/>\n<\/span><\/p>\n<p>&nbsp;<\/p>\n<p style=\"text-align: center;\"><strong><em>\u00a0<a href=\"http:\/\/blog.lesgrossesorchadeslesamplesthalameges.fr\/wp-content\/uploads\/2020\/04\/MASQUE-GIF.gif\"><img loading=\"lazy\" class=\"alignnone wp-image-9299\" src=\"http:\/\/blog.lesgrossesorchadeslesamplesthalameges.fr\/wp-content\/uploads\/2020\/04\/MASQUE-GIF-300x188.gif\" alt=\"\" width=\"200\" height=\"125\" \/><\/a><\/em><\/strong><\/p>\n<p>&nbsp;<\/p>\n<p>&nbsp;<\/p>\n<p style=\"text-align: right;\"><span style=\"font-family: comic sans ms, sans-serif;\">Avril \u00a02020<\/span><\/p>\n<p>&nbsp;<\/p>\n<p>&nbsp;<\/p>\n","protected":false},"excerpt":{"rendered":"<p>&nbsp; &nbsp; &nbsp; &nbsp; &nbsp; &nbsp; Ce n\u2019est pas un \u0153uf du jour, mais\u2026 \u00a0 &nbsp; Le coronavirus a battu l\u2019OTAN ! L\u2019Allemagne se retire des exercices anti-russes Defender Europe 20 \u00a0 Al Manar \u2013 17.3.2020 \u00a0 &nbsp; \u00a0 &nbsp; &nbsp; Le 13 mars 2020, le Commandement de la Bundeswehr Allemande a annonc\u00e9 sa d\u00e9cision&#8230;<\/p>\n","protected":false},"author":1,"featured_media":0,"parent":0,"menu_order":0,"comment_status":"open","ping_status":"open","template":"","meta":[],"_links":{"self":[{"href":"https:\/\/blog.lesgrossesorchadeslesamplesthalameges.fr\/index.php\/wp-json\/wp\/v2\/pages\/9368"}],"collection":[{"href":"https:\/\/blog.lesgrossesorchadeslesamplesthalameges.fr\/index.php\/wp-json\/wp\/v2\/pages"}],"about":[{"href":"https:\/\/blog.lesgrossesorchadeslesamplesthalameges.fr\/index.php\/wp-json\/wp\/v2\/types\/page"}],"author":[{"embeddable":true,"href":"https:\/\/blog.lesgrossesorchadeslesamplesthalameges.fr\/index.php\/wp-json\/wp\/v2\/users\/1"}],"replies":[{"embeddable":true,"href":"https:\/\/blog.lesgrossesorchadeslesamplesthalameges.fr\/index.php\/wp-json\/wp\/v2\/comments?post=9368"}],"version-history":[{"count":0,"href":"https:\/\/blog.lesgrossesorchadeslesamplesthalameges.fr\/index.php\/wp-json\/wp\/v2\/pages\/9368\/revisions"}],"wp:attachment":[{"href":"https:\/\/blog.lesgrossesorchadeslesamplesthalameges.fr\/index.php\/wp-json\/wp\/v2\/media?parent=9368"}],"curies":[{"name":"wp","href":"https:\/\/api.w.org\/{rel}","templated":true}]}}