{"id":9379,"date":"2020-04-02T23:39:49","date_gmt":"2020-04-02T21:39:49","guid":{"rendered":"http:\/\/blog.lesgrossesorchadeslesamplesthalameges.fr\/?page_id=9379"},"modified":"2020-04-02T23:40:40","modified_gmt":"2020-04-02T21:40:40","slug":"larmee-bresilienne-prete-a-destituer-bolsonaro-et-a-le-remplacer-par-mourao-en-invoquant-le-coronavirus","status":"publish","type":"page","link":"https:\/\/blog.lesgrossesorchadeslesamplesthalameges.fr\/index.php\/larmee-bresilienne-prete-a-destituer-bolsonaro-et-a-le-remplacer-par-mourao-en-invoquant-le-coronavirus\/","title":{"rendered":"L\u2019arm\u00e9e br\u00e9silienne pr\u00eate \u00e0 destituer Bolsonaro et \u00e0 le remplacer par Mourao en invoquant le coronavirus"},"content":{"rendered":"<p>&nbsp;<\/p>\n<p>&nbsp;<\/p>\n<p>&nbsp;<\/p>\n<p>&nbsp;<\/p>\n<p>&nbsp;<\/p>\n<p>&nbsp;<\/p>\n<p style=\"text-align: center;\"><strong><span style=\"font-family: times new roman, times, serif; font-size: 36pt;\">IMPORTANT : L&rsquo;arm\u00e9e br\u00e9silienne pr\u00eate \u00e0 destituer Bolsonaro et \u00e0 le remplacer par Mourao en invoquant le coronavirus<\/span><\/strong><\/p>\n<p>&nbsp;<\/p>\n<p style=\"text-align: center;\"><strong><span style=\"font-family: times new roman, times, serif; font-size: 18pt;\">Joaquin Flores \u2013 <em>FortRuss<\/em> \u2013 30.3.2020<\/span><\/strong><\/p>\n<p style=\"text-align: justify;\"><strong><span style=\"font-family: times new roman, times, serif; font-size: 14pt;\"><em>\u00a0<\/em><\/span><\/strong><\/p>\n<p>&nbsp;<\/p>\n<p style=\"text-align: center;\"><a href=\"http:\/\/blog.lesgrossesorchadeslesamplesthalameges.fr\/wp-content\/uploads\/2020\/04\/CONTRE-BOLDONARO-1.jpg\"><img loading=\"lazy\" class=\"alignnone wp-image-9382 \" src=\"http:\/\/blog.lesgrossesorchadeslesamplesthalameges.fr\/wp-content\/uploads\/2020\/04\/CONTRE-BOLDONARO-1.jpg\" alt=\"\" width=\"600\" height=\"336\" srcset=\"https:\/\/blog.lesgrossesorchadeslesamplesthalameges.fr\/wp-content\/uploads\/2020\/04\/CONTRE-BOLDONARO-1.jpg 600w, https:\/\/blog.lesgrossesorchadeslesamplesthalameges.fr\/wp-content\/uploads\/2020\/04\/CONTRE-BOLDONARO-1-300x168.jpg 300w\" sizes=\"(max-width: 600px) 100vw, 600px\" \/><\/a><\/p>\n<p>&nbsp;<\/p>\n<p style=\"text-align: justify;\"><span style=\"font-family: times new roman, times, serif; font-size: 14pt;\"><strong><em>\u00a0<\/em><\/strong><\/span><\/p>\n<p style=\"text-align: justify;\"><span style=\"font-family: times new roman, times, serif; font-size: 14pt;\"><span style=\"font-family: tahoma, arial, helvetica, sans-serif;\"><strong><em>N.B. Au cours d\u2019 <\/em><\/strong><a href=\"https:\/\/trustmyscience.com\/pandemie-fictive-coronavirus-simulee-octobre-2019-a-tue-65-millions-personnes\/\"><strong><em>Event 201<\/em><\/strong><\/a><\/span><strong><em><span style=\"font-family: tahoma, arial, helvetica, sans-serif;\">, selon ce qui a \u00e9t\u00e9 rendu public et qu\u2019on peut encore voir sur Youtube, les effets d\u2019une pand\u00e9mie de coronavirus cr\u00e9ant un \u00ab\u00a0Printemps arabe\u00a0\u00bb (sic), ont \u00e9t\u00e9 ouvertement discuts. \u2013 J. Flores<\/span> <\/em><\/strong><\/span><\/p>\n<p>&nbsp;<\/p>\n<p style=\"text-align: justify;\"><span style=\"font-family: times new roman, times, serif; font-size: 14pt;\">BRASILIA [<em>TeleSur<\/em>] \u2013 Les Forces Arm\u00e9es ont tenu des r\u00e9unions pour analyser divers sc\u00e9narios, en cas de destitution ou de d\u00e9mission du Pr\u00e9sident, affaibli par sa mani\u00e8re de traiter la crise du coronavirus.<\/span><\/p>\n<p style=\"text-align: justify;\"><span style=\"font-family: times new roman, times, serif; font-size: 14pt;\">Le Pr\u00e9sident br\u00e9silien Jair Bolonaro a subi, les jours derniers, une s\u00e9v\u00e8re usure politique, en raison de sa mani\u00e8re tr\u00e8s discut\u00e9e de traiter la pand\u00e9mie de coronavirus de 2019, qui a amen\u00e9 l\u2019arm\u00e9e \u00e0 d\u00e9clarer qu\u2019elle \u00e9tait pr\u00eate \u00e0 soutenir le Vice-Pr\u00e9sident Hamilton Mourao dans le cas d\u2019une \u00e9ventuelle proc\u00e9dure de remplacement.<\/span><\/p>\n<p style=\"text-align: justify;\"><span style=\"font-family: times new roman, times, serif; font-size: 14pt;\">\u00ab\u00a0La direction des Forces Arm\u00e9es a d\u00e9clench\u00e9 un signal d\u2019avertissement les jours derniers, face aux r\u00e9actions du Pr\u00e9sident Jair Bolonaro \u00e0 la nouvelle crise du coronavirus\u00a0\u00bb \u00e9crit le journaliste Afonso Benites, dans un article publi\u00e9 par l\u2019\u00e9dition br\u00e9silienne du journal <em>El Pa\u00eds.<\/em><\/span><\/p>\n<p style=\"text-align: justify;\"><span style=\"font-family: times new roman, times, serif; font-size: 14pt;\">Il r\u00e9v\u00e8le que les Forces Ar\u00e9es ont tenu des r\u00e9unions \u00e0 Brasilia, capitale du g\u00e9ant sud-am\u00e9ricain, pour analyser les sc\u00e9narios envisageables, dans le cas d\u2019une destitution ou d\u2019une d\u00e9mission du Pr\u00e9sident, affaibli par la mani\u00e8re dont il traite la crise du coronavirus.<\/span><\/p>\n<p style=\"text-align: justify;\"><span style=\"font-family: times new roman, times, serif; font-size: 14pt;\">Les chiffres officiels les plus r\u00e9cents indiquent que le Br\u00e9sil compte 3.477 cas d\u2019infection au Covid-19, maladie caus\u00e9e par la nouvelle souche de coronavirus d\u00e9couverte \u00e0 la fin de 2019, dont 93 sont morts, ce qui fait de ce pays latino-am\u00e9ricain celui qui enregistre le plus grand nombre de cas.<\/span><\/p>\n<p style=\"text-align: justify;\"><span style=\"font-family: times new roman, times, serif; font-size: 14pt;\">Boilonaro a refus\u00e9 de d\u00e9cr\u00e9ter un isolement social national, et, dans ce sens, a critiqu\u00e9 l\u2019adoption de ces mesures aux niveaux de l\u2019\u00e9tat et des municipalit\u00e9s. Il pr\u00e9tend que, bien qu\u2019il soit n\u00e9cessaire de prendre soin de la sant\u00e9 de la population, les tr\u00e8s fortes cons\u00e9quences \u00e9conomiques susceptibles de r\u00e9sulter de la pand\u00e9mie doivent, elles aussi, \u00eatre \u00e9vit\u00e9es.<\/span><\/p>\n<p style=\"text-align: justify;\"><span style=\"font-family: times new roman, times, serif; font-size: 14pt;\">Citant un rapport, Benites r\u00e9v\u00e8le que des repr\u00e9sentants de l\u2019Arm\u00e9e de l\u2019Air, de l\u2019Arm\u00e9e de Terre et de la Marine ont fait savoir \u00e0 Mourao qu\u2019il pouvait compter sur leur soutien, au cas o\u00f9 l\u2019occupant du Palacio del Planalto (quartier-g\u00e9n\u00e9ral du pouvoir ex\u00e9cutif) quitterait son poste par proc\u00e8s politique ou par d\u00e9mission.<\/span><\/p>\n<p style=\"text-align: justify;\"><span style=\"font-family: times new roman, times, serif; font-size: 14pt;\">\u201cDes repr\u00e9sentants de l\u2019Arm\u00e9e ont, en cons\u00e9quence, tenu des r\u00e9unions avec des alli\u00e9s de Bolsonaro et des membres civils de son entourage imm\u00e9diat. Cette semaine, deux r\u00e9unions au moins se sont tenues. On y a discut\u00e9 d\u2019hypoth\u00e9tiques sc\u00e9narios, \u00e0 moyen et \u00e0 long terme\u00a0\u00bb a ajout\u00e9 Benites.<\/span><\/p>\n<p style=\"text-align: justify;\"><span style=\"font-family: times new roman, times, serif; font-size: 14pt;\">Cependant, la possibilit\u00e9 d\u2019un proc\u00e8s politique, qui devrait \u00eatre discut\u00e9 et vot\u00e9 par le Congr\u00e8s, semble peu probable dans l\u2019imm\u00e9diat d\u2019apr\u00e8s les sources l\u00e9gislatives du journaliste, et Bolsonaro a dit \u00e0 plusieurs reprises qu\u2019il n\u2019a pas l\u2019intention de d\u00e9missionner.<\/span><\/p>\n<p>&nbsp;<\/p>\n<p style=\"text-align: left;\"><span style=\"font-family: times new roman, times, serif; font-size: 14pt;\">Source\u00a0: <a href=\"https:\/\/www.fort-russ.com\/2020\/03\/major-brazilian-military-ready-to-oust-bolsonaro-and-place-mourao-in-power-citing-coronavirus\/\">https:\/\/www.fort-russ.com\/2020\/03\/major-brazilian-military-ready-to-oust-bolsonaro-and-place-mourao-in-power-citing-coronavirus\/<\/a><\/span><\/p>\n<p style=\"text-align: right;\"><span style=\"font-family: times new roman, times, serif; font-size: 14pt;\">Traduction\u00a0: c.l. pour Les Grosses Orchades<\/span><\/p>\n<p>&nbsp;<\/p>\n<p style=\"text-align: left;\"><span style=\"font-family: times new roman, times, serif; font-size: 14pt;\"><strong>URL de cet article : <\/strong><a href=\"http:\/\/blog.lesgrossesorchadeslesamplesthalameges.fr\/index.php\/larmee-bresilienne-prete-a-destituer-bolsonaro-et-a-le-remplacer-par-mourao-en-invoquant-le-coronavirus\/\">http:\/\/blog.lesgrossesorchadeslesamplesthalameges.fr\/index.php\/larmee-bresilienne-prete-a-destituer-bolsonaro-et-a-le-remplacer-par-mourao-en-invoquant-le-coronavirus\/<\/a><strong><br \/>\n<\/strong><\/span><\/p>\n<p style=\"text-align: justify;\"><span style=\"font-family: times new roman, times, serif; font-size: 14pt;\"><strong>\u00a0<\/strong><\/span><\/p>\n<p style=\"text-align: center;\"><strong>\u00a0\u00a0 <a href=\"http:\/\/blog.lesgrossesorchadeslesamplesthalameges.fr\/wp-content\/uploads\/2020\/04\/MASQUE-GIF.gif\"><img loading=\"lazy\" class=\"alignnone wp-image-9299\" src=\"http:\/\/blog.lesgrossesorchadeslesamplesthalameges.fr\/wp-content\/uploads\/2020\/04\/MASQUE-GIF-300x188.gif\" alt=\"\" width=\"200\" height=\"125\" \/><\/a><\/strong><\/p>\n<p><strong>\u00a0<\/strong><\/p>\n<p><strong>\u00a0<\/strong><\/p>\n<p style=\"text-align: right;\"><span style=\"font-family: comic sans ms, sans-serif; font-size: 14pt;\">Avril 2020<\/span><\/p>\n<p>&nbsp;<\/p>\n<p>&nbsp;<\/p>\n<p>&nbsp;<\/p>\n","protected":false},"excerpt":{"rendered":"<p>&nbsp; &nbsp; &nbsp; &nbsp; &nbsp; &nbsp; IMPORTANT : L&rsquo;arm\u00e9e br\u00e9silienne pr\u00eate \u00e0 destituer Bolsonaro et \u00e0 le remplacer par Mourao en invoquant le coronavirus &nbsp; Joaquin Flores \u2013 FortRuss \u2013 30.3.2020 \u00a0 &nbsp; &nbsp; \u00a0 N.B. Au cours d\u2019 Event 201, selon ce qui a \u00e9t\u00e9 rendu public et qu\u2019on peut encore voir sur Youtube,&#8230;<\/p>\n","protected":false},"author":1,"featured_media":0,"parent":0,"menu_order":0,"comment_status":"open","ping_status":"open","template":"","meta":[],"_links":{"self":[{"href":"https:\/\/blog.lesgrossesorchadeslesamplesthalameges.fr\/index.php\/wp-json\/wp\/v2\/pages\/9379"}],"collection":[{"href":"https:\/\/blog.lesgrossesorchadeslesamplesthalameges.fr\/index.php\/wp-json\/wp\/v2\/pages"}],"about":[{"href":"https:\/\/blog.lesgrossesorchadeslesamplesthalameges.fr\/index.php\/wp-json\/wp\/v2\/types\/page"}],"author":[{"embeddable":true,"href":"https:\/\/blog.lesgrossesorchadeslesamplesthalameges.fr\/index.php\/wp-json\/wp\/v2\/users\/1"}],"replies":[{"embeddable":true,"href":"https:\/\/blog.lesgrossesorchadeslesamplesthalameges.fr\/index.php\/wp-json\/wp\/v2\/comments?post=9379"}],"version-history":[{"count":0,"href":"https:\/\/blog.lesgrossesorchadeslesamplesthalameges.fr\/index.php\/wp-json\/wp\/v2\/pages\/9379\/revisions"}],"wp:attachment":[{"href":"https:\/\/blog.lesgrossesorchadeslesamplesthalameges.fr\/index.php\/wp-json\/wp\/v2\/media?parent=9379"}],"curies":[{"name":"wp","href":"https:\/\/api.w.org\/{rel}","templated":true}]}}