{"id":9407,"date":"2020-04-03T00:32:00","date_gmt":"2020-04-02T22:32:00","guid":{"rendered":"http:\/\/blog.lesgrossesorchadeslesamplesthalameges.fr\/?page_id=9407"},"modified":"2020-04-03T00:32:56","modified_gmt":"2020-04-02T22:32:56","slug":"a-part-ca","status":"publish","type":"page","link":"https:\/\/blog.lesgrossesorchadeslesamplesthalameges.fr\/index.php\/a-part-ca\/","title":{"rendered":"\u00c0 part \u00e7a ?"},"content":{"rendered":"<p>&nbsp;<\/p>\n<p>&nbsp;<\/p>\n<p>&nbsp;<\/p>\n<p>&nbsp;<\/p>\n<p>&nbsp;<\/p>\n<p style=\"text-align: justify;\"><span style=\"font-family: times new roman, times, serif; font-size: 24pt; color: #c00000;\"><strong><em>\u00c0 part \u00e7a\u00a0?<\/em><\/strong><\/span><\/p>\n<p>&nbsp;<\/p>\n<p>&nbsp;<\/p>\n<p style=\"text-align: center;\"><span style=\"font-family: times new roman, times, serif; font-size: 14pt;\"><strong><em>\u00a0<a href=\"http:\/\/blog.lesgrossesorchadeslesamplesthalameges.fr\/wp-content\/uploads\/2020\/04\/Meme-humour-covid19-confinement-png-4c386-67a91-1.jpg\"><img loading=\"lazy\" class=\"alignnone wp-image-9411\" src=\"http:\/\/blog.lesgrossesorchadeslesamplesthalameges.fr\/wp-content\/uploads\/2020\/04\/Meme-humour-covid19-confinement-png-4c386-67a91-1.jpg\" alt=\"\" width=\"400\" height=\"284\" srcset=\"https:\/\/blog.lesgrossesorchadeslesamplesthalameges.fr\/wp-content\/uploads\/2020\/04\/Meme-humour-covid19-confinement-png-4c386-67a91-1.jpg 500w, https:\/\/blog.lesgrossesorchadeslesamplesthalameges.fr\/wp-content\/uploads\/2020\/04\/Meme-humour-covid19-confinement-png-4c386-67a91-1-300x213.jpg 300w\" sizes=\"(max-width: 400px) 100vw, 400px\" \/><\/a><\/em><\/strong><\/span><\/p>\n<p style=\"text-align: justify;\"><span style=\"font-family: times new roman, times, serif; font-size: 14pt;\"><strong><em>\u00a0<\/em><\/strong><\/span><\/p>\n<p>&nbsp;<\/p>\n<p style=\"text-align: center;\"><span style=\"font-family: times new roman, times, serif; font-size: 24pt; color: #808080;\"><strong><em>(Am\u00e8res \u00e9lucubrations de Th\u00e9roigne, qui ne s\u2019en tiendra pas l\u00e0, car elle en a gros sur la patate du confinement \u00e0 la belge)<\/em><\/strong><\/span><\/p>\n<p style=\"text-align: justify;\"><span style=\"font-family: times new roman, times, serif; font-size: 14pt;\"><strong><em>\u00a0<\/em><\/strong><\/span><\/p>\n<p>&nbsp;<\/p>\n<p style=\"text-align: justify;\"><span style=\"font-family: comic sans ms, sans-serif; font-size: 14pt;\">On se re-croirait pendant la guerre. Pas \u00e0 cause du bruit des V2 et des forteresses volantes, mais \u00e0 revoir des comportements qu\u2019on avait \u2013 Simplicissimus que nous sommes \u2013 crus disparus \u00e0 jamais.<\/span><\/p>\n<p style=\"text-align: justify;\"><span style=\"font-family: comic sans ms, sans-serif; font-size: 14pt;\">Les gens ont commenc\u00e9 \u00e0 regarder avec haine ceux qui menacent, en passant trop pr\u00e8s, de corrompre leur espace vital, surtout les vieux, suppos\u00e9s plus infect\u00e9s que les autres puisque unanimement promis \u2013 avec quel soulagement\u00a0! \u2013 \u00e0 l\u2019abattoir in\u00e9vitable, les vieux qui n\u2019ont m\u00eame pas la d\u00e9cence de se d\u00e9placer en agitant leur cr\u00e9celle pour qu\u2019on ait au moins le temps de se garer. On commence \u00e0 respirer l\u2019odeur particuli\u00e8re des d\u00e9nonciations vertueuses et a sentir palpiter l\u2019irr\u00e9sistible s\u00e9duction de l\u2019ob\u00e9issance. \u00ab\u00a0Comme les hommes qui se font fouetter dans les bordels\u00a0?\u00a0\u00bb Oui, mais en masse.<\/span><\/p>\n<p style=\"text-align: justify;\"><span style=\"font-family: comic sans ms, sans-serif; font-size: 14pt;\">En gros, la situation est la suivante\u00a0: il y a une maladie qu\u2019on risque d\u2019attraper par contagion et dont certains malheureux mourront. Est-ce nouveau\u00a0? Non, bien s\u00fbr. Il y en a toujours eu, avec des p\u00e9riodes de plus ou moins grand danger selon les circonstances. Les pr\u00e9cautions \u00e0 prendre sont connues. En cas de machin contagieux, mieux vaut \u00e9viter la promiscuit\u00e9. Et, depuis que les m\u00e9decins se lavent les mains avant de tripoter les femmes en travail, il y a beaucoup moins de morts d\u2019accouch\u00e9es et de nouveau-n\u00e9s.<\/span><\/p>\n<p style=\"text-align: justify;\"><span style=\"font-family: comic sans ms, sans-serif; font-size: 14pt;\">Cette fois, les \u00ab\u00a0circonstances\u00a0\u00bb, c\u2019est peut-\u00eatre que la maladie a \u00e9t\u00e9 fabriqu\u00e9e, et utilis\u00e9e comme un chargeur de Kalachnikov. La question \u00e0 1.000 \u20ac, c\u2019est\u00a0: qui l\u2019a fait et dans quel but\u00a0? C\u2019est l\u00e0 que les hypoth\u00e8ses foisonnent.<\/span><\/p>\n<p style=\"text-align: justify;\"><span style=\"font-family: comic sans ms, sans-serif; font-size: 14pt;\">Nous nous trouvons dans un syst\u00e8me que nous avons criminellement laiss\u00e9 se d\u00e9velopper sans le combattre, dont nous faisons maintenant partie, qui se retrouve le dos au mur, accul\u00e9 par le poids de ses m\u00e9faits, ayant tout \u00e0 perdre et encore les dents fort longues. Il est devenu tout \u00e0 fait secondaire de savoir qui l\u2019incarne. Les deux seules questions qui se posent sont d\u00e9sormais\u00a0: 1\/ comment lui \u00e9chapper\u00a0; 2\/comment le mettre hors d\u2019\u00e9tat de nuire. H\u00e9las, on ne voit que la route qui poudroie et de moins en moins l\u2019herbe qui verdoie. Aucune initiative de g\u00e9nie n\u2019a encore point\u00e9 le nez.<\/span><\/p>\n<p>&nbsp;<\/p>\n<p>&nbsp;<\/p>\n<p style=\"text-align: center;\"><a href=\"http:\/\/blog.lesgrossesorchadeslesamplesthalameges.fr\/wp-content\/uploads\/2020\/04\/Litteratures-vagabondes-1.jpg\"><img loading=\"lazy\" class=\"alignnone wp-image-9412 size-full\" src=\"http:\/\/blog.lesgrossesorchadeslesamplesthalameges.fr\/wp-content\/uploads\/2020\/04\/Litteratures-vagabondes-1.jpg\" alt=\"\" width=\"750\" height=\"180\" srcset=\"https:\/\/blog.lesgrossesorchadeslesamplesthalameges.fr\/wp-content\/uploads\/2020\/04\/Litteratures-vagabondes-1.jpg 750w, https:\/\/blog.lesgrossesorchadeslesamplesthalameges.fr\/wp-content\/uploads\/2020\/04\/Litteratures-vagabondes-1-300x72.jpg 300w\" sizes=\"(max-width: 750px) 100vw, 750px\" \/><\/a><\/p>\n<p>&nbsp;<\/p>\n<p>&nbsp;<\/p>\n<p style=\"text-align: justify;\"><span style=\"font-family: comic sans ms, sans-serif; font-size: 14pt;\">Quand on est coinc\u00e9 dans ce genre de bulle, \u00e0 d\u00e9faut de pouvoir se d\u00e9placer, on peut toujours lire, bouger en imagination. C\u2019est ce que fait votre servante en ce moment m\u00eame. Instrument de son \u00e9vasion\u00a0?\u00a0Un polar grand format, cartonn\u00e9, achet\u00e9 d\u2019occasion \u00e0 moins d\u2019un euro via Amazon (oui, je sais, Amazon c\u2019est cradingue, mais les libraires d\u2019occasion sont une b\u00e9n\u00e9diction\u2026). Dans les ann\u00e9es 50, on aurait vendu son \u00e2me pour le trouver sur les quais \u00e0 un prix abordable\u2026<\/span><\/p>\n<p style=\"text-align: justify;\"><span style=\"font-family: comic sans ms, sans-serif; font-size: 14pt;\">\u00c9lucubrations am\u00e8res\u00a0? Oui. L\u2019auteur est brillant. Ce n\u2019est pas qu\u2019un auteur de polars, c\u2019est un \u00e9crivain. Il a obtenu des tas de prix, dont, pour celui-l\u00e0, le <em>Gold Dagger Award <\/em>de 1988. Le livre est en parfait \u00e9tat. Il provient d\u2019une biblioth\u00e8que publique et porte le cachet \u00ab\u00a0Annul\u00e9 \u00e0 l\u2019inventaire \u2013 M\u00e9diath\u00e8que d\u00e9partementale du Lot et Garonne\u00a0\u00bb. En fin de volume, les derni\u00e8res fiches d\u2019emprunt\u00a0: 7 octobre et 2 novembre 2005. En d\u2019autres termes, il a \u00e9t\u00e9 \u00ab\u00a0d\u00e9graiss\u00e9\u00a0\u00bb parce que personne ne l\u2019empruntait.<\/span><\/p>\n<p style=\"text-align: justify;\"><span style=\"font-family: comic sans ms, sans-serif; font-size: 14pt;\">1988\u00a0: c\u2019\u00e9tait l\u2019\u00e9poque o\u00f9 les biblioth\u00e9caires belges faisaient le p\u00e8lerinage de Paris pour aller apprendre chez Jack Lang les arcanes du d\u00e9graissage. L\u2019\u00e9poque o\u00f9 l\u2019un d\u2019eux a fait jeter \u00e0 la d\u00e9charge la biblioth\u00e8que des J\u00e9suites de Namur, qui valait des millions d\u2019euros, pour lib\u00e9rer des locaux.<\/span><\/p>\n<p style=\"text-align: justify;\"><span style=\"font-family: comic sans ms, sans-serif; font-size: 14pt;\"><em>Portier de Nuit<\/em> (milieu des ann\u00e9es 70), les bikinis trop \u00e9chancr\u00e9s au slip en provenance du Br\u00e9sil et le d\u00e9graissage des biblioth\u00e8ques publiques\u00a0: tout a commenc\u00e9 l\u00e0. Dans les ann\u00e9es 80 (d\u00e9graissage de Maurois) la machine s\u2019est emball\u00e9e.<\/span><\/p>\n<p>&nbsp;<\/p>\n<p>&nbsp;<\/p>\n<p style=\"text-align: center;\"><span style=\"font-family: times new roman, times, serif; font-size: 28pt;\"><strong>Rat royal<\/strong><\/span><\/p>\n<p style=\"text-align: center;\"><span style=\"font-family: times new roman, times, serif; font-size: 24pt;\">ou les d\u00e9lices du confinement<\/span><\/p>\n<p>&nbsp;<\/p>\n<p>&nbsp;<\/p>\n<p style=\"text-align: center;\"><a href=\"http:\/\/blog.lesgrossesorchadeslesamplesthalameges.fr\/wp-content\/uploads\/2020\/04\/rat-king-6-GIF-1.gif\"><img loading=\"lazy\" class=\"alignnone wp-image-9414\" src=\"http:\/\/blog.lesgrossesorchadeslesamplesthalameges.fr\/wp-content\/uploads\/2020\/04\/rat-king-6-GIF-1-283x300.gif\" alt=\"\" width=\"500\" height=\"530\" \/><\/a><\/p>\n<p>&nbsp;<\/p>\n<p>&nbsp;<\/p>\n<p style=\"text-align: justify;\"><span style=\"font-family: comic sans ms, sans-serif; font-size: 14pt;\">Que dire que n\u2019aient dit Brighelli, Raimbaud, Despot et d\u2019autres,\u00a0de plus en plus nombreux\u00a0?<\/span><\/p>\n<p style=\"text-align: justify;\"><span style=\"font-family: comic sans ms, sans-serif; font-size: 14pt;\">L\u2019auteur \u00e9voqu\u00e9 ci-dessus (mort en 2007) s\u2019appelait Michael Dibdin et ce livre-l\u00e0 <em>Rat royal <\/em>(en fran\u00e7ais<em> Pi\u00e8ge \u00e0 rats,<\/em> ce qui n\u2019est pas faux mais illustre seulement l\u2019incapacit\u00e9 fran\u00e7aise \u00e0 respecter les titres d\u2019origine).<\/span><\/p>\n<p style=\"text-align: justify;\"><span style=\"font-family: comic sans ms, sans-serif; font-size: 14pt;\">Puisqu\u2019on est quand m\u00eame enferm\u00e9s et qu\u2019on n\u2019a rien d\u2019autre \u00e0 f&#8230;.., en voici un petit extrait, qui d\u00e9crit si parfaitement le point o\u00f9 nous en sommes, qu\u2019il n\u2019est pas n\u00e9cessaire d\u2019\u00e9piloguer\u00a0: ici, c\u2019est l\u2019Italie des ann\u00e9es de plomb <em>post<\/em> Aldo Moro, une Italie qui a encore des juges d\u2019instruction trentenaires et communistes\u00a0:<\/span><\/p>\n<p>&nbsp;<\/p>\n<p>&nbsp;<\/p>\n<p style=\"text-align: justify; padding-left: 90px;\"><span style=\"font-family: times new roman, times, serif; font-size: 14pt;\">\u00a0\u00a0 \u00ab\u00a0Donc, vous pensez r\u00e9ellement qu\u2019il y a un complot derri\u00e8re tout \u00e7a, demanda Zen, qui n\u2019\u00e9tait pas tr\u00e8s s\u00fbr que le magistrat f\u00fbt s\u00e9rieux.<\/span><\/p>\n<p style=\"text-align: justify; padding-left: 90px;\"><span style=\"font-family: times new roman, times, serif; font-size: 14pt;\">\u00a0\u00a0\u00a0 &#8211; Il y a toujours un complot. Tout ce qui se passe dans la soci\u00e9t\u00e9 \u00e0 un certain niveau fait partie d\u2019un complot.\u00a0\u00bb<\/span><\/p>\n<p style=\"text-align: justify; padding-left: 90px;\"><span style=\"font-family: times new roman, times, serif; font-size: 14pt;\">\u00a0\u00a0\u00a0 Cette r\u00e9ponse \u00e9vasive ne satisfit pas Zen, qui objecta\u00a0:<\/span><\/p>\n<p style=\"text-align: justify; padding-left: 90px;\"><span style=\"font-family: times new roman, times, serif; font-size: 14pt;\">\u00a0\u00a0\u00a0 \u00ab\u00a0Si tout est complot, c\u2019est comme si rien ne l\u2019\u00e9tait. Si nous sommes tous des conspirateurs, c\u2019est comme si rien ne l\u2019\u00e9tait, il n\u2019y a pas de conspiration.<\/span><\/p>\n<p style=\"text-align: justify; padding-left: 90px;\"><span style=\"font-family: times new roman, times, serif; font-size: 14pt;\">\u00a0\u00a0\u00a0 &#8211; Bien au contraire\u00a0! Ce qui caract\u00e9rise cette conspiration, c\u2019est justement que nous en faisons tous partie, r\u00e9pliqua Bartocci. C\u2019est un rat royal.<\/span><\/p>\n<p style=\"text-align: justify; padding-left: 90px;\"><span style=\"font-family: times new roman, times, serif; font-size: 14pt;\">\u00a0\u00a0\u00a0 &#8211; Un quoi\u00a0?<\/span><\/p>\n<p style=\"text-align: justify; padding-left: 90px;\"><span style=\"font-family: times new roman, times, serif; font-size: 14pt;\">\u00a0\u00a0\u00a0 &#8211; Un rat royal. Vous ne savez pas ce que c\u2019est\u00a0?<\/span><\/p>\n<p style=\"text-align: justify; padding-left: 90px;\"><span style=\"font-family: times new roman, times, serif; font-size: 14pt;\">\u00a0\u00a0\u00a0 Zen haussa les \u00e9paules.<\/span><\/p>\n<p style=\"text-align: justify; padding-left: 90px;\"><span style=\"font-family: times new roman, times, serif; font-size: 14pt;\">\u00a0\u00a0\u00a0 \u00ab\u00a0Le roi des rats, je suppose. L\u2019animal qui domine la bande.<\/span><\/p>\n<p style=\"text-align: justify; padding-left: 90px;\"><span style=\"font-family: times new roman, times, serif; font-size: 14pt;\">\u00a0\u00a0\u00a0 &#8211; C\u2019est ce qu\u2019on pourrait penser, mais c\u2019est une erreur. La formation d\u2019un rat royal est un ph\u00e9nom\u00e8ne qui se produit quand un trop grand nombre de rats vit sous pression dans un espace trop petit. Leurs queues finissent par s\u2019enchev\u00eatrer et plus ils tirent et s\u2019efforcent de se lib\u00e9rer, plus le n\u0153ud qui les retient ensemble se resserre, si bien qu\u2019\u00e0 la fin ce n\u0153ud n\u2019est plus qu\u2019une masse compacte de tissus inextricablement emm\u00eal\u00e9s. Et la cr\u00e9ature collective ainsi form\u00e9e, qui comprend jusqu\u2019\u00e0 trente rats attach\u00e9s ensemble par la queue, s\u2019appelle un rat royal. Cela vous semblera sans doute \u00e9tonnant qu\u2019une telle contradiction vivante puisse survivre, n\u2019est-ce pas\u00a0? Et pourtant, si extraordinaire que cela puisse para\u00eetre,\u00a0 non seulement ils survivent, mais ils prosp\u00e8rent\u00a0! La plupart des rats royaux qu\u2019on d\u00e9couvre, sous les gravats des maisons abandonn\u00e9es ou les planchers des greniers, sont form\u00e9s d\u2019animaux en excellente sant\u00e9. De toute \u00e9vidence, ils ont trouv\u00e9 moyen de s\u2019adapter \u00e0 leur situation. Ce qui ne veut pas dire qu\u2019elle leur plaise, bien s\u00fbr\u00a0! En fait, si on les d\u00e9couvre, c\u2019est g\u00e9n\u00e9ralement \u00e0 cause des cris diaboliques qu\u2019ils poussent en permanence. \u00c7a ne doit pas \u00eatre dr\u00f4le d\u2019\u00eatre encha\u00een\u00e9s les uns aux autres pour la vie, et ils pr\u00e9f\u00e9reraient s\u00fbrement courir en libert\u00e9. Mais enfin, ils survivent. Ce sont les bizarreries de la nature\u00a0!\u00a0\u00bb<\/span><\/p>\n<p style=\"text-align: justify; padding-left: 90px;\"><span style=\"font-family: times new roman, times, serif; font-size: 14pt;\">\u00a0\u00a0\u00a0 Il garda le silence quelques instants, le temps de laisser Zen s\u2019exasp\u00e9rer un peu, puis reprit\u00a0:<\/span><\/p>\n<p style=\"text-align: justify; padding-left: 90px;\"><span style=\"font-family: times new roman, times, serif; font-size: 14pt;\">\u00a0\u00a0\u00a0 \u00ab\u00a0Voyez-vous, beaucoup de gens croient que quelque part dans la trame de la soci\u00e9t\u00e9 italienne se cache le roi de tous les rats. La plus ignoble b\u00eate, la plus dangereuse, la plus cruelle et rus\u00e9e, la plus malfaisante de toutes. L\u2019animal qui domine la bande, pour reprendre votre terme. Certains ont pens\u00e9 que c\u2019\u00e9tait Calvi, certains que c\u2019\u00e9tait Gelli. D\u2019autres pensent que ce n\u2019est pas eux, mais quelqu\u2019un qui les surpasse encore, peut-\u00eatre un gros bonnet du gouvernement ou peut-\u00eatre au contraire un individu dont personne n\u2019a jamais entendu parler. Mais le point sur lequel tous ces gens sont d\u2019accord, c\u2019est qu\u2019il existe, ce rat sup\u00e9rieur. C\u2019est \u00e0 la fois un message d\u2019espoir et de d\u00e9sespoir. D\u2019espoir, parce qu\u2019on peut se dire qu\u2019un jour il finira bien par \u00eatre pris au pi\u00e8ge et qu\u2019on pourra le neutraliser, l\u2019an\u00e9antir et d\u00e9barrasser pour toujours la maison de l\u2019invasion des rats. De d\u00e9sespoir, parce que tout laisse \u00e0 penser qu\u2019il est beaucoup trop malin, puissant et retors pour jamais se laisser prendre au pi\u00e8ge. Mais tout cela, ce ne sont que des contes pour les enfants. Ce \u00e0 quoi nous avons affaire n\u2019est pas une individualit\u00e9 mais une situation, la situation qui consiste \u00e0 \u00eatre comme crucifi\u00e9 \u00e0 ses pareils, hurlant, mordant, crachant, mais survivant malgr\u00e9 tout et m\u00eame avec une sant\u00e9 ignoblement prosp\u00e8re\u00a0! C\u2019est cela qui rend la conspiration si terrifiante\u00a0 et invincible. Pas besoin de plans ou de strat\u00e9gies, de listes de membres, de mots de passe ou de codes secrets. Le rat royal rec\u00e8le en lui-m\u00eame son organisation naturelle. Il r\u00e9agit automatiquement et imparablement \u00e0 la moindre menace. Chaque rat d\u00e9fend les int\u00e9r\u00eats de tous les autres, et la force de chacun est la force de tous\u00a0!<\/span><\/p>\n<p style=\"text-align: right;\"><span style=\"font-family: comic sans ms, sans-serif; font-size: 14pt;\"><span style=\"font-family: times new roman, times, serif;\"><em>Pi\u00e8ge \u00e0 rats<\/em>, Calmann-L\u00e9vy, 1988 \u2013 pp. 112\/113<\/span>.<\/span><\/p>\n<p>&nbsp;<\/p>\n<p>&nbsp;<\/p>\n<p style=\"text-align: justify;\"><span style=\"font-family: comic sans ms, sans-serif; font-size: 14pt;\">L\u2019homme est un rat pour l\u2019homme.<\/span><\/p>\n<p>&nbsp;<\/p>\n<p>&nbsp;<\/p>\n<p style=\"text-align: center;\"><a href=\"http:\/\/blog.lesgrossesorchadeslesamplesthalameges.fr\/wp-content\/uploads\/2020\/04\/ratking-1.jpg\"><img loading=\"lazy\" class=\"alignnone wp-image-9417\" src=\"http:\/\/blog.lesgrossesorchadeslesamplesthalameges.fr\/wp-content\/uploads\/2020\/04\/ratking-1-300x160.jpg\" alt=\"\" width=\"500\" height=\"267\" srcset=\"https:\/\/blog.lesgrossesorchadeslesamplesthalameges.fr\/wp-content\/uploads\/2020\/04\/ratking-1-300x160.jpg 300w, https:\/\/blog.lesgrossesorchadeslesamplesthalameges.fr\/wp-content\/uploads\/2020\/04\/ratking-1.jpg 600w\" sizes=\"(max-width: 500px) 100vw, 500px\" \/><\/a><\/p>\n<p>&nbsp;<\/p>\n<p>&nbsp;<\/p>\n<p style=\"text-align: justify;\"><span style=\"font-family: comic sans ms, sans-serif; font-size: 14pt;\">On est ici dans l\u2019ex-banlieue rouge de Li\u00e8ge devenue non pas une cit\u00e9 mais une zone dortoir. Pour aller se ravitailler dans la grande surface les plus proche, sur la ligne la plus mal desservie de la r\u00e9gion, il faut tenter de monter dans un bus qui r\u00e9sume \u00e0 lui seul tout l\u2019univers kafka\u00efen (on vous en parle une autre fois, ce serait trop long pour aujourd\u2019hui).<\/span><\/p>\n<p style=\"text-align: justify;\"><span style=\"font-family: comic sans ms, sans-serif; font-size: 14pt;\">Des logis sociaux \u00e0 perte de vue. \u00c0 l\u2019\u00e9cart des rues, quatre b\u00e2timents collectifs autour d\u2019une place aride et n\u00e9anmoins pleine de flaques en permanence. Des enfants jouent\u00a0: trois ou quatre petites filles qui viennent d\u2019\u00eatre enti\u00e8rement tondues. Peut-\u00eatre leurs m\u00e8res pensent-elles que le coronavirus est une esp\u00e8ce de pou dont on peut se d\u00e9barrasser par l\u2019\u00e9cobuage. Du rez-de-chauss\u00e9e, on les entend p\u00e9pier sous les fen\u00eatres. Avec des craies de couleur, elles ont trac\u00e9 (la plus grande sait \u00e9crire) ce qui ressemble \u00e0 un plan d\u2019architecte. Un carr\u00e9 bleu marqu\u00e9 \u00ab\u00a0chambre\u00a0\u00bb. Un rectangle jaune \u00ab\u00a0cuisine\u00a0\u00bb. Un beaucoup plus petit, blanc : \u00ab\u00a0douche\u00a0\u00bb. Et un tr\u00e8s grand carr\u00e9 rose \u00ab\u00a0salon\u00a0\u00bb. Dans ces formes g\u00e9om\u00e9triques, elles ont dispos\u00e9 leurs jouets\u00a0: une petite d\u00eenette en plastique dans la cuisine, une poup\u00e9e couch\u00e9e dans la chambre. Dans le beaucoup plus grand carr\u00e9 marqu\u00e9 \u00absalon\u00a0\u00bb, elles sont assises \u00e0 m\u00eame le sol et conversent. Elles jouent au confinement.<\/span><\/p>\n<p style=\"text-align: justify;\"><span style=\"font-family: comic sans ms, sans-serif; font-size: 14pt;\">Le soleil brille. Il fait froid sur ces hauteurs et le vent souffle. Avec leur boule \u00e0 z\u00e9ro, elles vont choper un rhume. Le mieux est l&rsquo;ennemi du bien.<\/span><\/p>\n<p style=\"text-align: justify;\"><span style=\"font-family: times new roman, times, serif; font-size: 14pt;\"><strong>\u00a0<\/strong><\/span><\/p>\n<p style=\"text-align: left;\"><span style=\"font-family: times new roman, times, serif; font-size: 14pt;\"><strong>URL de cet article\u00a0: <\/strong><a href=\"http:\/\/blog.lesgrossesorchadeslesamplesthalameges.fr\/index.php\/a-part-ca\/\">http:\/\/blog.lesgrossesorchadeslesamplesthalameges.fr\/index.php\/a-part-ca\/<\/a><br \/>\n<\/span><\/p>\n<p style=\"text-align: justify;\"><span style=\"font-family: times new roman, times, serif; font-size: 14pt;\">\u00a0<\/span><\/p>\n<p style=\"text-align: center;\"><a href=\"http:\/\/blog.lesgrossesorchadeslesamplesthalameges.fr\/wp-content\/uploads\/2020\/04\/MASQUE-GIF-1.gif\"><img loading=\"lazy\" class=\"alignnone wp-image-9409\" src=\"http:\/\/blog.lesgrossesorchadeslesamplesthalameges.fr\/wp-content\/uploads\/2020\/04\/MASQUE-GIF-1-300x188.gif\" alt=\"\" width=\"200\" height=\"125\" \/><\/a><\/p>\n<p><strong><em>\u00a0<\/em><\/strong><\/p>\n<p><strong><em>\u00a0<\/em><\/strong><\/p>\n<p style=\"text-align: right;\"><span style=\"font-family: comic sans ms, sans-serif; font-size: 14pt;\">Avril 2020<\/span><\/p>\n<p>&nbsp;<\/p>\n<p>&nbsp;<\/p>\n","protected":false},"excerpt":{"rendered":"<p>&nbsp; &nbsp; &nbsp; &nbsp; &nbsp; \u00c0 part \u00e7a\u00a0? &nbsp; &nbsp; \u00a0 \u00a0 &nbsp; (Am\u00e8res \u00e9lucubrations de Th\u00e9roigne, qui ne s\u2019en tiendra pas l\u00e0, car elle en a gros sur la patate du confinement \u00e0 la belge) \u00a0 &nbsp; On se re-croirait pendant la guerre. Pas \u00e0 cause du bruit des V2 et des forteresses volantes,&#8230;<\/p>\n","protected":false},"author":1,"featured_media":0,"parent":0,"menu_order":0,"comment_status":"open","ping_status":"open","template":"","meta":[],"_links":{"self":[{"href":"https:\/\/blog.lesgrossesorchadeslesamplesthalameges.fr\/index.php\/wp-json\/wp\/v2\/pages\/9407"}],"collection":[{"href":"https:\/\/blog.lesgrossesorchadeslesamplesthalameges.fr\/index.php\/wp-json\/wp\/v2\/pages"}],"about":[{"href":"https:\/\/blog.lesgrossesorchadeslesamplesthalameges.fr\/index.php\/wp-json\/wp\/v2\/types\/page"}],"author":[{"embeddable":true,"href":"https:\/\/blog.lesgrossesorchadeslesamplesthalameges.fr\/index.php\/wp-json\/wp\/v2\/users\/1"}],"replies":[{"embeddable":true,"href":"https:\/\/blog.lesgrossesorchadeslesamplesthalameges.fr\/index.php\/wp-json\/wp\/v2\/comments?post=9407"}],"version-history":[{"count":0,"href":"https:\/\/blog.lesgrossesorchadeslesamplesthalameges.fr\/index.php\/wp-json\/wp\/v2\/pages\/9407\/revisions"}],"wp:attachment":[{"href":"https:\/\/blog.lesgrossesorchadeslesamplesthalameges.fr\/index.php\/wp-json\/wp\/v2\/media?parent=9407"}],"curies":[{"name":"wp","href":"https:\/\/api.w.org\/{rel}","templated":true}]}}