{"id":947,"date":"2018-12-09T18:35:01","date_gmt":"2018-12-09T17:35:01","guid":{"rendered":"http:\/\/blog.lesgrossesorchadeslesamplesthalameges.fr\/?page_id=947"},"modified":"2018-12-09T18:35:05","modified_gmt":"2018-12-09T17:35:05","slug":"legislatives-anticipees-ou-etats-generaux","status":"publish","type":"page","link":"https:\/\/blog.lesgrossesorchadeslesamplesthalameges.fr\/index.php\/legislatives-anticipees-ou-etats-generaux\/","title":{"rendered":"L\u00e9gislatives anticip\u00e9es ou \u00c9tats G\u00e9n\u00e9raux ?"},"content":{"rendered":"<p><span style=\"font-family: times new roman, times, serif; font-size: 14pt;\"><strong><em>\u00a0<\/em><\/strong><\/span><\/p>\n<p>&nbsp;<\/p>\n<p>&nbsp;<\/p>\n<p>&nbsp;<\/p>\n<p>&nbsp;<\/p>\n<p style=\"text-align: center;\"><span style=\"font-family: times new roman, times, serif; font-size: 36pt;\"><strong>GILETS JAUNES : L\u00c9GISLATIVES ANTICIP\u00c9ES OU \u00c9TATS G\u00c9N\u00c9RAUX ?<\/strong><\/span><\/p>\n<p>&nbsp;<\/p>\n<p style=\"text-align: center;\"><span style=\"font-family: times new roman, times, serif; font-size: 18pt;\"><strong>Anne-Sophie Chazaud<\/strong> \u2013 <strong><em>Vu du Droit<\/em><\/strong> \u2013 29.11.2018<\/span><\/p>\n<p>&nbsp;<\/p>\n<p>&nbsp;<\/p>\n<p style=\"text-align: center;\"><img loading=\"lazy\" class=\"alignnone wp-image-897\" src=\"http:\/\/blog.lesgrossesorchadeslesamplesthalameges.fr\/wp-content\/uploads\/2018\/12\/L\u00e9gislatives-anticip\u00e9es-300x120.jpg\" alt=\"\" width=\"750\" height=\"300\" srcset=\"https:\/\/blog.lesgrossesorchadeslesamplesthalameges.fr\/wp-content\/uploads\/2018\/12\/L\u00e9gislatives-anticip\u00e9es-300x120.jpg 300w, https:\/\/blog.lesgrossesorchadeslesamplesthalameges.fr\/wp-content\/uploads\/2018\/12\/L\u00e9gislatives-anticip\u00e9es.jpg 640w\" sizes=\"(max-width: 750px) 100vw, 750px\" \/><\/p>\n<p>&nbsp;<\/p>\n<p>&nbsp;<\/p>\n<p style=\"text-align: justify;\"><span style=\"font-family: times new roman, times, serif; font-size: 14pt;\">En d\u00e9pit des rodomontades bravaches,\u00a0 postures manag\u00e9riales et autres affirmations de fa\u00e7ade, il\u00a0 y a le feu \u00e0 la maison LREM, assaillie de tous c\u00f4t\u00e9s par un peuple dont elle a cru pouvoir ne faire qu\u2019une bouch\u00e9e de pain (voire de brioche \u00e0 200 euros).<\/span><\/p>\n<p>&nbsp;<\/p>\n<p>&nbsp;<\/p>\n<p style=\"text-align: center;\"><img loading=\"lazy\" class=\"alignnone wp-image-898\" src=\"http:\/\/blog.lesgrossesorchadeslesamplesthalameges.fr\/wp-content\/uploads\/2018\/12\/Marie-antoinette-300x150.jpg\" alt=\"\" width=\"450\" height=\"225\" srcset=\"https:\/\/blog.lesgrossesorchadeslesamplesthalameges.fr\/wp-content\/uploads\/2018\/12\/Marie-antoinette-300x150.jpg 300w, https:\/\/blog.lesgrossesorchadeslesamplesthalameges.fr\/wp-content\/uploads\/2018\/12\/Marie-antoinette.jpg 660w\" sizes=\"(max-width: 450px) 100vw, 450px\" \/><\/p>\n<p style=\"text-align: center;\"><span style=\"font-family: times new roman, times, serif; font-size: 12pt;\"><strong><em>Il y a quand m\u00eame des gens qui savent se servir de photoshop\u00a0!<\/em><\/strong><\/span><\/p>\n<p>&nbsp;<\/p>\n<p style=\"text-align: justify;\"><span style=\"font-family: times new roman, times, serif; font-size: 14pt;\">Pourtant, certains \u00e9lus ou repr\u00e9sentants de la majorit\u00e9 continuent, n\u2019ayant honte de rien, de venir p\u00e9rorer sur les plateaux t\u00e9l\u00e9 en raillant notamment la tr\u00e8s grande h\u00e9t\u00e9rog\u00e9n\u00e9it\u00e9 des revendications des gilets jaunes. Notons au passage la mauvaise foi du proc\u00e9d\u00e9 puisque ce sont les m\u00eames qui, dans le m\u00eame temps, tentent d\u00e9sesp\u00e9r\u00e9ment de r\u00e9duire le mouvement de r\u00e9volte actuel \u00e0 la seule question des prix du carburant et de l\u2019\u00e9cologie, essayant ainsi de circonscrire l\u2019incendie qui s\u2019est pourtant d\u00e9j\u00e0 largement \u00e9tendu \u00e0 de nombreux autres sujets ayant trait au pouvoir d\u2019achat, aux niveaux de revenus, mais aussi \u00e0 des questions telles que la repr\u00e9sentativit\u00e9 des \u00e9lus, l\u2019allocation des moyens de l\u2019Etat etc.<\/span><\/p>\n<p style=\"text-align: justify;\"><span style=\"font-family: times new roman, times, serif; font-size: 14pt;\">Encore une fois, ces faquins infatu\u00e9s d\u2019eux-m\u00eames ne comprennent rien, quand ils ne feignent pas de ne rien comprendre, ce qui dans les deux cas n\u2019est pas admissible et repr\u00e9sente une lourde faute politique.<\/span><\/p>\n<p style=\"text-align: justify;\"><span style=\"font-family: times new roman, times, serif; font-size: 14pt;\">Les \u00e9lus LREM qui ne sont eux-m\u00eames rien d\u2019autre qu\u2019un patchwork pseudo-disruptif dont la plupart semble avoir d\u00e9croch\u00e9 la timbale l\u00e9gislative en 48h sur Amazon, paraissent globalement habit\u00e9s par une profonde inculture politique (et autre). On l\u2019avait d\u00e9j\u00e0 constat\u00e9 pendant l\u2019affaire Benalla avec la consternante attitude de la majorit\u00e9 parlementaire lors des commissions d\u2019enqu\u00eate. Les voici \u00e0 pr\u00e9sent \u00a0dans l\u2019incapacit\u00e9 de comprendre que c\u2019est pr\u00e9cis\u00e9ment le foisonnement de revendications de ce mouvement de r\u00e9volte qui en garantit l\u2019aspect dynamique et quasi-in\u00e9dit. Disons \u00abquasi \u00bb car cela s\u2019est tout de m\u00eame d\u00e9j\u00e0 produit aux \u00c9tats g\u00e9n\u00e9raux de 1789 avec la pr\u00e9sentation des cahiers de dol\u00e9ances que nos dr\u00f4les de la R\u00e9publique en Marche auraient sans doute jug\u00e9s un peu ridicules et fouillis, sachant que nous avons affaire \u00e0 des gens qui aiment bien convoquer l\u2019Histoire sans pour autant \u00eatre manifestement capables de beaucoup remonter au-del\u00e0 des ann\u00e9es 1930 sur lesquelles se concentrent tous leurs fantasmes.<\/span><\/p>\n<p style=\"text-align: justify;\"><span style=\"font-family: times new roman, times, serif; font-size: 14pt;\">Certains pourraient penser que je manque d\u2019objectivit\u00e9 et qu\u2019il y aurait une forme de syst\u00e9maticit\u00e9 id\u00e9ologique dans ma critique du pouvoir en place : ils se trompent. Quand bien m\u00eame j\u2019ai toujours consid\u00e9r\u00e9 Macron comme une bulle sp\u00e9culative, ce qu\u2019il s\u2019av\u00e8re \u00eatre au-del\u00e0 de toute imagination, parvenu \u00e0 la t\u00eate de l\u2019ex\u00e9cutif par quasi-effraction (strat\u00e9gie barragiste dite du Castor, appui opportun du Parquet National Financier pour disqualifier l\u2019opposition etc.) \u00a0et manigances d\u2019une caste auto-produite dont la plupart des m\u00e9dias sont les outils propagandistes, j\u2019ai aussi consid\u00e9r\u00e9, certains s\u2019en souviendront, apr\u00e8s son \u00e9lection malgr\u00e9 tout l\u00e9gitime au plan formel, qu\u2019il devait pouvoir disposer d\u2019une majorit\u00e9 LREM \u00e0 l\u2019Assembl\u00e9e nationale, ayant pour ma part et comme de nombreux Fran\u00e7ais une sainte horreur de la cohabitation et souhaitant que nous le jugions sur pi\u00e8ce puisque, ma foi, il \u00e9tait parvenu \u00e0 gagner f\u00fbt-ce avec des proc\u00e9d\u00e9s peu reluisants. Il fallait faire cet indispensable effort de l\u00e9gitimisme et d\u2019objectivit\u00e9 afin de rendre l\u2019\u00e9ventuelle critique ult\u00e9rieure elle-m\u00eame l\u00e9gitime et audible.<\/span><\/p>\n<p style=\"text-align: justify;\"><span style=\"font-family: times new roman, times, serif; font-size: 14pt;\">Je suis donc d\u2019autant plus tranquille \u00e0 pr\u00e9sent pour faire exactement ce que je pr\u00f4nais d\u00e8s les l\u00e9gislatives : juger sur pi\u00e8ce, \u00e9tablir son jugement sur les actes accomplis et non sur des postulats id\u00e9ologiques hostiles a priori.<\/span><\/p>\n<p style=\"text-align: justify;\"><span style=\"font-family: times new roman, times, serif; font-size: 14pt;\">Or, l\u2019accumulation de ces actes sur lesquels il est permis de porter un regard n\u00e9gatif est accablante et notamment depuis l\u2019affaire Benalla que certains idiots utiles nous ont reproch\u00e9 de monter en \u00e9pingle alors qu\u2019il \u00e9tait \u00e9vident qu\u2019elle contenait tous les sympt\u00f4mes des dysfonctionnements majeurs inh\u00e9rents au macronisme et dont la r\u00e9volte des gilets jaunes est la cons\u00e9quence m\u00e9canique, logique et pr\u00e9visible.<\/span><\/p>\n<p style=\"text-align: justify;\"><span style=\"font-family: times new roman, times, serif; font-size: 14pt;\">M\u00e9pris des corps interm\u00e9diaires, m\u00e9pris de la d\u00e9mocratie parlementaire, m\u00e9pris des corps constitu\u00e9s, m\u00e9pris des territoires, rabaissement de l\u2019Assembl\u00e9e au r\u00f4le de chambre d\u2019enregistrement pour d\u00e9put\u00e9s godillots, gestionnarisation de l\u2019action politique, inculture sur fond de management \u00e0 l\u2019emporte-pi\u00e8ce, vulgarit\u00e9 voire obsc\u00e9nit\u00e9 (au sens \u00e9tymologique) des postures \u00e9lys\u00e9ennes (F\u00eate de la musique, selfies au go\u00fbt douteux d\u00e9sormais censur\u00e9s m\u00eame par le grand complice Zuckerberg), prises de parole intempestives et agressives visant le peuple, provocations narcissiques -traverser la rue, pognon de dingue, tu m\u2019appelles pas Manu, Mimi Marchand et Compagnie-, insultes r\u00e9p\u00e9t\u00e9es visant le peuple fran\u00e7ais souvent depuis l\u2019\u00e9tranger, jeu pervers sur la question migratoire (f\u00e9lonie du Pacte sur les Migrations en vue dans quelques jours \u00e0 Marrakech et sur lequel, comme de bien entendu, le peuple n\u2019a pas son mot \u00e0 dire alors que c\u2019est lui qui en paiera les cons\u00e9quences), renoncements serviles \u00e0 la souverainet\u00e9 au profit de la domination allemande devenue caricaturale dans une Union Europ\u00e9enne qui n\u2019a plus d\u2019\u00e2me et m\u00e9prise les peuples mais continue malgr\u00e9 tout de courir comme un poulet sans t\u00eate, extr\u00eame brutalit\u00e9 des mesures sociales (plut\u00f4t antisociales), atteinte grave pr\u00e9vue \u00e0 la la\u00efcit\u00e9, loi liberticide et propagandiste sur les Fake News, d\u00e9pe\u00e7age en vue des collections publiques des mus\u00e9es pour cause d\u2019affairisme n\u00e9o-lib\u00e9ral sur fond d\u2019indig\u00e9nisme inculte, communautarisme flatt\u00e9 dans le sens du poil comme autant de parts de march\u00e9, proches douteux \u00e0 la Belattar -dont on n\u2019a toujours pas bien compris ce qu\u2019il faisait exactement dans l\u2019entourage pr\u00e9sidentiel-, positions ambigu\u00ebs sur l\u2019islamisme, attitude caricaturale, clivante et histrionique \u00e0 l\u2019international, propagande id\u00e9ologique de bas \u00e9tage (gentils progressistes, m\u00e9chants nationalistes)\u2026<\/span><\/p>\n<p style=\"text-align: justify;\"><span style=\"font-family: times new roman, times, serif; font-size: 14pt;\">Dans ce bilan d\u00e9j\u00e0 tr\u00e8s lourd, les d\u00e9put\u00e9s LREM, de fait, ne repr\u00e9sentent bient\u00f4t plus rien d\u2019autre que la bulle sp\u00e9culative qui les a fait advenir. \u00a0Il n\u2019est qu\u2019\u00e0 voir comment est trait\u00e9e la d\u00e9put\u00e9e LREM Sonia Krimi, incit\u00e9e fermement \u00e0 quitter le parti pour avoir os\u00e9 sympathiser avec les gilets jaunes, elle qui avait d\u00e9j\u00e0 fait preuve de courage et de lucidit\u00e9 pendant l\u2019affaire Benalla. Il n\u2019est pas incoh\u00e9rent dans ce contexte que les gilets jaunes foisonnent de demandes mais aussi revendiquent de plus en plus unanimement la tenue de l\u00e9gislatives anticip\u00e9es, rappelant au passage que les d\u00e9put\u00e9s sont suppos\u00e9s repr\u00e9senter le peuple fran\u00e7ais et non pas l\u2019ex\u00e9cutif.<\/span><\/p>\n<p style=\"text-align: justify;\"><span style=\"font-family: times new roman, times, serif; font-size: 14pt;\">Cela se fera, ou pas, mais dans tous les cas, le pouvoir en place a d\u00e9j\u00e0 perdu, qu\u2019il s\u2019ent\u00eate ou qu\u2019il c\u00e8de.<\/span><\/p>\n<p style=\"text-align: justify;\"><span style=\"font-family: times new roman, times, serif; font-size: 14pt;\">N\u2019oublie jamais qui t\u2019a fait Roi, sans quoi il y a toujours un moment o\u00f9 celui que tu as oubli\u00e9 se rappellera \u00e0 ton bon souvenir.<\/span><\/p>\n<p><span style=\"font-family: times new roman, times, serif; font-size: 14pt;\">Source\u00a0: <a href=\"https:\/\/www.vududroit.com\/2018\/11\/gilets-jaunes-legislatives-anticipees-etats-generaux\/\">https:\/\/www.vududroit.com\/2018\/11\/gilets-jaunes-legislatives-anticipees-etats-generaux\/<\/a><\/span><\/p>\n<p>&nbsp;<\/p>\n<p>&nbsp;<\/p>\n<p>&nbsp;<\/p>\n<p style=\"text-align: right;\"><span style=\"font-family: comic sans ms, sans-serif; font-size: 14pt;\">D\u00e9cembre 2018<\/span><\/p>\n<p>&nbsp;<\/p>\n<p>&nbsp;<\/p>\n","protected":false},"excerpt":{"rendered":"<p>\u00a0 &nbsp; &nbsp; &nbsp; &nbsp; GILETS JAUNES : L\u00c9GISLATIVES ANTICIP\u00c9ES OU \u00c9TATS G\u00c9N\u00c9RAUX ? &nbsp; Anne-Sophie Chazaud \u2013 Vu du Droit \u2013 29.11.2018 &nbsp; &nbsp; &nbsp; &nbsp; En d\u00e9pit des rodomontades bravaches,\u00a0 postures manag\u00e9riales et autres affirmations de fa\u00e7ade, il\u00a0 y a le feu \u00e0 la maison LREM, assaillie de tous c\u00f4t\u00e9s par un peuple&#8230;<\/p>\n","protected":false},"author":1,"featured_media":0,"parent":0,"menu_order":0,"comment_status":"open","ping_status":"closed","template":"","meta":[],"_links":{"self":[{"href":"https:\/\/blog.lesgrossesorchadeslesamplesthalameges.fr\/index.php\/wp-json\/wp\/v2\/pages\/947"}],"collection":[{"href":"https:\/\/blog.lesgrossesorchadeslesamplesthalameges.fr\/index.php\/wp-json\/wp\/v2\/pages"}],"about":[{"href":"https:\/\/blog.lesgrossesorchadeslesamplesthalameges.fr\/index.php\/wp-json\/wp\/v2\/types\/page"}],"author":[{"embeddable":true,"href":"https:\/\/blog.lesgrossesorchadeslesamplesthalameges.fr\/index.php\/wp-json\/wp\/v2\/users\/1"}],"replies":[{"embeddable":true,"href":"https:\/\/blog.lesgrossesorchadeslesamplesthalameges.fr\/index.php\/wp-json\/wp\/v2\/comments?post=947"}],"version-history":[{"count":0,"href":"https:\/\/blog.lesgrossesorchadeslesamplesthalameges.fr\/index.php\/wp-json\/wp\/v2\/pages\/947\/revisions"}],"wp:attachment":[{"href":"https:\/\/blog.lesgrossesorchadeslesamplesthalameges.fr\/index.php\/wp-json\/wp\/v2\/media?parent=947"}],"curies":[{"name":"wp","href":"https:\/\/api.w.org\/{rel}","templated":true}]}}