{"id":952,"date":"2018-12-09T18:34:30","date_gmt":"2018-12-09T17:34:30","guid":{"rendered":"http:\/\/blog.lesgrossesorchadeslesamplesthalameges.fr\/?page_id=952"},"modified":"2018-12-09T18:34:33","modified_gmt":"2018-12-09T17:34:33","slug":"complotisme-en-marche","status":"publish","type":"page","link":"https:\/\/blog.lesgrossesorchadeslesamplesthalameges.fr\/index.php\/complotisme-en-marche\/","title":{"rendered":"Complotisme \u00ab\u00a0en marche\u00a0\u00bb"},"content":{"rendered":"<p>&nbsp;<\/p>\n<p>&nbsp;<\/p>\n<p>&nbsp;<\/p>\n<p>&nbsp;<\/p>\n<p>&nbsp;<\/p>\n<p style=\"text-align: center;\"><span style=\"font-family: times new roman, times, serif; font-size: 36pt;\"><strong>Complotisme \u00ab\u00a0en marche\u00a0\u00bb<\/strong><\/span><\/p>\n<p>&nbsp;<\/p>\n<p style=\"text-align: center;\"><span style=\"font-family: times new roman, times, serif; font-size: 18pt;\"><strong>Philippe Grasset<\/strong> \u2013 <strong><em>R\u00e9seau International<\/em><\/strong> \u2013 8.12. 2018<\/span><\/p>\n<p>&nbsp;<\/p>\n<p>&nbsp;<\/p>\n<p style=\"text-align: center;\"><img loading=\"lazy\" class=\"alignnone wp-image-953\" src=\"http:\/\/blog.lesgrossesorchadeslesamplesthalameges.fr\/wp-content\/uploads\/2018\/12\/Complotisme-1-300x139.gif\" alt=\"\" width=\"500\" height=\"232\" srcset=\"https:\/\/blog.lesgrossesorchadeslesamplesthalameges.fr\/wp-content\/uploads\/2018\/12\/Complotisme-1-300x139.gif 300w, https:\/\/blog.lesgrossesorchadeslesamplesthalameges.fr\/wp-content\/uploads\/2018\/12\/Complotisme-1-768x356.gif 768w, https:\/\/blog.lesgrossesorchadeslesamplesthalameges.fr\/wp-content\/uploads\/2018\/12\/Complotisme-1-1024x474.gif 1024w\" sizes=\"(max-width: 500px) 100vw, 500px\" \/><\/p>\n<p>&nbsp;<\/p>\n<p>&nbsp;<\/p>\n<p style=\"text-align: justify;\"><span style=\"font-family: times new roman, times, serif; font-size: 14pt;\">Sommes-nous \u00e0 la veille d\u2019un coup d\u2019\u00c9tat\u00a0? Si l\u2019on \u00e9tait en d\u2019autres temps o\u00f9 ce genre de choses \u00e9taient envisag\u00e9s avec des \u00e9l\u00e9ments s\u00e9rieux et probants comme en 1958 (13-Mai et op\u00e9ration <em>R\u00e9surrection<\/em>), en 1961\u00a0(putsch d\u2019avril des g\u00e9n\u00e9raux \u00e0 Alger) et m\u00eame en 1968 (Mai-68 et de Gaulle \u00e0 Baden-Baden), <strong>ce serait une trag\u00e9die en cours de structuration<\/strong>\u00a0; dans notre temps qui cultive si intens\u00e9ment le go\u00fbt des montages et du simulacre, <strong>ce pourrait \u00eatre aussi une trag\u00e9die-bouffe de la sorte qui en est la marque<\/strong>. Le paradoxe bien malheureux quant aux circonstances de la journ\u00e9e de demain de cette flamb\u00e9e d\u2019alarmes et d\u2019urgences mont\u00e9e d\u2019abord en simulacre paniquard, c\u2019est que cela pourrait donner ou avoir donn\u00e9 des id\u00e9es aux quelques groupes et individus \u00e0 l\u2019esprit lunatique et un peu d\u00e9rang\u00e9, et enfi\u00e9vr\u00e9 de diverses illusions de violence destructrice et r\u00e9volutionnaire\u00a0; ceux-l\u00e0 qui comptent se manifester demain \u00e0 leur fa\u00e7on et pourraient croire alors que le Grand Soir couronnera leur journ\u00e9e, et <strong>qu\u2019ils pourront ainsi cr\u00e9er \u201cleur propre r\u00e9alit\u00e9\u201d<\/strong>.<\/span><\/p>\n<p style=\"text-align: justify;\"><span style=\"font-family: times new roman, times, serif; font-size: 14pt;\">\u2026 Comme\u00a0<a href=\"http:\/\/www.dedefensa.org\/article\/aux-sources-du-virtualisme\">disait Karl Rove<\/a>\u00a0en\u00a0<a href=\"http:\/\/www.dedefensa.org\/article\/valsez-mensonges\">2002 (d\u00e9j\u00e0) \u00e0 Ron Suskind<\/a>\u00a0: \u00ab\u00a0[\u2026Q]<em>uand nous agissons nous cr\u00e9ons notre propre r\u00e9alit\u00e9. Et alors que vous \u00e9tudierez cette r\u00e9alit\u00e9, \u2013 judicieusement, si vous voulez, \u2013 nous agirons de nouveau, cr\u00e9ant d\u2019autres nouvelles r\u00e9alit\u00e9s<\/em>\u2026\u00a0\u00bb Et je me dis que <strong>cette \u00e9poque est si compl\u00e8tement surr\u00e9aliste dans ses rapports avec une r\u00e9alit\u00e9 totalement d\u00e9sint\u00e9gr\u00e9e<\/strong> qu\u2019il pourrait y avoir eu dans ce climat le d\u00e9clenchement d\u2019une telle m\u00e9canique menant \u00e0 de telles folles ambitions\u2026 Qui pourrait croire cela, qui l\u2019aurait cru il y a dix jours\u00a0? <strong>Les temps sont fous, et les \u00eatres \u00e0 mesure<\/strong>.<\/span><\/p>\n<p style=\"text-align: justify;\"><span style=\"font-family: times new roman, times, serif; font-size: 14pt;\">Par contre, ce qui me semble absolument ind\u00e9niable, \u2013 enfin un fait av\u00e9r\u00e9 dans les \u00e9pars d\u00e9bris de la r\u00e9alit\u00e9, \u2013 c\u2019est que la tension est \u00e0 un degr\u00e9 rarement vu, entretenue, que dis-je <strong>enflamm\u00e9e par un syst\u00e8me de la communication<\/strong> qui joue le r\u00f4le fondamental et fondamentalement ambigu (<a href=\"http:\/\/www.dedefensa.org\/article\/glossairedde-technologisme-versus-communication-1\">effet-<em>Janus<\/em><\/a>) <strong>de transmetteur de toutes les rumeurs, et de transmutateur des rumeurs en quasi-faits av\u00e9r\u00e9s<\/strong>. D\u2019une fa\u00e7on qu\u2019on jugera ironique ou catastrophique selon l\u2019humeur du jugement, ceux-l\u00e0 m\u00eame qui se sont vertueusement battus contre le complotisme et le\u00a0<em>FakeNews<\/em>isme jusqu\u2019\u00e0 voter des lois r\u00e9pondant principalement au\u00a0<a href=\"http:\/\/www.dedefensa.org\/article\/glossairedde-le-determinisme-narrativiste\">d\u00e9terminisme-narrativiste<\/a>\u00a0<a href=\"http:\/\/www.dedefensa.org\/article\/glossairedde-de-lantirussisme\">antirussiste<\/a>\u00a0se trouvent pris la main dans le\u00a0<em>Fake-<\/em>sac, \u00e0 leur propre\u00a0<em>Fake-<\/em>pi\u00e8ge.<\/span><\/p>\n<p style=\"text-align: justify;\"><span style=\"font-family: times new roman, times, serif; font-size: 14pt;\">C\u2019est le cas de certains \u00e9l\u00e9ments de LREM (\u00ab\u00a0<em>La R\u00e9publique En Marche<\/em>\u00a0\u00bb) qui ont d\u00e9nonc\u00e9 le mouvement des Gilets-Jaunes <strong>comme un complot machin\u00e9 par le terrible <\/strong><a href=\"http:\/\/www.dedefensa.org\/article\/bannon-un-guenonien-a-washington-dc\"><strong>Steve Bannon<\/strong><\/a>, et cela \u00e0 l\u2019aide d\u2019une information qui s\u2019est r\u00e9v\u00e9l\u00e9e\u00a0<em>FakeNews<\/em>. L\u2019ironie poursuivant son chemin, la chose a \u00e9t\u00e9 r\u00e9v\u00e9l\u00e9e par le \u00ab\u00a0syst\u00e8me\u00a0\u00bb anti-<em>FakeNews\u00a0<\/em>mis en place par le vertueux quotidien de r\u00e9f\u00e9rence\u00a0<em>Le\u00a0Monde\u00a0<\/em>et largement confirm\u00e9 par le m\u00eame syst\u00e8me mis en place par le quotidien vertueux des <em>Bobos\u00a0<\/em>progressistes-soci\u00e9taux, <em>Lib\u00e9ration<\/em>, \u2013 a priori tous les deux tr\u00e8s proches de c\u0153ur, d\u2019\u00e9motion et de tendance du camp macroniste. Les deux ont donc <strong>mis \u00e0 jour une d\u00e9couverte de complotisme qui aurait sa place dans l\u2019<em>Infowars.com\u00a0<\/em>d\u2019Alex Jones<\/strong>.<\/span><\/p>\n<p style=\"text-align: justify;\"><span style=\"font-family: times new roman, times, serif; font-size: 14pt;\">On se doute que les franco-russes de RT-fran\u00e7ais, qui ont eu leur dose d\u2019accusations de complotisme et de\u00a0<em>FakeNews<\/em>, n\u2019ont pas laiss\u00e9 passer le canard sans le mettre en joue et tirer sans sommation\u2026 Cela conduit \u00e0\u00a0<a href=\"https:\/\/francais.rt.com\/france\/56350-gilets-jaunes-deputes-la-republique-en-marche-propagent-une-fake-news-complotiste\">ceci<\/a>\u00a0:<\/span><\/p>\n<p>&nbsp;<\/p>\n<p style=\"text-align: justify; padding-left: 60px;\"><span style=\"font-family: times new roman, times, serif; font-size: 14pt;\">\u00ab\u00a0<em>Plusieurs \u00e9lus macronistes se sont jet\u00e9s sur une rumeur selon laquelle le site \u201cgiletsjaunes.com\u201d avait \u00e9t\u00e9 cr\u00e9\u00e9 peu apr\u00e8s l\u2019\u00e9lection de Emmanuel Macron par des Am\u00e9ricains partisans de Steve Bannon. Probl\u00e8me, il s\u2019agissait d\u2019un pur fantasme.<\/em><\/span><\/p>\n<p style=\"text-align: justify; padding-left: 60px;\"><span style=\"font-family: times new roman, times, serif; font-size: 14pt;\">\u00bb\u00a0<em>La th\u00e9orie du complot pour expliquer la cr\u00e9ation du mouvement des Gilets Jaunes\u00a0? L\u2019id\u00e9e \u00e9tait forc\u00e9ment s\u00e9duisante pour les d\u00e9put\u00e9s et sympathisants de La R\u00e9publique en marche (LREM), en pleine vague de contestation sociale.<\/em><\/span><\/p>\n<p style=\"text-align: justify; padding-left: 60px;\"><span style=\"font-family: times new roman, times, serif; font-size: 14pt;\">\u00bb\u00a0<em>Malheureusement pour certains \u00e9lus LREM,\u00a0la r\u00e9alit\u00e9 est sensiblement diff\u00e9rente.\u00a0Dans la nuit du 5 au 6 d\u00e9cembre,\u00a0Aurore Berg\u00e9, Emilie Chalas ou encore Coralie Dubost n\u2019ont pas h\u00e9sit\u00e9, comme le rapporte\u00a0la plateforme CheckNews de\u00a0<\/em><a href=\"https:\/\/www.liberation.fr\/checknews\/2018\/12\/06\/gilets-jaunes-quand-des-deputes-lrem-cedent-a-la-theorie-du-complot_1696293\"><em>Lib\u00e9ration<\/em><\/a><em>,\u00a0\u00e0 partager sur les r\u00e9seaux sociaux \u00ab\u00a0une capture d\u2019\u00e9cran d\u2019un site permettant de faire des recherches sur les noms de domaine, semblant indiquer que le site \u201cgiletsjaunes.com\u201d a \u00e9t\u00e9 cr\u00e9\u00e9 \u00e0 Denver (USA) le 15\u00a0mai 2017, soit quelques jours apr\u00e8s l\u2019arriv\u00e9e de Macron au pouvoir\u00a0\u00bb.<\/em><\/span><\/p>\n<p style=\"text-align: justify; padding-left: 60px;\"><span style=\"font-family: times new roman, times, serif; font-size: 14pt;\">\u00bb\u00a0<em>Certains commentaires, comme celui de Emilie Chalas, laissaient\u00a0en outre entendre que\u00a0derri\u00e8re la\u00a0man\u0153uvre, se trouvait Steve Bannon, l\u2019un des strat\u00e8ges de la campagne pr\u00e9sidentielle de Donald Trump.<\/em><\/span><\/p>\n<p style=\"text-align: justify; padding-left: 60px;\"><span style=\"font-family: times new roman, times, serif; font-size: 14pt;\">\u00bb\u00a0<em>D\u2019apr\u00e8s le quotidien, c\u2019est en fait le compte\u00a0militant \u201cTeam Macron\u201d qui a\u00a0v\u00e9ritablement enclench\u00e9 la propagation de cette th\u00e9orie farfelue.\u00a0\u00ab\u00a0Ce serait bien que les gens commencent \u00e0 s\u2019int\u00e9resser \u00e0 ce que fait Steve Bannon en Europe\u2026\u00a0\u00bb, commentait \u201cTeam Macron\u201d, sous la capture d\u2019\u00e9cran.<\/em><\/span><\/p>\n<p style=\"text-align: justify; padding-left: 60px;\"><span style=\"font-family: times new roman, times, serif; font-size: 14pt;\">\u00bb\u00a0<em>Les Gilets Jaunes\u00a0auraient-ils ainsi \u00e9t\u00e9 manipul\u00e9s de l\u2019ext\u00e9rieur\u00a0? Malheureusement pour les militants macronistes, dont certains avaient \u00e9galement relay\u00e9 la fausse information,\u00a0CheckNews a livr\u00e9\u00a0toute l\u2019explication.<\/em><\/span><\/p>\n<p style=\"text-align: justify; padding-left: 60px;\"><span style=\"font-family: times new roman, times, serif; font-size: 14pt;\">\u00bb\u00a0<em>Dans les faits, le\u00a0nom de domaine giletsjaunes.com avait d\u00e9j\u00e0 \u00e9t\u00e9 cr\u00e9\u00e9 en 2015 pour contester les r\u00e9formes de Vincent Peillon, alors ministre de l\u2019\u00c9ducation nationale. L\u2019id\u00e9e des Gilets Jaunes \u00e9tait donc\u00a0ant\u00e9rieure \u00e0 l\u2019arriv\u00e9e de Emmanuel Macron \u00e0 la t\u00eate de la R\u00e9publique.\u00a0<\/em><a href=\"https:\/\/www.lemonde.fr\/ecole-primaire-et-secondaire\/article\/2014\/09\/06\/qui-sont-les-gilets-jaunes-ces-irreductibles-opposants-a-la-reforme-des-rythmes-scolaires_4483096_1473688.html\"><em>Le Monde <\/em><\/a><em>avait d\u2019ailleurs publi\u00e9 le 6 septembre 2014 un article liant des Gilets Jaunes avec une contestation contre les rythmes scolaires.<\/em><\/span><\/p>\n<p style=\"text-align: justify; padding-left: 60px;\"><span style=\"font-family: times new roman, times, serif; font-size: 14pt;\">\u00bb\u00a0<em>Lib\u00e9ration\u00a0souligne en outre que le nom de domaine a ensuite \u00e9t\u00e9 rachet\u00e9 en 2017 par NameBright, \u00abune soci\u00e9t\u00e9 de gestion de noms de domaine, qui l\u2019a rapidement mis en vente\u00bb. L\u2019adresse am\u00e9ricaine qui figure donc sur la capture d\u2019\u00e9cran n\u2019est autre que\u2026 la localisation de la soci\u00e9t\u00e9. Plus r\u00e9cemment, le 23 novembre 2018, soit\u00a0plusieurs semaines apr\u00e8s le d\u00e9but du mouvement de contestation fran\u00e7ais, le nom de domaine a \u00e9t\u00e9 rachet\u00e9.<\/em><\/span><\/p>\n<p style=\"text-align: justify; padding-left: 60px;\"><span style=\"font-family: times new roman, times, serif; font-size: 14pt;\">\u00bb\u00a0<em>Apr\u00e8s avoir constat\u00e9 leurs b\u00e9vues, les d\u00e9put\u00e9s macronistes ont tous supprim\u00e9 leurs publications.\u00a0Ironie de l\u2019histoire,\u00a0La R\u00e9publique en marche a \u00e9t\u00e9 \u00e0 la base d\u2019une\u00a0<\/em><a href=\"https:\/\/francais.rt.com\/france\/56008-deputes-gauche-saisissent-conseil-constitutionnel-loi-fake-news\"><em>loi controvers\u00e9e contre la manipulation de l\u2019information<\/em><\/a><em>,\u00a0visant \u00e0 faciliter la suppression de comptes accus\u00e9s de propager de fausses nouvelles.<\/em>\u00a0\u00bb<\/span><\/p>\n<p>&nbsp;<\/p>\n<p style=\"text-align: justify;\"><span style=\"font-family: times new roman, times, serif; font-size: 14pt;\">\u2026 Ce qui donne \u00e0 penser, par ailleurs, sur ce qu\u2019il faut penser de toutes les exclamations d\u2019admiration (y compris de notre part, du site\u00a0<em>dedefensa.org <\/em>et de moi-m\u00eame) pour le choix d\u2019un gilet jaune dit \u201c\u00e0 haute visibilit\u00e9\u201d et l\u2019expression pour les d\u00e9signer, pour cette trouvaille d\u2019avoir choisi \u00e0 partir de rien le gilet jaune comme embl\u00e8me et symbole\u2026 C\u2019\u00e9tait un peu la main du hasard, avec pas mal de doigts de l\u2019inspiration et bien autant du Destin, sous la forme d\u2019\u00e9v\u00e9nements qui nous dominent et nous conduisent, \u2013 ou bien apr\u00e8s tout, c\u2019est r\u00e9ellement un complot, mais venu de bien plus loin (2014) et qui avait vraiment tout pr\u00e9vu\u00a0! \u2013 <strong>mais alors des Russes plut\u00f4t, c\u2019est plus sympa et plus simple<\/strong>.<\/span><\/p>\n<p>&nbsp;<\/p>\n<p style=\"text-align: justify;\"><span style=\"font-family: times new roman, times, serif; font-size: 14pt;\">Source\u00a0: <a href=\"https:\/\/reseauinternational.net\/complotisme-en-marche\/\">https:\/\/reseauinternational.net\/complotisme-en-marche\/<\/a><\/span><\/p>\n<p style=\"text-align: justify;\"><span style=\"font-family: times new roman, times, serif; font-size: 14pt;\">Source d\u2019origine : <a href=\"http:\/\/www.dedefensa.org\/article\/complotisme-en-marche\">http:\/\/www.dedefensa.org\/article\/complotisme-en-marche<\/a><\/span><\/p>\n<p>&nbsp;<\/p>\n<p><span style=\"font-family: times new roman, times, serif; font-size: 18pt; color: #c00000;\"><strong><em>Des arroseurs arros\u00e9s ou une vraie peau de banane\u00a0?<\/em><\/strong><\/span><\/p>\n<p style=\"text-align: justify; padding-left: 60px;\"><span style=\"font-family: comic sans ms, sans-serif;\">Comme nous le disions la semaine derni\u00e8re, la vraie peau de banane est toujours \u00e0 craindre. Mais il est toujours possible de la glisser sous les pieds de ceux qui l\u2019ont sem\u00e9e. Il suffirait par exemple que \u00ab\u00a0l\u2019agitation\u00a0\u00bb fran\u00e7aise s\u2019\u00e9tende au reste de l\u2019Europe\u2026<\/span><\/p>\n<p>&nbsp;<\/p>\n<p>&nbsp;<\/p>\n<p><img loading=\"lazy\" class=\"alignnone size-full wp-image-954 aligncenter\" src=\"http:\/\/blog.lesgrossesorchadeslesamplesthalameges.fr\/wp-content\/uploads\/2018\/12\/dangerous-times-1.gif\" alt=\"\" width=\"70\" height=\"63\" \/><\/p>\n<p>&nbsp;<\/p>\n<p>&nbsp;<\/p>\n<p style=\"text-align: right;\"><span style=\"font-family: comic sans ms, sans-serif;\">D\u00e9cembre 2018<\/span><\/p>\n<p>&nbsp;<\/p>\n","protected":false},"excerpt":{"rendered":"<p>&nbsp; &nbsp; &nbsp; &nbsp; &nbsp; Complotisme \u00ab\u00a0en marche\u00a0\u00bb &nbsp; Philippe Grasset \u2013 R\u00e9seau International \u2013 8.12. 2018 &nbsp; &nbsp; &nbsp; &nbsp; Sommes-nous \u00e0 la veille d\u2019un coup d\u2019\u00c9tat\u00a0? Si l\u2019on \u00e9tait en d\u2019autres temps o\u00f9 ce genre de choses \u00e9taient envisag\u00e9s avec des \u00e9l\u00e9ments s\u00e9rieux et probants comme en 1958 (13-Mai et op\u00e9ration R\u00e9surrection), en&#8230;<\/p>\n","protected":false},"author":1,"featured_media":0,"parent":0,"menu_order":0,"comment_status":"open","ping_status":"closed","template":"","meta":[],"_links":{"self":[{"href":"https:\/\/blog.lesgrossesorchadeslesamplesthalameges.fr\/index.php\/wp-json\/wp\/v2\/pages\/952"}],"collection":[{"href":"https:\/\/blog.lesgrossesorchadeslesamplesthalameges.fr\/index.php\/wp-json\/wp\/v2\/pages"}],"about":[{"href":"https:\/\/blog.lesgrossesorchadeslesamplesthalameges.fr\/index.php\/wp-json\/wp\/v2\/types\/page"}],"author":[{"embeddable":true,"href":"https:\/\/blog.lesgrossesorchadeslesamplesthalameges.fr\/index.php\/wp-json\/wp\/v2\/users\/1"}],"replies":[{"embeddable":true,"href":"https:\/\/blog.lesgrossesorchadeslesamplesthalameges.fr\/index.php\/wp-json\/wp\/v2\/comments?post=952"}],"version-history":[{"count":0,"href":"https:\/\/blog.lesgrossesorchadeslesamplesthalameges.fr\/index.php\/wp-json\/wp\/v2\/pages\/952\/revisions"}],"wp:attachment":[{"href":"https:\/\/blog.lesgrossesorchadeslesamplesthalameges.fr\/index.php\/wp-json\/wp\/v2\/media?parent=952"}],"curies":[{"name":"wp","href":"https:\/\/api.w.org\/{rel}","templated":true}]}}