{"id":962,"date":"2018-12-09T18:32:30","date_gmt":"2018-12-09T17:32:30","guid":{"rendered":"http:\/\/blog.lesgrossesorchadeslesamplesthalameges.fr\/?page_id=962"},"modified":"2018-12-10T12:08:32","modified_gmt":"2018-12-10T11:08:32","slug":"apres-avoir-fui-la-turquie-soros","status":"publish","type":"page","link":"https:\/\/blog.lesgrossesorchadeslesamplesthalameges.fr\/index.php\/apres-avoir-fui-la-turquie-soros\/","title":{"rendered":"Apr\u00e8s avoir fui la Turquie, Soros&#8230;"},"content":{"rendered":"<p>&nbsp;<\/p>\n<p>&nbsp;<\/p>\n<p>&nbsp;<\/p>\n<p>&nbsp;<\/p>\n<p style=\"text-align: left;\"><span style=\"font-size: 18pt; color: #c00000;\"><span style=\"font-family: times new roman, times, serif;\"><strong><em>\u00ab Timeo Soros et dona ferentes\u2026 \u00bb <\/em><\/strong><\/span><span style=\"font-family: times new roman, times, serif;\"><strong><em>(Recep Tayyip Erdogan conna\u00eet ses classiques)<\/em><\/strong><\/span><\/span><\/p>\n<p style=\"text-align: justify;\"><span style=\"font-family: times new roman, times, serif; font-size: 14pt;\"><strong>\u00a0<\/strong><\/span><\/p>\n<p style=\"text-align: center;\"><span style=\"font-family: times new roman, times, serif; font-size: 36pt;\"><strong>Apr\u00e8s avoir fui la Turquie, Soros devra-t-il fuir aussi les autres pays du \u00ab\u00a0monde du Sud\u00a0\u00bb\u00a0?<\/strong><\/span><\/p>\n<p style=\"text-align: justify;\"><span style=\"font-family: times new roman, times, serif; font-size: 14pt;\"><strong>\u00a0<\/strong><\/span><\/p>\n<p style=\"text-align: justify;\"><span style=\"font-family: times new roman, times, serif; font-size: 18pt;\"><strong>Soros oblig\u00e9 de fuir la Turquie\u2026\u00a0 Serait-ce le signe avant-coureur de choses \u00e0 venir ?<\/strong><\/span><\/p>\n<p>&nbsp;<\/p>\n<p style=\"text-align: center;\"><span style=\"font-family: times new roman, times, serif; font-size: 18pt;\"><a href=\"http:\/\/theduran.com\/author\/andrew-korybko\/\"><strong>Andrew Korybko<\/strong><\/a> <strong>\u2013 <em>TheDuran<\/em> \u2013 <\/strong>4.12.2018<\/span><\/p>\n<p>&nbsp;<\/p>\n<p style=\"text-align: justify;\"><span style=\"font-family: times new roman, times, serif; font-size: 14pt;\"><strong>\u00a0<\/strong><\/span><\/p>\n<p style=\"text-align: center;\"><img loading=\"lazy\" class=\"alignnone wp-image-963\" src=\"http:\/\/blog.lesgrossesorchadeslesamplesthalameges.fr\/wp-content\/uploads\/2018\/12\/Soros-1-1-300x163.jpg\" alt=\"\" width=\"500\" height=\"271\" srcset=\"https:\/\/blog.lesgrossesorchadeslesamplesthalameges.fr\/wp-content\/uploads\/2018\/12\/Soros-1-1-300x163.jpg 300w, https:\/\/blog.lesgrossesorchadeslesamplesthalameges.fr\/wp-content\/uploads\/2018\/12\/Soros-1-1.jpg 740w\" sizes=\"(max-width: 500px) 100vw, 500px\" \/><\/p>\n<p>&nbsp;<\/p>\n<p>&nbsp;<\/p>\n<p style=\"text-align: justify;\"><span style=\"font-family: times new roman, times, serif; font-size: 14pt;\">L\u2019<em>Open Society Foundation <\/em>de Soros a d\u00e9cid\u00e9 de quitter la Turquie.<\/span><\/p>\n<p style=\"text-align: justify;\"><span style=\"font-family: times new roman, times, serif; font-size: 14pt;\">Le repr\u00e9sentant de l\u2019organisation a dit que son d\u00e9part \u00e9tait d\u00fb au fait qu\u2019elle a \u00e9t\u00e9 r\u00e9cemment accus\u00e9e de s\u2019\u00eatre m\u00eal\u00e9e affaires int\u00e9rieures du pays. Il faisait allusion, bien entendu, aux propos tenus la semaine derni\u00e8re par le pr\u00e9sident Erdogan, qui a accus\u00e9 l\u2019organisation d\u2019avoir \u00e9t\u00e9 activement m\u00eal\u00e9e \u00e0 la tentative de r\u00e9volution color\u00e9e du Parc Gezi en 2013, ce qui est comme chacun sait sa raison d\u2019\u00eatre.<\/span><\/p>\n<p style=\"text-align: justify;\"><span style=\"font-family: times new roman, times, serif; font-size: 14pt;\">\u00c0 vrai dire, l\u2019<em>O.S.F<\/em>. \u2013 qui a vu les mots fatidiques \u00e9crits sur le mur \u2013 \u00a0se conduit de fa\u00e7on sens\u00e9e, en s\u2019en allant volontairement sans attendre qu\u2019une r\u00e9pression imminente ne l\u2019y oblige. Tout b\u00e9n\u00e9fice pour l\u2019organisation et pour le gouvernement. L\u2019<em>Open Society Foundation<\/em>\u00a0 peut ainsi \u00e9vacuer ses avoirs log\u00e9s dans le pays et dissoudre son r\u00e9seau public, comme, de son c\u00f4t\u00e9, le gouvernement n\u2019aura pas \u00e0 supporter la guerre m\u00e9diatique que n\u2019auraient pas manqu\u00e9 de d\u00e9cha\u00eener contre lui les m\u00e9dias <em>mainstream, <\/em>si la Turquie en \u00e9tait venue \u00e0 prendre des mesures \u00e0 la russe pour bouter ces gens hors de ses fronti\u00e8res.<\/span><\/p>\n<p style=\"text-align: justify;\"><span style=\"font-family: times new roman, times, serif; font-size: 14pt;\">Cette solution est pragmatique pour les deux parties. Les agents de guerre int\u00e9rieure hybride de l\u2019<em>Open Society Foundation<\/em> s\u2019en tirent\u00a0 sans une \u00e9gratignure, m\u00eame si l\u2019\u00c9tat sait qui ils sont et n\u2019h\u00e9sitera certainement pas \u00e0 les arr\u00eater s\u2019ils deiennent un danger pour la s\u00e9curit\u00e9 publique en d\u00e9cidant par exemple d\u2019entrer dans la clandestinit\u00e9 pour y continuer leurs actions d\u00e9stabilisatrices. Cela dit, les plus z\u00e9l\u00e9s d\u2019entre eux pourraient pr\u00e9f\u00e9rer se relocaliser ailleurs \u00e0 l\u2019\u00e9tranger, ce qui leur permettrait de poursuivre leurs activit\u00e9s de loin, via les m\u00e9dias sociaux et autres canaux.<\/span><\/p>\n<p style=\"text-align: justify;\"><span style=\"font-family: times new roman, times, serif; font-size: 14pt;\">N\u00e9anmoins, \u00e0 voir le strict contr\u00f4le que l\u2019\u00e9tat turc maintient sur l\u2019Internet, ce danger est raisonnablement g\u00e9rable et tr\u00e8s loin d\u2019\u00eatre aussi s\u00e9rieux que si l\u2019<em>Open Society Foundation<\/em> et ses employ\u00e9s avaient continu\u00e9 leurs activit\u00e9s dans le pays sans la moindre entrave.<\/span><\/p>\n<p style=\"text-align: justify;\"><span style=\"font-family: times new roman, times, serif; font-size: 14pt;\">Quoi qu\u2019il en soit, la \u00ab\u00a0retraite\u00a0de Turquie\u00a0\u00bb de Soros pourrait bien \u00eatre le signe avant-coureur de d\u00e9veloppements \u00e0 venir. Le pr\u00e9sident Erdogan jouit d\u2019un immense respect dans la communaut\u00e9 musulmane internationale ou \u00ab\u00a0Oumma\u00a0\u00bb, si bien que d\u2019autres gouvernements musulmans pourraient s\u2019inspirer de sa hardie intervention \u00e0 l\u2019encontre de l\u2019<em>OSF <\/em>en essayant de suivre son exemple, dans l\u2019espoir de pousser eux aussi cette cinqui\u00e8me colonne des r\u00e9volutions color\u00e9es \u00e0 quitter leurs pays.<\/span><\/p>\n<p style=\"text-align: justify;\"><span style=\"font-family: times new roman, times, serif; font-size: 14pt;\">Soros et son organisation pourront bien s\u00fbr tenter de repousser toute pression de ce genre, s\u2019ils sentent que les autorit\u00e9s de ces pays ne sont pas aussi fortes que leurs homologues turques et sont susceptibles de reculer devant une guerre m\u00e9diatique de diffamations et de calomnies. Mais une tentative de ce genre pourrait quand m\u00eame se solder par un \u00e9chec, surtout dans le cas o\u00f9 ces gouvernements se d\u00e9cideraient \u00e0 \u00ab\u00a0rafler\u00a0\u00bb pr\u00e9ventivement ces agents int\u00e9rieurs au pr\u00e9texte qu\u2019ils constituent un danger pour la s\u00e9curit\u00e9 nationale.<\/span><\/p>\n<p style=\"text-align: justify;\"><span style=\"font-family: times new roman, times, serif; font-size: 14pt;\">IL est beaucoup trop t\u00f4t pour se livrer \u00e0 des pronostics, mais la mar\u00e9e pourrait \u00eatre en train de tourner contre Soros dans le monde du Sud.<\/span><\/p>\n<p>&nbsp;<\/p>\n<p style=\"text-align: center;\"><span style=\"font-family: times new roman, times, serif; font-size: 24pt;\">*\u00a0 *\u00a0 *<\/span><\/p>\n<p style=\"text-align: center;\"><img loading=\"lazy\" class=\"alignnone wp-image-988\" src=\"http:\/\/blog.lesgrossesorchadeslesamplesthalameges.fr\/wp-content\/uploads\/2018\/12\/Soros-2-300x154.png\" alt=\"\" width=\"500\" height=\"257\" srcset=\"https:\/\/blog.lesgrossesorchadeslesamplesthalameges.fr\/wp-content\/uploads\/2018\/12\/Soros-2-300x154.png 300w, https:\/\/blog.lesgrossesorchadeslesamplesthalameges.fr\/wp-content\/uploads\/2018\/12\/Soros-2.png 500w\" sizes=\"(max-width: 500px) 100vw, 500px\" \/><\/p>\n<p>&nbsp;<\/p>\n<p style=\"text-align: justify;\"><span style=\"font-family: times new roman, times, serif; font-size: 14pt;\">Le \u00ab\u00a0monde du sud\u00a0\u00bb est un terme qui a \u00e9merg\u00e9 dans les \u00e9tudes transnationales et post-coloniales pour designer ce qu\u2019on pourrait aussi appeler le \u00ab\u00a0monde en voie de d\u00e9veloppement\u00a0\u00bb (l\u2019Afrique, l\u2019Am\u00e9rique Latine et les pays en voie de d\u00e9veloppement d\u2019Asie.). \u00ab\u00a0Pays\u00a0 en voie de d\u00e9veloppement\u00a0\u00bb, \u00ab\u00a0pays sous- d\u00e9velopp\u00e9s\u00a0\u00bb et \u00ab\u00a0r\u00e9gions moins d\u00e9velopp\u00e9es\u00a0\u00bb, il peut inclure aussi les plus pauvres \u00ab\u00a0r\u00e9gions sud\u00a0\u00bb des pays riches et d\u00e9velopp\u00e9s \u00ab\u00a0du nord\u00a0\u00bb.<\/span><\/p>\n<p style=\"text-align: justify;\"><span style=\"font-family: times new roman, times, serif; font-size: 14pt;\">.<\/span><\/p>\n<p style=\"text-align: left;\"><span style=\"font-family: times new roman, times, serif; font-size: 14pt;\">Source\u00a0: <a href=\"http:\/\/theduran.com\/after-soros-flees-turkey-will-he-flee-the-rest-of-the-global-south-too\/\">http:\/\/theduran.com\/after-soros-flees-turkey-will-he-flee-the-rest-of-the-global-south-too\/<\/a><\/span><\/p>\n<p style=\"text-align: left;\"><span style=\"font-family: times new roman, times, serif; font-size: 14pt;\">Source d\u2019origine\u00a0: <a href=\"https:\/\/orientalreview.org\/2018\/12\/03\/after-soros-flees-turkey-will-he-flee-the-rest-of-the-global-south-too\/\">https:\/\/orientalreview.org\/2018\/12\/03\/after-soros-flees-turkey-will-he-flee-the-rest-of-the-global-south-too\/<\/a><\/span><\/p>\n<p>&nbsp;<\/p>\n<p style=\"text-align: right;\"><span style=\"font-family: times new roman, times, serif; font-size: 14pt;\">Traduction\u00a0: c.l. pour Les Grosses Orchades<\/span><\/p>\n<p>&nbsp;<\/p>\n<p>&nbsp;<\/p>\n<p style=\"text-align: center;\"><img loading=\"lazy\" class=\"alignnone size-full wp-image-954\" src=\"http:\/\/blog.lesgrossesorchadeslesamplesthalameges.fr\/wp-content\/uploads\/2018\/12\/dangerous-times-1.gif\" alt=\"\" width=\"70\" height=\"63\" \/><\/p>\n<p>&nbsp;<\/p>\n<p>&nbsp;<\/p>\n<p style=\"text-align: right;\"><span style=\"font-family: comic sans ms, sans-serif;\">D\u00e9cembre 2018<\/span><\/p>\n","protected":false},"excerpt":{"rendered":"<p>&nbsp; &nbsp; &nbsp; &nbsp; \u00ab Timeo Soros et dona ferentes\u2026 \u00bb (Recep Tayyip Erdogan conna\u00eet ses classiques) \u00a0 Apr\u00e8s avoir fui la Turquie, Soros devra-t-il fuir aussi les autres pays du \u00ab\u00a0monde du Sud\u00a0\u00bb\u00a0? \u00a0 Soros oblig\u00e9 de fuir la Turquie\u2026\u00a0 Serait-ce le signe avant-coureur de choses \u00e0 venir ? &nbsp; Andrew Korybko \u2013 TheDuran&#8230;<\/p>\n","protected":false},"author":1,"featured_media":0,"parent":0,"menu_order":0,"comment_status":"closed","ping_status":"closed","template":"","meta":[],"_links":{"self":[{"href":"https:\/\/blog.lesgrossesorchadeslesamplesthalameges.fr\/index.php\/wp-json\/wp\/v2\/pages\/962"}],"collection":[{"href":"https:\/\/blog.lesgrossesorchadeslesamplesthalameges.fr\/index.php\/wp-json\/wp\/v2\/pages"}],"about":[{"href":"https:\/\/blog.lesgrossesorchadeslesamplesthalameges.fr\/index.php\/wp-json\/wp\/v2\/types\/page"}],"author":[{"embeddable":true,"href":"https:\/\/blog.lesgrossesorchadeslesamplesthalameges.fr\/index.php\/wp-json\/wp\/v2\/users\/1"}],"replies":[{"embeddable":true,"href":"https:\/\/blog.lesgrossesorchadeslesamplesthalameges.fr\/index.php\/wp-json\/wp\/v2\/comments?post=962"}],"version-history":[{"count":0,"href":"https:\/\/blog.lesgrossesorchadeslesamplesthalameges.fr\/index.php\/wp-json\/wp\/v2\/pages\/962\/revisions"}],"wp:attachment":[{"href":"https:\/\/blog.lesgrossesorchadeslesamplesthalameges.fr\/index.php\/wp-json\/wp\/v2\/media?parent=962"}],"curies":[{"name":"wp","href":"https:\/\/api.w.org\/{rel}","templated":true}]}}