{"id":9624,"date":"2020-04-11T23:01:31","date_gmt":"2020-04-11T21:01:31","guid":{"rendered":"http:\/\/blog.lesgrossesorchadeslesamplesthalameges.fr\/?page_id=9624"},"modified":"2020-04-11T23:02:49","modified_gmt":"2020-04-11T21:02:49","slug":"brigitte-bardot-la-connerie-reste-lun-des-plus-gros-fleaux-de-letre-humain","status":"publish","type":"page","link":"https:\/\/blog.lesgrossesorchadeslesamplesthalameges.fr\/index.php\/brigitte-bardot-la-connerie-reste-lun-des-plus-gros-fleaux-de-letre-humain\/","title":{"rendered":"Brigitte Bardot : \u00ab La connerie reste l\u2019un des plus gros fl\u00e9aux de l\u2019\u00eatre humain \u00bb"},"content":{"rendered":"<p><strong><em>\u00a0<\/em><\/strong><\/p>\n<p>&nbsp;<\/p>\n<p>&nbsp;<\/p>\n<p>&nbsp;<\/p>\n<p>&nbsp;<\/p>\n<p>&nbsp;<\/p>\n<p>&nbsp;<\/p>\n<p style=\"text-align: center;\"><span style=\"font-family: times new roman, times, serif; font-size: 36pt;\"><strong>Brigitte Bardot : \u00ab\u00a0La connerie reste l\u2019un des plus gros fl\u00e9aux de l\u2019\u00eatre humain\u00a0\u00bb<\/strong><\/span><\/p>\n<p>&nbsp;<\/p>\n<p style=\"text-align: center;\"><span style=\"font-family: times new roman, times, serif; font-size: 18pt;\"><strong><em>Le Soir<\/em><\/strong><strong> \u2013 8.4.2020<\/strong><\/span><\/p>\n<p>&nbsp;<\/p>\n<p>&nbsp;<\/p>\n<p style=\"text-align: justify;\"><span style=\"font-family: tahoma, arial, helvetica, sans-serif; font-size: 14pt;\"><strong>\u00c0 la Madrague, la r\u00e9sidence de Saint-Tropez que l\u2019actrice ne quitte plus depuis des ann\u00e9es, son quotidien n\u2019a pas chang\u00e9 depuis le d\u00e9but de la pand\u00e9mie. Son regard sur la France et le monde d\u2019apr\u00e8s est impitoyable.<\/strong><\/span><\/p>\n<p>&nbsp;<\/p>\n<p>&nbsp;<\/p>\n<p style=\"text-align: center;\"><a href=\"http:\/\/blog.lesgrossesorchadeslesamplesthalameges.fr\/wp-content\/uploads\/2020\/04\/Bardot.jpg\"><img loading=\"lazy\" class=\"alignnone wp-image-9533\" src=\"http:\/\/blog.lesgrossesorchadeslesamplesthalameges.fr\/wp-content\/uploads\/2020\/04\/Bardot.jpg\" alt=\"\" width=\"350\" height=\"244\" srcset=\"https:\/\/blog.lesgrossesorchadeslesamplesthalameges.fr\/wp-content\/uploads\/2020\/04\/Bardot.jpg 480w, https:\/\/blog.lesgrossesorchadeslesamplesthalameges.fr\/wp-content\/uploads\/2020\/04\/Bardot-300x209.jpg 300w\" sizes=\"(max-width: 350px) 100vw, 350px\" \/><\/a><\/p>\n<p>&nbsp;<\/p>\n<p style=\"text-align: center;\"><span style=\"font-family: times new roman, times, serif; font-size: 18pt;\"><strong><em>\u00ab\u00a0Je suis confin\u00e9e depuis dix ans, \u00e7a ne change rien [rires]. Je ne suis pas une grande passionn\u00e9e de l\u2019\u00eatre humain, je ne vois pas grand monde\u2026\u00a0\u00bb<\/em><\/strong><\/span><\/p>\n<p>&nbsp;<\/p>\n<p>&nbsp;<\/p>\n<p><span style=\"font-family: times new roman, times, serif; font-size: 14pt;\">Interview\u00a0(par <em>Le Figaro<\/em> semble-t-il)\u00a0:<\/span><\/p>\n<p>&nbsp;<\/p>\n<p style=\"text-align: justify;\"><span style=\"font-family: times new roman, times, serif; font-size: 14pt;\"><strong>Le Premier ministre \u00c9douard Philippe a dit que cette crise allait r\u00e9v\u00e9ler ce que \u00ab\u00a0l\u2019humanit\u00e9 a de plus beau et de plus sombre\u00a0\u00bb. Qu\u2019est-ce que vous avez vu pour l\u2019heure\u00a0? <\/strong><\/span><\/p>\n<p style=\"text-align: justify;\"><span style=\"font-family: times new roman, times, serif; font-size: 14pt;\">La connerie reste l\u2019un des plus gros fl\u00e9aux de l\u2019\u00eatre humain. Il y a des abandons d\u2019animaux domestiques \u00e0 cause du coronavirus. Leurs ma\u00eetres pensent que ces derniers transmettent la maladie. Pourtant, \u00e7a a \u00e9t\u00e9 d\u00e9menti par tous les v\u00e9t\u00e9rinaires, les m\u00e9decins, les professeurs\u2026 Ces l\u00e2ches Fran\u00e7ais voient dans l\u2019animal le pire de ce qui peut leur arriver. Ceux-l\u00e0, je leur souhaite d\u2019attraper le coronavirus. Les Chinois, eux, pr\u00e9tendent que la bile d\u2019ours soigne le Covid-19, en plus de tout un tas d\u2019autres maladies. Il existe depuis des ann\u00e9es des \u00ab\u00a0fermes \u00e0 bile\u00a0\u00bb o\u00f9 pr\u00e8s de 10.000 ours sont enferm\u00e9s dans des cages avec un cath\u00e9ter dans la v\u00e9sicule. C\u2019est un scandale, \u00e7a ne soigne rien du tout. Ils vont foutre en l\u2019air tous les derniers animaux sauvages qu\u2019il nous reste.<\/span><\/p>\n<p>&nbsp;<\/p>\n<p style=\"text-align: justify;\"><span style=\"font-family: times new roman, times, serif; font-size: 14pt;\"><strong>L\u2019humain est-il, selon vous, la cause de son propre malheur\u00a0? <\/strong><\/span><\/p>\n<p style=\"text-align: justify;\"><span style=\"font-family: times new roman, times, serif; font-size: 14pt;\">Ce qui nous arrive ne m\u2019\u00e9tonne pas du tout. Avec mon instinct animal, je ressens une r\u00e9volte de la plan\u00e8te, contre la fa\u00e7on dont les hommes l\u2019ont ravag\u00e9e. Cela a commenc\u00e9 par le r\u00e9chauffement climatique, les inondations, les incendies\u2026 Tout un tas de choses se sont produites en chapelet depuis quelque temps, mettant la population du monde en danger. La plan\u00e8te \u00e9touffe d\u2019une d\u00e9mographie affolante. C\u2019est la base de tous les probl\u00e8mes qui d\u00e9r\u00e8glent notre vie actuellement.<\/span><\/p>\n<p>&nbsp;<\/p>\n<p style=\"text-align: justify;\"><span style=\"font-family: times new roman, times, serif; font-size: 14pt;\"><strong>Quand vous \u00e9tiez jeune, le monde tournait-il plus rond\u00a0? <\/strong><\/span><\/p>\n<p style=\"text-align: justify;\"><span style=\"font-family: times new roman, times, serif; font-size: 14pt;\">Je n\u2019ai jamais connu un monde aussi invivable, aussi destructeur, aussi violent, avec un tel manque de libert\u00e9, que celui d\u2019aujourd\u2019hui. J\u2019ai v\u00e9cu des ann\u00e9es absolument magnifiques. Nous \u00e9tions libres. On pouvait s\u2019amuser, vivre sans \u00eatre toujours poursuivis par des cam\u00e9ras, des lois, des arr\u00eat\u00e9s pr\u00e9fectoraux\u2026<\/span><\/p>\n<p>&nbsp;<\/p>\n<p style=\"text-align: justify;\"><span style=\"font-family: times new roman, times, serif; font-size: 14pt;\"><strong>Voyez-vous d\u00e9j\u00e0 des choses \u00e0 changer dans le pays et dans le monde\u00a0? <\/strong><\/span><\/p>\n<p style=\"text-align: justify;\"><span style=\"font-family: times new roman, times, serif; font-size: 14pt;\">Il faudra retrouver un peu d\u2019humanit\u00e9, changer les habitudes. Cela commence par arr\u00eater de porter de la fourrure ou d\u2019\u00e9lever des animaux dans des \u00e9levages concentrationnaires, des poules en batterie o\u00f9 elles ne voient jamais la lumi\u00e8re du jour, o\u00f9 on leur coupe le bec. Nous sommes \u00e0 la merci d\u2019un ennemi qui nous tue, le virus. Les animaux, eux, sont \u00e0 la merci d\u2019un ennemi qui s\u2019appelle l\u2019homme, qui les fait souffrir. En Chine, par exemple, il y a le festival de la viande de chien de Yulin o\u00f9, chaque ann\u00e9e, entre 10.000 et 20.000 animaux sont battus \u00e0 mort, de fa\u00e7on \u00e0 attendrir la viande. Il faudrait absolument une r\u00e9volte mondiale contre cette barbarie et boycotter les produits chinois. C\u2019est abominable. Les gouvernements sont imp\u00e9n\u00e9trables \u00e0 toute souffrance animale. Si \u00e7a pouvait changer avec cette crise, \u00e7a serait bien.<\/span><\/p>\n<p>&nbsp;<\/p>\n<p style=\"text-align: justify;\"><span style=\"font-family: times new roman, times, serif; font-size: 14pt;\"><strong>A quoi ressemblera, selon vous, l\u2019apr\u00e8s\u00a0? <\/strong><\/span><\/p>\n<p style=\"text-align: justify;\"><span style=\"font-family: times new roman, times, serif; font-size: 14pt;\">Je suis tr\u00e8s pessimiste. J\u2019ai 85 ans, j\u2019ai v\u00e9cu beaucoup de choses, y compris la guerre de 39-45, celle d\u2019Alg\u00e9rie\u2026 Et je peux vous dire que je n\u2019ai jamais connu quelque chose d\u2019aussi dramatique que ce que l\u2019on vit actuellement. L\u2019ennemi est incontr\u00f4lable. Il y a eu le SRAS, Ebola, le sida, le H1N1\u2026 mais \u00e7a n\u2019a jamais pris les proportions que prend le coronavirus. Je ne sais pas du tout si on gagnera cette guerre. Il peut y avoir un armistice. Mais est-ce que \u00e7a ne reprendra pas dix fois plus fort apr\u00e8s une p\u00e9riode de calme\u00a0?<\/span><\/p>\n<p>&nbsp;<\/p>\n<p style=\"text-align: justify;\"><span style=\"font-family: times new roman, times, serif; font-size: 14pt;\"><strong>La crise \u00e9conomique, qui suit la crise sanitaire, vous inqui\u00e8te-t-elle\u00a0? <\/strong><\/span><\/p>\n<p style=\"text-align: justify;\"><span style=\"font-family: times new roman, times, serif; font-size: 14pt;\">Elle peut remettre les pendules \u00e0 l\u2019heure. Les humains doivent avoir d\u2019autres valeurs que celles de la finance. Ce besoin de gagner de l\u2019argent a fait p\u00e9ricliter l\u2019empathie, la compassion, la bont\u00e9\u2026 et a aussi cr\u00e9\u00e9 un m\u00e9pris total de la souffrance des animaux. On ne veut tirer d\u2019eux que des avantages financiers.<\/span><\/p>\n<p>&nbsp;<\/p>\n<p style=\"text-align: justify;\"><span style=\"font-family: times new roman, times, serif; font-size: 14pt;\"><strong>Croyez-vous qu\u2019Emmanuel Macron va r\u00e9orienter sa politique\u00a0? Il dit que la France doit retrouver sa souverainet\u00e9\u2026 <\/strong><\/span><\/p>\n<p style=\"text-align: justify;\"><span style=\"font-family: times new roman, times, serif; font-size: 14pt;\">Le pr\u00e9sident de la R\u00e9publique a tout fait pour qu\u2019on en arrive l\u00e0. Maintenant il est bien emb\u00eat\u00e9. On ne doit pas d\u00e9pendre du monde entier pour les produits indispensables \u00e0 notre s\u00e9curit\u00e9, \u00e0 notre sant\u00e9. On est en manque de m\u00e9dicaments. Et surtout, en manque d\u2019un pr\u00e9sident qui sache gouverner, car ce n\u2019est pas le cas d\u2019Emmanuel Macron.<\/span><\/p>\n<p>&nbsp;<\/p>\n<p>&nbsp;<\/p>\n<p>&nbsp;<\/p>\n<p style=\"text-align: center;\"><a href=\"http:\/\/blog.lesgrossesorchadeslesamplesthalameges.fr\/wp-content\/uploads\/2020\/04\/Meme-humour-on-peut-discuter-greta-thunberg-didier-raoult-macron-9f649-8d512.jpg\"><img loading=\"lazy\" class=\"alignnone wp-image-9627\" src=\"http:\/\/blog.lesgrossesorchadeslesamplesthalameges.fr\/wp-content\/uploads\/2020\/04\/Meme-humour-on-peut-discuter-greta-thunberg-didier-raoult-macron-9f649-8d512-300x300.jpg\" alt=\"\" width=\"400\" height=\"400\" srcset=\"https:\/\/blog.lesgrossesorchadeslesamplesthalameges.fr\/wp-content\/uploads\/2020\/04\/Meme-humour-on-peut-discuter-greta-thunberg-didier-raoult-macron-9f649-8d512-300x300.jpg 300w, https:\/\/blog.lesgrossesorchadeslesamplesthalameges.fr\/wp-content\/uploads\/2020\/04\/Meme-humour-on-peut-discuter-greta-thunberg-didier-raoult-macron-9f649-8d512-150x150.jpg 150w, https:\/\/blog.lesgrossesorchadeslesamplesthalameges.fr\/wp-content\/uploads\/2020\/04\/Meme-humour-on-peut-discuter-greta-thunberg-didier-raoult-macron-9f649-8d512.jpg 630w\" sizes=\"(max-width: 400px) 100vw, 400px\" \/><\/a><\/p>\n<p>&nbsp;<\/p>\n<p>&nbsp;<\/p>\n<p>&nbsp;<\/p>\n<p style=\"text-align: left;\"><span style=\"font-family: times new roman, times, serif; font-size: 14pt;\"><strong>URL de cet article\u00a0: <\/strong><a href=\"http:\/\/blog.lesgrossesorchadeslesamplesthalameges.fr\/index.php\/brigitte-bardot-la-connerie-reste-lun-des-plus-gros-fleaux-de-letre-humain\/\">http:\/\/blog.lesgrossesorchadeslesamplesthalameges.fr\/index.php\/brigitte-bardot-la-connerie-reste-lun-des-plus-gros-fleaux-de-letre-humain\/<\/a><strong><br \/>\n<\/strong><\/span><\/p>\n<p>&nbsp;<\/p>\n<p>&nbsp;<\/p>\n<p>&nbsp;<\/p>\n<p style=\"text-align: center;\"><a href=\"http:\/\/blog.lesgrossesorchadeslesamplesthalameges.fr\/wp-content\/uploads\/2020\/04\/Fourches-GIF.gif\"><img loading=\"lazy\" class=\"alignnone wp-image-9628\" src=\"http:\/\/blog.lesgrossesorchadeslesamplesthalameges.fr\/wp-content\/uploads\/2020\/04\/Fourches-GIF-300x157.gif\" alt=\"\" width=\"250\" height=\"131\" \/><\/a><\/p>\n<p>&nbsp;<\/p>\n<p><strong>\u00a0<\/strong><\/p>\n<p style=\"text-align: right;\"><span style=\"font-family: comic sans ms, sans-serif; font-size: 14pt;\">Avril 2020<\/span><\/p>\n","protected":false},"excerpt":{"rendered":"<p>\u00a0 &nbsp; &nbsp; &nbsp; &nbsp; &nbsp; &nbsp; Brigitte Bardot : \u00ab\u00a0La connerie reste l\u2019un des plus gros fl\u00e9aux de l\u2019\u00eatre humain\u00a0\u00bb &nbsp; Le Soir \u2013 8.4.2020 &nbsp; &nbsp; \u00c0 la Madrague, la r\u00e9sidence de Saint-Tropez que l\u2019actrice ne quitte plus depuis des ann\u00e9es, son quotidien n\u2019a pas chang\u00e9 depuis le d\u00e9but de la pand\u00e9mie. Son&#8230;<\/p>\n","protected":false},"author":1,"featured_media":0,"parent":0,"menu_order":0,"comment_status":"open","ping_status":"open","template":"","meta":[],"_links":{"self":[{"href":"https:\/\/blog.lesgrossesorchadeslesamplesthalameges.fr\/index.php\/wp-json\/wp\/v2\/pages\/9624"}],"collection":[{"href":"https:\/\/blog.lesgrossesorchadeslesamplesthalameges.fr\/index.php\/wp-json\/wp\/v2\/pages"}],"about":[{"href":"https:\/\/blog.lesgrossesorchadeslesamplesthalameges.fr\/index.php\/wp-json\/wp\/v2\/types\/page"}],"author":[{"embeddable":true,"href":"https:\/\/blog.lesgrossesorchadeslesamplesthalameges.fr\/index.php\/wp-json\/wp\/v2\/users\/1"}],"replies":[{"embeddable":true,"href":"https:\/\/blog.lesgrossesorchadeslesamplesthalameges.fr\/index.php\/wp-json\/wp\/v2\/comments?post=9624"}],"version-history":[{"count":0,"href":"https:\/\/blog.lesgrossesorchadeslesamplesthalameges.fr\/index.php\/wp-json\/wp\/v2\/pages\/9624\/revisions"}],"wp:attachment":[{"href":"https:\/\/blog.lesgrossesorchadeslesamplesthalameges.fr\/index.php\/wp-json\/wp\/v2\/media?parent=9624"}],"curies":[{"name":"wp","href":"https:\/\/api.w.org\/{rel}","templated":true}]}}