{"id":9636,"date":"2020-04-11T23:34:05","date_gmt":"2020-04-11T21:34:05","guid":{"rendered":"http:\/\/blog.lesgrossesorchadeslesamplesthalameges.fr\/?page_id=9636"},"modified":"2020-04-11T23:34:57","modified_gmt":"2020-04-11T21:34:57","slug":"joyeuses-paques","status":"publish","type":"page","link":"https:\/\/blog.lesgrossesorchadeslesamplesthalameges.fr\/index.php\/joyeuses-paques\/","title":{"rendered":"Joyeuses P\u00e2ques !"},"content":{"rendered":"<p>&nbsp;<\/p>\n<p>&nbsp;<\/p>\n<p>&nbsp;<\/p>\n<p>&nbsp;<\/p>\n<p>&nbsp;<\/p>\n<p>&nbsp;<\/p>\n<p style=\"text-align: center;\"><span style=\"font-size: 48pt; color: #c00000;\">JO<span style=\"font-family: times new roman, times, serif;\">YEUSES P\u00c2QUES<\/span><\/span><\/p>\n<p>&nbsp;<\/p>\n<p>&nbsp;<\/p>\n<p style=\"text-align: center;\"><span style=\"font-family: times new roman, times, serif; font-size: 36pt; color: #c00000;\">De Belgique<\/span><\/p>\n<p>&nbsp;<\/p>\n<p style=\"text-align: center;\"><a href=\"http:\/\/blog.lesgrossesorchadeslesamplesthalameges.fr\/wp-content\/uploads\/2020\/04\/KROLL-GIF.gif\"><img loading=\"lazy\" class=\"alignnone wp-image-9535 size-full\" src=\"http:\/\/blog.lesgrossesorchadeslesamplesthalameges.fr\/wp-content\/uploads\/2020\/04\/KROLL-GIF.gif\" alt=\"\" width=\"500\" height=\"437\" \/><\/a><\/p>\n<p>&nbsp;<\/p>\n<p>&nbsp;<\/p>\n<p>&nbsp;<\/p>\n<p style=\"text-align: center;\"><span style=\"font-family: times new roman, times, serif; font-size: 36pt; color: #c00000;\">De chez les doublement confin\u00e9s<br \/>\n<\/span><\/p>\n<p>&nbsp;<\/p>\n<p>&nbsp;<\/p>\n<p style=\"text-align: center;\"><a href=\"http:\/\/blog.lesgrossesorchadeslesamplesthalameges.fr\/wp-content\/uploads\/2020\/04\/SOLIVR-1.jpg\"><img loading=\"lazy\" class=\"alignnone wp-image-9536\" src=\"http:\/\/blog.lesgrossesorchadeslesamplesthalameges.fr\/wp-content\/uploads\/2020\/04\/SOLIVR-1.jpg\" alt=\"\" width=\"600\" height=\"378\" srcset=\"https:\/\/blog.lesgrossesorchadeslesamplesthalameges.fr\/wp-content\/uploads\/2020\/04\/SOLIVR-1.jpg 535w, https:\/\/blog.lesgrossesorchadeslesamplesthalameges.fr\/wp-content\/uploads\/2020\/04\/SOLIVR-1-300x189.jpg 300w\" sizes=\"(max-width: 600px) 100vw, 600px\" \/><\/a><\/p>\n<p>&nbsp;<\/p>\n<p>&nbsp;<\/p>\n<p style=\"text-align: center;\"><span style=\"color: #3797a3;\"><strong><span style=\"font-family: times new roman, times, serif; font-size: 24pt;\">Directement du Saint S\u00e9pulcre<\/span><\/strong><\/span><\/p>\n<p style=\"text-align: center;\"><span style=\"color: #3797a3;\"><strong><span style=\"font-family: times new roman, times, serif; font-size: 24pt;\">et de J\u00e9rusalem capitale \u00e9ternelle de la Palestine<\/span><\/strong><\/span><\/p>\n<p style=\"text-align: center;\"><span style=\"color: #3797a3;\"><strong><span style=\"font-family: times new roman, times, serif; font-size: 36pt;\">Joyeuses f\u00eates de P\u00e2ques<\/span><\/strong><\/span><\/p>\n<p>&nbsp;<\/p>\n<p>&nbsp;<\/p>\n<p style=\"text-align: center;\"><a href=\"http:\/\/blog.lesgrossesorchadeslesamplesthalameges.fr\/wp-content\/uploads\/2020\/04\/SOLIVR-2-GIF.gif\"><img loading=\"lazy\" class=\"alignnone wp-image-9638 size-full\" src=\"http:\/\/blog.lesgrossesorchadeslesamplesthalameges.fr\/wp-content\/uploads\/2020\/04\/SOLIVR-2-GIF.gif\" alt=\"\" width=\"400\" height=\"345\" \/><\/a><\/p>\n<p>&nbsp;<\/p>\n<p>&nbsp;<\/p>\n<p style=\"text-align: center;\"><span style=\"color: #3797a3;\"><strong><span style=\"font-family: arial, helvetica, sans-serif; font-size: 24pt;\">Des dizaines de cadeaux solidaires pour toutes vos f\u00eates<\/span><\/strong><\/span><\/p>\n<p>&nbsp;<\/p>\n<p>&nbsp;<\/p>\n<p style=\"text-align: center;\"><a href=\"http:\/\/blog.lesgrossesorchadeslesamplesthalameges.fr\/wp-content\/uploads\/2020\/04\/SOLIVR-3-GIF.gif\"><img loading=\"lazy\" class=\"alignnone wp-image-9639 size-full\" src=\"http:\/\/blog.lesgrossesorchadeslesamplesthalameges.fr\/wp-content\/uploads\/2020\/04\/SOLIVR-3-GIF.gif\" alt=\"\" width=\"300\" height=\"422\" \/><\/a><\/p>\n<p>&nbsp;<\/p>\n<p>&nbsp;<\/p>\n<p style=\"text-align: center;\"><span style=\"color: #000000;\"><strong><span style=\"font-family: times new roman, times, serif; font-size: 24pt;\">M\u00eame durant le confinement ne vous privez pas et partagez.<\/span><\/strong><\/span><\/p>\n<p>&nbsp;<\/p>\n<p>&nbsp;<\/p>\n<p>&nbsp;<\/p>\n<p><a href=\"http:\/\/blog.lesgrossesorchadeslesamplesthalameges.fr\/wp-content\/uploads\/2020\/04\/Keffieh.jpg\"><img loading=\"lazy\" class=\"aligncenter wp-image-9640\" src=\"http:\/\/blog.lesgrossesorchadeslesamplesthalameges.fr\/wp-content\/uploads\/2020\/04\/Keffieh-300x200.jpg\" alt=\"\" width=\"450\" height=\"300\" srcset=\"https:\/\/blog.lesgrossesorchadeslesamplesthalameges.fr\/wp-content\/uploads\/2020\/04\/Keffieh-300x200.jpg 300w, https:\/\/blog.lesgrossesorchadeslesamplesthalameges.fr\/wp-content\/uploads\/2020\/04\/Keffieh.jpg 650w\" sizes=\"(max-width: 450px) 100vw, 450px\" \/><\/a><\/p>\n<p>&nbsp;<\/p>\n<p>&nbsp;<\/p>\n<p style=\"text-align: center;\"><strong><span style=\"font-family: times new roman, times, serif; font-size: 24pt;\">Offrez des cadeaux exceptionnels.<\/span><\/strong><\/p>\n<p style=\"text-align: center;\"><strong><span style=\"font-family: times new roman, times, serif; font-size: 24pt;\">Made in Palestine<\/span><\/strong><\/p>\n<p>&nbsp;<\/p>\n<p>&nbsp;<\/p>\n<p style=\"text-align: center;\"><a href=\"http:\/\/blog.lesgrossesorchadeslesamplesthalameges.fr\/wp-content\/uploads\/2020\/04\/SOLIVR-4.jpg\"><img loading=\"lazy\" class=\"alignnone wp-image-9641 size-full\" src=\"http:\/\/blog.lesgrossesorchadeslesamplesthalameges.fr\/wp-content\/uploads\/2020\/04\/SOLIVR-4.jpg\" alt=\"\" width=\"400\" height=\"533\" srcset=\"https:\/\/blog.lesgrossesorchadeslesamplesthalameges.fr\/wp-content\/uploads\/2020\/04\/SOLIVR-4.jpg 400w, https:\/\/blog.lesgrossesorchadeslesamplesthalameges.fr\/wp-content\/uploads\/2020\/04\/SOLIVR-4-225x300.jpg 225w\" sizes=\"(max-width: 400px) 100vw, 400px\" \/><\/a><\/p>\n<p>&nbsp;<\/p>\n<p>&nbsp;<\/p>\n<p style=\"text-align: justify;\"><strong><span style=\"font-family: times new roman, times, serif; font-size: 18pt;\">Ensemble notre solidarit\u00e9 humaine<\/span><\/strong><br \/>\n<strong><span style=\"font-family: times new roman, times, serif; font-size: 18pt;\">vaincra le coronavirus<\/span><\/strong><\/p>\n<p style=\"text-align: justify;\"><span style=\"font-family: times new roman, times, serif; font-size: 14pt;\">Nous vous assurons que toutes les mesures de s\u00e9curit\u00e9 n\u00e9cessaires ont \u00e9t\u00e9 prises pour continuer \u00e0 vous servir malgr\u00e9 cette crise !\u00a0Notre volont\u00e9 est de maintenir la\u00a0meilleure exp\u00e9rience avec Solivr\u00a0sans rupture de service, en prot\u00e9geant nos collaborateurs et nos clients tout\u00a0en respectant les pr\u00e9conisations sanitaires en place.<\/span><br \/>\n<span style=\"font-family: times new roman, times, serif; font-size: 14pt;\">Nous vous demandons juste d&rsquo;\u00eatre patients car des retards dans les livraisons sont possibles \u00e0 cause des prestataires des services du transport international et de la distribution de vos colis lorsqu&rsquo;ils arrivent en Europe !<\/span><\/p>\n<p style=\"text-align: justify;\"><strong><span style=\"font-family: times new roman, times, serif; font-size: 18pt;\">Jusqu&rsquo;\u00e0 la fin du confinement dans le monde\u00a0: &#8211; 20% sur tous les produits<\/span><\/strong><\/p>\n<p>&nbsp;<\/p>\n<p>&nbsp;<\/p>\n<p style=\"text-align: center;\"><strong><span style=\"font-family: times new roman, times, serif; font-size: 18pt;\">Voir le site ici<\/span><\/strong><\/p>\n<p style=\"text-align: center;\"><span style=\"font-family: times new roman, times, serif; font-size: 14pt;\">\u00a0\u00a0\u00a0\u00a0\u00a0\u00a0<a href=\"http:\/\/blog.lesgrossesorchadeslesamplesthalameges.fr\/wp-content\/uploads\/2020\/04\/0.-freccia-nera-piccola-xx-3.gif\"><img loading=\"lazy\" class=\"alignnone size-full wp-image-9573\" src=\"http:\/\/blog.lesgrossesorchadeslesamplesthalameges.fr\/wp-content\/uploads\/2020\/04\/0.-freccia-nera-piccola-xx-3.gif\" alt=\"\" width=\"46\" height=\"46\" \/><\/a><\/span><\/p>\n<p style=\"text-align: center; padding-left: 30px;\"><strong><span style=\"font-family: times new roman, times, serif; font-size: 18pt;\"><a href=\"https:\/\/solivr.fr\/\">https:\/\/solivr.fr\/<\/a> \u00a0<\/span><\/strong><\/p>\n<p>&nbsp;<\/p>\n<p style=\"text-align: center; padding-left: 30px;\"><a href=\"http:\/\/blog.lesgrossesorchadeslesamplesthalameges.fr\/wp-content\/uploads\/2020\/04\/SOLIVR-5.jpg\"><img loading=\"lazy\" class=\"alignnone size-full wp-image-9642\" src=\"http:\/\/blog.lesgrossesorchadeslesamplesthalameges.fr\/wp-content\/uploads\/2020\/04\/SOLIVR-5.jpg\" alt=\"\" width=\"200\" height=\"238\" \/><\/a><\/p>\n<p>&nbsp;<\/p>\n<p>&nbsp;<\/p>\n<p style=\"text-align: left;\"><strong><span style=\"font-family: times new roman, times, serif; font-size: 14pt;\">URL de cet article\u00a0: <\/span><\/strong><a href=\"http:\/\/blog.lesgrossesorchadeslesamplesthalameges.fr\/index.php\/joyeuses-paques\/\"><span style=\"font-family: times new roman, times, serif; font-size: 14pt;\">http:\/\/blog.lesgrossesorchadeslesamplesthalameges.fr\/index.php\/joyeuses-paques\/ <\/span><\/a><strong><span style=\"font-family: times new roman, times, serif; font-size: 14pt;\"><br \/>\n<\/span><\/strong><\/p>\n<p>&nbsp;<\/p>\n<p>&nbsp;<\/p>\n<p>&nbsp;<\/p>\n<p style=\"text-align: right;\"><span style=\"font-family: comic sans ms, sans-serif; font-size: 14pt;\">Avril 2020<\/span><\/p>\n<p>&nbsp;<\/p>\n<p>&nbsp;<\/p>\n","protected":false},"excerpt":{"rendered":"<p>&nbsp; &nbsp; &nbsp; &nbsp; &nbsp; &nbsp; JOYEUSES P\u00c2QUES &nbsp; &nbsp; De Belgique &nbsp; &nbsp; &nbsp; &nbsp; De chez les doublement confin\u00e9s &nbsp; &nbsp; &nbsp; &nbsp; Directement du Saint S\u00e9pulcre et de J\u00e9rusalem capitale \u00e9ternelle de la Palestine Joyeuses f\u00eates de P\u00e2ques &nbsp; &nbsp; &nbsp; &nbsp; Des dizaines de cadeaux solidaires pour toutes vos f\u00eates &nbsp;&#8230;<\/p>\n","protected":false},"author":1,"featured_media":0,"parent":0,"menu_order":0,"comment_status":"open","ping_status":"open","template":"","meta":[],"_links":{"self":[{"href":"https:\/\/blog.lesgrossesorchadeslesamplesthalameges.fr\/index.php\/wp-json\/wp\/v2\/pages\/9636"}],"collection":[{"href":"https:\/\/blog.lesgrossesorchadeslesamplesthalameges.fr\/index.php\/wp-json\/wp\/v2\/pages"}],"about":[{"href":"https:\/\/blog.lesgrossesorchadeslesamplesthalameges.fr\/index.php\/wp-json\/wp\/v2\/types\/page"}],"author":[{"embeddable":true,"href":"https:\/\/blog.lesgrossesorchadeslesamplesthalameges.fr\/index.php\/wp-json\/wp\/v2\/users\/1"}],"replies":[{"embeddable":true,"href":"https:\/\/blog.lesgrossesorchadeslesamplesthalameges.fr\/index.php\/wp-json\/wp\/v2\/comments?post=9636"}],"version-history":[{"count":0,"href":"https:\/\/blog.lesgrossesorchadeslesamplesthalameges.fr\/index.php\/wp-json\/wp\/v2\/pages\/9636\/revisions"}],"wp:attachment":[{"href":"https:\/\/blog.lesgrossesorchadeslesamplesthalameges.fr\/index.php\/wp-json\/wp\/v2\/media?parent=9636"}],"curies":[{"name":"wp","href":"https:\/\/api.w.org\/{rel}","templated":true}]}}