{"id":969,"date":"2018-12-09T18:35:39","date_gmt":"2018-12-09T17:35:39","guid":{"rendered":"http:\/\/blog.lesgrossesorchadeslesamplesthalameges.fr\/?page_id=969"},"modified":"2018-12-09T18:35:43","modified_gmt":"2018-12-09T17:35:43","slug":"entreprises-impliquees-dans-la-colonisation","status":"publish","type":"page","link":"https:\/\/blog.lesgrossesorchadeslesamplesthalameges.fr\/index.php\/entreprises-impliquees-dans-la-colonisation\/","title":{"rendered":"Entreprises impliqu\u00e9es dans la colonisation&#8230;"},"content":{"rendered":"<p>&nbsp;<\/p>\n<p><span style=\"font-family: times new roman, times, serif;\"><strong><em>\u00a0<\/em><\/strong><\/span><\/p>\n<p>&nbsp;<\/p>\n<p>&nbsp;<\/p>\n<p>&nbsp;<\/p>\n<p style=\"text-align: center;\"><span style=\"font-family: times new roman, times, serif; font-size: 36pt;\"><strong>Publiez la base de donn\u00e9es des Nations Unies sur les entreprises impliqu\u00e9es dans la colonisation !<\/strong><\/span><\/p>\n<p>&nbsp;<\/p>\n<p>&nbsp;<\/p>\n<p style=\"text-align: center;\"><img loading=\"lazy\" class=\"alignnone wp-image-900\" src=\"http:\/\/blog.lesgrossesorchadeslesamplesthalameges.fr\/wp-content\/uploads\/2018\/12\/palestine-300x216.jpg\" alt=\"\" width=\"500\" height=\"360\" srcset=\"https:\/\/blog.lesgrossesorchadeslesamplesthalameges.fr\/wp-content\/uploads\/2018\/12\/palestine-300x216.jpg 300w, https:\/\/blog.lesgrossesorchadeslesamplesthalameges.fr\/wp-content\/uploads\/2018\/12\/palestine.jpg 326w\" sizes=\"(max-width: 500px) 100vw, 500px\" \/><\/p>\n<p>&nbsp;<\/p>\n<p>&nbsp;<\/p>\n<p style=\"text-align: justify;\"><span style=\"font-family: times new roman, times, serif; font-size: 14pt;\"><strong>Dans une lettre ouverte<\/strong>\u00a0adress\u00e9e au Haut-Commissaire des Nations Unies aux droits de l\u2019homme, 100 organisations, dont l\u2018<span style=\"color: #c00000;\"><strong>Association belgo-palestinienne<\/strong><\/span>, le CNCD-11.11.11 et plusieurs autres ONG belges, demandent la publication imm\u00e9diate d\u2019une base de donn\u00e9es des Nations Unies des entreprises actives dans les colonies isra\u00e9liennes.<\/span><\/p>\n<p style=\"text-align: justify;\"><span style=\"font-family: times new roman, times, serif; font-size: 14pt;\">Les colonies isra\u00e9liennes sont des crimes de guerre au regard du droit international et rendent impossible un d\u00e9veloppement socio\u00e9conomique durable dans le territoire palestinien occup\u00e9.<\/span><\/p>\n<p style=\"text-align: justify;\"><span style=\"font-family: times new roman, times, serif; font-size: 14pt;\">Malgr\u00e9 cela, de nombreuses banques et entreprises priv\u00e9es fournissent encore la base financi\u00e8re n\u00e9cessaire au maintien et \u00e0 l\u2019expansion de l\u2019\u00e9conomie des colonies isra\u00e9liennes. C\u2019est pour cette raison que les Nations unies travaillent depuis 2016 sur une\u00a0<a href=\"https:\/\/www.cncd.be\/Base-de-donnees-des-entreprises\">base de donn\u00e9es<\/a>\u00a0des entreprises actives dans la colonisation isra\u00e9lienne.<\/span><\/p>\n<p>&nbsp;<\/p>\n<p><strong><span style=\"font-family: times new roman, times, serif; font-size: 18pt;\">BASE DE DONN\u00c9ES DYNAMIQUE<\/span><\/strong><\/p>\n<p style=\"text-align: justify;\"><span style=\"font-family: times new roman, times, serif; font-size: 14pt;\">La publication de cette base de donn\u00e9es a d\u00e9j\u00e0 \u00e9t\u00e9 retard\u00e9e \u00e0 plusieurs reprises, notamment \u00e0 cause des fortes pressions am\u00e9ricaines et isra\u00e9liennes. Dans une\u00a0<a href=\"https:\/\/cihrs.org\/joint-open-letter-to-the-high-commissioner-re-un-database-on-business-enterprises-with-activities-related-to-israeli-settlements-in-the-opt\/?lang=en\">lettre ouverte adress\u00e9e \u00e0 Michelle Bachelet<\/a>, la nouvelle Haute-Commissaire des Nations unies aux droits de l\u2019homme, 100 organisations palestiniennes, internationales et belges* demandent donc la publication imm\u00e9diate de la base de donn\u00e9es de l\u2019ONU.<\/span><\/p>\n<p style=\"text-align: justify;\"><span style=\"font-family: times new roman, times, serif; font-size: 14pt;\">Elles soulignent \u00e9galement que la base de donn\u00e9es devrait \u00eatre disponible en ligne et mise \u00e0 jour r\u00e9guli\u00e8rement. Ainsi les entreprises qui se retirent des colonies peuvent \u00eatre retir\u00e9es de la base de donn\u00e9es imm\u00e9diatement, au lieu d\u2019attendre des mois.<\/span><\/p>\n<p style=\"text-align: justify;\"><span style=\"font-family: times new roman, times, serif; font-size: 14pt;\">Les organisations signataires soulignent en outre que les Nations unies doivent garantir des ressources suffisantes pour le maintien et la mise \u00e0 jour de la base de donn\u00e9es et que les \u00c9tats membres doivent de leur c\u00f4t\u00e9 informer les entreprises de l\u2019existence de la base de donn\u00e9es.<\/span><\/p>\n<p>&nbsp;<\/p>\n<p><strong><span style=\"font-family: times new roman, times, serif; font-size: 18pt;\">BELGIQUE<\/span><\/strong><\/p>\n<p style=\"text-align: justify;\"><span style=\"font-family: times new roman, times, serif; font-size: 14pt;\">En octobre dernier, le ministre des Affaires \u00e9trang\u00e8res Didier Reynders a r\u00e9it\u00e9r\u00e9\u00a0<a href=\"http:\/\/www.dekamer.be\/doc\/CCRI\/pdf\/54\/ic982.pdf\">au Parlement<\/a>\u00a0que la Belgique \u00e9tait favorable \u00e0 la base de donn\u00e9es des Nations unies. Le CNCD-11.11.11 appelle donc le ministre et la repr\u00e9sentation diplomatique belge \u00e0 Gen\u00e8ve \u00e0 promouvoir activement la publication rapide de la base de donn\u00e9es, sous une forme dynamique, et \u00e0 \u00e9galement mobiliser les autres \u00c9tats membres de l\u2019UE dans ce sens.<\/span><\/p>\n<p style=\"text-align: justify;\"><span style=\"font-family: times new roman, times, serif; font-size: 14pt;\">Ce genre d\u2019initiatives belges contribuerait au d\u00e9veloppement d\u2019une \u00ab\u00a0<a href=\"https:\/\/www.cncd.be\/Israel-Palestine-la-Belgique-et-l\">politique de diff\u00e9renciation<\/a>\u00a0\u00bb europ\u00e9enne \u00e0 l\u2019\u00e9gard des colonies, par laquelle les pays excluent syst\u00e9matiquement les colonies isra\u00e9liennes de toute relation politique, financi\u00e8re et \u00e9conomique.<\/span><\/p>\n<p style=\"text-align: justify;\"><span style=\"font-family: times new roman, times, serif; font-size: 14pt;\">Le\u00a0<a href=\"http:\/\/www.un.org\/fr\/documents\/view_doc.asp?symbol=S\/RES\/2334%282016%29\">Conseil de s\u00e9curit\u00e9 des Nations unies<\/a>\u00a0et le\u00a0<a href=\"http:\/\/www.lachambre.be\/FLWB\/PDF\/54\/1973\/54K1973008.pdf\">Parlement f\u00e9d\u00e9ral<\/a>\u00a0demandent \u00e9galement l\u2019\u00e9laboration d\u2019une telle politique de diff\u00e9renciation.<\/span><\/p>\n<p>&nbsp;<\/p>\n<p><span style=\"font-family: times new roman, times, serif; font-size: 14pt;\">Source\u00a0: <a href=\"http:\/\/www.association-belgo-palestinienne.be\/publiez-la-base-de-donnees-des-nations-unies-sur-les-entreprises-impliquees-dans-la-colonisation\/\">http:\/\/www.association-belgo-palestinienne.be\/publiez-la-base-de-donnees-des-nations-unies-sur-les-entreprises-impliquees-dans-la-colonisation\/<\/a><\/span><\/p>\n<p>&nbsp;<\/p>\n<p>&nbsp;<\/p>\n<p style=\"text-align: center;\"><img loading=\"lazy\" class=\"alignnone size-full wp-image-954\" src=\"http:\/\/blog.lesgrossesorchadeslesamplesthalameges.fr\/wp-content\/uploads\/2018\/12\/dangerous-times-1.gif\" alt=\"\" width=\"70\" height=\"63\" \/><\/p>\n<p>&nbsp;<\/p>\n<p>&nbsp;<\/p>\n<p style=\"text-align: right;\"><span style=\"font-family: comic sans ms, sans-serif;\">D\u00e9cembre 2018<\/span><\/p>\n<p>&nbsp;<\/p>\n<p>&nbsp;<\/p>\n","protected":false},"excerpt":{"rendered":"<p>&nbsp; \u00a0 &nbsp; &nbsp; &nbsp; Publiez la base de donn\u00e9es des Nations Unies sur les entreprises impliqu\u00e9es dans la colonisation ! &nbsp; &nbsp; &nbsp; &nbsp; Dans une lettre ouverte\u00a0adress\u00e9e au Haut-Commissaire des Nations Unies aux droits de l\u2019homme, 100 organisations, dont l\u2018Association belgo-palestinienne, le CNCD-11.11.11 et plusieurs autres ONG belges, demandent la publication imm\u00e9diate d\u2019une&#8230;<\/p>\n","protected":false},"author":1,"featured_media":0,"parent":0,"menu_order":0,"comment_status":"open","ping_status":"closed","template":"","meta":[],"_links":{"self":[{"href":"https:\/\/blog.lesgrossesorchadeslesamplesthalameges.fr\/index.php\/wp-json\/wp\/v2\/pages\/969"}],"collection":[{"href":"https:\/\/blog.lesgrossesorchadeslesamplesthalameges.fr\/index.php\/wp-json\/wp\/v2\/pages"}],"about":[{"href":"https:\/\/blog.lesgrossesorchadeslesamplesthalameges.fr\/index.php\/wp-json\/wp\/v2\/types\/page"}],"author":[{"embeddable":true,"href":"https:\/\/blog.lesgrossesorchadeslesamplesthalameges.fr\/index.php\/wp-json\/wp\/v2\/users\/1"}],"replies":[{"embeddable":true,"href":"https:\/\/blog.lesgrossesorchadeslesamplesthalameges.fr\/index.php\/wp-json\/wp\/v2\/comments?post=969"}],"version-history":[{"count":0,"href":"https:\/\/blog.lesgrossesorchadeslesamplesthalameges.fr\/index.php\/wp-json\/wp\/v2\/pages\/969\/revisions"}],"wp:attachment":[{"href":"https:\/\/blog.lesgrossesorchadeslesamplesthalameges.fr\/index.php\/wp-json\/wp\/v2\/media?parent=969"}],"curies":[{"name":"wp","href":"https:\/\/api.w.org\/{rel}","templated":true}]}}