{"id":9709,"date":"2020-04-13T22:36:23","date_gmt":"2020-04-13T20:36:23","guid":{"rendered":"http:\/\/blog.lesgrossesorchadeslesamplesthalameges.fr\/?page_id=9709"},"modified":"2020-04-13T22:37:13","modified_gmt":"2020-04-13T20:37:13","slug":"russophobie-coronabracadabrantesque","status":"publish","type":"page","link":"https:\/\/blog.lesgrossesorchadeslesamplesthalameges.fr\/index.php\/russophobie-coronabracadabrantesque\/","title":{"rendered":"Russophobie Coronabracadabrantesque"},"content":{"rendered":"<p style=\"text-align: justify;\"><span style=\"font-family: times new roman, times, serif; font-size: 14pt;\"><strong>\u00a0<\/strong><\/span><\/p>\n<p>&nbsp;<\/p>\n<p>&nbsp;<\/p>\n<p>&nbsp;<\/p>\n<p>&nbsp;<\/p>\n<p>&nbsp;<\/p>\n<p>&nbsp;<\/p>\n<p style=\"text-align: center;\"><span style=\"font-family: times new roman, times, serif; font-size: 36pt;\"><strong>Russophobie Coronabracadabrantesque\u2026<\/strong><\/span><\/p>\n<p style=\"text-align: center;\"><span style=\"font-family: times new roman, times, serif; font-size: 14pt;\"><strong>\u00a0<\/strong><\/span><\/p>\n<p style=\"text-align: center;\"><span style=\"font-family: times new roman, times, serif; font-size: 18pt;\"><strong>Georges Stanechy \u2013 <em>\u00c0 contre-courant<\/em> \u2013 12.4.2020<\/strong><\/span><\/p>\n<p>&nbsp;<\/p>\n<p>&nbsp;<\/p>\n<p style=\"text-align: justify;\"><span style=\"font-family: times new roman, times, serif; font-size: 14pt;\"><strong><em>\u00a0\u00ab\u00a0\u2026 L\u2019homme d\u2019argile savoura son importance et son pouvoir.<\/em><\/strong><\/span><\/p>\n<p style=\"text-align: justify;\"><span style=\"font-family: times new roman, times, serif; font-size: 14pt;\"><strong><em>Une fois lanc\u00e9, l\u2019homme d\u2019argile ne pouvait plus s\u2019arr\u00eater\u2026<\/em><\/strong><\/span><\/p>\n<p style=\"text-align: justify;\"><span style=\"font-family: times new roman, times, serif; font-size: 14pt;\"><strong><em>Il \u00e9tait insatiable.<\/em><\/strong><\/span><\/p>\n<p style=\"text-align: justify;\"><span style=\"font-family: times new roman, times, serif; font-size: 14pt;\"><strong><em>Quand il eut go\u00fbt\u00e9 \u00e0 l\u2019or, il voulut tout l\u2019or.<br \/>\nPuis ce fut la terre et tout ce qu\u2019il voyait.<\/em><\/strong><\/span><\/p>\n<p style=\"text-align: justify;\"><span style=\"font-family: times new roman, times, serif; font-size: 14pt;\"><strong><em>Sa convoitise le poussait \u00e0 vouloir toujours plus.<\/em><\/strong><\/span><\/p>\n<p style=\"text-align: justify;\"><span style=\"font-family: times new roman, times, serif; font-size: 14pt;\"><strong><em>Bient\u00f4t ce furent des pays, et puis tous les biens.<br \/>\nSa convoitise empoisonna la terre.\u00a0\u00bb<\/em><\/strong><\/span><\/p>\n<p style=\"text-align: justify;\"><span style=\"font-family: times new roman, times, serif; font-size: 14pt;\">Joy Harjo\u00a0 (<strong>1<\/strong>)<\/span><\/p>\n<p>&nbsp;<\/p>\n<p>&nbsp;<\/p>\n<p style=\"text-align: justify;\"><span style=\"font-family: times new roman, times, serif; font-size: 14pt;\">Dans nos pays d\u2019Occident, l\u2019IMD (Industrie M\u00e9diatique de la D\u00e9sinformation) tourne \u00e0 pleine vapeur. Aucune limite \u00e0 son morbide matraquage, heure par heure, dans une hyst\u00e9rie anxiog\u00e8ne sid\u00e9rante.<\/span><\/p>\n<p style=\"text-align: justify;\"><span style=\"font-family: times new roman, times, serif; font-size: 14pt;\">Dont on se demande si elle sera en mesure de s\u2019arr\u00eater lorsque tous les citoyens de nos soci\u00e9t\u00e9s \u00ab\u00a0civilis\u00e9es\u00a0\u00bb se seront docilement, <a href=\"http:\/\/stanechy.over-blog.com\/2017\/02\/macron-le-masque.html\">sur injonction de leurs oligarques<\/a> arm\u00e9s de leurs appareils r\u00e9pressifs (<strong>2<\/strong>), \u00ab\u00a0<em>emmur\u00e9s vivants\u00a0<\/em>\u00bb \u2026<\/span><\/p>\n<p style=\"text-align: justify;\"><span style=\"font-family: times new roman, times, serif; font-size: 14pt;\">Jusqu\u2019\u00e0 leur mort.<\/span><\/p>\n<p style=\"text-align: justify;\"><span style=\"font-family: times new roman, times, serif; font-size: 14pt;\">Toutefois, \u00e7a et l\u00e0 se constituent, progressivement, dans tous nos pays, de courageux \u00eelots de r\u00e9sistance (<strong>3<\/strong>) face \u00e0 ce colossal formatage des esprits\u00a0; cette m\u00e9thodique anesth\u00e9sie de l\u2019esprit critique\u00a0; cette gigantesque <a href=\"http:\/\/stanechy.over-blog.com\/2020\/03\/l-info-a-sa-source.html\">manipulation des faits, des chiffres et des r\u00e9alit\u00e9s\u00a0<\/a>(<strong>4<\/strong>).<\/span><\/p>\n<p style=\"text-align: justify;\"><span style=\"font-family: times new roman, times, serif; font-size: 14pt;\">Face \u00e0 ce goulag \u00ab\u00a0aseptis\u00e9\u00a0\u00bb, que <em>Michel Foucault<\/em> avait esquiss\u00e9 dans son ouvrage\u00a0: <a href=\"https:\/\/fr.wikipedia.org\/wiki\/Surveiller_et_punir\"><em>Surveiller et Punir<\/em><\/a> (5)\u00a0; goulag assum\u00e9 dans une z\u00e9l\u00e9e \u00ab\u00a0<a href=\"https:\/\/fr.wikipedia.org\/wiki\/Discours_de_la_servitude_volontaire\">servitude volontaire<\/a>\u00a0\u00bb, courbant l&rsquo;\u00e9chine devant la tyrannie, si finement analys\u00e9e d\u00e8s 1574 par <em>Etienne de La Bo\u00e9tie<\/em>\u2026 (<strong>6<\/strong>)<\/span><\/p>\n<p style=\"text-align: justify;\"><span style=\"font-family: times new roman, times, serif; font-size: 14pt;\">Le plus frappant est de constater que dans cette psychose collective, ce chaos planifi\u00e9 et implacablement entretenu, certains milieux ou forces organis\u00e9es ne perdent pas la boussole\u2026<\/span><\/p>\n<p style=\"text-align: justify;\"><span style=\"font-family: times new roman, times, serif; font-size: 14pt;\">Entre autres\u00a0: l\u2019obsessionnelle Russophobie.<\/span><\/p>\n<p style=\"text-align: justify;\"><span style=\"font-family: times new roman, times, serif; font-size: 14pt;\">M\u00e9thodique propagande \u00e0 l\u2019ext\u00e9rieur de la F\u00e9d\u00e9ration Russe\u00a0; et multiples entreprises, ou du moins essais, de d\u00e9stabilisation \u00e0 l\u2019int\u00e9rieur. La faire \u00e9clater pour s\u2019emparer de ses immenses ressources est depuis longtemps l\u2019objectif permanent de nos oligarchies.<\/span><\/p>\n<p style=\"text-align: justify;\"><span style=\"font-family: times new roman, times, serif; font-size: 14pt;\">Notre meilleure historienne actuelle, <em>Annie Lacroix-Riz<\/em>, le rappelle\u00a0preuves \u00e0 l\u2019appui : avant la r\u00e9volution de 1917, sous le dernier Tsar, la quasi-totalit\u00e9 du syst\u00e8me financier, des industries et des mines russes \u00e9tait d\u00e9tenue par les puissances europ\u00e9ennes. (<strong>7<\/strong>)<\/span><\/p>\n<p style=\"text-align: justify;\"><span style=\"font-family: times new roman, times, serif; font-size: 14pt;\">Renouer avec cette fructueuse pr\u00e9dation est l\u2019armature de la pens\u00e9e oligarchique occidentale.<\/span><\/p>\n<p style=\"text-align: justify;\"><span style=\"font-family: times new roman, times, serif; font-size: 14pt;\">Il est en cons\u00e9quence intol\u00e9rable de voir cette Nation \u00eatre parmi les mieux g\u00e9r\u00e9es et les plus solides dans cette crise plan\u00e9taire. Au point qu\u2019elle se trouve en mesure d\u2019envoyer une aide de grande ampleur aux USA, en Italie (9 avions gros transporteurs\u2026), en Serbie, en Chine et dans d\u2019autres pays.<\/span><\/p>\n<p style=\"text-align: justify;\"><span style=\"font-family: times new roman, times, serif; font-size: 14pt;\">De quoi s\u2019\u00e9touffer de d\u00e9pit, s\u2019\u00e9trangler de rage\u00a0!&#8230;<\/span><\/p>\n<p style=\"text-align: justify;\"><span style=\"font-family: times new roman, times, serif; font-size: 14pt;\">Je vous invite \u00e0 visionner cette courte vid\u00e9o de <em>Xavier Moreau<\/em>, qui vit \u00e0 Moscou, d\u00e9construisant ces man\u0153uvres d\u2019enfumage, notamment dans les m\u00e9dias fran\u00e7ais.<\/span><\/p>\n<p style=\"text-align: justify;\"><span style=\"font-family: times new roman, times, serif; font-size: 14pt;\">Un petit r\u00e9gal\u00a0:<\/span><\/p>\n<p>&nbsp;<\/p>\n<p>&nbsp;<\/p>\n<p style=\"text-align: center;\"><span style=\"font-family: times new roman, times, serif; font-size: 14pt;\"><iframe loading=\"lazy\" src=\"\/\/www.youtube.com\/embed\/zCXMJmFWRgs\" width=\"560\" height=\"315\" frameborder=\"0\" allowfullscreen=\"allowfullscreen\"><\/iframe><\/span><\/p>\n<p>&nbsp;<\/p>\n<p>&nbsp;<\/p>\n<p style=\"text-align: justify;\"><span style=\"font-family: times new roman, times, serif; font-size: 14pt;\">_____________________<\/span><\/p>\n<p>&nbsp;<\/p>\n<ol style=\"text-align: justify;\">\n<li><span style=\"font-family: times new roman, times, serif; font-size: 14pt;\"><em>Joy Harjo<\/em>, \u00ab\u00a0<em>Crazy Brave\u00a0\u00bb<\/em>, Editions Globe \u2013 D\u00e9cembre 2019 \u2013 p.26. Extrait d\u2019un de ses po\u00e8mes, traduit de l\u2019anglais. <em>Joy<\/em> est une artiste am\u00e9rindienne n\u00e9e \u00e0 Tulsa, Oklahoma, d\u2019une m\u00e8re Cherokee et d\u2019un p\u00e8re Creek.<\/span><br \/>\n<span style=\"font-family: times new roman, times, serif; font-size: 14pt;\">Elle est la descendante de cette g\u00e9n\u00e9ration de <a href=\"http:\/\/stanechy.over-blog.com\/article-geronimo-73423407.html\">nations autochtones chass\u00e9es de leurs terres<\/a> avec leurs seuls v\u00eatements, d\u00e9port\u00e9es sur des milliers de kilom\u00e8tres de pistes par l\u2019arm\u00e9e US, \u00e0 pied. Plus de 3.500 kms ont \u00e9t\u00e9 recens\u00e9es, sur 6 Etats. De 1831 \u00e0 1838, en application de l\u2019<em><a href=\"https:\/\/fr.wikipedia.org\/wiki\/Indian_Removal_Act\">Indian Removal Act<\/a><\/em>.<\/span><br \/>\n<span style=\"font-family: times new roman, times, serif; font-size: 14pt;\">Politiciens colonialistes et tra\u00eeneurs de sabre sanguinaires de l\u2019\u00e9poque qualifiaient cyniquement cette politique de : \u00ab\u00a0grand d\u00e9rangement\u00a0\u00bb\u00a0; dont le g\u00e9n\u00e9ral <em>Winfield Scott<\/em> \u2013 authentique criminel de guerre \u2013 qui en fut l&rsquo;un des plus z\u00e9l\u00e9s organisateurs (en 1852, il pr\u00e9senta sa candidature \u00ab\u00a0pro-esclavagiste\u00a0\u00bb \u00e0 la pr\u00e9sidence des USA). Aujourd\u2019hui, il serait un f\u00e9roce promoteur, dans des dizaines de pays, des politiques \u00ab\u00a0<em>sanctions &#8211; changements de r\u00e9gime &#8211; chaos organis\u00e9s et travestis en guerres civiles<\/em>\u00bb, avec, cumul\u00e9s, leurs millions de morts, de bless\u00e9s, de traumatis\u00e9s et de personnes \u00ab\u00a0<em>d\u00e9plac\u00e9es<\/em>\u00a0\u00bb ou \u00ab\u00a0<em>r\u00e9fugi\u00e9es<\/em>\u00ab\u00a0\u2026 Environ 10.000 dit-on, certainement beaucoup plus, moururent dans des conditions atroces, d\u2019\u00e9puisement, de faim, de soif, de froid\u2026 Ce \u00ab\u00a0nettoyage ethnique\u00a0\u00bb est appel\u00e9 pudiquement dans les livres d\u2019Histoire am\u00e9ricains\u00a0: \u00ab\u00a0<em>The Trail of Tears<\/em>\u00a0\u00bb &#8211; \u00ab\u00a0<a href=\"https:\/\/fr.wikipedia.org\/wiki\/Piste_des_Larmes\">La Piste des Larmes\u00a0<\/a>\u00bb.<\/span><\/li>\n<li><span style=\"font-family: times new roman, times, serif; font-size: 14pt;\">Georges Stanechy, <em>Macron\u00a0: le Masque de l\u2019Hyperviolence Oligarchique<\/em>, 11 mars 2017, <a href=\"http:\/\/stanechy.over-blog.com\/2017\/02\/macron-le-masque.html\">http:\/\/stanechy.over-blog.com\/2017\/02\/macron-le-masque.html<\/a><\/span><\/li>\n<li><span style=\"font-family: times new roman, times, serif; font-size: 14pt;\">Exemples\u00a0:<\/span><br \/>\n<span style=\"font-family: times new roman, times, serif; font-size: 14pt;\"><strong>=&gt;\u00a0<\/strong> Au Qu\u00e9bec\u00a0: Radio-Qu\u00e9bec, Alexis Cossette, <em>Pand\u00e9mie\u00a0: La Trahison des M\u00e9dias<\/em>, 1<sup>er<\/sup> Avril 2020, <a href=\"https:\/\/www.youtube.com\/watch?v=Z5kA6iBpYR4\">https:\/\/www.youtube.com\/watch?v=Z5kA6iBpYR4<\/a><\/span><br \/>\n<span style=\"font-family: times new roman, times, serif; font-size: 14pt;\"><strong>=&gt;\u00a0<\/strong> En Californie\u00a0: Kim Iversen, <em>RONA Updates\u00a0: New Projections, Lots of Poverty, Latest Data<\/em>, 9 Avril 2020, <a href=\"https:\/\/www.youtube.com\/watch?v=RGeiYxcXtNU\">https:\/\/www.youtube.com\/watch?v=RGeiYxcXtNU<\/a><\/span><\/li>\n<li><span style=\"font-family: times new roman, times, serif; font-size: 14pt;\">Georges Stanechy, <em>L\u2019Info \u00e0 sa Source<\/em>, 18 mars 2020, <a href=\"http:\/\/stanechy.over-blog.com\/2020\/03\/l-info-a-sa-source.html\">http:\/\/stanechy.over-blog.com\/2020\/03\/l-info-a-sa-source.html<\/a><\/span><\/li>\n<li><span style=\"font-family: times new roman, times, serif; font-size: 14pt;\">Michel Foucault, <em>Surveiller et Punir \u2013 <\/em>sous-titre\u00a0:<em> Naissance de la Prison<\/em>, Editions Gallimard, premi\u00e8re parution\u00a0: f\u00e9vrier 1975.<\/span><\/li>\n<li><span style=\"font-family: times new roman, times, serif; font-size: 14pt;\">Etienne de La Bo\u00e9tie, <a href=\"https:\/\/fr.wikipedia.org\/wiki\/Discours_de_la_servitude_volontaire\"><em>Discours de la Servitude Volontaire<\/em><\/a>, premi\u00e8re publication : 1574.<\/span><\/li>\n<li><span style=\"font-family: times new roman, times, serif; font-size: 14pt;\">Annie Lacroix-Riz, <em>La R\u00e9volution d\u2019Octobre<\/em>, 2 d\u00e9cembre 2017, <a href=\"https:\/\/www.youtube.com\/watch?v=1Cznr1gwVQs\">https:\/\/www.youtube.com\/watch?v=1Cznr1gwVQs<\/a><\/span><\/li>\n<\/ol>\n<p>&nbsp;<\/p>\n<p style=\"text-align: justify;\"><span style=\"font-family: times new roman, times, serif; font-size: 14pt;\">Source\u00a0: <a href=\"http:\/\/stanechy.over-blog.com\/2020\/04\/russophobie.html\">http:\/\/stanechy.over-blog.com\/2020\/04\/russophobie.html<\/a><\/span><\/p>\n<p style=\"text-align: left;\"><strong><span style=\"font-family: times new roman, times, serif; font-size: 14pt;\">URL de cet article : <\/span><\/strong><a href=\"http:\/\/blog.lesgrossesorchadeslesamplesthalameges.fr\/index.php\/russophobie-coronabracadabrantesque\/\"><span style=\"font-family: times new roman, times, serif; font-size: 14pt;\">http:\/\/blog.lesgrossesorchadeslesamplesthalameges.fr\/index.php\/russophobie-coronabracadabrantesque\/<\/span><\/a><strong><span style=\"font-family: times new roman, times, serif; font-size: 14pt;\"><br \/>\n<\/span><\/strong><\/p>\n<p>&nbsp;<\/p>\n<p style=\"text-align: center;\"><a href=\"http:\/\/blog.lesgrossesorchadeslesamplesthalameges.fr\/wp-content\/uploads\/2020\/04\/Vache-1-GIF.gif\"><img loading=\"lazy\" class=\"alignnone wp-image-9677\" src=\"http:\/\/blog.lesgrossesorchadeslesamplesthalameges.fr\/wp-content\/uploads\/2020\/04\/Vache-1-GIF.gif\" alt=\"\" width=\"80\" height=\"120\" \/><\/a><\/p>\n<p>&nbsp;<\/p>\n<p style=\"text-align: right;\"><span style=\"font-family: comic sans ms, sans-serif;\">Avril 2020<\/span><\/p>\n<p>&nbsp;<\/p>\n<p>&nbsp;<\/p>\n","protected":false},"excerpt":{"rendered":"<p>\u00a0 &nbsp; &nbsp; &nbsp; &nbsp; &nbsp; &nbsp; Russophobie Coronabracadabrantesque\u2026 \u00a0 Georges Stanechy \u2013 \u00c0 contre-courant \u2013 12.4.2020 &nbsp; &nbsp; \u00a0\u00ab\u00a0\u2026 L\u2019homme d\u2019argile savoura son importance et son pouvoir. Une fois lanc\u00e9, l\u2019homme d\u2019argile ne pouvait plus s\u2019arr\u00eater\u2026 Il \u00e9tait insatiable. Quand il eut go\u00fbt\u00e9 \u00e0 l\u2019or, il voulut tout l\u2019or. Puis ce fut la terre&#8230;<\/p>\n","protected":false},"author":1,"featured_media":0,"parent":0,"menu_order":0,"comment_status":"open","ping_status":"open","template":"","meta":[],"_links":{"self":[{"href":"https:\/\/blog.lesgrossesorchadeslesamplesthalameges.fr\/index.php\/wp-json\/wp\/v2\/pages\/9709"}],"collection":[{"href":"https:\/\/blog.lesgrossesorchadeslesamplesthalameges.fr\/index.php\/wp-json\/wp\/v2\/pages"}],"about":[{"href":"https:\/\/blog.lesgrossesorchadeslesamplesthalameges.fr\/index.php\/wp-json\/wp\/v2\/types\/page"}],"author":[{"embeddable":true,"href":"https:\/\/blog.lesgrossesorchadeslesamplesthalameges.fr\/index.php\/wp-json\/wp\/v2\/users\/1"}],"replies":[{"embeddable":true,"href":"https:\/\/blog.lesgrossesorchadeslesamplesthalameges.fr\/index.php\/wp-json\/wp\/v2\/comments?post=9709"}],"version-history":[{"count":0,"href":"https:\/\/blog.lesgrossesorchadeslesamplesthalameges.fr\/index.php\/wp-json\/wp\/v2\/pages\/9709\/revisions"}],"wp:attachment":[{"href":"https:\/\/blog.lesgrossesorchadeslesamplesthalameges.fr\/index.php\/wp-json\/wp\/v2\/media?parent=9709"}],"curies":[{"name":"wp","href":"https:\/\/api.w.org\/{rel}","templated":true}]}}