{"id":9717,"date":"2020-04-13T22:53:51","date_gmt":"2020-04-13T20:53:51","guid":{"rendered":"http:\/\/blog.lesgrossesorchadeslesamplesthalameges.fr\/?page_id=9717"},"modified":"2020-04-13T22:54:40","modified_gmt":"2020-04-13T20:54:40","slug":"didier-porte-arrete-lautoflagellation","status":"publish","type":"page","link":"https:\/\/blog.lesgrossesorchadeslesamplesthalameges.fr\/index.php\/didier-porte-arrete-lautoflagellation\/","title":{"rendered":"Didier Porte arr\u00eate l&rsquo;autoflagellation"},"content":{"rendered":"<p>&nbsp;<\/p>\n<p>&nbsp;<\/p>\n<p>&nbsp;<\/p>\n<p>&nbsp;<\/p>\n<p>&nbsp;<\/p>\n<p>&nbsp;<\/p>\n<p style=\"text-align: justify;\"><span style=\"font-family: times new roman, times, serif; font-size: 18pt; color: #c00000;\"><strong><em>Carnets de confinement<\/em><\/strong><\/span><\/p>\n<p>&nbsp;<\/p>\n<p style=\"text-align: justify;\"><span style=\"font-family: times new roman, times, serif; font-size: 14pt;\"><strong>\u00a0<\/strong><\/span><\/p>\n<p style=\"text-align: center;\"><span style=\"font-family: times new roman, times, serif; font-size: 36pt;\"><strong>Didier Porte arr\u00eate l\u2019autoflagellation<\/strong><\/span><\/p>\n<p>&nbsp;<\/p>\n<p style=\"text-align: center;\"><span style=\"font-family: times new roman, times, serif; font-size: 18pt;\"><strong><em>L\u00e0-Bas si j\u2019y suis \u00e0 distance<\/em><\/strong><strong> \u2013 \u00a010.4.2020<\/strong><\/span><\/p>\n<p>&nbsp;<\/p>\n<p>&nbsp;<\/p>\n<p style=\"text-align: center;\"><a href=\"http:\/\/blog.lesgrossesorchadeslesamplesthalameges.fr\/wp-content\/uploads\/2020\/04\/didierportearretelautoflagellation-3.jpg\"><img loading=\"lazy\" class=\"alignnone wp-image-9684 size-full\" src=\"http:\/\/blog.lesgrossesorchadeslesamplesthalameges.fr\/wp-content\/uploads\/2020\/04\/didierportearretelautoflagellation-3.jpg\" alt=\"\" width=\"600\" height=\"433\" srcset=\"https:\/\/blog.lesgrossesorchadeslesamplesthalameges.fr\/wp-content\/uploads\/2020\/04\/didierportearretelautoflagellation-3.jpg 600w, https:\/\/blog.lesgrossesorchadeslesamplesthalameges.fr\/wp-content\/uploads\/2020\/04\/didierportearretelautoflagellation-3-300x217.jpg 300w\" sizes=\"(max-width: 600px) 100vw, 600px\" \/><\/a><\/p>\n<p style=\"text-align: justify;\"><span style=\"font-family: times new roman, times, serif; font-size: 14pt;\"><strong>\u00a0<\/strong><\/span><\/p>\n<p>&nbsp;<\/p>\n<p style=\"text-align: justify;\"><span style=\"font-family: times new roman, times, serif; font-size: 14pt;\"><strong>Ami abonn\u00e9,<\/strong><\/span><\/p>\n<p>&nbsp;<\/p>\n<p style=\"text-align: justify;\"><span style=\"font-family: times new roman, times, serif; font-size: 14pt;\">\u00c7a fait d\u00e9j\u00e0 un moment que je m\u2019interroge sur mon engagement politique de fin de vie\u00a0; et je crois bien que ce coup-ci, je n\u2019ai pas le choix. Je suis dans son collimateur au jeune Corola-virus, et \u00e7a sera lui ou moi. Et ne me dis pas que je suis parano.<\/span><\/p>\n<p style=\"text-align: justify;\"><span style=\"font-family: times new roman, times, serif; font-size: 14pt;\">Pour un jeune virus chinois un peu ambitieux d\u00e9sireux de se faire un nom dans la bact\u00e9riosph\u00e8re, je suis carr\u00e9ment hyper-corona-compatible\u00a0: 62 piges, fumeur inv\u00e9t\u00e9r\u00e9 depuis l\u2019\u00e2ge de 14 ans, 15 kilos de trop sans probl\u00e8me \u2013 et peut-\u00eatre m\u00eame un peu plus \u2013 et pour coronarer le tableau, le tout irrigu\u00e9 par ce bon vieux raisin\u00e9, comme aurait dit San-Antonio, du groupe A1 \u2013 le plus r\u00e9pandu, certes, mais aussi le pr\u00e9f\u00e9r\u00e9, d\u2019apr\u00e8s les m\u00e9decins, des vampires de la nouvelle g\u00e9n\u00e9ration.<\/span><\/p>\n<p style=\"text-align: justify;\"><span style=\"font-family: times new roman, times, serif; font-size: 14pt;\">Bref, c\u2019est comme si sur le front, j\u2019avais une cible fluorescente qui clignotait, avec marqu\u00e9 dessus\u00a0: amis virus mortels et bact\u00e9ries tueuses, bienvenue chez Didier Porte, ici, c\u2019est open bar et happy hours 24 sur 24. Surtout ne vous g\u00eanez pas, faites-vous plaisir, c\u2019est cadeau\u00a0!<\/span><\/p>\n<p style=\"text-align: justify;\"><span style=\"font-family: times new roman, times, serif; font-size: 14pt;\">C\u2019est pas compliqu\u00e9, depuis le d\u00e9but de l\u2019\u00e9pid\u00e9mie, toutes les cinq minutes, j\u2019ai un sympt\u00f4me qui appara\u00eet et qui dispara\u00eet aussi vite\u00a0; juste le temps de passer faire un petit coucou\u00a0!<\/span><\/p>\n<p style=\"text-align: justify;\"><span style=\"font-family: times new roman, times, serif; font-size: 14pt;\">Et alors, depuis que j\u2019ai appris que les h\u00f4pitaux fran\u00e7ais \u00e9taient au bord de la rupture de stock sur tous les produits qui servent \u00e0 anesth\u00e9sier les patients, comme le curare, par exemple\u00a0; et entendu un soignant expliquer que pour g\u00e9rer la p\u00e9nurie, il faisait bien attention \u00e0 calculer au plus juste le m\u00e9lange de ses produits anesth\u00e9siants, de mani\u00e8re \u00e0 ne pas g\u00e2cher, l\u00e0, je suis au-del\u00e0 du psychosomatique auto-r\u00e9alisateur.<\/span><\/p>\n<p style=\"text-align: justify;\"><span style=\"font-family: times new roman, times, serif; font-size: 14pt;\">Tous les soirs, avant de m\u2019endormir en suffoquant, je m\u2019imagine, attach\u00e9 \u00e0 mon lit de r\u00e9animation, oubli\u00e9 dans un couloir de grand h\u00f4pital parisien. Sous respirateur et intub\u00e9, comme il se doit. Sauf qu\u2019il y a un petit d\u00e9tail qui cloche\u00a0: le cocktail que m\u2019a concoct\u00e9 l\u2019anesth\u00e9siste surmen\u00e9 qui s\u2019est occup\u00e9 de mon cas \u00e9tait trop ric-rac, et je suis en train de me r\u00e9veiller doucement. Dans quelques minutes, je le serai compl\u00e8tement, sauf que je serai toujours intub\u00e9, et \u00e7a, c\u2019est tr\u00e8s tr\u00e8s inconfortable. Et l\u00e0, je ne me r\u00e9veille pas en criant \u00ab\u00a0au secours\u00a0\u00bb, puisque je ne dormais pas, donc je crie au secours tout court\u00a0!!!<\/span><\/p>\n<p style=\"text-align: justify;\"><span style=\"font-family: times new roman, times, serif; font-size: 14pt;\">\u00c0 ce moment, en g\u00e9n\u00e9ral, je suis parti m\u2019enfermer dans le cellier, au fond de mon appartement, le cellier \u00e9tant le terme bobo qui d\u00e9signe le \u00ab\u00a0d\u00e9barras\u00a0\u00bb.<\/span><\/p>\n<p style=\"text-align: justify;\"><span style=\"font-family: times new roman, times, serif; font-size: 14pt;\">En principe, c\u2019est l\u00e0 que viennent me chercher mon fils, \u00e2g\u00e9 de 12 ans, et ma fille, de dix, pour me consoler\u00a0:<\/span><\/p>\n<p style=\"text-align: justify;\"><span style=\"font-family: times new roman, times, serif; font-size: 14pt;\">\u00ab\u00a0\u2014 Ouvre-nous, Papa, on veut te faire un c\u00e2lin\u00a0!<\/span><\/p>\n<p style=\"text-align: justify;\"><span style=\"font-family: times new roman, times, serif; font-size: 14pt;\">\u2014\u00a0Non, non\u00a0! Vous \u00eates gentils, les enfants, mais pas de c\u00e2lins, surtout pas de c\u00e2lins\u00a0! Passez votre chemin\u00a0!<\/span><\/p>\n<p style=\"text-align: justify;\"><span style=\"font-family: times new roman, times, serif; font-size: 14pt;\">\u2014\u00a0Mais si, enfin, Papa, nous t\u2019aimons et nous voulons te c\u00e2liner\u00a0!<\/span><\/p>\n<p style=\"text-align: justify;\"><span style=\"font-family: times new roman, times, serif; font-size: 14pt;\">\u2014\u00a0Mais, par les barbes de Captain Iglo et du p\u00e8re Fouras r\u00e9unies, comment faut-il vous le dire\u00a0? Les putains de bisous, de c\u00e2lins, de papouilles, de guili-guilis, de ronrons, de gazou-gazous et autres, c\u2019est termin\u00e9, kaputt, au moins jusqu\u2019\u00e0 la fin du mois de mai\u00a0!<\/span><\/p>\n<p style=\"text-align: justify;\"><span style=\"font-family: times new roman, times, serif; font-size: 14pt;\">\u2014\u00a0Mais enfin, Papa, nous t\u2019aimons trop pour \u00eatre priv\u00e9s de tes c\u00e2lins pendant si longtemps\u00a0!<\/span><\/p>\n<p style=\"text-align: justify;\"><span style=\"font-family: times new roman, times, serif; font-size: 14pt;\">\u2014\u00a0Argh\u00a0! Cassez-vous\u00a0!<\/span><\/p>\n<p style=\"text-align: justify;\"><span style=\"font-family: times new roman, times, serif; font-size: 14pt;\">\u2014\u00a0Tu vois, tu refuses de nous faire des c\u00e2lins, tu ne nous aimes pas beaucoup, dis-donc.<\/span><\/p>\n<p style=\"text-align: justify;\"><span style=\"font-family: times new roman, times, serif; font-size: 14pt;\">\u2014\u00a0Mais bien s\u00fbr, que je vous aime, esp\u00e8ces de petits connards\u00a0! Vous le faites expr\u00e8s\u00a0? Si, vous le faites expr\u00e8s. Ils le font expr\u00e8s\u00a0! Ils savent pertinemment que, m\u00eame s\u2019ils sont attaqu\u00e9s par le virus, \u00e0 leur \u00e2ge, il sont et resteront \u00e0 coup s\u00fbr porteurs sains. Alors que moi, je risque ma peau, avec leurs foutus c\u00e2lins. Barrez-vous, je vous dis, assassins\u00a0!!\u00a0\u00bb<\/span><\/p>\n<p style=\"text-align: justify;\"><span style=\"font-family: times new roman, times, serif; font-size: 14pt;\">Ah, les enfants\u00a0! Qu\u2019est-ce qu\u2019on va bien pouvoir en faire l\u2019\u00e9t\u00e9 prochain, si on survit. Car enfin, comme le disent les jeunes des cit\u00e9s, ce satan\u00e9 virus est bien parti pour nous fiche en l\u2019air tous nos projets de grandes vacances\u00a0! C\u2019est pas compliqu\u00e9, toutes nos r\u00e9servations ont \u00e9t\u00e9 annul\u00e9es\u00a0: avions, h\u00f4tels, transports sur place, spectacles folkloriques, tout\u00a0!<\/span><\/p>\n<p style=\"text-align: justify;\"><span style=\"font-family: times new roman, times, serif; font-size: 14pt;\">On avait pr\u00e9vu d\u2019aller aux Philippines pour f\u00eater P\u00e2ques, avec les enfants. Personnellement, je suis pas sp\u00e9cialement branch\u00e9 religion, mais il para\u00eet qu\u2019aux Philippines, pays \u00e0 80\u00a0% catholique, m\u00eame pour ceux qui y connaissent rien, \u00e7a vaut le voyage, c\u2019est vraiment spectaculaire.<\/span><\/p>\n<p style=\"text-align: justify;\"><span style=\"font-family: times new roman, times, serif; font-size: 14pt;\">Ainsi, dans la procession du lundi de P\u00e2ques, il y a des crucifi\u00e9s qui d\u00e9filent. Mais attention, ce ne sont pas des crucifi\u00e9s en peau de lapin, mais des vrais de vrais, \u00e0 qui on a plant\u00e9 dans les mains des clous comme a\u00e7\u00a0!<\/span><\/p>\n<p>&nbsp;<\/p>\n<p>&nbsp;<\/p>\n<p style=\"text-align: center;\"><span style=\"font-family: times new roman, times, serif; font-size: 14pt;\"><iframe loading=\"lazy\" src=\"\/\/www.youtube.com\/embed\/OG3Mm7oBQNo\" width=\"658\" height=\"370\" frameborder=\"0\" allowfullscreen=\"allowfullscreen\"><\/iframe><\/span><\/p>\n<p style=\"text-align: center;\"><span style=\"font-family: times new roman, times, serif; font-size: 14pt;\"><a href=\"https:\/\/www.youtube.com\/watch?v=OG3Mm7oBQNo\"><strong><span style=\"font-size: 12pt;\">Rituel d&rsquo;auto-flagellation pour le jeudi Saint aux Philippines <\/span><\/strong><\/a><strong><span style=\"font-size: 12pt;\"><em>par <\/em><a href=\"https:\/\/www.youtube.com\/user\/euronewsfr\"><em>euronews (en fran\u00e7ais)<\/em><\/a><\/span><\/strong><\/span><\/p>\n<p>&nbsp;<\/p>\n<p>&nbsp;<\/p>\n<p style=\"text-align: justify;\"><span style=\"font-family: times new roman, times, serif; font-size: 14pt;\">Commentaire du champion du monde de la discipline, Wilfredo Salvador, avec pas moins de 14 crucifixions au compteur\u00a0: <em>\u00ab\u00a0je ne m\u2019arr\u00eaterai pas tant que je serai en vie, parce que c\u2019est ce qui me donne la vie\u00a0\u00bb<\/em>. <em>\u00ab\u00a0Un rite qu\u2019il s\u2019est inflig\u00e9 pour la premi\u00e8re fois il y a 14 ans, apr\u00e8s une d\u00e9pression nerveuse.\u00a0\u00bb<\/em> Eh ben, voil\u00e0 ce que j\u2019appelle une th\u00e9rapie de choc\u00a0! Autre commentaire recueilli par l\u2019AFP, cette fois aupr\u00e8s d\u2019Annika, une touriste allemande de 24 ans\u00a0: <em>\u00ab\u00a0c\u2019est tr\u00e8s intense. Je ne m\u2019attendais pas \u00e0 quelque chose comme \u00e7a<\/em>\u00a0[<a href=\"https:\/\/la-bas.org\/la-bas-magazine\/chroniques\/didier-porte-arrete-l-autoflagellation?var_bonjour=oui#nb1\">1<\/a>]<em>.\u00a0\u00bb<\/em><\/span><\/p>\n<p style=\"text-align: justify;\"><span style=\"font-family: times new roman, times, serif; font-size: 14pt;\">L\u2019\u00c9glise estime, quant \u00e0 elle, que les fid\u00e8les devraient passer le Car\u00eame dans la pri\u00e8re et la r\u00e9flexion.<\/span><\/p>\n<p style=\"text-align: justify;\"><span style=\"font-family: times new roman, times, serif; font-size: 14pt;\"><em>\u00ab\u00a0La crucifixion et la mort de J\u00e9sus sont plus que suffisantes pour sauver l\u2019humanit\u00e9 des effets de ses p\u00e9ch\u00e9s\u00a0\u00bb<\/em>, a d\u00e9clar\u00e9 le p\u00e8re Jerome Secillano, de la Conf\u00e9rence des \u00e9v\u00eaques catholiques des Philippines.<\/span><\/p>\n<p style=\"text-align: justify;\"><span style=\"font-family: times new roman, times, serif; font-size: 14pt;\"><em>\u00ab\u00a0La Semaine sainte<\/em> (\u2026) <em>n\u2019est pas le moment de faire \u00e9talage de la propension de l\u2019homme au divertissement<\/em>, a-t-il conclu. Ah\u00a0! j\u2019aime beaucoup l\u2019acception que Monsignor Spaghetto donne au mot \u00ab\u00a0divertissement\u00a0\u00bb.<\/span><\/p>\n<p style=\"text-align: justify;\"><span style=\"font-family: times new roman, times, serif; font-size: 14pt;\">En attendant, les autorit\u00e9s philippines ont interdit toutes les manifestations de ferveur religieuse \u00e0 l\u2019occasion des f\u00eates de P\u00e2ques \u2013 crucifixions comprises \u2013 et franchement, c\u2019est pas malin, pour une fois qu\u2019on \u00e9taient meilleurs que les musulmans.<\/span><\/p>\n<p style=\"text-align: right;\"><span style=\"font-family: times new roman, times, serif; font-size: 14pt;\"><strong>Didier Porte<\/strong><\/span><\/p>\n<p style=\"text-align: justify;\"><span style=\"font-family: times new roman, times, serif; font-size: 14pt;\"><strong>\u00a0<\/strong><\/span><\/p>\n<p style=\"text-align: justify;\"><span style=\"font-family: times new roman, times, serif; font-size: 14pt;\"><strong>______________________\u00a0 <\/strong><\/span><\/p>\n<p style=\"text-align: justify;\"><span style=\"font-family: times new roman, times, serif; font-size: 14pt;\">Parti socialiste\u2026 pardon, je voulais dire P.S., comme post-scriptum, mais j\u2019ai fait expr\u00e8s de dire P.S. comme parti socialiste, parce que, d\u00e9sormais, quand on commente l\u2019actualit\u00e9 dans les m\u00e9dias, on n\u2019a plus jamais l\u2019occasion de dire \u00ab\u00a0parti socialiste\u00a0\u00bb, ou tout simplement P.S., sauf quand on veut faire un post-scriptum, et moi, \u00e7a me manque donc\u00a0: post-scriptum\u00a0! Euh non\u2026 parti socialiste\u2026 pardon, P.S.\u00a0!<\/span><\/p>\n<p style=\"text-align: justify;\"><span style=\"font-family: times new roman, times, serif; font-size: 14pt;\">Ami abonn\u00e9, la semaine prochaine je traiterai le sujet que j\u2019ai oubli\u00e9 en chemin aujourd\u2019hui et qui est le suivant\u00a0: j\u2019ai trouv\u00e9 ce qui sera mon engagement politique de fin de vie et je t\u2019engage fortement, ami abonn\u00e9, \u00e0 rejoindre mon rang\u00a0: fais comme moi, deviens survivaliste de centre gauche\u00a0!<\/span><\/p>\n<p>&nbsp;<\/p>\n<p style=\"text-align: center;\"><a href=\"http:\/\/blog.lesgrossesorchadeslesamplesthalameges.fr\/wp-content\/uploads\/2020\/04\/Vache-1-GIF.gif\"><img loading=\"lazy\" class=\"alignnone wp-image-9677\" src=\"http:\/\/blog.lesgrossesorchadeslesamplesthalameges.fr\/wp-content\/uploads\/2020\/04\/Vache-1-GIF.gif\" alt=\"\" width=\"80\" height=\"120\" \/><\/a><\/p>\n<p>&nbsp;<\/p>\n<p><strong>[RADIO] Didier Porte Hebdo #111\u00a0: Didier Porte arr\u00eate l\u2019autoflagellation [INT\u00c9GRALE] <\/strong><\/p>\n<p><a href=\"https:\/\/la-bas.org\/download.api\/48669\/aHR0cHM6Ly9sYS1iYXMub3JnL2F1ZGlvLmFwaS90b2tlbi9hVzVzWW5NNkx5OW1iMnhrWlhJdE5ESTBNVGd2YlhBekxUUTNOaTgwT0RZMk9TMWthV1JwWlhKd2IzSjBaV0Z5Y21WMFpXeGhkWFJ2Wm14aFoyVnNiR0YwYVc5dUxtMXdNdz09LzQ4NjY5LWRpZGllcnBvcnRlYXJyZXRlbGF1dG9mbGFnZWxsYXRpb24ubXAz\">T\u00e9l\u00e9charger le MP3<\/a> &#8211; <a href=\"https:\/\/la-bas.org\/spip.php?page=player&amp;id_document=48669\">\u00c9couter dans une nouvelle fen\u00eatre <\/a><\/p>\n<p><strong>L&rsquo;\u00e9quipe de L\u00e0-bas attend vos messages dans les commentaires<\/strong><\/p>\n<p>&nbsp;<\/p>\n<p style=\"text-align: left;\"><span style=\"font-size: 14pt;\"><strong><span style=\"font-family: times new roman, times, serif;\">URL de cet article : <\/span><\/strong><a href=\"http:\/\/blog.lesgrossesorchadeslesamplesthalameges.fr\/index.php\/didier-porte-arrete-lautoflagellation\/\"><span style=\"font-family: times new roman, times, serif;\">http:\/\/blog.lesgrossesorchadeslesamplesthalameges.fr\/index.php\/didier-porte-arrete-lautoflagellation\/<\/span><\/a><strong><span style=\"font-family: times new roman, times, serif;\"><br \/>\n<\/span><\/strong><\/span><\/p>\n<p>&nbsp;<\/p>\n<p style=\"text-align: center;\"><a href=\"http:\/\/blog.lesgrossesorchadeslesamplesthalameges.fr\/wp-content\/uploads\/2020\/04\/Vache-1-GIF.gif\"><img loading=\"lazy\" class=\"alignnone wp-image-9677\" src=\"http:\/\/blog.lesgrossesorchadeslesamplesthalameges.fr\/wp-content\/uploads\/2020\/04\/Vache-1-GIF.gif\" alt=\"\" width=\"80\" height=\"120\" \/><\/a><\/p>\n<p>&nbsp;<\/p>\n<p style=\"text-align: right;\"><span style=\"font-family: comic sans ms, sans-serif;\">Avril 2020<\/span><\/p>\n<p>&nbsp;<\/p>\n<p>&nbsp;<\/p>\n","protected":false},"excerpt":{"rendered":"<p>&nbsp; &nbsp; &nbsp; &nbsp; &nbsp; &nbsp; Carnets de confinement &nbsp; \u00a0 Didier Porte arr\u00eate l\u2019autoflagellation &nbsp; L\u00e0-Bas si j\u2019y suis \u00e0 distance \u2013 \u00a010.4.2020 &nbsp; &nbsp; \u00a0 &nbsp; Ami abonn\u00e9, &nbsp; \u00c7a fait d\u00e9j\u00e0 un moment que je m\u2019interroge sur mon engagement politique de fin de vie\u00a0; et je crois bien que ce coup-ci, je&#8230;<\/p>\n","protected":false},"author":1,"featured_media":0,"parent":0,"menu_order":0,"comment_status":"open","ping_status":"open","template":"","meta":[],"_links":{"self":[{"href":"https:\/\/blog.lesgrossesorchadeslesamplesthalameges.fr\/index.php\/wp-json\/wp\/v2\/pages\/9717"}],"collection":[{"href":"https:\/\/blog.lesgrossesorchadeslesamplesthalameges.fr\/index.php\/wp-json\/wp\/v2\/pages"}],"about":[{"href":"https:\/\/blog.lesgrossesorchadeslesamplesthalameges.fr\/index.php\/wp-json\/wp\/v2\/types\/page"}],"author":[{"embeddable":true,"href":"https:\/\/blog.lesgrossesorchadeslesamplesthalameges.fr\/index.php\/wp-json\/wp\/v2\/users\/1"}],"replies":[{"embeddable":true,"href":"https:\/\/blog.lesgrossesorchadeslesamplesthalameges.fr\/index.php\/wp-json\/wp\/v2\/comments?post=9717"}],"version-history":[{"count":0,"href":"https:\/\/blog.lesgrossesorchadeslesamplesthalameges.fr\/index.php\/wp-json\/wp\/v2\/pages\/9717\/revisions"}],"wp:attachment":[{"href":"https:\/\/blog.lesgrossesorchadeslesamplesthalameges.fr\/index.php\/wp-json\/wp\/v2\/media?parent=9717"}],"curies":[{"name":"wp","href":"https:\/\/api.w.org\/{rel}","templated":true}]}}