{"id":9817,"date":"2020-04-18T01:24:46","date_gmt":"2020-04-17T23:24:46","guid":{"rendered":"http:\/\/blog.lesgrossesorchadeslesamplesthalameges.fr\/?page_id=9817"},"modified":"2020-04-18T01:25:41","modified_gmt":"2020-04-17T23:25:41","slug":"alerte-citoyenne","status":"publish","type":"page","link":"https:\/\/blog.lesgrossesorchadeslesamplesthalameges.fr\/index.php\/alerte-citoyenne\/","title":{"rendered":"Alerte citoyenne"},"content":{"rendered":"<p>&nbsp;<\/p>\n<p>&nbsp;<\/p>\n<p>&nbsp;<\/p>\n<p>&nbsp;<\/p>\n<p>&nbsp;<\/p>\n<p>&nbsp;<\/p>\n<p style=\"text-align: justify;\"><span style=\"font-family: tahoma, arial, helvetica, sans-serif; font-size: 18pt;\"><strong>Alerte Citoyenne<\/strong><\/span><\/p>\n<p>&nbsp;<\/p>\n<p style=\"text-align: justify;\"><span style=\"font-family: tahoma, arial, helvetica, sans-serif; font-size: 14pt;\"><strong>\u00ab\u00a0Un excellent r\u00e9sum\u00e9 sur le Coronavirus Covid-19\u00a0\u00bb<\/strong> d\u2019un assistant-professeur en maladies infectieuses \u00e0 l\u2019Universit\u00e9 Johns Hopkins,<\/span><\/p>\n<p style=\"text-align: justify;\"><span style=\"font-family: tahoma, arial, helvetica, sans-serif; font-size: 14pt;\">Baltimore-Maryland, USA<\/span><\/p>\n<p style=\"text-align: justify;\"><span style=\"font-family: tahoma, arial, helvetica, sans-serif; font-size: 14pt;\">C\u2019est un condens\u00e9 sur la mani\u00e8re d\u2019\u00e9viter la contagion, tr\u00e8s instructif tout en \u00e9tant clair et facile \u00e0 suivre.<\/span><\/p>\n<p style=\"text-align: justify;\"><span style=\"font-family: tahoma, arial, helvetica, sans-serif; font-size: 14pt;\"><strong>Le virus n\u2019est pas un organisme vivant<\/strong>, mais une mol\u00e9cule de prot\u00e9ine (ADN) recouverte d\u2019une couche protectrice constitu\u00e9e de lipide (mati\u00e8re grasse) qui, lorsqu\u2019absorb\u00e9e par les cellules oculaires, nasales ou buccales, change son code g\u00e9n\u00e9tique (mutation) et se transforme en agresseur et en cellules multiplicatrices.<\/span><\/p>\n<p style=\"text-align: justify;\"><span style=\"font-family: tahoma, arial, helvetica, sans-serif; font-size: 14pt;\">D\u00e8s lors que le virus n\u2019est pas un organisme vivant mais une mol\u00e9cule de prot\u00e9ine, <strong>on ne peut pas le\u2018\u2019tuer\u2019\u2019 <\/strong>\u00e0 proprement parler ; il se d\u00e9compose de lui-m\u00eame. La dur\u00e9e de cette d\u00e9sint\u00e9gration d\u00e9pend de la temp\u00e9rature, du niveau d\u2019humidit\u00e9 et du type de mati\u00e8re sur laquelle il repose.<\/span><\/p>\n<p style=\"text-align: justify;\"><span style=\"font-family: tahoma, arial, helvetica, sans-serif; font-size: 14pt;\">Le virus est tr\u00e8s fragile ; la seule chose qui le prot\u00e8ge est une fine couche ext\u00e9rieure de graisse.<\/span><\/p>\n<p style=\"text-align: justify;\"><span style=\"font-family: tahoma, arial, helvetica, sans-serif; font-size: 14pt;\">C\u2019est pourquoi <strong>tout savon ou d\u00e9tergent est le meilleur rem\u00e8de, car la mousse attaque la graisse <\/strong>(raison pour laquelle on doit autant se frotter les mains, 20 secondes ou plus, afin de faire beaucoup de mousse). En<\/span><\/p>\n<p style=\"text-align: justify;\"><span style=\"font-family: tahoma, arial, helvetica, sans-serif; font-size: 14pt;\">dissolvant la couche grasse, on obtient que la mol\u00e9cule de prot\u00e9ine se disperse et se d\u00e9compose d\u2019elle-m\u00eame.<\/span><\/p>\n<p style=\"text-align: justify;\"><span style=\"font-family: tahoma, arial, helvetica, sans-serif; font-size: 14pt;\">La chaleur fait fondre la graisse, voil\u00e0 pourquoi il est bon d\u2019<strong>utiliser de l\u2019eau au-dessus de 25\u00b0C<\/strong> pour laver ses mains, les v\u00eatements ou toute autre chose. De plus, l\u2019eau chaude produit plus de mousse et la rend ainsi plus efficace.<\/span><\/p>\n<p>&nbsp;<\/p>\n<ul style=\"text-align: justify;\">\n<li><span style=\"font-family: tahoma, arial, helvetica, sans-serif; font-size: 14pt;\"><strong>L\u2019alcool<\/strong> ou tout autre m\u00e9lange contenant <strong>plus de 65%<\/strong> d\u2019alcool dissout toute graisse, et particuli\u00e8rement la couche ext\u00e9rieure de lipide du virus.<\/span><\/li>\n<li><span style=\"font-family: tahoma, arial, helvetica, sans-serif; font-size: 14pt;\">Tout m\u00e9lange d\u2019une (1) dose d\u2019eau de<strong> Javel<\/strong> pour cinq (5) dose d\u2019eau dissout directement la prot\u00e9ine et la d\u00e9truit de l\u2019int\u00e9rieur.<\/span><\/li>\n<li><span style=\"font-family: tahoma, arial, helvetica, sans-serif; font-size: 14pt;\">En l\u2019absence de savon, d\u2019alcool, ou de chlore, on peut recourir \u00e0 l\u2019eau oxyg\u00e9n\u00e9e, car le peroxyde dissout la prot\u00e9ine du virus, mais il faut l\u2019utiliser pure, ce qui est nocif pour la peau.<\/span><\/li>\n<li><span style=\"font-family: tahoma, arial, helvetica, sans-serif; font-size: 14pt;\"><strong>Aucun bact\u00e9ricide <\/strong>n\u2019est utile. Le virus n\u2019est pas un organisme vivant comme la bact\u00e9rie. On ne peut pas tuer ce qui n\u2019est pas vivant avec des antibiotiques.<\/span><\/li>\n<li><span style=\"font-family: tahoma, arial, helvetica, sans-serif; font-size: 14pt;\"><strong>Ne jamais secouer <\/strong>v\u00eatements (sur soi, ou qu\u2019on a port\u00e9s), draps ou chiffons. Si on secoue un linge ou qu\u2019on utilise un plumeau, les mol\u00e9cules du virus peuvent alors flotter dans l\u2019air pendant <strong>3h <\/strong>et aller ainsi se loger dans le nez.<\/span><\/li>\n<li><span style=\"font-family: tahoma, arial, helvetica, sans-serif; font-size: 14pt;\">Lorsque le virus est coll\u00e9 \u00e0 une surface poreuse, il est tr\u00e8s inerte et <strong>se d\u00e9compose en<\/strong> seulement :<\/span><\/li>\n<li>\n<ul>\n<li><span style=\"font-family: tahoma, arial, helvetica, sans-serif; font-size: 14pt;\"><strong>3h<\/strong> sur un tissu par exemple ou toute autre surface poreuse.<\/span><\/li>\n<li><span style=\"font-family: tahoma, arial, helvetica, sans-serif; font-size: 14pt;\"><strong>4h<\/strong> sur le cuivre (naturellement antiseptique) et le bois (qui l\u2019ass\u00e8che et l\u2019emp\u00eache de se d\u00e9coller pour<\/span><\/li>\n<li><span style=\"font-family: tahoma, arial, helvetica, sans-serif; font-size: 14pt;\">se diffuser dans l\u2019atmosph\u00e8re).<\/span><\/li>\n<li><span style=\"font-family: tahoma, arial, helvetica, sans-serif; font-size: 14pt;\">mais il peut subsister jusqu\u2019\u00e0 :<\/span><\/li>\n<li><span style=\"font-family: tahoma, arial, helvetica, sans-serif; font-size: 14pt;\"><strong>24h<\/strong> sur le carton.<\/span><\/li>\n<li><span style=\"font-family: tahoma, arial, helvetica, sans-serif; font-size: 14pt;\"><strong>42h<\/strong> sur un m\u00e9tal.<\/span><\/li>\n<li><span style=\"font-family: tahoma, arial, helvetica, sans-serif; font-size: 14pt;\"><strong>72h<\/strong> sur le plastique.<\/span><\/li>\n<li><\/li>\n<\/ul>\n<\/li>\n<li><span style=\"font-family: tahoma, arial, helvetica, sans-serif; font-size: 14pt;\">Les mol\u00e9cules du virus restent tr\u00e8s stables dans le froid ext\u00e9rieur, ou dans le froid artificiel (climatisation des b\u00e2timents ou des v\u00e9hicules, par exemple\u2026). Pour rester stables, ces mol\u00e9cules ont aussi besoin d\u2019humidit\u00e9<\/span><\/li>\n<li><span style=\"font-family: tahoma, arial, helvetica, sans-serif; font-size: 14pt;\">et de p\u00e9nombre. Ainsi, <strong>le virus se d\u00e9gradera<\/strong> plus facilement et rapidement <strong>dans un environnement d\u00e9shumidifi\u00e9, sec, chaud et lumineux<\/strong>.<\/span><\/li>\n<li><span style=\"font-family: tahoma, arial, helvetica, sans-serif; font-size: 14pt;\">Les <strong>rayons ultraviolets<\/strong> d\u00e9composent la prot\u00e9ine du virus, quelque soit la surface o\u00f9 il se trouve. La lampe \u00e0 ultraviolets, par exemple, est parfaite pour d\u00e9sinfecter et r\u00e9utiliser un masque. Prudence n\u00e9anmoins car<\/span><\/li>\n<li><span style=\"font-family: tahoma, arial, helvetica, sans-serif; font-size: 14pt;\">elle d\u00e9compose aussi le collag\u00e8ne (une autre prot\u00e9ine) de la peau et peut \u00eatre la cause de rides et cancer de la peau.<\/span><\/li>\n<li><span style=\"font-family: tahoma, arial, helvetica, sans-serif; font-size: 14pt;\">Le virus <strong>ne peut pas<\/strong> passer \u00e0 travers une peau saine.<\/span><\/li>\n<li><span style=\"font-family: tahoma, arial, helvetica, sans-serif; font-size: 14pt;\">Le <strong>vinaigre ne sert \u00e0 rien<\/strong> car il ne dissout pas la couche protectrice grasse du virus.<\/span><\/li>\n<li><span style=\"font-family: tahoma, arial, helvetica, sans-serif; font-size: 14pt;\">Les <strong>boissons alcoolis\u00e9es<\/strong>, comme la vodka, <strong>n\u2019ont aucun effet<\/strong> (les plus fortes comportent autour de 40% ou 50% d\u2019alcool, or la teneur minimale requise est de 65% d\u2019alcool).<\/span><\/li>\n<li><span style=\"font-family: tahoma, arial, helvetica, sans-serif; font-size: 14pt;\">La <strong>Listerine<\/strong> peut \u00eatre utile, sa teneur en alcool \u00e9tant de 65%.<\/span><\/li>\n<li><span style=\"font-family: tahoma, arial, helvetica, sans-serif; font-size: 14pt;\">Plus l\u2019espace est confin\u00e9, plus la concentration du virus sera grande. Plus l\u2019espace est ouvert et a\u00e9r\u00e9, plus la concentration du virus sera r\u00e9duite.<\/span><\/li>\n<\/ul>\n<p>&nbsp;<\/p>\n<p style=\"text-align: justify;\"><span style=\"font-family: tahoma, arial, helvetica, sans-serif; font-size: 14pt;\">N.B. :\u00a0\u00a0 Outre les indications ci-dessus, <strong>vous devez vous laver les mains<\/strong> avant et apr\u00e8s avoir touch\u00e9 :<\/span><\/p>\n<p style=\"text-align: justify; padding-left: 30px;\"><span style=\"font-family: tahoma, arial, helvetica, sans-serif; font-size: 14pt;\">muqueuses, nourriture, serrures, poign\u00e9es de portes, boutons et interrupteurs (lumi\u00e8re, ascenseurs\u2026), t\u00e9l\u00e9phones, t\u00e9l\u00e9commandes, montres, ordinateurs, bureaux, t\u00e9l\u00e9visions, etc\u2026<\/span><\/p>\n<p style=\"text-align: justify;\"><span style=\"font-family: tahoma, arial, helvetica, sans-serif; font-size: 14pt;\">Lorsque vous allez aux toilettes et\/ou dans la salle de bain, il est important de <strong>s\u2019hydrater les mains<\/strong> car elles ont tendance \u00e0 se dess\u00e9cher \u00e0 force de lavages r\u00e9p\u00e9t\u00e9s. les mol\u00e9cules du virus peuvent alors p\u00e9n\u00e9trer dans les micro-l\u00e9sions de la peau. Plus l\u2019hydratant est \u00e9pais, mieux c\u2019est.<\/span><\/p>\n<p style=\"text-align: justify;\"><span style=\"font-family: tahoma, arial, helvetica, sans-serif; font-size: 14pt;\">Veillez aussi \u00e0 garder vos <strong>ongles courts<\/strong>, pour \u00e9viter que le virus n\u2019aille se cacher dessous.<\/span><\/p>\n<p style=\"text-align: left;\"><span style=\"font-family: tahoma, arial, helvetica, sans-serif; font-size: 18pt;\"><strong>Merci infiniment \u00e0 tous de partager ceci aussi largement et g\u00e9n\u00e9reusement que possible<\/strong><strong>.<\/strong><\/span><\/p>\n<p>&nbsp;<\/p>\n<p style=\"text-align: justify;\"><span style=\"font-family: tahoma, arial, helvetica, sans-serif; font-size: 14pt;\">Envoy\u00e9 avec <a href=\"https:\/\/play.google.com\/store\/apps\/details?id=org.kman.AquaMail\">AquaMail pour Android<\/a><\/span><br \/>\n<span style=\"font-family: tahoma, arial, helvetica, sans-serif; font-size: 14pt;\">\u00a0<\/span><a href=\"https:\/\/www.mobisystems.com\/aqua-mail\"><span style=\"font-family: tahoma, arial, helvetica, sans-serif; font-size: 14pt;\">https:\/\/www.mobisystems.com\/aqua-mail<\/span><\/a><\/p>\n<p>&nbsp;<\/p>\n<p style=\"text-align: left;\"><strong><span style=\"font-family: times new roman, times, serif; font-size: 14pt;\">URL de cet article : <\/span><\/strong><a href=\"http:\/\/blog.lesgrossesorchadeslesamplesthalameges.fr\/index.php\/alerte-citoyenne\/\"><span style=\"font-family: times new roman, times, serif; font-size: 14pt;\">http:\/\/blog.lesgrossesorchadeslesamplesthalameges.fr\/index.php\/alerte-citoyenne\/<\/span><\/a><\/p>\n<p>&nbsp;<\/p>\n<p>&nbsp;<\/p>\n<p style=\"text-align: center;\"><a href=\"http:\/\/blog.lesgrossesorchadeslesamplesthalameges.fr\/wp-content\/uploads\/2020\/04\/T\u00eate-docteur-peste-GIF.gif\"><img loading=\"lazy\" class=\"alignnone size-full wp-image-9767\" src=\"http:\/\/blog.lesgrossesorchadeslesamplesthalameges.fr\/wp-content\/uploads\/2020\/04\/T\u00eate-docteur-peste-GIF.gif\" alt=\"\" width=\"125\" height=\"88\" \/><\/a><\/p>\n<p>&nbsp;<\/p>\n<p style=\"text-align: right;\"><span style=\"font-family: comic sans ms, sans-serif; font-size: 14pt;\">Avril 2020<\/span><\/p>\n<p>&nbsp;<\/p>\n<p>&nbsp;<\/p>\n","protected":false},"excerpt":{"rendered":"<p>&nbsp; &nbsp; &nbsp; &nbsp; &nbsp; &nbsp; Alerte Citoyenne &nbsp; \u00ab\u00a0Un excellent r\u00e9sum\u00e9 sur le Coronavirus Covid-19\u00a0\u00bb d\u2019un assistant-professeur en maladies infectieuses \u00e0 l\u2019Universit\u00e9 Johns Hopkins, Baltimore-Maryland, USA C\u2019est un condens\u00e9 sur la mani\u00e8re d\u2019\u00e9viter la contagion, tr\u00e8s instructif tout en \u00e9tant clair et facile \u00e0 suivre. Le virus n\u2019est pas un organisme vivant, mais une&#8230;<\/p>\n","protected":false},"author":1,"featured_media":0,"parent":0,"menu_order":0,"comment_status":"open","ping_status":"open","template":"","meta":[],"_links":{"self":[{"href":"https:\/\/blog.lesgrossesorchadeslesamplesthalameges.fr\/index.php\/wp-json\/wp\/v2\/pages\/9817"}],"collection":[{"href":"https:\/\/blog.lesgrossesorchadeslesamplesthalameges.fr\/index.php\/wp-json\/wp\/v2\/pages"}],"about":[{"href":"https:\/\/blog.lesgrossesorchadeslesamplesthalameges.fr\/index.php\/wp-json\/wp\/v2\/types\/page"}],"author":[{"embeddable":true,"href":"https:\/\/blog.lesgrossesorchadeslesamplesthalameges.fr\/index.php\/wp-json\/wp\/v2\/users\/1"}],"replies":[{"embeddable":true,"href":"https:\/\/blog.lesgrossesorchadeslesamplesthalameges.fr\/index.php\/wp-json\/wp\/v2\/comments?post=9817"}],"version-history":[{"count":0,"href":"https:\/\/blog.lesgrossesorchadeslesamplesthalameges.fr\/index.php\/wp-json\/wp\/v2\/pages\/9817\/revisions"}],"wp:attachment":[{"href":"https:\/\/blog.lesgrossesorchadeslesamplesthalameges.fr\/index.php\/wp-json\/wp\/v2\/media?parent=9817"}],"curies":[{"name":"wp","href":"https:\/\/api.w.org\/{rel}","templated":true}]}}