{"id":9887,"date":"2020-04-21T20:07:31","date_gmt":"2020-04-21T18:07:31","guid":{"rendered":"http:\/\/blog.lesgrossesorchadeslesamplesthalameges.fr\/?page_id=9887"},"modified":"2020-04-21T20:09:36","modified_gmt":"2020-04-21T18:09:36","slug":"distanciation-sociale-et-democratie","status":"publish","type":"page","link":"https:\/\/blog.lesgrossesorchadeslesamplesthalameges.fr\/index.php\/distanciation-sociale-et-democratie\/","title":{"rendered":"Distanciation sociale et d\u00e9mocratie"},"content":{"rendered":"<p>&nbsp;<\/p>\n<p>&nbsp;<\/p>\n<p>&nbsp;<\/p>\n<p>&nbsp;<\/p>\n<p>&nbsp;<\/p>\n<p>&nbsp;<\/p>\n<p style=\"text-align: center;\"><span style=\"font-family: times new roman, times, serif; font-size: 18pt; color: #c00000;\"><strong><em>L\u2019Art de la guerre<\/em><\/strong><\/span><\/p>\n<p>&nbsp;<\/p>\n<p style=\"text-align: center;\"><span style=\"font-family: times new roman, times, serif; font-size: 36pt;\"><strong>Distanciation sociale de la d\u00e9mocratie<\/strong><\/span><\/p>\n<p>&nbsp;<\/p>\n<p style=\"text-align: center;\"><span style=\"font-family: times new roman, times, serif; font-size: 18pt;\"><strong>Manlio Dinucci \u2013 <\/strong><a href=\"https:\/\/ilmanifesto.it\/distanziamento-sociale-dalla-democrazia\/\"><strong><em>il manifesto<\/em><\/strong><\/a><strong> \u2013 21.4.2020 <\/strong><\/span><\/p>\n<p style=\"text-align: center;\"><span style=\"font-family: times new roman, times, serif; font-size: 18pt;\">Traduction\u00a0:<strong> Marie-Ange Patrizio<\/strong><\/span><\/p>\n<p>&nbsp;<\/p>\n<p style=\"text-align: justify;\"><span style=\"font-family: times new roman, times, serif; font-size: 14pt;\"><strong>\u00a0<\/strong><\/span><\/p>\n<p style=\"text-align: center;\"><span style=\"font-family: times new roman, times, serif; font-size: 14pt;\"><strong>\u00a0<a href=\"http:\/\/blog.lesgrossesorchadeslesamplesthalameges.fr\/wp-content\/uploads\/2020\/04\/GATES-Forum.jpg\"><img loading=\"lazy\" class=\"alignnone wp-image-9850 size-full\" src=\"http:\/\/blog.lesgrossesorchadeslesamplesthalameges.fr\/wp-content\/uploads\/2020\/04\/GATES-Forum.jpg\" alt=\"\" width=\"600\" height=\"400\" srcset=\"https:\/\/blog.lesgrossesorchadeslesamplesthalameges.fr\/wp-content\/uploads\/2020\/04\/GATES-Forum.jpg 600w, https:\/\/blog.lesgrossesorchadeslesamplesthalameges.fr\/wp-content\/uploads\/2020\/04\/GATES-Forum-300x200.jpg 300w\" sizes=\"(max-width: 600px) 100vw, 600px\" \/><\/a><\/strong><\/span><\/p>\n<p>&nbsp;<\/p>\n<p style=\"text-align: justify;\"><span style=\"font-family: times new roman, times, serif; font-size: 14pt;\"><strong>\u00a0<\/strong><\/span><\/p>\n<p style=\"text-align: justify;\"><span style=\"font-family: tahoma, arial, helvetica, sans-serif; font-size: 14pt;\"><strong>\u00ab\u00a0La distanciation sociale est l\u00e0 pour rester beaucoup plus que quelques semaines. Elle bouleversera notre mode de vie, d\u2019une certaine mani\u00e8re pour toujours\u00a0\u00bb\u00a0 : c\u2019est ce qu\u2019ont annonc\u00e9 les chercheurs du Massachusetts Institute of Technology, une des plus prestigieuses universit\u00e9s \u00e9tasuniennes (<em>MIT Tenchnology Review, We\u2019re not going back to normal<\/em>, 17 mars 2020).<\/strong><\/span><\/p>\n<p>&nbsp;<\/p>\n<p style=\"text-align: justify;\"><span style=\"font-family: times new roman, times, serif; font-size: 14pt;\">Ils citent le rapport pr\u00e9sent\u00e9 par les chercheurs de l\u2019Imperial College London, selon lequel la distanciation sociale devrait devenir une norme constante et \u00eatre assouplie ou intensifi\u00e9e selon le nombre d\u2019hospitalis\u00e9s \u00e0 cause du virus dans les services de th\u00e9rapie intensive. Le mod\u00e8le \u00e9labor\u00e9 par ces chercheurs, et par d\u2019autres, ne concerne pas seulement les mesures \u00e0 prendre contre le coronavirus. Il devient un v\u00e9ritable mod\u00e8le social, dont on pr\u00e9pare d\u00e9j\u00e0 les proc\u00e9dures et les instruments que les gouvernements devraient imposer par des lois.<\/span><\/p>\n<p style=\"text-align: justify;\"><span style=\"font-family: times new roman, times, serif; font-size: 14pt;\">Les deux g\u00e9ants \u00e9tasuniens de l\u2019informatique Apple et Google, jusqu\u2019ici rivaux, se sont associ\u00e9s pour ins\u00e9rer dans les syst\u00e8mes op\u00e9rationnels de milliards de t\u00e9l\u00e9phones iPhone et Android, dans le monde entier, un programme de \u00ab\u00a0tra\u00e7age des contacts\u00a0\u00bb qui avertit les usagers, si quelqu\u2019un infect\u00e9 par le virus s\u2019approche d\u2019eux. Les deux soci\u00e9t\u00e9s garantissent que le programme \u00ab\u00a0respectera la transparence et la vie priv\u00e9e des usagers\u00a0\u00bb.<\/span><\/p>\n<p style=\"text-align: justify;\"><span style=\"font-family: times new roman, times, serif; font-size: 14pt;\">Un syst\u00e8me de tra\u00e7age plus efficace encore est celui des \u00ab\u00a0certificats digitaux\u00a0\u00bb, auxquels sont en train de travailler deux universit\u00e9s \u00e9tasuniennes, la Rice University et le MIT, soutenues par la Bill et Melinda Gates Foundation, la fondation \u00e9tasunienne cr\u00e9\u00e9e par Bill Gates, fondateur de Microsoft et deuxi\u00e8me personne la plus riche du monde d\u2019apr\u00e8s la revue <em>Forbes<\/em>.\u00a0 Il l&rsquo;a lui-m\u00eame annonc\u00e9 publiquement, en r\u00e9ponse \u00e0 un entrepreneur qui lui demandait comment pouvoir reprendre les activit\u00e9s de production en gardant la distanciation sociale :<\/span><\/p>\n<p>&nbsp;<\/p>\n<p style=\"text-align: justify; padding-left: 90px;\"><span style=\"font-family: times new roman, times, serif; font-size: 14pt;\">\u00ab\u00a0Pour finir nous aurons des certificats digitaux pour montrer qui est gu\u00e9ri ou a \u00e9t\u00e9 test\u00e9 r\u00e9cemment, ou, quand nous aurons un vaccin, qui l\u2019aura eu\u00a0\u00bb (<em>The Blog of Bill Gates, 31 questions and answers about COVID-19<\/em>, 19 mars 2020).<\/span><\/p>\n<p>&nbsp;<\/p>\n<p style=\"text-align: justify;\"><span style=\"font-family: times new roman, times, serif; font-size: 14pt;\">Le certificat digital dont parle Gates n\u2019est pas la carte de sant\u00e9 \u00e9lectronique actuelle. La Rice University a annonc\u00e9 en d\u00e9cembre 2019 l\u2019invention de points quantiques \u00e0 base de cuivre qui, inject\u00e9s dans le corps avec le vaccin,<\/span><\/p>\n<p>&nbsp;<\/p>\n<p style=\"text-align: justify; padding-left: 90px;\"><span style=\"font-family: times new roman, times, serif; font-size: 14pt;\">\u00ab\u00a0deviennent quelque chose comme un tatouage avec code barres, qui peut \u00eatre lu avec un smartphone personnalis\u00e9\u00a0\u00bb (<em>Rice University, Quantum-dot tattoos hold vaccination record,<\/em> 18 d\u00e9cembre 2019).<\/span><\/p>\n<p>&nbsp;<\/p>\n<p style=\"text-align: justify;\"><span style=\"font-family: times new roman, times, serif; font-size: 14pt;\">La m\u00eame technologie a \u00e9t\u00e9 d\u00e9velopp\u00e9e par le Massachusetts Institute of Technology (<em>Scientific American, Invisible Ink Could Reveal whether Kids Have Been Vaccinated<\/em>, 19 d\u00e9cembre 2019).<\/span><\/p>\n<p style=\"text-align: justify;\"><span style=\"font-family: times new roman, times, serif; font-size: 14pt;\">L\u2019invention de cette technologie a \u00e9t\u00e9 command\u00e9e et financ\u00e9e par la Fondation Gates, qui d\u00e9clare vouloir l\u2019utiliser dans les vaccinations des enfants principalement dans les pays en voie de d\u00e9veloppement. Elle pourrait \u00eatre utilis\u00e9e aussi dans une vaccination \u00e0 l\u2019\u00e9chelle mondiale contre le coronavirus.<\/span><\/p>\n<p style=\"text-align: justify;\"><span style=\"font-family: times new roman, times, serif; font-size: 14pt;\">Voil\u00e0 le futur \u00ab\u00a0mode de vie\u00a0\u00bb qui nous est pr\u00e9-annonc\u00e9 : la distanciation sociale \u00e0 dispositif variable toujours en vigueur, la peur constante d\u2019\u00eatre approch\u00e9 par quelqu\u2019un qui est infect\u00e9 par le virus signal\u00e9 par une sonnerie de notre portable, le contr\u00f4le permanent \u00e0 travers le \u00ab\u00a0code barres\u00a0\u00bb implant\u00e9 dans notre corps. Ce serait en substance une extension des syst\u00e8mes militaires avec lesquels on peut suivre et frapper les \u00ab\u00a0cibles\u00a0\u00bb humaines.<\/span><\/p>\n<p style=\"text-align: justify;\"><span style=\"font-family: times new roman, times, serif; font-size: 14pt;\">Sans sous-\u00e9valuer la dangerosit\u00e9 du coronavirus, quelle que soit son origine, et la n\u00e9cessit\u00e9 de mesures pour en emp\u00eacher la diffusion, nous ne pouvons pas laisser dans les mains des scientifiques du MIT et de la Fondation Gates la d\u00e9cision de ce que doit \u00eatre notre fa\u00e7on de vivre. Et nous ne pouvons pas arr\u00eater de penser, en posant des questions. Par exemple : il est tr\u00e8s grave que les morts du coronavirus en Europe soient actuellement presque 97.000, mais quelles mesures devrait-on, en proportion, prendre contre les particules fines qui, selon les donn\u00e9es officielles de l\u2019European Environment Agency (<em>Air quality in Europe \u20132019 report<\/em>), provoquent chaque ann\u00e9e la mort pr\u00e9matur\u00e9e de plus de 400.000 personnes ?<\/span><\/p>\n<p>&nbsp;<\/p>\n<p style=\"text-align: justify;\"><span style=\"font-family: times new roman, times, serif; font-size: 14pt;\">\u00c9dition de mardi 21 avril 2020 d\u2019<em>il manifesto<\/em><\/span><\/p>\n<p style=\"text-align: left;\"><span style=\"font-family: times new roman, times, serif; font-size: 14pt;\"><a href=\"https:\/\/ilmanifesto.it\/distanziamento-sociale-dalla-democrazia\/\">https:\/\/ilmanifesto.it\/distanziamento-sociale-dalla-democrazia\/<\/a><em>\u00a0<\/em><\/span><\/p>\n<p style=\"text-align: left;\"><strong><span style=\"font-family: times new roman, times, serif; font-size: 14pt;\">URL de cet article :\u00a0<\/span><\/strong><a href=\"http:\/\/blog.lesgrossesorchadeslesamplesthalameges.fr\/index.php\/distanciation-sociale-et-democratie\/\"><span style=\"font-family: times new roman, times, serif; font-size: 14pt;\">http:\/\/blog.lesgrossesorchadeslesamplesthalameges.fr\/index.php\/distanciation-sociale-et-democratie\/<\/span><\/a><\/p>\n<p>&nbsp;<\/p>\n<p>&nbsp;<\/p>\n<p>&nbsp;<\/p>\n<p style=\"text-align: center;\"><a href=\"http:\/\/blog.lesgrossesorchadeslesamplesthalameges.fr\/wp-content\/uploads\/2020\/04\/danger-biologique-GIF.gif\"><img loading=\"lazy\" class=\"alignnone wp-image-9846\" src=\"http:\/\/blog.lesgrossesorchadeslesamplesthalameges.fr\/wp-content\/uploads\/2020\/04\/danger-biologique-GIF.gif\" alt=\"\" width=\"60\" height=\"60\" \/><\/a><\/p>\n<p>&nbsp;<\/p>\n<p>&nbsp;<\/p>\n<p style=\"text-align: right;\"><span style=\"font-family: comic sans ms, sans-serif; font-size: 14pt;\">Avril 2020<\/span><\/p>\n<p>&nbsp;<\/p>\n<p>&nbsp;<\/p>\n","protected":false},"excerpt":{"rendered":"<p>&nbsp; &nbsp; &nbsp; &nbsp; &nbsp; &nbsp; L\u2019Art de la guerre &nbsp; Distanciation sociale de la d\u00e9mocratie &nbsp; Manlio Dinucci \u2013 il manifesto \u2013 21.4.2020 Traduction\u00a0: Marie-Ange Patrizio &nbsp; \u00a0 \u00a0 &nbsp; \u00a0 \u00ab\u00a0La distanciation sociale est l\u00e0 pour rester beaucoup plus que quelques semaines. Elle bouleversera notre mode de vie, d\u2019une certaine mani\u00e8re pour toujours\u00a0\u00bb\u00a0&#8230;<\/p>\n","protected":false},"author":1,"featured_media":0,"parent":0,"menu_order":0,"comment_status":"open","ping_status":"open","template":"","meta":[],"_links":{"self":[{"href":"https:\/\/blog.lesgrossesorchadeslesamplesthalameges.fr\/index.php\/wp-json\/wp\/v2\/pages\/9887"}],"collection":[{"href":"https:\/\/blog.lesgrossesorchadeslesamplesthalameges.fr\/index.php\/wp-json\/wp\/v2\/pages"}],"about":[{"href":"https:\/\/blog.lesgrossesorchadeslesamplesthalameges.fr\/index.php\/wp-json\/wp\/v2\/types\/page"}],"author":[{"embeddable":true,"href":"https:\/\/blog.lesgrossesorchadeslesamplesthalameges.fr\/index.php\/wp-json\/wp\/v2\/users\/1"}],"replies":[{"embeddable":true,"href":"https:\/\/blog.lesgrossesorchadeslesamplesthalameges.fr\/index.php\/wp-json\/wp\/v2\/comments?post=9887"}],"version-history":[{"count":0,"href":"https:\/\/blog.lesgrossesorchadeslesamplesthalameges.fr\/index.php\/wp-json\/wp\/v2\/pages\/9887\/revisions"}],"wp:attachment":[{"href":"https:\/\/blog.lesgrossesorchadeslesamplesthalameges.fr\/index.php\/wp-json\/wp\/v2\/media?parent=9887"}],"curies":[{"name":"wp","href":"https:\/\/api.w.org\/{rel}","templated":true}]}}