{"id":9991,"date":"2020-04-24T17:57:44","date_gmt":"2020-04-24T15:57:44","guid":{"rendered":"http:\/\/blog.lesgrossesorchadeslesamplesthalameges.fr\/?page_id=9991"},"modified":"2020-04-24T17:59:36","modified_gmt":"2020-04-24T15:59:36","slug":"coronavirus-un-tracage-humain-priorite-a-bruxelles-et-en-wallonie","status":"publish","type":"page","link":"https:\/\/blog.lesgrossesorchadeslesamplesthalameges.fr\/index.php\/coronavirus-un-tracage-humain-priorite-a-bruxelles-et-en-wallonie\/","title":{"rendered":"Coronavirus : un tra\u00e7age \u00ab humain \u00bb, priorit\u00e9 \u00e0 Bruxelles et en Wallonie"},"content":{"rendered":"<p>&nbsp;<\/p>\n<p>&nbsp;<\/p>\n<p>&nbsp;<\/p>\n<p>&nbsp;<\/p>\n<p>&nbsp;<\/p>\n<p>&nbsp;<\/p>\n<p style=\"text-align: center;\"><span style=\"font-family: times new roman, times, serif; font-size: 36pt;\"><strong>Coronavirus : un tra\u00e7age \u00ab\u00a0humain\u00a0\u00bb, priorit\u00e9 \u00e0 Bruxelles et en Wallonie<\/strong><\/span><\/p>\n<p style=\"text-align: center;\"><span style=\"font-family: times new roman, times, serif; font-size: 14pt;\"><strong>\u00a0<\/strong><\/span><\/p>\n<p style=\"text-align: center;\"><span style=\"font-family: times new roman, times, serif; font-size: 18pt;\"><strong>Amandine Cloot <\/strong><strong>et <\/strong><a href=\"https:\/\/plus.lesoir.be\/878\/dpi-authors\/eric-deffet\"><strong>Eric Deffet<\/strong><\/a><strong>\u00a0 \u2013 <em>Le Soir.be<\/em> \u2013 22.4.2020<\/strong><\/span><\/p>\n<p style=\"text-align: justify;\"><span style=\"font-family: times new roman, times, serif; font-size: 14pt;\"><strong>\u00a0<\/strong><\/span><\/p>\n<p style=\"text-align: justify;\"><span style=\"font-family: times new roman, times, serif; font-size: 14pt;\"><strong>\u00a0<\/strong><\/span><\/p>\n<p style=\"text-align: center;\"><a href=\"http:\/\/blog.lesgrossesorchadeslesamplesthalameges.fr\/wp-content\/uploads\/2020\/04\/Tracking-1.jpg\"><img loading=\"lazy\" class=\"alignnone wp-image-9938 size-full\" src=\"http:\/\/blog.lesgrossesorchadeslesamplesthalameges.fr\/wp-content\/uploads\/2020\/04\/Tracking-1.jpg\" alt=\"\" width=\"600\" height=\"337\" srcset=\"https:\/\/blog.lesgrossesorchadeslesamplesthalameges.fr\/wp-content\/uploads\/2020\/04\/Tracking-1.jpg 600w, https:\/\/blog.lesgrossesorchadeslesamplesthalameges.fr\/wp-content\/uploads\/2020\/04\/Tracking-1-300x169.jpg 300w\" sizes=\"(max-width: 600px) 100vw, 600px\" \/><\/a><\/p>\n<p style=\"text-align: justify;\"><span style=\"font-family: times new roman, times, serif; font-size: 14pt;\"><strong>\u00a0<\/strong><\/span><\/p>\n<p>&nbsp;<\/p>\n<p style=\"text-align: justify;\"><span style=\"font-family: times new roman, times, serif; font-size: 14pt;\"><strong><span style=\"font-family: tahoma, arial, helvetica, sans-serif;\">Le cabinet De Backer coordonnait jusqu\u2019\u00e0 pr\u00e9sent le dossier du tra\u00e7age, notamment par l\u2019\u00e9tablissement d\u2019un cadre pour une application num\u00e9rique. Les R\u00e9gions, comp\u00e9tentes, restent d\u00e9sormais les seuls ma\u00eetres \u00e0 bord.<\/span> <\/strong><\/span><\/p>\n<p>&nbsp;<\/p>\n<p style=\"text-align: justify;\"><span style=\"font-family: times new roman, times, serif; font-size: 14pt;\">Toutes les informations n\u00e9cessaires sont \u00e0 disposition des R\u00e9gions qui d\u00e9cideront de l\u2019opportunit\u00e9 du lancement d\u2019une application de tra\u00e7age et de son calendrier. C\u2019est, en tr\u00e8s bref, la conclusion d\u2019une note transmise par le cabinet de Philippe De Backer (Open VLD), ministre en charge de l\u2019Agenda num\u00e9rique et de la Protection de la vie priv\u00e9e, que nous avons pu consulter. Depuis plusieurs semaines, le cabinet coordonne, avec celui de Maggie de Block (Open VLD), ministre de la Sant\u00e9 publique, une task force \u00ab\u00a0Data against corona\u00a0\u00bb. Ce panel avait, entre autres, pour but la d\u00e9finition d\u2019un cadre technique et juridique pour une application digitale de \u00ab\u00a0contact tracing\u00a0\u00bb (tra\u00e7age de contact, NDLR), m\u00e9thode d\u00e9j\u00e0 d\u00e9ploy\u00e9e dans plusieurs pays, et tr\u00e8s r\u00e9cemment en Italie, pour accompagner le d\u00e9confinement des populations.<\/span><\/p>\n<p style=\"text-align: justify;\"><span style=\"font-family: times new roman, times, serif; font-size: 14pt;\">Pour rappel, le \u00ab\u00a0contact tracing\u00a0\u00bb est un \u00e9l\u00e9ment cl\u00e9 \u00e0 toute strat\u00e9gie de \u00ab\u00a0sortie\u00a0\u00bb de confinement puisqu\u2019il a pour but de r\u00e9pertorier les interactions qui ont eu lieu entre des personnes test\u00e9es positives au Covid-19 et des personnes dites \u00ab\u00a0saines\u00a0\u00bb. L\u2019id\u00e9e derri\u00e8re cette collecte d\u2019infos\u00a0? Rompre les cha\u00eenes de transmission du virus en isolant ou en testant les personnes potentiellement contamin\u00e9es leur tour. Un proc\u00e9d\u00e9 qui peut \u00eatre d\u00e9ploy\u00e9 par des moyens humains et\/ou la technologie (une application de \u00ab\u00a0tra\u00e7age\u00a0\u00bb digitale permet d\u2019automatiser et, par cons\u00e9quent, d\u2019intensifier les recherches).<\/span><\/p>\n<p style=\"text-align: justify;\"><span style=\"font-family: times new roman, times, serif; font-size: 14pt;\">Probl\u00e8me num\u00e9ro un chez nous\u00a0: la comp\u00e9tence du tra\u00e7age des citoyens (par voie humaine comme digitale) est r\u00e9gionale en Belgique. Probl\u00e8me num\u00e9ro deux\u00a0: la mati\u00e8re \u2013 principalement au niveau digital, en raison de craintes de violation de la vie priv\u00e9e\u00a0\u2013, fait pol\u00e9mique tant au niveau politique, acad\u00e9mique que citoyen. Probl\u00e8me num\u00e9ro trois, cons\u00e9quence directe des deux premiers points\u00a0: les entit\u00e9s f\u00e9d\u00e9r\u00e9es ne sont pas n\u00e9cessairement d\u2019accord sur les directions \u00e0 prendre.<\/span><\/p>\n<p style=\"text-align: justify;\"><span style=\"font-family: times new roman, times, serif; font-size: 14pt;\">Au cabinet De Backer, on refile donc, en quelque sorte, la patate chaude tout en rappelant que l\u2019expertise d\u00e9velopp\u00e9e est d\u00e9sormais \u00e0 disposition des R\u00e9gions. Si elles le souhaitent. Tant au niveau du support technique pour le lancement d\u2019une application num\u00e9rique que pour l\u2019aide \u00e0 la cr\u00e9ation de \u00ab\u00a0call centers\u00a0\u00bb d\u2019un nouveau genre (qui appelleraient les personnes test\u00e9es positives pour retracer leurs interactions des derniers jours).<\/span><\/p>\n<p>&nbsp;<\/p>\n<p style=\"text-align: justify;\"><span style=\"font-family: times new roman, times, serif; font-size: 14pt;\"><strong><span style=\"font-size: 18pt;\">Les call centers privil\u00e9gi\u00e9s \u00e0 Bruxelles et en Wallonie<\/span> <\/strong><\/span><\/p>\n<p style=\"text-align: justify;\"><span style=\"font-family: times new roman, times, serif; font-size: 14pt;\">Se dirige-t-on vers trois politiques de tra\u00e7age diff\u00e9rentes en Belgique\u00a0? C\u2019est un risque. Le texte rappelle qu\u2019en raison des \u00e9vidents d\u00e9placements de la population d\u2019une R\u00e9gion \u00e0 l\u2019autre, une approche coordonn\u00e9e est plus que souhaitable et qu\u2019un processus inefficace et disparate pourrait d\u00e9clencher, \u00e0 nouveau, un risque majeur pour la sant\u00e9 publique.<\/span><\/p>\n<p style=\"text-align: justify;\"><span style=\"font-family: times new roman, times, serif; font-size: 14pt;\">Le cadre juridique, est, par contre, bien une comp\u00e9tence f\u00e9d\u00e9rale. Si une application digitale, par exemple, est lanc\u00e9e dans une R\u00e9gion donn\u00e9e, elle devra n\u00e9cessairement \u00eatre compatible avec ses \u00ab\u00a0jumelles\u00a0\u00bb \u00e9ventuellement actives sur le territoire. Mais en activer une en Wallonie et en Flandre, par exemple, et pas \u00e0 Bruxelles, r\u00e9duirait sensiblement leur efficacit\u00e9. Concernant la protection de la vie priv\u00e9e, la note explique tr\u00e8s bri\u00e8vement qu\u2019une ligne rouge \u00e0 ne pas d\u00e9passer a \u00e9t\u00e9 d\u00e9finie\u00a0: toutes les analyses de donn\u00e9es qui pourraient impacter notre vie priv\u00e9e ne seront pas effectu\u00e9es, seules des donn\u00e9es anonymis\u00e9es seront utilis\u00e9es.<\/span><\/p>\n<p style=\"text-align: justify;\"><span style=\"font-family: times new roman, times, serif; font-size: 14pt;\">Sur le terrain, \u00e0 Bruxelles comme en Wallonie, la voie \u00e0 suivre n\u2019est pas encore d\u00e9finitivement trac\u00e9e. Les choix \u00e0 op\u00e9rer sont d\u00e9licats et les enjeux colossaux\u00a0: c\u2019est le succ\u00e8s ou l\u2019\u00e9chec du d\u00e9confinement dont il est question. Mais la perspective de mettre en place des \u00ab\u00a0call centers\u00a0\u00bb est bel et bien sur la table, prioritairement.<\/span><\/p>\n<p style=\"text-align: justify;\"><span style=\"font-family: times new roman, times, serif; font-size: 14pt;\">Le mod\u00e8le existe d\u00e9j\u00e0 pour la surveillance des maladies infectieuses plus classiques comme la turberculose ou la rougeole\u00a0: alert\u00e9s par le corps m\u00e9dical, des sp\u00e9cialistes remontent la piste des personnes potentiellement touch\u00e9es au d\u00e9part d\u2019un cas av\u00e9r\u00e9. Avec le coronavirus, l\u2019op\u00e9ration prendrait \u00e9videmment des proportions in\u00e9dites.<\/span><\/p>\n<p style=\"text-align: justify;\"><span style=\"font-family: times new roman, times, serif; font-size: 14pt;\">A l\u2019\u00e9chelle du pays, le dispositif pourrait mobiliser jusqu\u2019\u00e0 2.000 personnes\u00a0: 1.200 en Flandre, 600 en Wallonie et 200 \u00e0 Bruxelles, selon des chiffres livr\u00e9s par <em>L\u2019Echo<\/em>. A Namur, on \u00e9voque plut\u00f4t une fourchette de 500 \u00e0 800 intervenants pour r\u00e9colter les informations et prendre les contacts n\u00e9cessaires avec les proches av\u00e9r\u00e9s d\u2019un malade afin de tenter d\u2019interrompre la cha\u00eene de contamination en demandant un maintien strict \u00e0 domicile.<\/span><\/p>\n<p>&nbsp;<\/p>\n<p style=\"text-align: justify;\"><span style=\"font-family: times new roman, times, serif; font-size: 14pt;\"><strong><span style=\"font-size: 18pt;\">Des moyens encore \u00e0 trouver<\/span> <\/strong><\/span><\/p>\n<p style=\"text-align: justify;\"><span style=\"font-family: times new roman, times, serif; font-size: 14pt;\">Mais o\u00f9 trouver les forces n\u00e9cessaires pour mener \u00e0 bien un tel projet\u00a0? L\u00e0 encore, c\u2019\u00e9tait la bouteille \u00e0 l\u2019encre ce mardi \u00e0 Bruxelles comme en Wallonie. Avec Iriscare et l\u2019Aviq, les deux R\u00e9gions disposent de comp\u00e9tences internes qui pourront s\u2019av\u00e9rer utiles, mais \u00e9videmment pas dans les proportions \u00e9voqu\u00e9es plus haut. Les gouvernements pourraient alors \u00e9largir le champ de leurs investigations \u00e0 l\u2019ensemble de la fonction publique r\u00e9gionale\u00a0: il y a partout des fonctionnaires dont la crise a r\u00e9duit les activit\u00e9s ou qui sont en t\u00e9l\u00e9travail et qui pourraient \u00eatre int\u00e9gr\u00e9s au projet, le temps n\u00e9cessaire.<\/span><\/p>\n<p style=\"text-align: justify;\"><span style=\"font-family: times new roman, times, serif; font-size: 14pt;\">L\u2019\u00e9ventail des possibles s\u2019ouvre un peu plus \u00e0 chacune de nos tentatives pour tenter de tracer le profil de ce dispositif. On \u00e9voque ici la possibilit\u00e9 de s\u2019appuyer sur les comp\u00e9tences \u00ab\u00a0naturelles\u00a0\u00bb des mutuelles. Ailleurs, il se dit que des profils comme ceux de sp\u00e9cialistes en ressources humaines, des secr\u00e9taires m\u00e9dicaux voire des \u00e9tudiants en fin de parcours dans des fili\u00e8res sociales ou m\u00e9dicales pourraient faire l\u2019affaire.<\/span><\/p>\n<p style=\"text-align: justify;\"><span style=\"font-family: times new roman, times, serif; font-size: 14pt;\">Enfin, si toutes ces pistes ne s\u2019av\u00e9raient pas suffisantes ou \u00e9taient insatisfaisantes, il resterait encore la possibilit\u00e9 de se tourner vers un partenariat avec une ou plusieurs entreprises priv\u00e9es sp\u00e9cialis\u00e9es dans la gestion de standards t\u00e9l\u00e9phoniques \u00ab\u00a0grand format\u00a0\u00bb, de v\u00e9ritables professionnels en quelque sorte. La formation n\u00e9cessaire pour la crise sanitaire serait tr\u00e8s accessible et rapide, quelques jours \u00e0 peine. A condition, nous pr\u00e9cise-t-on, de d\u00e9velopper aussi des capacit\u00e9s d\u2019\u00e9coute importantes.<\/span><\/p>\n<p style=\"text-align: justify;\"><span style=\"font-family: times new roman, times, serif; font-size: 14pt;\">Derni\u00e8re question qui taraude les dirigeants des R\u00e9gions\u00a0: qui financera cet effort peu banal\u00a0?<\/span><\/p>\n<p style=\"text-align: left;\"><span style=\"font-family: times new roman, times, serif; font-size: 14pt;\">Source\u00a0: <a href=\"https:\/\/plus.lesoir.be\/296024\/article\/2020-04-22\/coronavirus-un-tracage-humain-priorite-bruxelles-et-en-wallonie?utm\">https:\/\/plus.lesoir.be\/296024\/article\/2020-04-22\/coronavirus-un-tracage-humain-priorite-bruxelles-et-en-wallonie?utm<\/a> \u00a0<\/span><\/p>\n<p style=\"text-align: left;\"><span style=\"font-family: times new roman, times, serif; font-size: 14pt;\"><strong>URL de cet article\u00a0: <\/strong><a href=\"http:\/\/blog.lesgrossesorchadeslesamplesthalameges.fr\/index.php\/coronavirus-un-tracage-humain-priorite-a-bruxelles-et-en-wallonie\/\">http:\/\/blog.lesgrossesorchadeslesamplesthalameges.fr\/index.php\/coronavirus-un-tracage-humain-priorite-a-bruxelles-et-en-wallonie\/<\/a><strong><br \/>\n<\/strong><\/span><\/p>\n<p>&nbsp;<\/p>\n<p>&nbsp;<\/p>\n<p style=\"text-align: center;\"><a href=\"http:\/\/blog.lesgrossesorchadeslesamplesthalameges.fr\/wp-content\/uploads\/2020\/04\/man-bowing-GIF.gif\"><img loading=\"lazy\" class=\"alignnone size-full wp-image-9937\" src=\"http:\/\/blog.lesgrossesorchadeslesamplesthalameges.fr\/wp-content\/uploads\/2020\/04\/man-bowing-GIF.gif\" alt=\"\" width=\"100\" height=\"172\" \/><\/a><\/p>\n<p>&nbsp;<\/p>\n<p style=\"text-align: right;\"><span style=\"font-family: comic sans ms, sans-serif; font-size: 14pt;\">\u00a0Avril 2020<\/span><strong><br \/>\n<\/strong><\/p>\n<p>&nbsp;<\/p>\n<p>&nbsp;<\/p>\n","protected":false},"excerpt":{"rendered":"<p>&nbsp; &nbsp; &nbsp; &nbsp; &nbsp; &nbsp; Coronavirus : un tra\u00e7age \u00ab\u00a0humain\u00a0\u00bb, priorit\u00e9 \u00e0 Bruxelles et en Wallonie \u00a0 Amandine Cloot et Eric Deffet\u00a0 \u2013 Le Soir.be \u2013 22.4.2020 \u00a0 \u00a0 \u00a0 &nbsp; Le cabinet De Backer coordonnait jusqu\u2019\u00e0 pr\u00e9sent le dossier du tra\u00e7age, notamment par l\u2019\u00e9tablissement d\u2019un cadre pour une application num\u00e9rique. Les R\u00e9gions, comp\u00e9tentes,&#8230;<\/p>\n","protected":false},"author":1,"featured_media":0,"parent":0,"menu_order":0,"comment_status":"open","ping_status":"open","template":"","meta":[],"_links":{"self":[{"href":"https:\/\/blog.lesgrossesorchadeslesamplesthalameges.fr\/index.php\/wp-json\/wp\/v2\/pages\/9991"}],"collection":[{"href":"https:\/\/blog.lesgrossesorchadeslesamplesthalameges.fr\/index.php\/wp-json\/wp\/v2\/pages"}],"about":[{"href":"https:\/\/blog.lesgrossesorchadeslesamplesthalameges.fr\/index.php\/wp-json\/wp\/v2\/types\/page"}],"author":[{"embeddable":true,"href":"https:\/\/blog.lesgrossesorchadeslesamplesthalameges.fr\/index.php\/wp-json\/wp\/v2\/users\/1"}],"replies":[{"embeddable":true,"href":"https:\/\/blog.lesgrossesorchadeslesamplesthalameges.fr\/index.php\/wp-json\/wp\/v2\/comments?post=9991"}],"version-history":[{"count":0,"href":"https:\/\/blog.lesgrossesorchadeslesamplesthalameges.fr\/index.php\/wp-json\/wp\/v2\/pages\/9991\/revisions"}],"wp:attachment":[{"href":"https:\/\/blog.lesgrossesorchadeslesamplesthalameges.fr\/index.php\/wp-json\/wp\/v2\/media?parent=9991"}],"curies":[{"name":"wp","href":"https:\/\/api.w.org\/{rel}","templated":true}]}}