{"id":9999,"date":"2020-04-24T18:13:40","date_gmt":"2020-04-24T16:13:40","guid":{"rendered":"http:\/\/blog.lesgrossesorchadeslesamplesthalameges.fr\/?page_id=9999"},"modified":"2020-04-24T18:14:30","modified_gmt":"2020-04-24T16:14:30","slug":"tracking-citoyen-la-controverse-politique-monte","status":"publish","type":"page","link":"https:\/\/blog.lesgrossesorchadeslesamplesthalameges.fr\/index.php\/tracking-citoyen-la-controverse-politique-monte\/","title":{"rendered":"Tracking citoyen : la controverse politique monte"},"content":{"rendered":"<p>&nbsp;<\/p>\n<p>&nbsp;<\/p>\n<p>&nbsp;<\/p>\n<p>&nbsp;<\/p>\n<p>&nbsp;<\/p>\n<p>&nbsp;<\/p>\n<p style=\"text-align: center;\"><span style=\"font-family: times new roman, times, serif; font-size: 36pt;\"><strong>Tracking citoyen : la controverse politique monte<\/strong><\/span><\/p>\n<p>&nbsp;<\/p>\n<p style=\"text-align: center;\"><span style=\"font-family: times new roman, times, serif; font-size: 18pt;\"><strong>David Coppi \u2013 <em>Le Soir.be<\/em> \u2013 18.4.2020<\/strong><\/span><\/p>\n<p>&nbsp;<\/p>\n<p>&nbsp;<\/p>\n<p style=\"text-align: center;\"><a href=\"http:\/\/blog.lesgrossesorchadeslesamplesthalameges.fr\/wp-content\/uploads\/2020\/04\/Tracking-2.jpg\"><img loading=\"lazy\" class=\"alignnone wp-image-9939 size-full\" src=\"http:\/\/blog.lesgrossesorchadeslesamplesthalameges.fr\/wp-content\/uploads\/2020\/04\/Tracking-2.jpg\" alt=\"\" width=\"600\" height=\"337\" srcset=\"https:\/\/blog.lesgrossesorchadeslesamplesthalameges.fr\/wp-content\/uploads\/2020\/04\/Tracking-2.jpg 600w, https:\/\/blog.lesgrossesorchadeslesamplesthalameges.fr\/wp-content\/uploads\/2020\/04\/Tracking-2-300x169.jpg 300w\" sizes=\"(max-width: 600px) 100vw, 600px\" \/><\/a><\/p>\n<p>&nbsp;<\/p>\n<p>&nbsp;<\/p>\n<p style=\"text-align: justify;\"><span style=\"font-family: tahoma, arial, helvetica, sans-serif; font-size: 14pt;\"><strong>L\u2019affaire n\u2019a pas fait grand bruit jusqu\u2019\u00e0 pr\u00e9sent, mais \u00e7a commence \u00e0 chauffer. L\u2019id\u00e9e de \u00ab\u00a0tracer\u00a0\u00bb les individus pour lutter contre le coronavirus soul\u00e8ve de lourdes questions \u00e9thico-politiques. Le gouvernement peut-il agir par pouvoirs sp\u00e9ciaux\u00a0? Attention\u2026 <\/strong><\/span><\/p>\n<p style=\"text-align: justify;\"><span style=\"font-family: tahoma, arial, helvetica, sans-serif; font-size: 14pt;\"><strong>Dans le monde, de plus en plus de pays envisagent le smartphone comme un moyen de lutter contre la pand\u00e9mie. Avec de nombreuses questions sur la protection de la vie priv\u00e9e. &#8211; AFP.<\/strong><\/span><\/p>\n<p>&nbsp;<\/p>\n<p style=\"text-align: justify;\"><span style=\"font-family: times new roman, times, serif; font-size: 14pt;\">Il ne faut pas avoir lu George Orwell, Michel Foucault ou Gilles Deleuze, th\u00e9oriciens des \u00ab\u00a0soci\u00e9t\u00e9s de contr\u00f4le\u00a0\u00bb, pour s\u2019interroger, un demi-si\u00e8cle plus tard, \u00e0 propos des strat\u00e9gies num\u00e9riques envisag\u00e9es dans la lutte contre le coronavirus en phase de d\u00e9confinement. La Belgique y travaille, \u00e0 sa fa\u00e7on, entre f\u00e9d\u00e9ral et entit\u00e9s f\u00e9d\u00e9r\u00e9es. Des g\u00e9ants technologiques aux start-up idoines, on se bouscule au portillon\u00a0: le march\u00e9 est porteur. L\u2019objectif est d\u2019organiser le \u00ab\u00a0tra\u00e7age\u00a0\u00bb des malades et des porteurs du virus. Dites \u00ab\u00a0tracking\u00a0\u00bb.<\/span><\/p>\n<p style=\"text-align: justify;\"><span style=\"font-family: times new roman, times, serif; font-size: 14pt;\"><strong>Lire aussi <\/strong><a href=\"https:\/\/plus.lesoir.be\/294136\/article\/2020-04-13\/google-et-apple-sassocient-pour-developper-une-app-de-tracking?referer=%2Farchives%2Frecherche%3Fdatefilter%3Dlastyear%26sort%3Ddate%2520desc%26word%3Dtracking%22\"><strong>google-et-apple-sassocient-pour-developper-une-app-de-tracking<\/strong><\/a><\/span><\/p>\n<p style=\"text-align: justify;\"><span style=\"font-family: times new roman, times, serif; font-size: 14pt;\">Comme en tout, la Chine donne l\u2019exemple, qui d\u00e9ploie un code ad hoc sur les t\u00e9l\u00e9phones portables des citoyens permettant de rep\u00e9rer les d\u00e9placements des \u00ab\u00a0cas suspects\u00a0\u00bb et des malades. Singapour d\u00e9veloppe une application TraceTogether qui est un chien de garde. On r\u00e9fl\u00e9chit au StopCovid en France.<\/span><\/p>\n<p style=\"text-align: justify;\"><span style=\"font-family: times new roman, times, serif; font-size: 14pt;\">La Belgique arrive. L\u2019affaire ne fait pas grand bruit jusqu\u2019\u00e0 pr\u00e9sent. Un coup de sonde dans le personnel politique montre que le d\u00e9bat monte doucement, apr\u00e8s que le Centre d\u2019action la\u00efque eut sonn\u00e9 l\u2019alarme r\u00e9cemment\u00a0: \u00ab\u00a0Vu le danger que ces outils font peser sur les libert\u00e9s individuelles, le Centre d\u2019action la\u00efque marque les plus vives r\u00e9serves sur leur usage. Il con\u00e7oit qu\u2019il soit envisageable de recourir \u00e0 ce type d\u2019applications, mais la preuve de leur efficacit\u00e9, dans un contexte o\u00f9 des centaines de milliers de personnes peuvent avoir \u00e9t\u00e9 contamin\u00e9es, reste \u00e0 \u00e9tablir (\u2026) Le tracking n\u2019est pas anodin. Il s\u2019agit de pister les d\u00e9placements et les interactions de chacun. Si la transparence et la s\u00e9curit\u00e9 ne sont pas assur\u00e9es, le risque d\u2019une utilisation autre qu\u2019aux fins de sant\u00e9 publique est bien r\u00e9el\u00a0\u00bb.<\/span><\/p>\n<p>&nbsp;<\/p>\n<p style=\"text-align: justify;\"><span style=\"font-family: times new roman, times, serif; font-size: 18pt;\"><strong>\u0152uvres philanthropiques <\/strong><\/span><\/p>\n<p style=\"text-align: justify;\"><span style=\"font-family: times new roman, times, serif; font-size: 14pt;\">Khalil Aouasti, parlementaire-expert, monte au cr\u00e9neau au nom du PS.<\/span><\/p>\n<p>&nbsp;<\/p>\n<p style=\"text-align: left;\"><a href=\"http:\/\/blog.lesgrossesorchadeslesamplesthalameges.fr\/wp-content\/uploads\/2020\/04\/Tracking-3.jpg\"><img loading=\"lazy\" class=\"alignnone wp-image-10001 size-medium\" src=\"http:\/\/blog.lesgrossesorchadeslesamplesthalameges.fr\/wp-content\/uploads\/2020\/04\/Tracking-3-300x168.jpg\" alt=\"\" width=\"300\" height=\"168\" \/><\/a><\/p>\n<p style=\"text-align: justify;\"><span style=\"font-family: times new roman, times, serif; font-size: 14pt;\">Khalil Aouasti. &#8211; D.R.<\/span><\/p>\n<p style=\"text-align: justify;\"><span style=\"font-family: times new roman, times, serif; font-size: 14pt;\">A commencer par la proc\u00e9dure, peut-\u00eatre l\u2019essentiel \u00e0 ce stade\u00a0: \u00ab\u00a0Je ne comprendrais pas que cette strat\u00e9gie du tra\u00e7age, m\u00eame si elle s\u2019inscrit dans le cadre de la lutte contre le coronavirus, soit mise en \u0153uvre via un arr\u00eat\u00e9 de pouvoirs sp\u00e9ciaux, qui permet au gouvernement d\u2019aller vite et d\u2019agir \u00e0 peu pr\u00e8s sans contr\u00f4le. Non, il faut pouvoir organiser un vrai d\u00e9bat contradictoire au Parlement, car ce qui est en jeu, c\u2019est l\u2019Etat de droit, le respect de la vie priv\u00e9e. Il faudra aussi, en toute hypoth\u00e8se, soumettre tout projet, pour avis, \u00e0 l\u2019Autorit\u00e9 de protection des donn\u00e9es personnelles. Et exp\u00e9dier les textes au Conseil d\u2019Etat, pour un avis circonstanci\u00e9\u00a0\u00bb. Le parlementaire est \u00ab\u00a0inquiet\u00a0\u00bb. Aussi \u00e0 propos de la composition du groupe de travail \u00ab\u00a0data\u00a0\u00bb qui s\u2019active confidentiellement aupr\u00e8s du ministre Philippe De Backer\u00a0: \u00ab\u00a0On a d\u00e9couvert l\u2019existence de ce groupe dans la presse, votre journal en l\u2019occurrence. Je constate qu\u2019on avance avec le concours de groupes priv\u00e9s de t\u00e9l\u00e9coms, qui ne sont pas des \u0152uvres philanthropiques. On nous dit que le pr\u00e9sident de l\u2019Autorit\u00e9 de protection des donn\u00e9es fait partie de l\u2019\u00e9quipe, je ne voudrais pas qu\u2019il fasse figure de caution, alors que tout se d\u00e9roule dans la plus grande opacit\u00e9.\u00a0\u00bb<\/span><\/p>\n<p style=\"text-align: justify;\"><span style=\"font-family: times new roman, times, serif; font-size: 18pt;\"><strong>\u00a0<\/strong><\/span><\/p>\n<p style=\"text-align: justify;\"><span style=\"font-family: times new roman, times, serif; font-size: 18pt;\"><strong>Mod\u00e8le Singapour <\/strong><\/span><\/p>\n<p style=\"text-align: justify;\"><span style=\"font-family: times new roman, times, serif; font-size: 14pt;\">Chez les verts, l\u2019expert maison, le parlementaire Gilles Vanden Burre, met en garde \u00e0 son tour\u00a0: \u00ab\u00a0J\u2019entends que Philippe De Backer a re\u00e7u des offres de nombreux fournisseurs en applications num\u00e9riques\u00a0: attention \u00e0 se laisser d\u00e9border par des pr\u00e9occupations commerciales\u00a0\u00bb.\u00a0<\/span><\/p>\n<p>&nbsp;<\/p>\n<p style=\"text-align: left;\"><a href=\"http:\/\/blog.lesgrossesorchadeslesamplesthalameges.fr\/wp-content\/uploads\/2020\/04\/Tracking-4.jpg\"><img loading=\"lazy\" class=\"alignnone wp-image-10002\" src=\"http:\/\/blog.lesgrossesorchadeslesamplesthalameges.fr\/wp-content\/uploads\/2020\/04\/Tracking-4-200x300.jpg\" alt=\"\" width=\"175\" height=\"263\" srcset=\"https:\/\/blog.lesgrossesorchadeslesamplesthalameges.fr\/wp-content\/uploads\/2020\/04\/Tracking-4-200x300.jpg 200w, https:\/\/blog.lesgrossesorchadeslesamplesthalameges.fr\/wp-content\/uploads\/2020\/04\/Tracking-4.jpg 300w\" sizes=\"(max-width: 175px) 100vw, 175px\" \/><\/a><\/p>\n<p style=\"text-align: justify;\"><span style=\"font-family: times new roman, times, serif; font-size: 14pt;\">Elodie Demaret (st.)<\/span><\/p>\n<p style=\"text-align: justify;\"><span style=\"font-family: times new roman, times, serif; font-size: 14pt;\">On nous parle de Singapour, est-ce vraiment un exemple en termes de vie en soci\u00e9t\u00e9\u00a0? Est-ce le monde que l\u2019on veut\u00a0? Ces techniques de tra\u00e7age peuvent se r\u00e9v\u00e9ler extr\u00eamement intrusives par rapport \u00e0 la vie priv\u00e9e et aux libert\u00e9s. Je poserai le probl\u00e8me la semaine prochaine en commission de l\u2019\u00e9conomie et de l\u2019agenda num\u00e9rique. En tout \u00e9tat de cause, il y a des balises \u00e0 ne pas franchir\u00a0: la transparence \u00e0 tous \u00e9gards \u2013 les donn\u00e9es que l\u2019on vise, leur traitement, les op\u00e9rateurs\u2026\u00a0\u2013, l\u2019anonymisation, la limitation dans le temps, avec destruction des donn\u00e9es \u00e0 la fin, et je n\u2019imagine pas que l\u2019on travaille autrement que sur une base volontaire\u00a0\u00bb.<\/span><\/p>\n<p>&nbsp;<\/p>\n<p style=\"text-align: justify;\"><span style=\"font-family: times new roman, times, serif; font-size: 14pt;\"><strong><span style=\"font-size: 18pt;\">Base volontaire<\/span> <\/strong><\/span><\/p>\n<p style=\"text-align: justify;\"><span style=\"font-family: times new roman, times, serif; font-size: 14pt;\">La \u00ab\u00a0base volontaire\u00a0\u00bb, c\u2019est le d\u00e9nominateur commun. Les hostiles et les favorables au tra\u00e7age-tracking partagent cela au moins.<\/span><\/p>\n<p>&nbsp;<\/p>\n<p style=\"text-align: left;\"><a href=\"http:\/\/blog.lesgrossesorchadeslesamplesthalameges.fr\/wp-content\/uploads\/2020\/04\/Tracking-5.jpg\"><img loading=\"lazy\" class=\"alignnone wp-image-10003\" src=\"http:\/\/blog.lesgrossesorchadeslesamplesthalameges.fr\/wp-content\/uploads\/2020\/04\/Tracking-5-169x300.jpg\" alt=\"\" width=\"200\" height=\"355\" srcset=\"https:\/\/blog.lesgrossesorchadeslesamplesthalameges.fr\/wp-content\/uploads\/2020\/04\/Tracking-5-169x300.jpg 169w, https:\/\/blog.lesgrossesorchadeslesamplesthalameges.fr\/wp-content\/uploads\/2020\/04\/Tracking-5.jpg 300w\" sizes=\"(max-width: 200px) 100vw, 200px\" \/><\/a><\/p>\n<p style=\"text-align: justify;\"><span style=\"font-family: times new roman, times, serif; font-size: 14pt;\">D.R.<\/span><\/p>\n<p style=\"text-align: justify;\"><span style=\"font-family: times new roman, times, serif; font-size: 14pt;\">Parmi les seconds, Nathalie Gilson, lib\u00e9rale-r\u00e9formatrice, plaide la cause avec conditions\u00a0: \u00ab\u00a0En plus du testing et de la mobilisation du syst\u00e8me de Sant\u00e9, le tra\u00e7age des contacts peut, selon moi, s\u2019av\u00e9rer n\u00e9cessaire pour neutraliser la diffusion du virus. Peut-\u00eatre via bluetooth \u2013 permettant de savoir si vous vous trouvez \u00e0 proximit\u00e9 d\u2019une personne porteuse du virus, sans centralisation des donn\u00e9es\u00a0\u2013, ce tra\u00e7age doit s\u2019organiser sur une base volontaire. On estime qu\u2019il faut au moins 60\u00a0% de la population pour que l\u2019op\u00e9ration ait un sens. Les gens sont inquiets, il y va de leur sant\u00e9, ils participeront, j\u2019en suis convaincue. Sur fond de respect des engagements europ\u00e9ens en mati\u00e8re de respect de la vie priv\u00e9e et des libert\u00e9s, id\u00e9alement dans le cadre d\u2019une harmonisation \u00e0 l\u2019\u00e9chelle europ\u00e9enne, je crois que l\u2019on peut projeter une op\u00e9ration cibl\u00e9e strictement coronavirus \u2013 il ne peut \u00eatre question de \u201cfliquer\u201d les gens, pour le dire simplement\u00a0\u2013, garantissant l\u2019anonymat, limit\u00e9e dans le temps\u00a0\u00bb\u2026<\/span><\/p>\n<p style=\"text-align: justify;\"><span style=\"font-family: times new roman, times, serif; font-size: 14pt;\">Les balises volent. Pour autant, il est l\u00e9gitime de s\u2019interroger. Un juriste am\u00e9ricain, Bernard Harcourt, ne cro\u00eet gu\u00e8re \u00e0 ces barri\u00e8res, et voit grossir une \u00ab\u00a0soci\u00e9t\u00e9 de la servitude num\u00e9rique volontaire\u00a0\u00bb.<\/span><\/p>\n<p style=\"text-align: left;\"><span style=\"font-family: times new roman, times, serif; font-size: 14pt;\">Source\u00a0: <a href=\"https:\/\/plus.lesoir.be\/295027\/article\/2020-04-16\/tracking-citoyen-la-controverse-politique-monte\">https:\/\/plus.lesoir.be\/295027\/article\/2020-04-16\/tracking-citoyen-la-controverse-politique-monte<\/a><\/span><\/p>\n<p style=\"text-align: justify;\"><span style=\"font-family: times new roman, times, serif; font-size: 14pt;\"><strong>\u00a0<\/strong><\/span><\/p>\n<p style=\"text-align: left;\"><span style=\"font-family: times new roman, times, serif; font-size: 14pt;\"><strong>URL de cet article\u00a0: <\/strong><a href=\"http:\/\/blog.lesgrossesorchadeslesamplesthalameges.fr\/index.php\/tracking-citoyen-la-controverse-politique-monte\/\">http:\/\/blog.lesgrossesorchadeslesamplesthalameges.fr\/index.php\/tracking-citoyen-la-controverse-politique-monte\/<\/a><strong><br \/>\n<\/strong><\/span><\/p>\n<p style=\"text-align: justify;\"><span style=\"font-family: times new roman, times, serif; font-size: 14pt;\"><strong>\u00a0<\/strong><\/span><\/p>\n<p>&nbsp;<\/p>\n<p style=\"text-align: center;\"><strong>\u00a0<a href=\"http:\/\/blog.lesgrossesorchadeslesamplesthalameges.fr\/wp-content\/uploads\/2020\/04\/man-bowing-GIF-1.gif\"><img loading=\"lazy\" class=\"alignnone size-full wp-image-10004\" src=\"http:\/\/blog.lesgrossesorchadeslesamplesthalameges.fr\/wp-content\/uploads\/2020\/04\/man-bowing-GIF-1.gif\" alt=\"\" width=\"100\" height=\"172\" \/><\/a><\/strong><\/p>\n<p><strong>\u00a0<\/strong><\/p>\n<p style=\"text-align: right;\"><span style=\"font-family: comic sans ms, sans-serif; font-size: 14pt;\">Avril 2020<\/span><\/p>\n<p>&nbsp;<\/p>\n<p>&nbsp;<\/p>\n","protected":false},"excerpt":{"rendered":"<p>&nbsp; &nbsp; &nbsp; &nbsp; &nbsp; &nbsp; Tracking citoyen : la controverse politique monte &nbsp; David Coppi \u2013 Le Soir.be \u2013 18.4.2020 &nbsp; &nbsp; &nbsp; &nbsp; L\u2019affaire n\u2019a pas fait grand bruit jusqu\u2019\u00e0 pr\u00e9sent, mais \u00e7a commence \u00e0 chauffer. L\u2019id\u00e9e de \u00ab\u00a0tracer\u00a0\u00bb les individus pour lutter contre le coronavirus soul\u00e8ve de lourdes questions \u00e9thico-politiques. Le gouvernement&#8230;<\/p>\n","protected":false},"author":1,"featured_media":0,"parent":0,"menu_order":0,"comment_status":"open","ping_status":"open","template":"","meta":[],"_links":{"self":[{"href":"https:\/\/blog.lesgrossesorchadeslesamplesthalameges.fr\/index.php\/wp-json\/wp\/v2\/pages\/9999"}],"collection":[{"href":"https:\/\/blog.lesgrossesorchadeslesamplesthalameges.fr\/index.php\/wp-json\/wp\/v2\/pages"}],"about":[{"href":"https:\/\/blog.lesgrossesorchadeslesamplesthalameges.fr\/index.php\/wp-json\/wp\/v2\/types\/page"}],"author":[{"embeddable":true,"href":"https:\/\/blog.lesgrossesorchadeslesamplesthalameges.fr\/index.php\/wp-json\/wp\/v2\/users\/1"}],"replies":[{"embeddable":true,"href":"https:\/\/blog.lesgrossesorchadeslesamplesthalameges.fr\/index.php\/wp-json\/wp\/v2\/comments?post=9999"}],"version-history":[{"count":0,"href":"https:\/\/blog.lesgrossesorchadeslesamplesthalameges.fr\/index.php\/wp-json\/wp\/v2\/pages\/9999\/revisions"}],"wp:attachment":[{"href":"https:\/\/blog.lesgrossesorchadeslesamplesthalameges.fr\/index.php\/wp-json\/wp\/v2\/media?parent=9999"}],"curies":[{"name":"wp","href":"https:\/\/api.w.org\/{rel}","templated":true}]}}